{"id":5345,"date":"2023-12-07T10:21:19","date_gmt":"2023-12-07T10:21:19","guid":{"rendered":"https:\/\/www.whitesmh.co.uk\/products\/planierschaufeln\/"},"modified":"2024-11-19T11:13:15","modified_gmt":"2024-11-19T11:13:15","slug":"planierschaufeln","status":"publish","type":"product","link":"https:\/\/www.whitesmh.co.uk\/de\/produkt\/planierschaufeln\/","title":{"rendered":"Planierschaufeln"},"content":{"rendered":"\n<div class=\"wp-block-columns is-layout-flex wp-container-core-columns-is-layout-28f84493 wp-block-columns-is-layout-flex\">\n<div class=\"wp-block-column is-vertically-aligned-center is-layout-flow wp-block-column-is-layout-flow\">\n<figure class=\"wp-block-image size-full\"><img loading=\"lazy\" decoding=\"async\" width=\"1440\" height=\"1085\" src=\"https:\/\/www.whitesmh.co.uk\/wp-content\/uploads\/Whites-Grading-Bucket-7.jpg\" alt=\"\" class=\"wp-image-1769\" srcset=\"https:\/\/www.whitesmh.co.uk\/wp-content\/uploads\/Whites-Grading-Bucket-7.jpg 1440w, https:\/\/www.whitesmh.co.uk\/wp-content\/uploads\/Whites-Grading-Bucket-7-600x452.jpg 600w, https:\/\/www.whitesmh.co.uk\/wp-content\/uploads\/Whites-Grading-Bucket-7-800x603.jpg 800w, https:\/\/www.whitesmh.co.uk\/wp-content\/uploads\/Whites-Grading-Bucket-7-768x579.jpg 768w\" sizes=\"auto, (max-width: 800px) 100vw, 800px\" \/><\/figure>\n<\/div>\n\n\n\n<div class=\"wp-block-column is-layout-flow wp-block-column-is-layout-flow\">\n<h2 class=\"wp-block-heading\" style=\"text-transform:uppercase\">PLANIERSCHAUFELN<\/h2>\n\n\n\n<p>WHITES ist der gr\u00f6\u00dfte Hersteller von Baggerl\u00f6ffeln in Gro\u00dfbritannien und produziert OEM-zugelassene Produkte, denen auf der ganzen Welt vertraut wird.  <\/p>\n\n\n\n<ul class=\"wp-block-list\">\n<li>Kaufen Sie mit Vertrauen &#8211; Der gr\u00f6\u00dfte Hersteller Gro\u00dfbritanniens<\/li>\n\n\n\n<li>Stift auf, geschwei\u00dfter Stift, KLAC und spezielle Eimersysteme<\/li>\n\n\n\n<li>Modelle f\u00fcr 0,75 t bis 21,0 t Maschinen<\/li>\n\n\n\n<li>Hergestellt nach OEM-Standards<\/li>\n\n\n\n<li>Feste Seiten, die f\u00fcr Erbsenkies geeignet sind<\/li>\n\n\n\n<li>Entworfen und hergestellt in Gro\u00dfbritannien von Whites mit \u00fcber 3000 Einheiten auf Lager<\/li>\n<\/ul>\n\n\n\n<div class=\"wp-block-columns is-layout-flex wp-container-core-columns-is-layout-28f84493 wp-block-columns-is-layout-flex\">\n<div class=\"wp-block-column is-layout-flow wp-block-column-is-layout-flow\" style=\"flex-basis:100%\">\n<figure class=\"wp-block-image size-full is-resized\"><img loading=\"lazy\" decoding=\"async\" width=\"626\" height=\"149\" src=\"https:\/\/www.whitesmh.co.uk\/wp-content\/uploads\/image.png\" alt=\"\" class=\"wp-image-635\" style=\"width:268px;height:auto\" srcset=\"https:\/\/www.whitesmh.co.uk\/wp-content\/uploads\/image.png 626w, https:\/\/www.whitesmh.co.uk\/wp-content\/uploads\/image-600x143.png 600w\" sizes=\"auto, (max-width: 626px) 100vw, 626px\" \/><\/figure>\n<\/div>\n<\/div>\n\n\n\n<div class=\"wp-block-buttons is-layout-flex wp-block-buttons-is-layout-flex\">\n<div class=\"wp-block-button\"><a class=\"wp-block-button__link wp-element-button\" href=\"https:\/\/www.whitesmh.co.uk\/contact\/\">KONTAKTIEREN SIE UNS<\/a><\/div>\n\n\n\n<div class=\"wp-block-button\"><a class=\"wp-block-button__link wp-element-button\" href=\"https:\/\/www.whitesmh.co.uk\/support\/buckets-product-support\/\">PRODUKT-SUPPORT<\/a><\/div>\n\n\n\n<div class=\"wp-block-button\"><a class=\"wp-block-button__link wp-element-button\" href=\"https:\/\/www.whitesmh.co.uk\/wp-content\/uploads\/WMH-Data-Sheet-Excavator-Grading-Buckets.pdf\">DATENBLATT<\/a><\/div>\n<\/div>\n<\/div>\n<\/div>\n\n<div class=\"wp-block-group is-layout-flow wp-block-group-is-layout-flow\">\n<div class=\"wp-block-group has-primary-background-color has-background is-layout-flow wp-block-group-is-layout-flow\" style=\"margin-top:30px;margin-bottom:30px;padding-top:var(--wp--preset--spacing--40);padding-right:var(--wp--preset--spacing--40);padding-bottom:var(--wp--preset--spacing--40);padding-left:var(--wp--preset--spacing--40)\">\n<h3 class=\"wp-block-heading\">GALERIE<\/h3>\n<\/div>\n\n\n\n<figure class=\"wp-block-gallery has-nested-images columns-4 is-cropped wp-block-gallery-1 is-layout-flex wp-block-gallery-is-layout-flex\">\n<figure class=\"wp-block-image size-thumbnail\"><a href=\"https:\/\/www.whitesmh.co.uk\/wp-content\/uploads\/Whites-Grading-Bucket-4.jpg\"><img loading=\"lazy\" decoding=\"async\" width=\"400\" height=\"400\" data-id=\"1766\" src=\"https:\/\/www.whitesmh.co.uk\/wp-content\/uploads\/Whites-Grading-Bucket-4-400x400.jpg\" alt=\"\" class=\"wp-image-1766\" srcset=\"https:\/\/www.whitesmh.co.uk\/wp-content\/uploads\/Whites-Grading-Bucket-4-400x400.jpg 400w, https:\/\/www.whitesmh.co.uk\/wp-content\/uploads\/Whites-Grading-Bucket-4-300x300.jpg 300w, https:\/\/www.whitesmh.co.uk\/wp-content\/uploads\/Whites-Grading-Bucket-4-100x100.jpg 100w\" sizes=\"auto, (max-width: 400px) 100vw, 400px\" \/><\/a><\/figure>\n\n\n\n<figure class=\"wp-block-image size-thumbnail\"><a href=\"https:\/\/www.whitesmh.co.uk\/wp-content\/uploads\/Whites-Grading-Bucket-3.jpg\"><img loading=\"lazy\" decoding=\"async\" width=\"400\" height=\"400\" data-id=\"1765\" src=\"https:\/\/www.whitesmh.co.uk\/wp-content\/uploads\/Whites-Grading-Bucket-3-400x400.jpg\" alt=\"\" class=\"wp-image-1765\" srcset=\"https:\/\/www.whitesmh.co.uk\/wp-content\/uploads\/Whites-Grading-Bucket-3-400x400.jpg 400w, https:\/\/www.whitesmh.co.uk\/wp-content\/uploads\/Whites-Grading-Bucket-3-300x300.jpg 300w, https:\/\/www.whitesmh.co.uk\/wp-content\/uploads\/Whites-Grading-Bucket-3-100x100.jpg 100w\" sizes=\"auto, (max-width: 400px) 100vw, 400px\" \/><\/a><\/figure>\n\n\n\n<figure class=\"wp-block-image size-thumbnail\"><a href=\"https:\/\/www.whitesmh.co.uk\/wp-content\/uploads\/Whites-Grading-Bucket-5.jpg\"><img loading=\"lazy\" decoding=\"async\" width=\"400\" height=\"400\" data-id=\"1767\" src=\"https:\/\/www.whitesmh.co.uk\/wp-content\/uploads\/Whites-Grading-Bucket-5-400x400.jpg\" alt=\"\" class=\"wp-image-1767\" srcset=\"https:\/\/www.whitesmh.co.uk\/wp-content\/uploads\/Whites-Grading-Bucket-5-400x400.jpg 400w, https:\/\/www.whitesmh.co.uk\/wp-content\/uploads\/Whites-Grading-Bucket-5-300x300.jpg 300w, https:\/\/www.whitesmh.co.uk\/wp-content\/uploads\/Whites-Grading-Bucket-5-100x100.jpg 100w\" sizes=\"auto, (max-width: 400px) 100vw, 400px\" \/><\/a><\/figure>\n\n\n\n<figure class=\"wp-block-image size-thumbnail\"><a href=\"https:\/\/www.whitesmh.co.uk\/wp-content\/uploads\/Whites-Grading-Bucket-9.jpg\"><img loading=\"lazy\" decoding=\"async\" width=\"400\" height=\"400\" data-id=\"1771\" src=\"https:\/\/www.whitesmh.co.uk\/wp-content\/uploads\/Whites-Grading-Bucket-9-400x400.jpg\" alt=\"\" class=\"wp-image-1771\" srcset=\"https:\/\/www.whitesmh.co.uk\/wp-content\/uploads\/Whites-Grading-Bucket-9-400x400.jpg 400w, https:\/\/www.whitesmh.co.uk\/wp-content\/uploads\/Whites-Grading-Bucket-9-300x300.jpg 300w, https:\/\/www.whitesmh.co.uk\/wp-content\/uploads\/Whites-Grading-Bucket-9-100x100.jpg 100w\" sizes=\"auto, (max-width: 400px) 100vw, 400px\" \/><\/a><\/figure>\n\n\n\n<figure class=\"wp-block-image size-thumbnail\"><a href=\"https:\/\/www.whitesmh.co.uk\/wp-content\/uploads\/Whites-Grading-Bucket-8.jpg\"><img loading=\"lazy\" decoding=\"async\" width=\"400\" height=\"400\" data-id=\"1770\" src=\"https:\/\/www.whitesmh.co.uk\/wp-content\/uploads\/Whites-Grading-Bucket-8-400x400.jpg\" alt=\"\" class=\"wp-image-1770\" srcset=\"https:\/\/www.whitesmh.co.uk\/wp-content\/uploads\/Whites-Grading-Bucket-8-400x400.jpg 400w, https:\/\/www.whitesmh.co.uk\/wp-content\/uploads\/Whites-Grading-Bucket-8-300x300.jpg 300w, https:\/\/www.whitesmh.co.uk\/wp-content\/uploads\/Whites-Grading-Bucket-8-100x100.jpg 100w\" sizes=\"auto, (max-width: 400px) 100vw, 400px\" \/><\/a><\/figure>\n\n\n\n<figure class=\"wp-block-image size-thumbnail\"><a href=\"https:\/\/www.whitesmh.co.uk\/wp-content\/uploads\/IMG_2098-scaled.jpeg\"><img loading=\"lazy\" decoding=\"async\" width=\"400\" height=\"400\" data-id=\"1761\" src=\"https:\/\/www.whitesmh.co.uk\/wp-content\/uploads\/IMG_2098-400x400.jpeg\" alt=\"\" class=\"wp-image-1761\" srcset=\"https:\/\/www.whitesmh.co.uk\/wp-content\/uploads\/IMG_2098-400x400.jpeg 400w, https:\/\/www.whitesmh.co.uk\/wp-content\/uploads\/IMG_2098-scaled-300x300.jpeg 300w, https:\/\/www.whitesmh.co.uk\/wp-content\/uploads\/IMG_2098-scaled-100x100.jpeg 100w\" sizes=\"auto, (max-width: 400px) 100vw, 400px\" \/><\/a><\/figure>\n\n\n\n<figure class=\"wp-block-image size-thumbnail\"><a href=\"https:\/\/www.whitesmh.co.uk\/wp-content\/uploads\/Whites-Grading-Bucket-6.jpg\"><img loading=\"lazy\" decoding=\"async\" width=\"400\" height=\"400\" data-id=\"1768\" src=\"https:\/\/www.whitesmh.co.uk\/wp-content\/uploads\/Whites-Grading-Bucket-6-400x400.jpg\" alt=\"\" class=\"wp-image-1768\" srcset=\"https:\/\/www.whitesmh.co.uk\/wp-content\/uploads\/Whites-Grading-Bucket-6-400x400.jpg 400w, https:\/\/www.whitesmh.co.uk\/wp-content\/uploads\/Whites-Grading-Bucket-6-300x300.jpg 300w, https:\/\/www.whitesmh.co.uk\/wp-content\/uploads\/Whites-Grading-Bucket-6-100x100.jpg 100w\" sizes=\"auto, (max-width: 400px) 100vw, 400px\" \/><\/a><\/figure>\n\n\n\n<figure class=\"wp-block-image size-thumbnail\"><a href=\"https:\/\/www.whitesmh.co.uk\/wp-content\/uploads\/Whites-Grading-Bucket-2.jpg\"><img loading=\"lazy\" decoding=\"async\" width=\"400\" height=\"400\" data-id=\"1764\" src=\"https:\/\/www.whitesmh.co.uk\/wp-content\/uploads\/Whites-Grading-Bucket-2-400x400.jpg\" alt=\"\" class=\"wp-image-1764\" srcset=\"https:\/\/www.whitesmh.co.uk\/wp-content\/uploads\/Whites-Grading-Bucket-2-400x400.jpg 400w, https:\/\/www.whitesmh.co.uk\/wp-content\/uploads\/Whites-Grading-Bucket-2-300x300.jpg 300w, https:\/\/www.whitesmh.co.uk\/wp-content\/uploads\/Whites-Grading-Bucket-2-100x100.jpg 100w\" sizes=\"auto, (max-width: 400px) 100vw, 400px\" \/><\/a><\/figure>\n<\/figure>\n<\/div>\n\n<div class=\"wp-block-group is-layout-constrained wp-block-group-is-layout-constrained\">\n<div class=\"wp-block-group alignfull has-primary-background-color has-background is-layout-flow wp-block-group-is-layout-flow\" style=\"margin-top:30px;margin-bottom:30px;padding-top:var(--wp--preset--spacing--40);padding-right:var(--wp--preset--spacing--40);padding-bottom:var(--wp--preset--spacing--40);padding-left:var(--wp--preset--spacing--40)\">\n<h3 class=\"wp-block-heading alignfull\">MODELLE<\/h3>\n<\/div>\n<\/div>\n\n<figure class=\"wp-block-table\"><table><tbody><tr><td class=\"has-text-align-center\" data-align=\"center\"><strong>Teilenummer<\/strong><\/td><td class=\"has-text-align-center\" data-align=\"center\"><strong>Breite (mm)<\/strong><\/td><td class=\"has-text-align-center\" data-align=\"center\"><strong>Breite (Zoll)<\/strong><\/td><td class=\"has-text-align-center\" data-align=\"center\"><strong>Maschinengr\u00f6\u00dfe<\/strong><\/td><\/tr><tr><td class=\"has-text-align-center\" data-align=\"center\">EG0824<\/td><td class=\"has-text-align-center\" data-align=\"center\">600mm<\/td><td class=\"has-text-align-center\" data-align=\"center\">24&#8220;<\/td><td class=\"has-text-align-center\" data-align=\"center\">0,75 T<\/td><\/tr><tr><td class=\"has-text-align-center\" data-align=\"center\">EG0830<\/td><td class=\"has-text-align-center\" data-align=\"center\">750mm<\/td><td class=\"has-text-align-center\" data-align=\"center\">30&#8220;<\/td><td class=\"has-text-align-center\" data-align=\"center\">0,75 T<\/td><\/tr><tr><td class=\"has-text-align-center\" data-align=\"center\">EG1530<\/td><td class=\"has-text-align-center\" data-align=\"center\">750mm<\/td><td class=\"has-text-align-center\" data-align=\"center\">30&#8220;<\/td><td class=\"has-text-align-center\" data-align=\"center\">1,50 t<\/td><\/tr><tr><td class=\"has-text-align-center\" data-align=\"center\">EG1532<\/td><td class=\"has-text-align-center\" data-align=\"center\">800mm<\/td><td class=\"has-text-align-center\" data-align=\"center\">32&#8220;<\/td><td class=\"has-text-align-center\" data-align=\"center\">1,50 t<\/td><\/tr><tr><td class=\"has-text-align-center\" data-align=\"center\">EG1536<\/td><td class=\"has-text-align-center\" data-align=\"center\">900mm<\/td><td class=\"has-text-align-center\" data-align=\"center\">36&#8220;<\/td><td class=\"has-text-align-center\" data-align=\"center\">1,50 t<\/td><\/tr><tr><td class=\"has-text-align-center\" data-align=\"center\">EG1539<\/td><td class=\"has-text-align-center\" data-align=\"center\">1000mm<\/td><td class=\"has-text-align-center\" data-align=\"center\">39&#8220;<\/td><td class=\"has-text-align-center\" data-align=\"center\">1,50 t<\/td><\/tr><tr><td class=\"has-text-align-center\" data-align=\"center\">EG3036<\/td><td class=\"has-text-align-center\" data-align=\"center\">900mm<\/td><td class=\"has-text-align-center\" data-align=\"center\">36&#8220;<\/td><td class=\"has-text-align-center\" data-align=\"center\">3,0 T<\/td><\/tr><tr><td class=\"has-text-align-center\" data-align=\"center\">EG3042<\/td><td class=\"has-text-align-center\" data-align=\"center\">1050mm<\/td><td class=\"has-text-align-center\" data-align=\"center\">42&#8220;<\/td><td class=\"has-text-align-center\" data-align=\"center\">3,0 T<\/td><\/tr><tr><td class=\"has-text-align-center\" data-align=\"center\">EG3048<\/td><td class=\"has-text-align-center\" data-align=\"center\">1200mm<\/td><td class=\"has-text-align-center\" data-align=\"center\">48&#8220;<\/td><td class=\"has-text-align-center\" data-align=\"center\">3,0 T<\/td><\/tr><tr><td class=\"has-text-align-center\" data-align=\"center\">EG4042<\/td><td class=\"has-text-align-center\" data-align=\"center\">1050mm<\/td><td class=\"has-text-align-center\" data-align=\"center\">42&#8220;<\/td><td class=\"has-text-align-center\" data-align=\"center\">4.0T<\/td><\/tr><tr><td class=\"has-text-align-center\" data-align=\"center\">EG4048<\/td><td class=\"has-text-align-center\" data-align=\"center\">1200mm<\/td><td class=\"has-text-align-center\" data-align=\"center\">48&#8220;<\/td><td class=\"has-text-align-center\" data-align=\"center\">4.0T<\/td><\/tr><tr><td class=\"has-text-align-center\" data-align=\"center\">EG5548<\/td><td class=\"has-text-align-center\" data-align=\"center\">1200mm<\/td><td class=\"has-text-align-center\" data-align=\"center\">48&#8220;<\/td><td class=\"has-text-align-center\" data-align=\"center\">5,50 t<\/td><\/tr><tr><td class=\"has-text-align-center\" data-align=\"center\">EG5560<\/td><td class=\"has-text-align-center\" data-align=\"center\">1500mm<\/td><td class=\"has-text-align-center\" data-align=\"center\">60&#8220;<\/td><td class=\"has-text-align-center\" data-align=\"center\">5,50 t<\/td><\/tr><tr><td class=\"has-text-align-center\" data-align=\"center\">EG7060<\/td><td class=\"has-text-align-center\" data-align=\"center\">1500mm<\/td><td class=\"has-text-align-center\" data-align=\"center\">60&#8220;<\/td><td class=\"has-text-align-center\" data-align=\"center\">7.0T &#8211; 9.0T<\/td><\/tr><tr><td class=\"has-text-align-center\" data-align=\"center\">EG7072<\/td><td class=\"has-text-align-center\" data-align=\"center\">1850mm<\/td><td class=\"has-text-align-center\" data-align=\"center\">72&#8220;<\/td><td class=\"has-text-align-center\" data-align=\"center\">7.0T &#8211; 9.0T<\/td><\/tr><tr><td class=\"has-text-align-center\" data-align=\"center\">QGGP1360<\/td><td class=\"has-text-align-center\" data-align=\"center\">1500mm<\/td><td class=\"has-text-align-center\" data-align=\"center\">60&#8220;<\/td><td class=\"has-text-align-center\" data-align=\"center\">13,0 T<\/td><\/tr><tr><td class=\"has-text-align-center\" data-align=\"center\">QGGP1372<\/td><td class=\"has-text-align-center\" data-align=\"center\">1850mm<\/td><td class=\"has-text-align-center\" data-align=\"center\">72&#8220;<\/td><td class=\"has-text-align-center\" data-align=\"center\">13,0 T<\/td><\/tr><tr><td class=\"has-text-align-center\" data-align=\"center\">EMGP2184DB<\/td><td class=\"has-text-align-center\" data-align=\"center\">2130mm<\/td><td class=\"has-text-align-center\" data-align=\"center\">84&#8220;<\/td><td class=\"has-text-align-center\" data-align=\"center\">21,0 T<\/td><\/tr><\/tbody><\/table><\/figure>\n\n<div class=\"wp-block-group alignfull has-primary-background-color has-background is-layout-flow wp-block-group-is-layout-flow\" style=\"margin-top:30px;margin-bottom:30px;padding-top:var(--wp--preset--spacing--40);padding-right:var(--wp--preset--spacing--40);padding-bottom:var(--wp--preset--spacing--40);padding-left:var(--wp--preset--spacing--40)\">\n<h3 class=\"wp-block-heading alignfull\">VERWANDTE PRODUKTE<\/h3>\n<\/div>\n\n<div class=\"product-grid flex\">\n\t\t<div class=\"col-25 padBottom\">\n\t\t<a href=\"https:\/\/www.whitesmh.co.uk\/de\/produkt\/baggerschaufeln\/\" title=\"Baggerschaufeln\" class=\"block radius\">\n\t\t\t\t\t\t<div class=\"thumb\">\n\t\t\t\t<img loading=\"lazy\" decoding=\"async\" width=\"400\" height=\"400\" src=\"https:\/\/www.whitesmh.co.uk\/wp-content\/uploads\/ES042724-1-400x400.jpg\" class=\"attachment-thumbnail size-thumbnail wp-post-image\" alt=\"\" srcset=\"https:\/\/www.whitesmh.co.uk\/wp-content\/uploads\/ES042724-1-400x400.jpg 400w, https:\/\/www.whitesmh.co.uk\/wp-content\/uploads\/ES042724-1-300x300.jpg 300w, https:\/\/www.whitesmh.co.uk\/wp-content\/uploads\/ES042724-1-100x100.jpg 100w\" sizes=\"auto, (max-width: 400px) 100vw, 400px\" \/>\t\t\t\t\t\t\t\t\t\n\t\t\t<\/div>\n\t\t\t\t\t\t<div class=\"meta smlPadAll\">\n\t\t\t\t<h4 class=\"no-margin\">Baggerschaufeln<\/h4>\n\t\t\t\t<span class=\"blue button marTop\">Find out more <i class=\"fa-solid fa-chevron-right\"><\/i><\/span>\n\t\t\t<\/div>\n\t\t<\/a>\n\t<\/div>\n\t\t<div class=\"col-25 padBottom\">\n\t\t<a href=\"https:\/\/www.whitesmh.co.uk\/de\/produkt\/hydraulische-kippschaufeln\/\" title=\"Hydraulische Kippschaufeln\" class=\"block radius\">\n\t\t\t\t\t\t<div class=\"thumb\">\n\t\t\t\t<img loading=\"lazy\" decoding=\"async\" width=\"400\" height=\"400\" src=\"https:\/\/www.whitesmh.co.uk\/wp-content\/uploads\/EWST922548-1-400x400.jpg\" class=\"attachment-thumbnail size-thumbnail wp-post-image\" alt=\"\" srcset=\"https:\/\/www.whitesmh.co.uk\/wp-content\/uploads\/EWST922548-1-400x400.jpg 400w, https:\/\/www.whitesmh.co.uk\/wp-content\/uploads\/EWST922548-1-300x300.jpg 300w, https:\/\/www.whitesmh.co.uk\/wp-content\/uploads\/EWST922548-1-100x100.jpg 100w\" sizes=\"auto, (max-width: 400px) 100vw, 400px\" \/>\t\t\t\t\t\t\t\t\t\n\t\t\t<\/div>\n\t\t\t\t\t\t<div class=\"meta smlPadAll\">\n\t\t\t\t<h4 class=\"no-margin\">Hydraulische Kippschaufeln<\/h4>\n\t\t\t\t<span class=\"blue button marTop\">Find out more <i class=\"fa-solid fa-chevron-right\"><\/i><\/span>\n\t\t\t<\/div>\n\t\t<\/a>\n\t<\/div>\n\t\t<div class=\"col-25 padBottom\">\n\t\t<a href=\"https:\/\/www.whitesmh.co.uk\/de\/produkt\/s-typ-schaufeln\/\" title=\"S-Typ-Schaufeln\" class=\"block radius\">\n\t\t\t\t\t\t<div class=\"thumb\">\n\t\t\t\t<img loading=\"lazy\" decoding=\"async\" width=\"400\" height=\"400\" src=\"https:\/\/www.whitesmh.co.uk\/wp-content\/uploads\/Scandinavian-Bucket-400x400.jpg\" class=\"attachment-thumbnail size-thumbnail wp-post-image\" alt=\"\" srcset=\"https:\/\/www.whitesmh.co.uk\/wp-content\/uploads\/Scandinavian-Bucket-400x400.jpg 400w, https:\/\/www.whitesmh.co.uk\/wp-content\/uploads\/Scandinavian-Bucket-300x300.jpg 300w, https:\/\/www.whitesmh.co.uk\/wp-content\/uploads\/Scandinavian-Bucket-100x100.jpg 100w\" sizes=\"auto, (max-width: 400px) 100vw, 400px\" \/>\t\t\t\t\t\t\t\t\t\n\t\t\t<\/div>\n\t\t\t\t\t\t<div class=\"meta smlPadAll\">\n\t\t\t\t<h4 class=\"no-margin\">S-Typ-Schaufeln<\/h4>\n\t\t\t\t<span class=\"blue button marTop\">Find out more <i class=\"fa-solid fa-chevron-right\"><\/i><\/span>\n\t\t\t<\/div>\n\t\t<\/a>\n\t<\/div>\n\t\t<div class=\"col-25 padBottom\">\n\t\t<a href=\"https:\/\/www.whitesmh.co.uk\/de\/produkt\/gesteinskuebel\/\" title=\"Gesteinsk\u00fcbel\" class=\"block radius\">\n\t\t\t\t\t\t<div class=\"thumb\">\n\t\t\t\t<img loading=\"lazy\" decoding=\"async\" width=\"400\" height=\"400\" src=\"https:\/\/www.whitesmh.co.uk\/wp-content\/uploads\/Rock-Bucket-1-400x400.png\" class=\"attachment-thumbnail size-thumbnail wp-post-image\" alt=\"\" srcset=\"https:\/\/www.whitesmh.co.uk\/wp-content\/uploads\/Rock-Bucket-1-400x400.png 400w, https:\/\/www.whitesmh.co.uk\/wp-content\/uploads\/Rock-Bucket-1-300x300.jpg 300w, https:\/\/www.whitesmh.co.uk\/wp-content\/uploads\/Rock-Bucket-1-100x100.jpg 100w, https:\/\/www.whitesmh.co.uk\/wp-content\/uploads\/Rock-Bucket-1-600x600.jpg 600w, https:\/\/www.whitesmh.co.uk\/wp-content\/uploads\/Rock-Bucket-1-800x800.png 800w, https:\/\/www.whitesmh.co.uk\/wp-content\/uploads\/Rock-Bucket-1-768x768.png 768w, https:\/\/www.whitesmh.co.uk\/wp-content\/uploads\/Rock-Bucket-1.jpg 926w\" sizes=\"auto, (max-width: 400px) 100vw, 400px\" \/>\t\t\t\t\t\t\t\t\t\n\t\t\t<\/div>\n\t\t\t\t\t\t<div class=\"meta smlPadAll\">\n\t\t\t\t<h4 class=\"no-margin\">Gesteinsk\u00fcbel<\/h4>\n\t\t\t\t<span class=\"blue button marTop\">Find out more <i class=\"fa-solid fa-chevron-right\"><\/i><\/span>\n\t\t\t<\/div>\n\t\t<\/a>\n\t<\/div>\n\t<\/div>\n","protected":false},"excerpt":{"rendered":"<p>PLANIERSCHAUFELN WHITES ist der gr\u00f6\u00dfte Hersteller von Baggerl\u00f6ffeln in Gro\u00dfbritannien und produziert OEM-zugelassene Produkte, denen auf der ganzen Welt vertraut wird. GALERIE MODELLE Teilenummer Breite (mm) Breite (Zoll) Maschinengr\u00f6\u00dfe EG0824 600mm 24&#8220; 0,75 T EG0830 750mm 30&#8220; 0,75 T EG1530 750mm 30&#8220; 1,50 t EG1532 800mm 32&#8220; 1,50 t EG1536 900mm 36&#8220; 1,50 t EG1539&hellip;<\/p>\n","protected":false},"featured_media":5229,"template":"","meta":{"_acf_changed":false},"product_brand":[],"product_cat":[310],"product_tag":[],"class_list":{"2":"type-product","7":"product","8":"first","9":"instock","10":"taxable","11":"shipping-taxable","12":"product-type-simple"},"acf":[],"_links":{"self":[{"href":"https:\/\/www.whitesmh.co.uk\/de\/wp-json\/wp\/v2\/product\/5345","targetHints":{"allow":["GET"]}}],"collection":[{"href":"https:\/\/www.whitesmh.co.uk\/de\/wp-json\/wp\/v2\/product"}],"about":[{"href":"https:\/\/www.whitesmh.co.uk\/de\/wp-json\/wp\/v2\/types\/product"}],"wp:featuredmedia":[{"embeddable":true,"href":"https:\/\/www.whitesmh.co.uk\/de\/wp-json\/wp\/v2\/media\/5229"}],"wp:attachment":[{"href":"https:\/\/www.whitesmh.co.uk\/de\/wp-json\/wp\/v2\/media?parent=5345"}],"wp:term":[{"taxonomy":"product_brand","embeddable":true,"href":"https:\/\/www.whitesmh.co.uk\/de\/wp-json\/wp\/v2\/product_brand?post=5345"},{"taxonomy":"product_cat","embeddable":true,"href":"https:\/\/www.whitesmh.co.uk\/de\/wp-json\/wp\/v2\/product_cat?post=5345"},{"taxonomy":"product_tag","embeddable":true,"href":"https:\/\/www.whitesmh.co.uk\/de\/wp-json\/wp\/v2\/product_tag?post=5345"}],"curies":[{"name":"wp","href":"https:\/\/api.w.org\/{rel}","templated":true}]}}