{"id":5280,"date":"2023-12-07T09:57:50","date_gmt":"2023-12-07T09:57:50","guid":{"rendered":"https:\/\/www.whitesmh.co.uk\/products\/landrechen\/"},"modified":"2024-11-19T11:24:21","modified_gmt":"2024-11-19T11:24:21","slug":"landrechen","status":"publish","type":"product","link":"https:\/\/www.whitesmh.co.uk\/de\/produkt\/landrechen\/","title":{"rendered":"Landrechen"},"content":{"rendered":"\n<div class=\"wp-block-columns is-layout-flex wp-container-core-columns-is-layout-28f84493 wp-block-columns-is-layout-flex\">\n<div class=\"wp-block-column is-vertically-aligned-center is-layout-flow wp-block-column-is-layout-flow\">\n<figure class=\"wp-block-image size-full\"><img loading=\"lazy\" decoding=\"async\" width=\"640\" height=\"480\" src=\"https:\/\/www.whitesmh.co.uk\/wp-content\/uploads\/257-edited.jpg\" alt=\"\" class=\"wp-image-1824\" srcset=\"https:\/\/www.whitesmh.co.uk\/wp-content\/uploads\/257-edited.jpg 640w, https:\/\/www.whitesmh.co.uk\/wp-content\/uploads\/257-edited-600x450.jpg 600w\" sizes=\"auto, (max-width: 640px) 100vw, 640px\" \/><\/figure>\n<\/div>\n\n\n\n<div class=\"wp-block-column is-layout-flow wp-block-column-is-layout-flow\">\n<h2 class=\"wp-block-heading\" style=\"text-transform:uppercase\">LANDRECHEN<\/h2>\n\n\n\n<p>Der WHITES Land Rake ist eine perfekte L\u00f6sung f\u00fcr die Rodung von Standorten und die Landgewinnung. Seine hochbelastbaren Profile erm\u00f6glichen die Sortierung von Steinen und B\u00f6den.  <\/p>\n\n\n\n<ul class=\"wp-block-list\">\n<li>Gut geeignet f\u00fcr die Landschaftsgestaltung und Landgewinnung<\/li>\n\n\n\n<li>Sortieren Sie Steine, Abbruch und Abfall mit Leichtigkeit<\/li>\n\n\n\n<li>Heben Sie gro\u00dfe Steine auf und lassen Sie Erde zur\u00fcck<\/li>\n\n\n\n<li>Robustes Design f\u00fcr lange Lebensdauer des Anbauger\u00e4ts<\/li>\n\n\n\n<li>Standardgr\u00f6\u00dfen unten, Rechen nach Spezifikation auf Anfrage<\/li>\n<\/ul>\n\n\n\n<div class=\"wp-block-columns is-layout-flex wp-container-core-columns-is-layout-28f84493 wp-block-columns-is-layout-flex\">\n<div class=\"wp-block-column is-layout-flow wp-block-column-is-layout-flow\" style=\"flex-basis:100%\">\n<figure class=\"wp-block-image size-full is-resized\"><img loading=\"lazy\" decoding=\"async\" width=\"626\" height=\"149\" src=\"https:\/\/www.whitesmh.co.uk\/wp-content\/uploads\/image.png\" alt=\"\" class=\"wp-image-635\" style=\"width:268px;height:auto\" srcset=\"https:\/\/www.whitesmh.co.uk\/wp-content\/uploads\/image.png 626w, https:\/\/www.whitesmh.co.uk\/wp-content\/uploads\/image-600x143.png 600w\" sizes=\"auto, (max-width: 626px) 100vw, 626px\" \/><\/figure>\n<\/div>\n<\/div>\n\n\n\n<div class=\"wp-block-buttons is-layout-flex wp-block-buttons-is-layout-flex\">\n<div class=\"wp-block-button\"><a class=\"wp-block-button__link wp-element-button\" href=\"https:\/\/www.whitesmh.co.uk\/contact\/\">KONTAKTIEREN SIE UNS<\/a><\/div>\n\n\n\n<div class=\"wp-block-button\"><a class=\"wp-block-button__link wp-element-button\" href=\"https:\/\/drive.google.com\/file\/d\/167DB59HKg3x_YkzHnHLDmk8a76Ll38U6\/view?usp=sharing\" target=\"_blank\" rel=\"noopener\">DATENBLATT<\/a><\/div>\n<\/div>\n<\/div>\n<\/div>\n\n<div class=\"wp-block-group has-primary-background-color has-background is-layout-flow wp-block-group-is-layout-flow\" style=\"margin-top:30px;margin-bottom:30px;padding-top:var(--wp--preset--spacing--40);padding-right:var(--wp--preset--spacing--40);padding-bottom:var(--wp--preset--spacing--40);padding-left:var(--wp--preset--spacing--40)\">\n<h3 class=\"wp-block-heading\">MODELLE<\/h3>\n<\/div>\n\n<div class=\"wp-block-group is-layout-constrained wp-block-group-is-layout-constrained\"><\/div>\n\n<figure class=\"wp-block-table\"><table><tbody><tr><td class=\"has-text-align-center\" data-align=\"center\"><strong>Teilenummer<\/strong><\/td><td class=\"has-text-align-center\" data-align=\"center\"><strong>Breite (mm)<\/strong><\/td><td class=\"has-text-align-center\" data-align=\"center\"><strong>Breite (Zoll)<\/strong><\/td><td class=\"has-text-align-center\" data-align=\"center\"><strong>Maschinengr\u00f6\u00dfe<\/strong><\/td><\/tr><tr><td class=\"has-text-align-center\" data-align=\"center\">EK1524<\/td><td class=\"has-text-align-center\" data-align=\"center\">600mm<\/td><td class=\"has-text-align-center\" data-align=\"center\">24&#8220;<\/td><td class=\"has-text-align-center\" data-align=\"center\">1,50 t<\/td><\/tr><tr><td class=\"has-text-align-center\" data-align=\"center\">EK3024<\/td><td class=\"has-text-align-center\" data-align=\"center\">600mm<\/td><td class=\"has-text-align-center\" data-align=\"center\">24&#8220;<\/td><td class=\"has-text-align-center\" data-align=\"center\">3,0 T<\/td><\/tr><tr><td class=\"has-text-align-center\" data-align=\"center\">EK3036<\/td><td class=\"has-text-align-center\" data-align=\"center\">900mm<\/td><td class=\"has-text-align-center\" data-align=\"center\">36&#8220;<\/td><td class=\"has-text-align-center\" data-align=\"center\">3,0 T<\/td><\/tr><tr><td class=\"has-text-align-center\" data-align=\"center\">EK5548<\/td><td class=\"has-text-align-center\" data-align=\"center\">1200mm<\/td><td class=\"has-text-align-center\" data-align=\"center\">48&#8220;<\/td><td class=\"has-text-align-center\" data-align=\"center\">4.0T &#8211; 5.50T<\/td><\/tr><tr><td class=\"has-text-align-center\" data-align=\"center\">EK5560<\/td><td class=\"has-text-align-center\" data-align=\"center\">1500mm<\/td><td class=\"has-text-align-center\" data-align=\"center\">60&#8220;<\/td><td class=\"has-text-align-center\" data-align=\"center\">7.0T &#8211; 9.0T<\/td><\/tr><tr><td class=\"has-text-align-center\" data-align=\"center\">EK7060<\/td><td class=\"has-text-align-center\" data-align=\"center\">1500mm<\/td><td class=\"has-text-align-center\" data-align=\"center\">60&#8220;<\/td><td class=\"has-text-align-center\" data-align=\"center\">7.0T &#8211; 9.0T<\/td><\/tr><tr><td class=\"has-text-align-center\" data-align=\"center\">EK1372<\/td><td class=\"has-text-align-center\" data-align=\"center\">1850mm<\/td><td class=\"has-text-align-center\" data-align=\"center\">72&#8220;<\/td><td class=\"has-text-align-center\" data-align=\"center\">13,0 T<\/td><\/tr><\/tbody><\/table><\/figure>\n\n<div class=\"wp-block-group is-layout-flow wp-block-group-is-layout-flow\">\n<div class=\"wp-block-group has-primary-background-color has-background is-layout-flow wp-block-group-is-layout-flow\" style=\"margin-top:30px;margin-bottom:30px;padding-top:var(--wp--preset--spacing--40);padding-right:var(--wp--preset--spacing--40);padding-bottom:var(--wp--preset--spacing--40);padding-left:var(--wp--preset--spacing--40)\">\n<h3 class=\"wp-block-heading\">GALERIE<\/h3>\n<\/div>\n\n\n\n<figure class=\"wp-block-gallery has-nested-images columns-4 is-cropped wp-block-gallery-1 is-layout-flex wp-block-gallery-is-layout-flex\">\n<figure class=\"wp-block-image size-thumbnail\"><a href=\"https:\/\/www.whitesmh.co.uk\/wp-content\/uploads\/257-edited.jpg\"><img loading=\"lazy\" decoding=\"async\" width=\"400\" height=\"400\" data-id=\"1824\" src=\"https:\/\/www.whitesmh.co.uk\/wp-content\/uploads\/257-edited-400x400.jpg\" alt=\"\" class=\"wp-image-1824\" srcset=\"https:\/\/www.whitesmh.co.uk\/wp-content\/uploads\/257-edited-400x400.jpg 400w, https:\/\/www.whitesmh.co.uk\/wp-content\/uploads\/257-edited-300x300.jpg 300w, https:\/\/www.whitesmh.co.uk\/wp-content\/uploads\/257-edited-100x100.jpg 100w\" sizes=\"auto, (max-width: 400px) 100vw, 400px\" \/><\/a><\/figure>\n\n\n\n<figure class=\"wp-block-image size-thumbnail\"><a href=\"https:\/\/www.whitesmh.co.uk\/wp-content\/uploads\/254-scaled.jpg\"><img loading=\"lazy\" decoding=\"async\" width=\"400\" height=\"400\" data-id=\"1825\" src=\"https:\/\/www.whitesmh.co.uk\/wp-content\/uploads\/254-400x400.jpg\" alt=\"\" class=\"wp-image-1825\" srcset=\"https:\/\/www.whitesmh.co.uk\/wp-content\/uploads\/254-400x400.jpg 400w, https:\/\/www.whitesmh.co.uk\/wp-content\/uploads\/254-scaled-300x300.jpg 300w, https:\/\/www.whitesmh.co.uk\/wp-content\/uploads\/254-scaled-100x100.jpg 100w\" sizes=\"auto, (max-width: 400px) 100vw, 400px\" \/><\/a><\/figure>\n\n\n\n<figure class=\"wp-block-image size-thumbnail\"><a href=\"https:\/\/www.whitesmh.co.uk\/wp-content\/uploads\/256.jpg\"><img loading=\"lazy\" decoding=\"async\" width=\"400\" height=\"400\" data-id=\"1826\" src=\"https:\/\/www.whitesmh.co.uk\/wp-content\/uploads\/256-400x400.jpg\" alt=\"\" class=\"wp-image-1826\" srcset=\"https:\/\/www.whitesmh.co.uk\/wp-content\/uploads\/256-400x400.jpg 400w, https:\/\/www.whitesmh.co.uk\/wp-content\/uploads\/256-300x300.jpg 300w, https:\/\/www.whitesmh.co.uk\/wp-content\/uploads\/256-100x100.jpg 100w\" sizes=\"auto, (max-width: 400px) 100vw, 400px\" \/><\/a><\/figure>\n\n\n\n<figure class=\"wp-block-image size-thumbnail\"><a href=\"https:\/\/www.whitesmh.co.uk\/wp-content\/uploads\/338.jpg\"><img loading=\"lazy\" decoding=\"async\" width=\"400\" height=\"400\" data-id=\"1828\" src=\"https:\/\/www.whitesmh.co.uk\/wp-content\/uploads\/338-400x400.jpg\" alt=\"\" class=\"wp-image-1828\" srcset=\"https:\/\/www.whitesmh.co.uk\/wp-content\/uploads\/338-400x400.jpg 400w, https:\/\/www.whitesmh.co.uk\/wp-content\/uploads\/338-300x300.jpg 300w, https:\/\/www.whitesmh.co.uk\/wp-content\/uploads\/338-100x100.jpg 100w\" sizes=\"auto, (max-width: 400px) 100vw, 400px\" \/><\/a><\/figure>\n<\/figure>\n<\/div>\n","protected":false},"excerpt":{"rendered":"<p>LANDRECHEN Der WHITES Land Rake ist eine perfekte L\u00f6sung f\u00fcr die Rodung von Standorten und die Landgewinnung. Seine hochbelastbaren Profile erm\u00f6glichen die Sortierung von Steinen und B\u00f6den. MODELLE Teilenummer Breite (mm) Breite (Zoll) Maschinengr\u00f6\u00dfe EK1524 600mm 24&#8220; 1,50 t EK3024 600mm 24&#8220; 3,0 T EK3036 900mm 36&#8220; 3,0 T EK5548 1200mm 48&#8220; 4.0T &#8211; 5.50T&hellip;<\/p>\n","protected":false},"featured_media":10524,"template":"","meta":{"_acf_changed":false},"product_brand":[],"product_cat":[310,293],"product_tag":[],"class_list":{"2":"type-product","8":"product","9":"first","10":"instock","11":"taxable","12":"shipping-taxable","13":"product-type-simple"},"acf":[],"_links":{"self":[{"href":"https:\/\/www.whitesmh.co.uk\/de\/wp-json\/wp\/v2\/product\/5280","targetHints":{"allow":["GET"]}}],"collection":[{"href":"https:\/\/www.whitesmh.co.uk\/de\/wp-json\/wp\/v2\/product"}],"about":[{"href":"https:\/\/www.whitesmh.co.uk\/de\/wp-json\/wp\/v2\/types\/product"}],"wp:featuredmedia":[{"embeddable":true,"href":"https:\/\/www.whitesmh.co.uk\/de\/wp-json\/wp\/v2\/media\/10524"}],"wp:attachment":[{"href":"https:\/\/www.whitesmh.co.uk\/de\/wp-json\/wp\/v2\/media?parent=5280"}],"wp:term":[{"taxonomy":"product_brand","embeddable":true,"href":"https:\/\/www.whitesmh.co.uk\/de\/wp-json\/wp\/v2\/product_brand?post=5280"},{"taxonomy":"product_cat","embeddable":true,"href":"https:\/\/www.whitesmh.co.uk\/de\/wp-json\/wp\/v2\/product_cat?post=5280"},{"taxonomy":"product_tag","embeddable":true,"href":"https:\/\/www.whitesmh.co.uk\/de\/wp-json\/wp\/v2\/product_tag?post=5280"}],"curies":[{"name":"wp","href":"https:\/\/api.w.org\/{rel}","templated":true}]}}