{"id":5274,"date":"2023-12-07T10:16:50","date_gmt":"2023-12-07T10:16:50","guid":{"rendered":"https:\/\/www.whitesmh.co.uk\/products\/kabelloeffel\/"},"modified":"2024-11-19T11:24:40","modified_gmt":"2024-11-19T11:24:40","slug":"kabelloeffel","status":"publish","type":"product","link":"https:\/\/www.whitesmh.co.uk\/de\/produkt\/kabelloeffel\/","title":{"rendered":"Kabell\u00f6ffel"},"content":{"rendered":"\n<div class=\"wp-block-columns is-layout-flex wp-container-core-columns-is-layout-28f84493 wp-block-columns-is-layout-flex\">\n<div class=\"wp-block-column is-vertically-aligned-center is-layout-flow wp-block-column-is-layout-flow\">\n<figure class=\"wp-block-image size-full\"><img loading=\"lazy\" decoding=\"async\" width=\"1200\" height=\"900\" src=\"https:\/\/www.whitesmh.co.uk\/wp-content\/uploads\/554-edited.jpg\" alt=\"\" class=\"wp-image-1843\" srcset=\"https:\/\/www.whitesmh.co.uk\/wp-content\/uploads\/554-edited.jpg 1200w, https:\/\/www.whitesmh.co.uk\/wp-content\/uploads\/554-edited-600x450.jpg 600w, https:\/\/www.whitesmh.co.uk\/wp-content\/uploads\/554-edited-800x600.jpg 800w, https:\/\/www.whitesmh.co.uk\/wp-content\/uploads\/554-edited-768x576.jpg 768w\" sizes=\"auto, (max-width: 800px) 100vw, 800px\" \/><\/figure>\n<\/div>\n\n\n\n<div class=\"wp-block-column is-layout-flow wp-block-column-is-layout-flow\">\n<h2 class=\"wp-block-heading\" style=\"text-transform:uppercase\">KABELL\u00d6FFEL<\/h2>\n\n\n\n<p>Der WHITES Cable Bucket ist f\u00fcr 1,50-Tonnen-Bagger geeignet und eine ideale L\u00f6sung, um sehr enge Gr\u00e4ben mit minimaler Unterbrechung auszuheben, um dann Kabel zu verlegen.  <\/p>\n\n\n\n<ul class=\"wp-block-list\">\n<li>Schlankes Design; ideal zum Verlegen von Kabeln<\/li>\n\n\n\n<li>Minimale Unterbrechung  <\/li>\n\n\n\n<li>Hergestellt nach OEM-Spezifikation<\/li>\n\n\n\n<li>Geh\u00e4rtete Bodenschneide<\/li>\n\n\n\n<li>Optionale Verschraubung an umkehrbarer Verschlei\u00dfkante<\/li>\n<\/ul>\n\n\n\n<div class=\"wp-block-columns is-layout-flex wp-container-core-columns-is-layout-28f84493 wp-block-columns-is-layout-flex\">\n<div class=\"wp-block-column is-layout-flow wp-block-column-is-layout-flow\" style=\"flex-basis:100%\">\n<figure class=\"wp-block-image size-full is-resized\"><img loading=\"lazy\" decoding=\"async\" width=\"626\" height=\"149\" src=\"https:\/\/www.whitesmh.co.uk\/wp-content\/uploads\/image.png\" alt=\"\" class=\"wp-image-635\" style=\"width:268px;height:auto\" srcset=\"https:\/\/www.whitesmh.co.uk\/wp-content\/uploads\/image.png 626w, https:\/\/www.whitesmh.co.uk\/wp-content\/uploads\/image-600x143.png 600w\" sizes=\"auto, (max-width: 626px) 100vw, 626px\" \/><\/figure>\n<\/div>\n<\/div>\n\n\n\n<div class=\"wp-block-buttons is-layout-flex wp-block-buttons-is-layout-flex\">\n<div class=\"wp-block-button\"><a class=\"wp-block-button__link wp-element-button\" href=\"https:\/\/www.whitesmh.co.uk\/contact\/\">KONTAKTIEREN SIE UNS<\/a><\/div>\n\n\n\n<div class=\"wp-block-button\"><a class=\"wp-block-button__link wp-element-button\" href=\"https:\/\/www.whitesmh.co.uk\/support\/buckets-product-support\/\">PRODUKT-SUPPORT<\/a><\/div>\n<\/div>\n<\/div>\n<\/div>\n\n<div class=\"wp-block-group is-layout-constrained wp-block-group-is-layout-constrained\">\n<div class=\"wp-block-group alignfull has-primary-background-color has-background is-layout-flow wp-block-group-is-layout-flow\" style=\"margin-top:30px;margin-bottom:30px;padding-top:var(--wp--preset--spacing--40);padding-right:var(--wp--preset--spacing--40);padding-bottom:var(--wp--preset--spacing--40);padding-left:var(--wp--preset--spacing--40)\">\n<h3 class=\"wp-block-heading\">MODELLE<\/h3>\n<\/div>\n<\/div>\n\n<figure class=\"wp-block-table\"><table><tbody><tr><td class=\"has-text-align-center\" data-align=\"center\"><strong>Teilenummer<\/strong><\/td><td class=\"has-text-align-center\" data-align=\"center\"><strong>Breite (mm)<\/strong><\/td><td class=\"has-text-align-center\" data-align=\"center\"><strong>Breite (Zoll)<\/strong><\/td><td class=\"has-text-align-center\" data-align=\"center\"><strong>Maschinengr\u00f6\u00dfe<\/strong><\/td><\/tr><tr><td class=\"has-text-align-center\" data-align=\"center\">EF1503<\/td><td class=\"has-text-align-center\" data-align=\"center\">76mm<\/td><td class=\"has-text-align-center\" data-align=\"center\">3&#8220;<\/td><td class=\"has-text-align-center\" data-align=\"center\">1,50 t<\/td><\/tr><tr><td class=\"has-text-align-center\" data-align=\"center\">EF1504<\/td><td class=\"has-text-align-center\" data-align=\"center\">100mm<\/td><td class=\"has-text-align-center\" data-align=\"center\">4&#8220;<\/td><td class=\"has-text-align-center\" data-align=\"center\">1,50 t<\/td><\/tr><\/tbody><\/table><\/figure>\n\n<div class=\"wp-block-group is-layout-flow wp-block-group-is-layout-flow\">\n<div class=\"wp-block-group has-primary-background-color has-background is-layout-flow wp-block-group-is-layout-flow\" style=\"margin-top:30px;margin-bottom:30px;padding-top:var(--wp--preset--spacing--40);padding-right:var(--wp--preset--spacing--40);padding-bottom:var(--wp--preset--spacing--40);padding-left:var(--wp--preset--spacing--40)\">\n<h3 class=\"wp-block-heading\">GALERIE<\/h3>\n<\/div>\n\n\n\n<figure class=\"wp-block-gallery has-nested-images columns-4 is-cropped wp-block-gallery-1 is-layout-flex wp-block-gallery-is-layout-flex\">\n<figure class=\"wp-block-image size-thumbnail\"><a href=\"https:\/\/www.whitesmh.co.uk\/wp-content\/uploads\/555.jpg\"><img loading=\"lazy\" decoding=\"async\" width=\"400\" height=\"400\" data-id=\"1841\" src=\"https:\/\/www.whitesmh.co.uk\/wp-content\/uploads\/555-400x400.jpg\" alt=\"\" class=\"wp-image-1841\" srcset=\"https:\/\/www.whitesmh.co.uk\/wp-content\/uploads\/555-400x400.jpg 400w, https:\/\/www.whitesmh.co.uk\/wp-content\/uploads\/555-300x300.jpg 300w, https:\/\/www.whitesmh.co.uk\/wp-content\/uploads\/555-100x100.jpg 100w\" sizes=\"auto, (max-width: 400px) 100vw, 400px\" \/><\/a><\/figure>\n\n\n\n<figure class=\"wp-block-image size-thumbnail\"><a href=\"https:\/\/www.whitesmh.co.uk\/wp-content\/uploads\/554.jpg\"><img loading=\"lazy\" decoding=\"async\" width=\"400\" height=\"400\" data-id=\"1840\" src=\"https:\/\/www.whitesmh.co.uk\/wp-content\/uploads\/554-400x400.jpg\" alt=\"\" class=\"wp-image-1840\" srcset=\"https:\/\/www.whitesmh.co.uk\/wp-content\/uploads\/554-400x400.jpg 400w, https:\/\/www.whitesmh.co.uk\/wp-content\/uploads\/554-300x300.jpg 300w, https:\/\/www.whitesmh.co.uk\/wp-content\/uploads\/554-100x100.jpg 100w\" sizes=\"auto, (max-width: 400px) 100vw, 400px\" \/><\/a><\/figure>\n\n\n\n<figure class=\"wp-block-image size-thumbnail\"><a href=\"https:\/\/www.whitesmh.co.uk\/wp-content\/uploads\/556.jpg\"><img loading=\"lazy\" decoding=\"async\" width=\"400\" height=\"400\" data-id=\"1842\" src=\"https:\/\/www.whitesmh.co.uk\/wp-content\/uploads\/556-400x400.jpg\" alt=\"\" class=\"wp-image-1842\" srcset=\"https:\/\/www.whitesmh.co.uk\/wp-content\/uploads\/556-400x400.jpg 400w, https:\/\/www.whitesmh.co.uk\/wp-content\/uploads\/556-300x300.jpg 300w, https:\/\/www.whitesmh.co.uk\/wp-content\/uploads\/556-100x100.jpg 100w\" sizes=\"auto, (max-width: 400px) 100vw, 400px\" \/><\/a><\/figure>\n\n\n\n<figure class=\"wp-block-image size-thumbnail\"><a href=\"https:\/\/www.whitesmh.co.uk\/wp-content\/uploads\/IMG_3052-scaled.jpeg\"><img loading=\"lazy\" decoding=\"async\" width=\"400\" height=\"400\" data-id=\"2748\" src=\"https:\/\/www.whitesmh.co.uk\/wp-content\/uploads\/IMG_3052-400x400.jpeg\" alt=\"\" class=\"wp-image-2748\" srcset=\"https:\/\/www.whitesmh.co.uk\/wp-content\/uploads\/IMG_3052-400x400.jpeg 400w, https:\/\/www.whitesmh.co.uk\/wp-content\/uploads\/IMG_3052-scaled-300x300.jpeg 300w, https:\/\/www.whitesmh.co.uk\/wp-content\/uploads\/IMG_3052-scaled-100x100.jpeg 100w\" sizes=\"auto, (max-width: 400px) 100vw, 400px\" \/><\/a><\/figure>\n<\/figure>\n<\/div>\n","protected":false},"excerpt":{"rendered":"<p>KABELL\u00d6FFEL Der WHITES Cable Bucket ist f\u00fcr 1,50-Tonnen-Bagger geeignet und eine ideale L\u00f6sung, um sehr enge Gr\u00e4ben mit minimaler Unterbrechung auszuheben, um dann Kabel zu verlegen. MODELLE Teilenummer Breite (mm) Breite (Zoll) Maschinengr\u00f6\u00dfe EF1503 76mm 3&#8220; 1,50 t EF1504 100mm 4&#8220; 1,50 t GALERIE<\/p>\n","protected":false},"featured_media":10535,"template":"","meta":{"_acf_changed":false},"product_brand":[],"product_cat":[310],"product_tag":[],"class_list":{"2":"type-product","7":"product","8":"first","9":"instock","10":"taxable","11":"shipping-taxable","12":"product-type-simple"},"acf":[],"_links":{"self":[{"href":"https:\/\/www.whitesmh.co.uk\/de\/wp-json\/wp\/v2\/product\/5274","targetHints":{"allow":["GET"]}}],"collection":[{"href":"https:\/\/www.whitesmh.co.uk\/de\/wp-json\/wp\/v2\/product"}],"about":[{"href":"https:\/\/www.whitesmh.co.uk\/de\/wp-json\/wp\/v2\/types\/product"}],"wp:featuredmedia":[{"embeddable":true,"href":"https:\/\/www.whitesmh.co.uk\/de\/wp-json\/wp\/v2\/media\/10535"}],"wp:attachment":[{"href":"https:\/\/www.whitesmh.co.uk\/de\/wp-json\/wp\/v2\/media?parent=5274"}],"wp:term":[{"taxonomy":"product_brand","embeddable":true,"href":"https:\/\/www.whitesmh.co.uk\/de\/wp-json\/wp\/v2\/product_brand?post=5274"},{"taxonomy":"product_cat","embeddable":true,"href":"https:\/\/www.whitesmh.co.uk\/de\/wp-json\/wp\/v2\/product_cat?post=5274"},{"taxonomy":"product_tag","embeddable":true,"href":"https:\/\/www.whitesmh.co.uk\/de\/wp-json\/wp\/v2\/product_tag?post=5274"}],"curies":[{"name":"wp","href":"https:\/\/api.w.org\/{rel}","templated":true}]}}