{"id":5211,"date":"2023-11-20T15:43:07","date_gmt":"2023-11-20T15:43:07","guid":{"rendered":"https:\/\/www.whitesmh.co.uk\/products\/ag-x-getreide-umschlagschaufeln\/"},"modified":"2024-11-19T11:04:38","modified_gmt":"2024-11-19T11:04:38","slug":"ag-x-getreide-umschlagschaufeln","status":"publish","type":"product","link":"https:\/\/www.whitesmh.co.uk\/de\/produkt\/ag-x-getreide-umschlagschaufeln\/","title":{"rendered":"AG-X Getreide- \/ Umschlagschaufeln"},"content":{"rendered":"\n<div class=\"wp-block-columns is-layout-flex wp-container-core-columns-is-layout-28f84493 wp-block-columns-is-layout-flex\">\n<div class=\"wp-block-column is-vertically-aligned-center is-layout-flow wp-block-column-is-layout-flow\">\n<figure class=\"wp-block-image size-full\"><img loading=\"lazy\" decoding=\"async\" width=\"2000\" height=\"1500\" src=\"https:\/\/www.whitesmh.co.uk\/wp-content\/uploads\/IMG_3033-scaled.jpeg\" alt=\"\" class=\"wp-image-2710\" srcset=\"https:\/\/www.whitesmh.co.uk\/wp-content\/uploads\/IMG_3033-scaled.jpeg 2000w, https:\/\/www.whitesmh.co.uk\/wp-content\/uploads\/IMG_3033-scaled-600x450.jpeg 600w, https:\/\/www.whitesmh.co.uk\/wp-content\/uploads\/IMG_3033-scaled-e1710327755200-800x600.jpeg 800w, https:\/\/www.whitesmh.co.uk\/wp-content\/uploads\/IMG_3033-768x576.jpeg 768w\" sizes=\"auto, (max-width: 800px) 100vw, 800px\" \/><\/figure>\n<\/div>\n\n\n\n<div class=\"wp-block-column is-layout-flow wp-block-column-is-layout-flow\">\n<h2 class=\"wp-block-heading\" style=\"text-transform:uppercase\">AG-X Getreide- \/ UMSCHLAGSCHAUFELN  <\/h2>\n\n\n\n<p>Die WHITES AG-X-Schaufeln zeichnen sich als echter Marktf\u00fchrer in Bezug auf Spezifikation und Verarbeitungsqualit\u00e4t aus. Wir fordern die Industrie auf, unsere Spezifikation mit allen anderen verf\u00fcgbaren Spezifikationen zu vergleichen.  <\/p>\n\n\n\n<ul class=\"wp-block-list\">\n<li>Ideal f\u00fcr die Handhabung von Materialien mit geringer Dichte<\/li>\n\n\n\n<li>Strenx 700mc Seiten aus hochfestem Stahl<\/li>\n\n\n\n<li>6mm Schale  <\/li>\n\n\n\n<li>Integrierte gerollte Seitenw\u00e4nde unterst\u00fctzen den Pflanzenschutz<\/li>\n\n\n\n<li>Gewalzter Innenk\u00f6rper f\u00fcr Materialaustrag<\/li>\n\n\n\n<li>HB500 Bor-w\u00e4rmebehandelte Schneide<\/li>\n\n\n\n<li>HB500 Bor-Verschlei\u00dfpads<\/li>\n\n\n\n<li>Vollst\u00e4ndig umwickelte Halterungen<\/li>\n\n\n\n<li>Vollst\u00e4ndig umwickelte Schaufelhalterungen verteilen die Lasten gleichm\u00e4\u00dfig<\/li>\n\n\n\n<li>Gew\u00f6lbte\/gebogene Seiten bei gr\u00f6\u00dferen Modellen*<\/li>\n\n\n\n<li>Optionale Schraube an umkehrbarer Schneide<\/li>\n<\/ul>\n\n\n\n<div class=\"wp-block-columns is-layout-flex wp-container-core-columns-is-layout-28f84493 wp-block-columns-is-layout-flex\">\n<div class=\"wp-block-column is-layout-flow wp-block-column-is-layout-flow\" style=\"flex-basis:100%\">\n<figure class=\"wp-block-image size-medium is-resized\"><img loading=\"lazy\" decoding=\"async\" width=\"800\" height=\"135\" src=\"https:\/\/www.whitesmh.co.uk\/wp-content\/uploads\/MIB-AGX-800x135.jpg\" alt=\"\" class=\"wp-image-1173\" style=\"width:268px;height:auto\" srcset=\"https:\/\/www.whitesmh.co.uk\/wp-content\/uploads\/MIB-AGX-800x135.jpg 800w, https:\/\/www.whitesmh.co.uk\/wp-content\/uploads\/MIB-AGX-600x101.jpg 600w, https:\/\/www.whitesmh.co.uk\/wp-content\/uploads\/MIB-AGX-768x129.jpg 768w, https:\/\/www.whitesmh.co.uk\/wp-content\/uploads\/MIB-AGX.jpg 1046w\" sizes=\"auto, (max-width: 800px) 100vw, 800px\" \/><\/figure>\n<\/div>\n<\/div>\n\n\n\n<div class=\"wp-block-buttons is-layout-flex wp-block-buttons-is-layout-flex\">\n<div class=\"wp-block-button\"><a class=\"wp-block-button__link wp-element-button\" href=\"https:\/\/www.whitesmh.co.uk\/contact\/\">KONTAKTIEREN SIE UNS<\/a><\/div>\n\n\n\n<div class=\"wp-block-button\"><a class=\"wp-block-button__link wp-element-button\" href=\"https:\/\/www.whitesmh.co.uk\/support\/buckets-product-support\/\">PRODUKT-SUPPORT<\/a><\/div>\n\n\n\n<div class=\"wp-block-button\"><a class=\"wp-block-button__link wp-element-button\" href=\"https:\/\/www.whitesmh.co.uk\/wp-content\/uploads\/WMH-Data-Sheet-Agri-Buckets.pptx\" target=\"_blank\" rel=\"noreferrer noopener\">DATENBLATT<\/a><\/div>\n<\/div>\n<\/div>\n<\/div>\n\n<div class=\"wp-block-group has-primary-background-color has-background is-layout-flow wp-block-group-is-layout-flow\" style=\"margin-top:30px;margin-bottom:30px;padding-top:var(--wp--preset--spacing--40);padding-right:var(--wp--preset--spacing--40);padding-bottom:var(--wp--preset--spacing--40);padding-left:var(--wp--preset--spacing--40)\">\n<h3 class=\"wp-block-heading\">MODELLE<\/h3>\n<\/div>\n\n<figure class=\"wp-block-table\"><table><tbody><tr><td class=\"has-text-align-center\" data-align=\"center\"><strong>Modell<\/strong><\/td><td class=\"has-text-align-center\" data-align=\"center\"><strong>Breite (mm)<\/strong><\/td><td class=\"has-text-align-center\" data-align=\"center\"><strong>Breite (ft)<\/strong><\/td><td class=\"has-text-align-center\" data-align=\"center\"><strong>Fassungsverm\u00f6gen<\/strong><\/td><\/tr><tr><td class=\"has-text-align-center\" data-align=\"center\">Nr. A1576<\/td><td class=\"has-text-align-center\" data-align=\"center\">2290mm<\/td><td class=\"has-text-align-center\" data-align=\"center\">7&#8217;6&#8220;<\/td><td class=\"has-text-align-center\" data-align=\"center\">1,50 m3<\/td><\/tr><tr><td class=\"has-text-align-center\" data-align=\"center\">Nr. A1776<\/td><td class=\"has-text-align-center\" data-align=\"center\">2290mm<\/td><td class=\"has-text-align-center\" data-align=\"center\">7&#8217;6&#8220;<\/td><td class=\"has-text-align-center\" data-align=\"center\">1,70 m3<\/td><\/tr><tr><td class=\"has-text-align-center\" data-align=\"center\">Nr. A2076<\/td><td class=\"has-text-align-center\" data-align=\"center\">2290mm<\/td><td class=\"has-text-align-center\" data-align=\"center\">7&#8217;6&#8220;<\/td><td class=\"has-text-align-center\" data-align=\"center\">2,00 m3<\/td><\/tr><tr><td class=\"has-text-align-center\" data-align=\"center\">Nr. A1580<\/td><td class=\"has-text-align-center\" data-align=\"center\">2450mm<\/td><td class=\"has-text-align-center\" data-align=\"center\">8&#8242;<\/td><td class=\"has-text-align-center\" data-align=\"center\">1,50 m3<\/td><\/tr><tr><td class=\"has-text-align-center\" data-align=\"center\">Nr. A1780<\/td><td class=\"has-text-align-center\" data-align=\"center\">2450mm<\/td><td class=\"has-text-align-center\" data-align=\"center\">8&#8242;<\/td><td class=\"has-text-align-center\" data-align=\"center\">1,70 m3<\/td><\/tr><tr><td class=\"has-text-align-center\" data-align=\"center\">Nr. A2080<\/td><td class=\"has-text-align-center\" data-align=\"center\">2450mm<\/td><td class=\"has-text-align-center\" data-align=\"center\">8&#8242;<\/td><td class=\"has-text-align-center\" data-align=\"center\">2,00 m3<\/td><\/tr><tr><td class=\"has-text-align-center\" data-align=\"center\">Nr. A2580<\/td><td class=\"has-text-align-center\" data-align=\"center\">2450mm<\/td><td class=\"has-text-align-center\" data-align=\"center\">8&#8242;<\/td><td class=\"has-text-align-center\" data-align=\"center\">2,50 m3<\/td><\/tr><tr><td class=\"has-text-align-center\" data-align=\"center\">A3080<\/td><td class=\"has-text-align-center\" data-align=\"center\">2450mm<\/td><td class=\"has-text-align-center\" data-align=\"center\">8&#8242;<\/td><td class=\"has-text-align-center\" data-align=\"center\">3,00 m3<\/td><\/tr><tr><td class=\"has-text-align-center\" data-align=\"center\">A3580*<\/td><td class=\"has-text-align-center\" data-align=\"center\">2450mm<\/td><td class=\"has-text-align-center\" data-align=\"center\">8&#8242;<\/td><td class=\"has-text-align-center\" data-align=\"center\">3,50 m3<\/td><\/tr><tr><td class=\"has-text-align-center\" data-align=\"center\">Nr. A4080*<\/td><td class=\"has-text-align-center\" data-align=\"center\">2450mm<\/td><td class=\"has-text-align-center\" data-align=\"center\">8&#8242;<\/td><td class=\"has-text-align-center\" data-align=\"center\">4,00 m3<\/td><\/tr><\/tbody><\/table><\/figure>\n\n<div class=\"wp-block-group is-layout-flow wp-block-group-is-layout-flow\">\n<div class=\"wp-block-group has-primary-background-color has-background is-layout-flow wp-block-group-is-layout-flow\" style=\"margin-top:30px;margin-bottom:30px;padding-top:var(--wp--preset--spacing--40);padding-right:var(--wp--preset--spacing--40);padding-bottom:var(--wp--preset--spacing--40);padding-left:var(--wp--preset--spacing--40)\">\n<h3 class=\"wp-block-heading\">GALERIE<\/h3>\n<\/div>\n\n\n\n<figure class=\"wp-block-gallery has-nested-images columns-4 is-cropped wp-block-gallery-1 is-layout-flex wp-block-gallery-is-layout-flex\">\n<figure class=\"wp-block-image size-thumbnail\"><a href=\"https:\/\/www.whitesmh.co.uk\/wp-content\/uploads\/IMG_1280-scaled.jpg\"><img loading=\"lazy\" decoding=\"async\" width=\"400\" height=\"400\" data-id=\"1154\" src=\"https:\/\/www.whitesmh.co.uk\/wp-content\/uploads\/IMG_1280-400x400.jpg\" alt=\"\" class=\"wp-image-1154\" srcset=\"https:\/\/www.whitesmh.co.uk\/wp-content\/uploads\/IMG_1280-400x400.jpg 400w, https:\/\/www.whitesmh.co.uk\/wp-content\/uploads\/IMG_1280-scaled-300x300.jpg 300w, https:\/\/www.whitesmh.co.uk\/wp-content\/uploads\/IMG_1280-scaled-100x100.jpg 100w\" sizes=\"auto, (max-width: 400px) 100vw, 400px\" \/><\/a><\/figure>\n\n\n\n<figure class=\"wp-block-image size-thumbnail\"><a href=\"https:\/\/www.whitesmh.co.uk\/wp-content\/uploads\/IMG_2040-scaled.jpeg\"><img loading=\"lazy\" decoding=\"async\" width=\"400\" height=\"400\" data-id=\"1147\" src=\"https:\/\/www.whitesmh.co.uk\/wp-content\/uploads\/IMG_2040-400x400.jpeg\" alt=\"\" class=\"wp-image-1147\" srcset=\"https:\/\/www.whitesmh.co.uk\/wp-content\/uploads\/IMG_2040-400x400.jpeg 400w, https:\/\/www.whitesmh.co.uk\/wp-content\/uploads\/IMG_2040-scaled-300x300.jpeg 300w, https:\/\/www.whitesmh.co.uk\/wp-content\/uploads\/IMG_2040-scaled-100x100.jpeg 100w\" sizes=\"auto, (max-width: 400px) 100vw, 400px\" \/><\/a><\/figure>\n\n\n\n<figure class=\"wp-block-image size-thumbnail\"><a href=\"https:\/\/www.whitesmh.co.uk\/wp-content\/uploads\/IMG_2110-scaled.jpeg\"><img loading=\"lazy\" decoding=\"async\" width=\"400\" height=\"400\" data-id=\"1152\" src=\"https:\/\/www.whitesmh.co.uk\/wp-content\/uploads\/IMG_2110-400x400.jpeg\" alt=\"\" class=\"wp-image-1152\" srcset=\"https:\/\/www.whitesmh.co.uk\/wp-content\/uploads\/IMG_2110-400x400.jpeg 400w, https:\/\/www.whitesmh.co.uk\/wp-content\/uploads\/IMG_2110-scaled-300x300.jpeg 300w, https:\/\/www.whitesmh.co.uk\/wp-content\/uploads\/IMG_2110-scaled-100x100.jpeg 100w\" sizes=\"auto, (max-width: 400px) 100vw, 400px\" \/><\/a><\/figure>\n\n\n\n<figure class=\"wp-block-image size-thumbnail\"><a href=\"https:\/\/www.whitesmh.co.uk\/wp-content\/uploads\/IMG_2038-scaled.jpeg\"><img loading=\"lazy\" decoding=\"async\" width=\"400\" height=\"400\" data-id=\"1149\" src=\"https:\/\/www.whitesmh.co.uk\/wp-content\/uploads\/IMG_2038-400x400.jpeg\" alt=\"\" class=\"wp-image-1149\" srcset=\"https:\/\/www.whitesmh.co.uk\/wp-content\/uploads\/IMG_2038-400x400.jpeg 400w, https:\/\/www.whitesmh.co.uk\/wp-content\/uploads\/IMG_2038-scaled-300x300.jpeg 300w, https:\/\/www.whitesmh.co.uk\/wp-content\/uploads\/IMG_2038-scaled-100x100.jpeg 100w\" sizes=\"auto, (max-width: 400px) 100vw, 400px\" \/><\/a><\/figure>\n\n\n\n<figure class=\"wp-block-image size-thumbnail\"><a href=\"https:\/\/www.whitesmh.co.uk\/wp-content\/uploads\/IMG_2043-scaled.jpeg\"><img loading=\"lazy\" decoding=\"async\" width=\"400\" height=\"400\" data-id=\"1148\" src=\"https:\/\/www.whitesmh.co.uk\/wp-content\/uploads\/IMG_2043-400x400.jpeg\" alt=\"\" class=\"wp-image-1148\" srcset=\"https:\/\/www.whitesmh.co.uk\/wp-content\/uploads\/IMG_2043-400x400.jpeg 400w, https:\/\/www.whitesmh.co.uk\/wp-content\/uploads\/IMG_2043-scaled-300x300.jpeg 300w, https:\/\/www.whitesmh.co.uk\/wp-content\/uploads\/IMG_2043-scaled-100x100.jpeg 100w\" sizes=\"auto, (max-width: 400px) 100vw, 400px\" \/><\/a><\/figure>\n\n\n\n<figure class=\"wp-block-image size-thumbnail\"><a href=\"https:\/\/www.whitesmh.co.uk\/wp-content\/uploads\/IMG_2039-scaled.jpeg\"><img loading=\"lazy\" decoding=\"async\" width=\"400\" height=\"400\" data-id=\"1155\" src=\"https:\/\/www.whitesmh.co.uk\/wp-content\/uploads\/IMG_2039-400x400.jpeg\" alt=\"\" class=\"wp-image-1155\" srcset=\"https:\/\/www.whitesmh.co.uk\/wp-content\/uploads\/IMG_2039-400x400.jpeg 400w, https:\/\/www.whitesmh.co.uk\/wp-content\/uploads\/IMG_2039-scaled-300x300.jpeg 300w, https:\/\/www.whitesmh.co.uk\/wp-content\/uploads\/IMG_2039-scaled-100x100.jpeg 100w\" sizes=\"auto, (max-width: 400px) 100vw, 400px\" \/><\/a><\/figure>\n\n\n\n<figure class=\"wp-block-image size-thumbnail\"><a href=\"https:\/\/www.whitesmh.co.uk\/wp-content\/uploads\/IMG_2035-scaled.jpeg\"><img loading=\"lazy\" decoding=\"async\" width=\"400\" height=\"400\" data-id=\"1151\" src=\"https:\/\/www.whitesmh.co.uk\/wp-content\/uploads\/IMG_2035-400x400.jpeg\" alt=\"\" class=\"wp-image-1151\" srcset=\"https:\/\/www.whitesmh.co.uk\/wp-content\/uploads\/IMG_2035-400x400.jpeg 400w, https:\/\/www.whitesmh.co.uk\/wp-content\/uploads\/IMG_2035-scaled-300x300.jpeg 300w, https:\/\/www.whitesmh.co.uk\/wp-content\/uploads\/IMG_2035-scaled-100x100.jpeg 100w\" sizes=\"auto, (max-width: 400px) 100vw, 400px\" \/><\/a><\/figure>\n\n\n\n<figure class=\"wp-block-image size-thumbnail\"><a href=\"https:\/\/www.whitesmh.co.uk\/wp-content\/uploads\/AE3080-JCB-Q-Fit-1.jpeg\"><img loading=\"lazy\" decoding=\"async\" width=\"400\" height=\"400\" data-id=\"1153\" src=\"https:\/\/www.whitesmh.co.uk\/wp-content\/uploads\/AE3080-JCB-Q-Fit-1-400x400.jpeg\" alt=\"\" class=\"wp-image-1153\" srcset=\"https:\/\/www.whitesmh.co.uk\/wp-content\/uploads\/AE3080-JCB-Q-Fit-1-400x400.jpeg 400w, https:\/\/www.whitesmh.co.uk\/wp-content\/uploads\/AE3080-JCB-Q-Fit-1-300x300.jpeg 300w, https:\/\/www.whitesmh.co.uk\/wp-content\/uploads\/AE3080-JCB-Q-Fit-1-100x100.jpeg 100w\" sizes=\"auto, (max-width: 400px) 100vw, 400px\" \/><\/a><\/figure>\n<\/figure>\n<\/div>\n\n<div class=\"wp-block-group has-primary-background-color has-background is-layout-flow wp-block-group-is-layout-flow\" style=\"margin-top:30px;margin-bottom:30px;padding-top:var(--wp--preset--spacing--40);padding-right:var(--wp--preset--spacing--40);padding-bottom:var(--wp--preset--spacing--40);padding-left:var(--wp--preset--spacing--40)\">\n<h3 class=\"wp-block-heading\">SONDERAUSSTATTUNGEN<\/h3>\n<\/div>\n\n<figure class=\"wp-block-table\"><table><tbody><tr><td class=\"has-text-align-center\" data-align=\"center\"><strong>Teilenummer<\/strong><\/td><td class=\"has-text-align-center\" data-align=\"center\"><strong>Beschreibung<\/strong><\/td><\/tr><tr><td class=\"has-text-align-center\" data-align=\"center\">-SG<\/td><td class=\"has-text-align-center\" data-align=\"center\">\u00dcberlaufschutz \u00fcber die gesamte Breite<\/td><\/tr><tr><td class=\"has-text-align-center\" data-align=\"center\">-DB<\/td><td class=\"has-text-align-center\" data-align=\"center\">Verschraubte Wende-Zehenplatte<\/td><\/tr><\/tbody><\/table><\/figure>\n\n<p><\/p>\n\n<div class=\"wp-block-group is-layout-constrained wp-block-group-is-layout-constrained\">\n<figure class=\"wp-block-gallery alignfull has-nested-images columns-4 is-cropped wp-block-gallery-2 is-layout-flex wp-block-gallery-is-layout-flex\">\n<figure class=\"wp-block-image size-thumbnail\"><a href=\"https:\/\/www.whitesmh.co.uk\/wp-content\/uploads\/Untitled-5.jpg\"><img loading=\"lazy\" decoding=\"async\" width=\"400\" height=\"400\" data-id=\"2700\" src=\"https:\/\/www.whitesmh.co.uk\/wp-content\/uploads\/Untitled-5-400x400.jpg\" alt=\"\" class=\"wp-image-2700\" srcset=\"https:\/\/www.whitesmh.co.uk\/wp-content\/uploads\/Untitled-5-400x400.jpg 400w, https:\/\/www.whitesmh.co.uk\/wp-content\/uploads\/Untitled-5-300x300.jpg 300w, https:\/\/www.whitesmh.co.uk\/wp-content\/uploads\/Untitled-5-100x100.jpg 100w\" sizes=\"auto, (max-width: 400px) 100vw, 400px\" \/><\/a><figcaption class=\"wp-element-caption\">\u00dcberlaufschutz<\/figcaption><\/figure>\n\n\n\n<figure class=\"wp-block-image size-thumbnail\"><a href=\"https:\/\/www.whitesmh.co.uk\/wp-content\/uploads\/b72da933-ca1f-4934-86de-db22fe6e57e8.jpg\"><img loading=\"lazy\" decoding=\"async\" width=\"400\" height=\"400\" data-id=\"2701\" src=\"https:\/\/www.whitesmh.co.uk\/wp-content\/uploads\/b72da933-ca1f-4934-86de-db22fe6e57e8-400x400.jpg\" alt=\"\" class=\"wp-image-2701\" srcset=\"https:\/\/www.whitesmh.co.uk\/wp-content\/uploads\/b72da933-ca1f-4934-86de-db22fe6e57e8-400x400.jpg 400w, https:\/\/www.whitesmh.co.uk\/wp-content\/uploads\/b72da933-ca1f-4934-86de-db22fe6e57e8-300x300.jpg 300w, https:\/\/www.whitesmh.co.uk\/wp-content\/uploads\/b72da933-ca1f-4934-86de-db22fe6e57e8-100x100.jpg 100w\" sizes=\"auto, (max-width: 400px) 100vw, 400px\" \/><\/a><figcaption class=\"wp-element-caption\">Kundenspezifischer \u00dcberlaufschutz<\/figcaption><\/figure>\n\n\n\n<figure class=\"wp-block-image size-thumbnail\"><a href=\"https:\/\/www.whitesmh.co.uk\/wp-content\/uploads\/IMG_8957-scaled.jpeg\"><img loading=\"lazy\" decoding=\"async\" width=\"400\" height=\"400\" data-id=\"2699\" src=\"https:\/\/www.whitesmh.co.uk\/wp-content\/uploads\/IMG_8957-400x400.jpeg\" alt=\"\" class=\"wp-image-2699\" srcset=\"https:\/\/www.whitesmh.co.uk\/wp-content\/uploads\/IMG_8957-400x400.jpeg 400w, https:\/\/www.whitesmh.co.uk\/wp-content\/uploads\/IMG_8957-scaled-300x300.jpeg 300w, https:\/\/www.whitesmh.co.uk\/wp-content\/uploads\/IMG_8957-scaled-100x100.jpeg 100w\" sizes=\"auto, (max-width: 400px) 100vw, 400px\" \/><\/a><figcaption class=\"wp-element-caption\">Anschraubbare Wendeplatte  <\/figcaption><\/figure>\n\n\n\n<figure class=\"wp-block-image size-thumbnail\"><a href=\"https:\/\/www.whitesmh.co.uk\/wp-content\/uploads\/1680632231066.jpeg\"><img loading=\"lazy\" decoding=\"async\" width=\"400\" height=\"400\" data-id=\"2695\" src=\"https:\/\/www.whitesmh.co.uk\/wp-content\/uploads\/1680632231066-400x400.jpeg\" alt=\"\" class=\"wp-image-2695\" srcset=\"https:\/\/www.whitesmh.co.uk\/wp-content\/uploads\/1680632231066-400x400.jpeg 400w, https:\/\/www.whitesmh.co.uk\/wp-content\/uploads\/1680632231066-300x300.jpeg 300w, https:\/\/www.whitesmh.co.uk\/wp-content\/uploads\/1680632231066-100x100.jpeg 100w\" sizes=\"auto, (max-width: 400px) 100vw, 400px\" \/><\/a><figcaption class=\"wp-element-caption\">Anschraubbare reversible Zehenplatte<\/figcaption><\/figure>\n<\/figure>\n<\/div>\n\n<div class=\"wp-block-group has-primary-background-color has-background is-layout-flow wp-block-group-is-layout-flow\" style=\"margin-top:30px;margin-bottom:30px;padding-top:var(--wp--preset--spacing--40);padding-right:var(--wp--preset--spacing--40);padding-bottom:var(--wp--preset--spacing--40);padding-left:var(--wp--preset--spacing--40)\">\n<h3 class=\"wp-block-heading\">VIDEOS<\/h3>\n<\/div>\n\n<figure class=\"wp-block-embed is-type-video is-provider-youtube wp-block-embed-youtube wp-embed-aspect-16-9 wp-has-aspect-ratio\"><div class=\"wp-block-embed__wrapper\">\n<iframe loading=\"lazy\" title=\"Whites Material Handling - Agricultural Buckets\" width=\"800\" height=\"450\" src=\"https:\/\/www.youtube.com\/embed\/QzcfxT3JTto?feature=oembed\" frameborder=\"0\" allow=\"accelerometer; autoplay; clipboard-write; encrypted-media; gyroscope; picture-in-picture; web-share\" referrerpolicy=\"strict-origin-when-cross-origin\" allowfullscreen><\/iframe>\n<\/div><\/figure>\n","protected":false},"excerpt":{"rendered":"<p>AG-X Getreide- \/ UMSCHLAGSCHAUFELN Die WHITES AG-X-Schaufeln zeichnen sich als echter Marktf\u00fchrer in Bezug auf Spezifikation und Verarbeitungsqualit\u00e4t aus. Wir fordern die Industrie auf, unsere Spezifikation mit allen anderen verf\u00fcgbaren Spezifikationen zu vergleichen. MODELLE Modell Breite (mm) Breite (ft) Fassungsverm\u00f6gen Nr. A1576 2290mm 7&#8217;6&#8220; 1,50 m3 Nr. A1776 2290mm 7&#8217;6&#8220; 1,70 m3 Nr. A2076 2290mm&hellip;<\/p>\n","protected":false},"featured_media":5225,"template":"","meta":{"_acf_changed":false},"product_brand":[],"product_cat":[311],"product_tag":[],"class_list":{"2":"type-product","7":"product","8":"first","9":"instock","10":"taxable","11":"shipping-taxable","12":"product-type-simple"},"acf":[],"_links":{"self":[{"href":"https:\/\/www.whitesmh.co.uk\/de\/wp-json\/wp\/v2\/product\/5211","targetHints":{"allow":["GET"]}}],"collection":[{"href":"https:\/\/www.whitesmh.co.uk\/de\/wp-json\/wp\/v2\/product"}],"about":[{"href":"https:\/\/www.whitesmh.co.uk\/de\/wp-json\/wp\/v2\/types\/product"}],"wp:featuredmedia":[{"embeddable":true,"href":"https:\/\/www.whitesmh.co.uk\/de\/wp-json\/wp\/v2\/media\/5225"}],"wp:attachment":[{"href":"https:\/\/www.whitesmh.co.uk\/de\/wp-json\/wp\/v2\/media?parent=5211"}],"wp:term":[{"taxonomy":"product_brand","embeddable":true,"href":"https:\/\/www.whitesmh.co.uk\/de\/wp-json\/wp\/v2\/product_brand?post=5211"},{"taxonomy":"product_cat","embeddable":true,"href":"https:\/\/www.whitesmh.co.uk\/de\/wp-json\/wp\/v2\/product_cat?post=5211"},{"taxonomy":"product_tag","embeddable":true,"href":"https:\/\/www.whitesmh.co.uk\/de\/wp-json\/wp\/v2\/product_tag?post=5211"}],"curies":[{"name":"wp","href":"https:\/\/api.w.org\/{rel}","templated":true}]}}