{"id":5166,"date":"2023-11-21T08:20:09","date_gmt":"2023-11-21T08:20:09","guid":{"rendered":"https:\/\/www.whitesmh.co.uk\/products\/ag-x-seitlicher-pressballengreifer\/"},"modified":"2024-11-19T12:10:39","modified_gmt":"2024-11-19T12:10:39","slug":"ag-x-seitlicher-pressballengreifer","status":"publish","type":"product","link":"https:\/\/www.whitesmh.co.uk\/de\/produkt\/ag-x-seitlicher-pressballengreifer\/","title":{"rendered":"AG-X seitlicher Pressballengreifer"},"content":{"rendered":"\n<div class=\"wp-block-columns is-layout-flex wp-container-core-columns-is-layout-28f84493 wp-block-columns-is-layout-flex\">\n<div class=\"wp-block-column is-layout-flow wp-block-column-is-layout-flow\">\n<h2 class=\"wp-block-heading\" style=\"text-transform:uppercase\">AG-X SEITLICHE QUETSCH-BALLENZANGE<\/h2>\n\n\n\n<p>Die WHITES AG-X Seitenpress-Ballenzange ist f\u00fcr runde und quadratisch gewickelte Ballen geeignet. Ein zweiter Ballenrahmen ist serienm\u00e4\u00dfig eingebaut.  <\/p>\n\n\n\n<ul class=\"wp-block-list\">\n<li>Geeignet f\u00fcr Teleskoplader oder Traktorlader<\/li>\n\n\n\n<li>Geeignet f\u00fcr das Handling und Stapeln von Quader- und Rundballen<\/li>\n\n\n\n<li>Drehen Sie die Ballen an ihrem Ende in einen &#8222;Wannenstapel&#8220;<\/li>\n\n\n\n<li>Rundrohrarme sch\u00fctzen Ballenwicklung<\/li>\n\n\n\n<li>\u00d6ffnet bis 2144 mm<\/li>\n\n\n\n<li>Schlie\u00dft bis 744 mm<\/li>\n\n\n\n<li>Zweiter Ballen\u00fcberlaufschutz<\/li>\n\n\n\n<li>Hochwertige Drehzapfen f\u00fcr maximale Lebensdauer<\/li>\n\n\n\n<li>Hochleistungszylinder und R\u00fcckschlagventil<\/li>\n\n\n\n<li>Hochwertige WHITES-Lackierung<\/li>\n\n\n\n<li>Optionale Halterungen zum Anschrauben<\/li>\n<\/ul>\n\n\n\n<div class=\"wp-block-columns is-layout-flex wp-container-core-columns-is-layout-28f84493 wp-block-columns-is-layout-flex\">\n<div class=\"wp-block-column is-layout-flow wp-block-column-is-layout-flow\" style=\"flex-basis:100%\">\n<figure class=\"wp-block-image size-medium is-resized\"><img loading=\"lazy\" decoding=\"async\" width=\"800\" height=\"135\" src=\"https:\/\/www.whitesmh.co.uk\/wp-content\/uploads\/MIB-AGX-800x135.jpg\" alt=\"\" class=\"wp-image-1173\" style=\"width:268px;height:auto\" srcset=\"https:\/\/www.whitesmh.co.uk\/wp-content\/uploads\/MIB-AGX-800x135.jpg 800w, https:\/\/www.whitesmh.co.uk\/wp-content\/uploads\/MIB-AGX-600x101.jpg 600w, https:\/\/www.whitesmh.co.uk\/wp-content\/uploads\/MIB-AGX-768x129.jpg 768w, https:\/\/www.whitesmh.co.uk\/wp-content\/uploads\/MIB-AGX.jpg 1046w\" sizes=\"auto, (max-width: 800px) 100vw, 800px\" \/><\/figure>\n<\/div>\n<\/div>\n\n\n\n<div class=\"wp-block-buttons is-layout-flex wp-block-buttons-is-layout-flex\">\n<div class=\"wp-block-button\"><a class=\"wp-block-button__link wp-element-button\" href=\"https:\/\/www.whitesmh.co.uk\/de\/kontakt\/\">KONTAKTIEREN SIE UNS<\/a><\/div>\n\n\n\n<div class=\"wp-block-button\"><a class=\"wp-block-button__link wp-element-button\" href=\"https:\/\/www.whitesmh.co.uk\/de\/produkt-support\/\">PRODUKT-SUPPORT<\/a><\/div>\n\n\n\n<div class=\"wp-block-button\"><a class=\"wp-block-button__link wp-element-button\" href=\"https:\/\/www.whitesmh.co.uk\/wp-content\/uploads\/WMH-Data-Sheet-Side-Squeeze-Bale-Handler.pptx\" target=\"_blank\" rel=\"noreferrer noopener\">DATENBLATT<\/a><\/div>\n<\/div>\n<\/div>\n\n\n\n<div class=\"wp-block-column is-vertically-aligned-center is-layout-flow wp-block-column-is-layout-flow\">\n<figure class=\"wp-block-image size-full\"><img loading=\"lazy\" decoding=\"async\" width=\"1092\" height=\"1108\" src=\"https:\/\/www.whitesmh.co.uk\/wp-content\/uploads\/Side-Squeeze-On-Manitou-Cropped.jpg\" alt=\"\" class=\"wp-image-9510\" srcset=\"https:\/\/www.whitesmh.co.uk\/wp-content\/uploads\/Side-Squeeze-On-Manitou-Cropped.jpg 1092w, https:\/\/www.whitesmh.co.uk\/wp-content\/uploads\/Side-Squeeze-On-Manitou-Cropped-100x100.jpg 100w, https:\/\/www.whitesmh.co.uk\/wp-content\/uploads\/Side-Squeeze-On-Manitou-Cropped-600x609.jpg 600w, https:\/\/www.whitesmh.co.uk\/wp-content\/uploads\/Side-Squeeze-On-Manitou-Cropped-788x800.jpg 788w, https:\/\/www.whitesmh.co.uk\/wp-content\/uploads\/Side-Squeeze-On-Manitou-Cropped-768x779.jpg 768w\" sizes=\"auto, (max-width: 800px) 100vw, 800px\" \/><\/figure>\n<\/div>\n<\/div>\n\n<div class=\"wp-block-group has-primary-background-color has-background is-layout-flow wp-block-group-is-layout-flow\" style=\"margin-top:30px;margin-bottom:30px;padding-top:var(--wp--preset--spacing--40);padding-right:var(--wp--preset--spacing--40);padding-bottom:var(--wp--preset--spacing--40);padding-left:var(--wp--preset--spacing--40)\">\n<h3 class=\"wp-block-heading\">MODELLE<\/h3>\n<\/div>\n\n<figure class=\"wp-block-table\"><table><tbody><tr><td class=\"has-text-align-center\" data-align=\"center\"><strong>Modell<\/strong><\/td><td class=\"has-text-align-center\" data-align=\"center\"><strong>Offene Breite (mm)<\/strong><\/td><td class=\"has-text-align-center\" data-align=\"center\"><strong>Geschlossene Breite (mm)<\/strong><\/td><td class=\"has-text-align-center\" data-align=\"center\"><strong>Griffe  <\/strong><\/td><td class=\"has-text-align-center\" data-align=\"center\"><strong>Weight<\/strong><\/td><td class=\"has-text-align-center\" data-align=\"center\"><strong>Capacity (KG)<\/strong><\/td><\/tr><tr><td class=\"has-text-align-center\" data-align=\"center\">SSB-CCL<\/td><td class=\"has-text-align-center\" data-align=\"center\">2144mm<\/td><td class=\"has-text-align-center\" data-align=\"center\">744mm<\/td><td class=\"has-text-align-center\" data-align=\"center\">1 x Rund \/ 2 x Quadratisch<\/td><td class=\"has-text-align-center\" data-align=\"center\">309KG<\/td><td class=\"has-text-align-center\" data-align=\"center\">1500KG<\/td><\/tr><\/tbody><\/table><\/figure>\n\n<div class=\"wp-block-group is-layout-flow wp-block-group-is-layout-flow\">\n<div class=\"wp-block-group has-primary-background-color has-background is-layout-flow wp-block-group-is-layout-flow\" style=\"margin-top:30px;margin-bottom:30px;padding-top:var(--wp--preset--spacing--40);padding-right:var(--wp--preset--spacing--40);padding-bottom:var(--wp--preset--spacing--40);padding-left:var(--wp--preset--spacing--40)\">\n<h3 class=\"wp-block-heading\">GALERIE<\/h3>\n<\/div>\n\n\n\n<figure class=\"wp-block-gallery has-nested-images columns-4 is-cropped wp-block-gallery-1 is-layout-flex wp-block-gallery-is-layout-flex\">\n<figure class=\"wp-block-image size-thumbnail\"><a href=\"https:\/\/www.whitesmh.co.uk\/wp-content\/uploads\/Side-Squeeze-On-Manitou.jpg\"><img loading=\"lazy\" decoding=\"async\" width=\"400\" height=\"400\" data-id=\"9504\" src=\"https:\/\/www.whitesmh.co.uk\/wp-content\/uploads\/Side-Squeeze-On-Manitou-400x400.jpg\" alt=\"\" class=\"wp-image-9504\" srcset=\"https:\/\/www.whitesmh.co.uk\/wp-content\/uploads\/Side-Squeeze-On-Manitou-400x400.jpg 400w, https:\/\/www.whitesmh.co.uk\/wp-content\/uploads\/Side-Squeeze-On-Manitou-300x300.jpg 300w, https:\/\/www.whitesmh.co.uk\/wp-content\/uploads\/Side-Squeeze-On-Manitou-100x100.jpg 100w\" sizes=\"auto, (max-width: 400px) 100vw, 400px\" \/><\/a><\/figure>\n\n\n\n<figure class=\"wp-block-image size-thumbnail\"><a href=\"https:\/\/www.whitesmh.co.uk\/wp-content\/uploads\/Side-Squeeze-Head-On.jpg\"><img loading=\"lazy\" decoding=\"async\" width=\"400\" height=\"400\" data-id=\"9515\" src=\"https:\/\/www.whitesmh.co.uk\/wp-content\/uploads\/Side-Squeeze-Head-On-400x400.jpg\" alt=\"\" class=\"wp-image-9515\" srcset=\"https:\/\/www.whitesmh.co.uk\/wp-content\/uploads\/Side-Squeeze-Head-On-400x400.jpg 400w, https:\/\/www.whitesmh.co.uk\/wp-content\/uploads\/Side-Squeeze-Head-On-300x300.jpg 300w, https:\/\/www.whitesmh.co.uk\/wp-content\/uploads\/Side-Squeeze-Head-On-100x100.jpg 100w\" sizes=\"auto, (max-width: 400px) 100vw, 400px\" \/><\/a><\/figure>\n\n\n\n<figure class=\"wp-block-image size-thumbnail\"><a href=\"https:\/\/www.whitesmh.co.uk\/wp-content\/uploads\/Side-Squeeze-Open.jpg\"><img loading=\"lazy\" decoding=\"async\" width=\"400\" height=\"400\" data-id=\"9520\" src=\"https:\/\/www.whitesmh.co.uk\/wp-content\/uploads\/Side-Squeeze-Open-400x400.jpg\" alt=\"\" class=\"wp-image-9520\" srcset=\"https:\/\/www.whitesmh.co.uk\/wp-content\/uploads\/Side-Squeeze-Open-400x400.jpg 400w, https:\/\/www.whitesmh.co.uk\/wp-content\/uploads\/Side-Squeeze-Open-300x300.jpg 300w, https:\/\/www.whitesmh.co.uk\/wp-content\/uploads\/Side-Squeeze-Open-100x100.jpg 100w\" sizes=\"auto, (max-width: 400px) 100vw, 400px\" \/><\/a><\/figure>\n\n\n\n<figure class=\"wp-block-image size-thumbnail\"><a href=\"https:\/\/www.whitesmh.co.uk\/wp-content\/uploads\/Side-Squeeze-Holding-Bale.jpg\"><img loading=\"lazy\" decoding=\"async\" width=\"400\" height=\"400\" data-id=\"9525\" src=\"https:\/\/www.whitesmh.co.uk\/wp-content\/uploads\/Side-Squeeze-Holding-Bale-400x400.jpg\" alt=\"\" class=\"wp-image-9525\" srcset=\"https:\/\/www.whitesmh.co.uk\/wp-content\/uploads\/Side-Squeeze-Holding-Bale-400x400.jpg 400w, https:\/\/www.whitesmh.co.uk\/wp-content\/uploads\/Side-Squeeze-Holding-Bale-300x300.jpg 300w, https:\/\/www.whitesmh.co.uk\/wp-content\/uploads\/Side-Squeeze-Holding-Bale-100x100.jpg 100w\" sizes=\"auto, (max-width: 400px) 100vw, 400px\" \/><\/a><\/figure>\n\n\n\n<figure class=\"wp-block-image size-thumbnail\"><a href=\"https:\/\/www.whitesmh.co.uk\/wp-content\/uploads\/IMG_1771-scaled.jpg\"><img loading=\"lazy\" decoding=\"async\" width=\"400\" height=\"400\" data-id=\"1341\" src=\"https:\/\/www.whitesmh.co.uk\/wp-content\/uploads\/IMG_1771-400x400.jpg\" alt=\"\" class=\"wp-image-1341\" srcset=\"https:\/\/www.whitesmh.co.uk\/wp-content\/uploads\/IMG_1771-400x400.jpg 400w, https:\/\/www.whitesmh.co.uk\/wp-content\/uploads\/IMG_1771-scaled-300x300.jpg 300w, https:\/\/www.whitesmh.co.uk\/wp-content\/uploads\/IMG_1771-scaled-100x100.jpg 100w\" sizes=\"auto, (max-width: 400px) 100vw, 400px\" \/><\/a><\/figure>\n\n\n\n<figure class=\"wp-block-image size-thumbnail\"><a href=\"https:\/\/www.whitesmh.co.uk\/wp-content\/uploads\/IMG_1769-scaled.jpg\"><img loading=\"lazy\" decoding=\"async\" width=\"400\" height=\"400\" data-id=\"1339\" src=\"https:\/\/www.whitesmh.co.uk\/wp-content\/uploads\/IMG_1769-400x400.jpg\" alt=\"\" class=\"wp-image-1339\" srcset=\"https:\/\/www.whitesmh.co.uk\/wp-content\/uploads\/IMG_1769-400x400.jpg 400w, https:\/\/www.whitesmh.co.uk\/wp-content\/uploads\/IMG_1769-scaled-300x300.jpg 300w, https:\/\/www.whitesmh.co.uk\/wp-content\/uploads\/IMG_1769-scaled-100x100.jpg 100w\" sizes=\"auto, (max-width: 400px) 100vw, 400px\" \/><\/a><\/figure>\n\n\n\n<figure class=\"wp-block-image size-thumbnail\"><a href=\"https:\/\/www.whitesmh.co.uk\/wp-content\/uploads\/IMG_1770-scaled.jpg\"><img loading=\"lazy\" decoding=\"async\" width=\"400\" height=\"400\" data-id=\"1340\" src=\"https:\/\/www.whitesmh.co.uk\/wp-content\/uploads\/IMG_1770-400x400.jpg\" alt=\"\" class=\"wp-image-1340\" srcset=\"https:\/\/www.whitesmh.co.uk\/wp-content\/uploads\/IMG_1770-400x400.jpg 400w, https:\/\/www.whitesmh.co.uk\/wp-content\/uploads\/IMG_1770-scaled-300x300.jpg 300w, https:\/\/www.whitesmh.co.uk\/wp-content\/uploads\/IMG_1770-scaled-100x100.jpg 100w\" sizes=\"auto, (max-width: 400px) 100vw, 400px\" \/><\/a><\/figure>\n\n\n\n<figure class=\"wp-block-image size-thumbnail\"><a href=\"https:\/\/www.whitesmh.co.uk\/wp-content\/uploads\/IMG_1768-scaled.jpg\"><img loading=\"lazy\" decoding=\"async\" width=\"400\" height=\"400\" data-id=\"1338\" src=\"https:\/\/www.whitesmh.co.uk\/wp-content\/uploads\/IMG_1768-400x400.jpg\" alt=\"\" class=\"wp-image-1338\" srcset=\"https:\/\/www.whitesmh.co.uk\/wp-content\/uploads\/IMG_1768-400x400.jpg 400w, https:\/\/www.whitesmh.co.uk\/wp-content\/uploads\/IMG_1768-scaled-300x300.jpg 300w, https:\/\/www.whitesmh.co.uk\/wp-content\/uploads\/IMG_1768-scaled-100x100.jpg 100w\" sizes=\"auto, (max-width: 400px) 100vw, 400px\" \/><\/a><\/figure>\n\n\n\n<figure class=\"wp-block-image size-thumbnail\"><a href=\"https:\/\/www.whitesmh.co.uk\/wp-content\/uploads\/IMG_6145-scaled.jpeg\"><img loading=\"lazy\" decoding=\"async\" width=\"400\" height=\"400\" data-id=\"2269\" src=\"https:\/\/www.whitesmh.co.uk\/wp-content\/uploads\/IMG_6145-400x400.jpeg\" alt=\"\" class=\"wp-image-2269\" srcset=\"https:\/\/www.whitesmh.co.uk\/wp-content\/uploads\/IMG_6145-400x400.jpeg 400w, https:\/\/www.whitesmh.co.uk\/wp-content\/uploads\/IMG_6145-scaled-300x300.jpeg 300w, https:\/\/www.whitesmh.co.uk\/wp-content\/uploads\/IMG_6145-scaled-100x100.jpeg 100w\" sizes=\"auto, (max-width: 400px) 100vw, 400px\" \/><\/a><\/figure>\n\n\n\n<figure class=\"wp-block-image size-thumbnail\"><a href=\"https:\/\/www.whitesmh.co.uk\/wp-content\/uploads\/IMG_6150-scaled.jpeg\"><img loading=\"lazy\" decoding=\"async\" width=\"400\" height=\"400\" data-id=\"2267\" src=\"https:\/\/www.whitesmh.co.uk\/wp-content\/uploads\/IMG_6150-400x400.jpeg\" alt=\"\" class=\"wp-image-2267\" srcset=\"https:\/\/www.whitesmh.co.uk\/wp-content\/uploads\/IMG_6150-400x400.jpeg 400w, https:\/\/www.whitesmh.co.uk\/wp-content\/uploads\/IMG_6150-scaled-300x300.jpeg 300w, https:\/\/www.whitesmh.co.uk\/wp-content\/uploads\/IMG_6150-scaled-100x100.jpeg 100w\" sizes=\"auto, (max-width: 400px) 100vw, 400px\" \/><\/a><\/figure>\n\n\n\n<figure class=\"wp-block-image size-thumbnail\"><a href=\"https:\/\/www.whitesmh.co.uk\/wp-content\/uploads\/IMG_6151-scaled.jpeg\"><img loading=\"lazy\" decoding=\"async\" width=\"400\" height=\"400\" data-id=\"2268\" src=\"https:\/\/www.whitesmh.co.uk\/wp-content\/uploads\/IMG_6151-400x400.jpeg\" alt=\"\" class=\"wp-image-2268\" srcset=\"https:\/\/www.whitesmh.co.uk\/wp-content\/uploads\/IMG_6151-400x400.jpeg 400w, https:\/\/www.whitesmh.co.uk\/wp-content\/uploads\/IMG_6151-scaled-300x300.jpeg 300w, https:\/\/www.whitesmh.co.uk\/wp-content\/uploads\/IMG_6151-scaled-100x100.jpeg 100w\" sizes=\"auto, (max-width: 400px) 100vw, 400px\" \/><\/a><\/figure>\n\n\n\n<figure class=\"wp-block-image size-thumbnail\"><a href=\"https:\/\/www.whitesmh.co.uk\/wp-content\/uploads\/IMG_6146-scaled.jpeg\"><img loading=\"lazy\" decoding=\"async\" width=\"400\" height=\"400\" data-id=\"2265\" src=\"https:\/\/www.whitesmh.co.uk\/wp-content\/uploads\/IMG_6146-400x400.jpeg\" alt=\"\" class=\"wp-image-2265\" srcset=\"https:\/\/www.whitesmh.co.uk\/wp-content\/uploads\/IMG_6146-400x400.jpeg 400w, https:\/\/www.whitesmh.co.uk\/wp-content\/uploads\/IMG_6146-scaled-300x300.jpeg 300w, https:\/\/www.whitesmh.co.uk\/wp-content\/uploads\/IMG_6146-scaled-100x100.jpeg 100w\" sizes=\"auto, (max-width: 400px) 100vw, 400px\" \/><\/a><\/figure>\n<\/figure>\n<\/div>\n","protected":false},"excerpt":{"rendered":"<p>AG-X SEITLICHE QUETSCH-BALLENZANGE Die WHITES AG-X Seitenpress-Ballenzange ist f\u00fcr runde und quadratisch gewickelte Ballen geeignet. Ein zweiter Ballenrahmen ist serienm\u00e4\u00dfig eingebaut. MODELLE Modell Offene Breite (mm) Geschlossene Breite (mm) Griffe Weight Capacity (KG) SSB-CCL 2144mm 744mm 1 x Rund \/ 2 x Quadratisch 309KG 1500KG GALERIE<\/p>\n","protected":false},"featured_media":8783,"template":"","meta":{"_acf_changed":false},"product_brand":[],"product_cat":[309,312,311],"product_tag":[],"class_list":{"2":"type-product","9":"product","10":"first","11":"instock","12":"taxable","13":"shipping-taxable","14":"product-type-simple"},"acf":[],"_links":{"self":[{"href":"https:\/\/www.whitesmh.co.uk\/de\/wp-json\/wp\/v2\/product\/5166","targetHints":{"allow":["GET"]}}],"collection":[{"href":"https:\/\/www.whitesmh.co.uk\/de\/wp-json\/wp\/v2\/product"}],"about":[{"href":"https:\/\/www.whitesmh.co.uk\/de\/wp-json\/wp\/v2\/types\/product"}],"wp:featuredmedia":[{"embeddable":true,"href":"https:\/\/www.whitesmh.co.uk\/de\/wp-json\/wp\/v2\/media\/8783"}],"wp:attachment":[{"href":"https:\/\/www.whitesmh.co.uk\/de\/wp-json\/wp\/v2\/media?parent=5166"}],"wp:term":[{"taxonomy":"product_brand","embeddable":true,"href":"https:\/\/www.whitesmh.co.uk\/de\/wp-json\/wp\/v2\/product_brand?post=5166"},{"taxonomy":"product_cat","embeddable":true,"href":"https:\/\/www.whitesmh.co.uk\/de\/wp-json\/wp\/v2\/product_cat?post=5166"},{"taxonomy":"product_tag","embeddable":true,"href":"https:\/\/www.whitesmh.co.uk\/de\/wp-json\/wp\/v2\/product_tag?post=5166"}],"curies":[{"name":"wp","href":"https:\/\/api.w.org\/{rel}","templated":true}]}}