{"id":5149,"date":"2023-11-21T08:28:25","date_gmt":"2023-11-21T08:28:25","guid":{"rendered":"https:\/\/www.whitesmh.co.uk\/products\/wettbewerbsfaehige-kopfplatten\/"},"modified":"2024-11-19T11:19:43","modified_gmt":"2024-11-19T11:19:43","slug":"wettbewerbsfaehige-kopfplatten","status":"publish","type":"product","link":"https:\/\/www.whitesmh.co.uk\/de\/produkt\/wettbewerbsfaehige-kopfplatten\/","title":{"rendered":"Wettbewerbsf\u00e4hige Kopfplatten"},"content":{"rendered":"\n<div class=\"wp-block-columns is-layout-flex wp-container-core-columns-is-layout-28f84493 wp-block-columns-is-layout-flex\">\n<div class=\"wp-block-column is-layout-flow wp-block-column-is-layout-flow\">\n<h2 class=\"wp-block-heading\" style=\"text-transform:uppercase\">WETTBEWERBSF\u00c4HIGE SPINDELST\u00d6CKE  <\/h2>\n\n\n\n<p>Die WHITES AG-X-Reihe von Competitive Headstocks ist so konzipiert, dass sie mit den Schaltpl\u00e4nen der Host-Maschine harmoniert und die Verwendung von Anbauger\u00e4ten jeder Marke erm\u00f6glicht.  <\/p>\n\n\n\n<ul class=\"wp-block-list\">\n<li>Passend zur OEM-Geometrie<\/li>\n\n\n\n<li>Erm\u00f6glicht den Anschluss von Anbauteilen \/ Halterungen von Mitbewerbern an die Host-Maschine<\/li>\n\n\n\n<li>Z.B. Merlo-Maschine zum Aufnehmen von Stift- und Konusaufs\u00e4tzen<\/li>\n\n\n\n<li>Geliefert an Industrie-OEMs  <\/li>\n\n\n\n<li>Hydraulische \/ manuelle Verriegelungsoptionen<\/li>\n\n\n\n<li>Endverbindungsschl\u00e4uche nicht im Lieferumfang enthalten<\/li>\n<\/ul>\n\n\n\n<div class=\"wp-block-columns is-layout-flex wp-container-core-columns-is-layout-28f84493 wp-block-columns-is-layout-flex\">\n<div class=\"wp-block-column is-layout-flow wp-block-column-is-layout-flow\" style=\"flex-basis:100%\">\n<figure class=\"wp-block-image size-medium is-resized\"><img loading=\"lazy\" decoding=\"async\" width=\"800\" height=\"135\" src=\"https:\/\/www.whitesmh.co.uk\/wp-content\/uploads\/MIB-AGX-800x135.jpg\" alt=\"\" class=\"wp-image-1173\" style=\"width:268px;height:auto\" srcset=\"https:\/\/www.whitesmh.co.uk\/wp-content\/uploads\/MIB-AGX-800x135.jpg 800w, https:\/\/www.whitesmh.co.uk\/wp-content\/uploads\/MIB-AGX-600x101.jpg 600w, https:\/\/www.whitesmh.co.uk\/wp-content\/uploads\/MIB-AGX-768x129.jpg 768w, https:\/\/www.whitesmh.co.uk\/wp-content\/uploads\/MIB-AGX.jpg 1046w\" sizes=\"auto, (max-width: 800px) 100vw, 800px\" \/><\/figure>\n<\/div>\n<\/div>\n\n\n\n<div class=\"wp-block-buttons is-layout-flex wp-block-buttons-is-layout-flex\">\n<div class=\"wp-block-button\"><a class=\"wp-block-button__link wp-element-button\" href=\"https:\/\/www.whitesmh.co.uk\/contact\/\">KONTAKTIEREN SIE UNS<\/a><\/div>\n\n\n\n<div class=\"wp-block-button\"><a class=\"wp-block-button__link wp-element-button\" href=\"https:\/\/www.whitesmh.co.uk\/wp-content\/uploads\/WMH-Data-Sheet-Headstocks-Adaptor-Plates.pptx\" target=\"_blank\" rel=\"noreferrer noopener\">DATENBLATT<\/a><\/div>\n<\/div>\n<\/div>\n\n\n\n<div class=\"wp-block-column is-vertically-aligned-center is-layout-flow wp-block-column-is-layout-flow\">\n<figure class=\"wp-block-image size-full\"><img loading=\"lazy\" decoding=\"async\" width=\"768\" height=\"576\" src=\"https:\/\/www.whitesmh.co.uk\/wp-content\/uploads\/Merlo-to-Scorpion-5.jpeg\" alt=\"\" class=\"wp-image-1684\" srcset=\"https:\/\/www.whitesmh.co.uk\/wp-content\/uploads\/Merlo-to-Scorpion-5.jpeg 768w, https:\/\/www.whitesmh.co.uk\/wp-content\/uploads\/Merlo-to-Scorpion-5-600x450.jpeg 600w\" sizes=\"auto, (max-width: 768px) 100vw, 768px\" \/><\/figure>\n<\/div>\n<\/div>\n\n<div class=\"wp-block-group is-layout-flow wp-block-group-is-layout-flow\">\n<div class=\"wp-block-group has-primary-background-color has-background is-layout-flow wp-block-group-is-layout-flow\" style=\"margin-top:30px;margin-bottom:30px;padding-top:var(--wp--preset--spacing--40);padding-right:var(--wp--preset--spacing--40);padding-bottom:var(--wp--preset--spacing--40);padding-left:var(--wp--preset--spacing--40)\">\n<h3 class=\"wp-block-heading\">MERLO-MASCHINEN<\/h3>\n<\/div>\n\n\n\n<figure class=\"wp-block-gallery has-nested-images columns-4 is-cropped wp-block-gallery-1 is-layout-flex wp-block-gallery-is-layout-flex\">\n<figure class=\"wp-block-image size-thumbnail\"><a href=\"https:\/\/www.whitesmh.co.uk\/wp-content\/uploads\/IMG_6551.jpeg\"><img loading=\"lazy\" decoding=\"async\" width=\"400\" height=\"400\" data-id=\"2967\" src=\"https:\/\/www.whitesmh.co.uk\/wp-content\/uploads\/IMG_6551-400x400.jpeg\" alt=\"\" class=\"wp-image-2967\" srcset=\"https:\/\/www.whitesmh.co.uk\/wp-content\/uploads\/IMG_6551-400x400.jpeg 400w, https:\/\/www.whitesmh.co.uk\/wp-content\/uploads\/IMG_6551-300x300.jpeg 300w, https:\/\/www.whitesmh.co.uk\/wp-content\/uploads\/IMG_6551-100x100.jpeg 100w\" sizes=\"auto, (max-width: 400px) 100vw, 400px\" \/><\/a><figcaption class=\"wp-element-caption\">Merlo 35.7 zu Pin &amp; Cone<\/figcaption><\/figure>\n\n\n\n<figure class=\"wp-block-image size-thumbnail\"><a href=\"https:\/\/www.whitesmh.co.uk\/wp-content\/uploads\/IMG_6548-1.jpeg\"><img loading=\"lazy\" decoding=\"async\" width=\"400\" height=\"400\" data-id=\"2966\" src=\"https:\/\/www.whitesmh.co.uk\/wp-content\/uploads\/IMG_6548-1-400x400.jpeg\" alt=\"\" class=\"wp-image-2966\" srcset=\"https:\/\/www.whitesmh.co.uk\/wp-content\/uploads\/IMG_6548-1-400x400.jpeg 400w, https:\/\/www.whitesmh.co.uk\/wp-content\/uploads\/IMG_6548-1-300x300.jpeg 300w, https:\/\/www.whitesmh.co.uk\/wp-content\/uploads\/IMG_6548-1-100x100.jpeg 100w\" sizes=\"auto, (max-width: 400px) 100vw, 400px\" \/><\/a><figcaption class=\"wp-element-caption\">Merlo 35.7 zu Pin &amp; Cone<\/figcaption><\/figure>\n\n\n\n<figure class=\"wp-block-image size-thumbnail\"><a href=\"https:\/\/www.whitesmh.co.uk\/wp-content\/uploads\/IMG_2754-scaled.jpeg\"><img loading=\"lazy\" decoding=\"async\" width=\"400\" height=\"400\" data-id=\"2964\" src=\"https:\/\/www.whitesmh.co.uk\/wp-content\/uploads\/IMG_2754-400x400.jpeg\" alt=\"\" class=\"wp-image-2964\" srcset=\"https:\/\/www.whitesmh.co.uk\/wp-content\/uploads\/IMG_2754-400x400.jpeg 400w, https:\/\/www.whitesmh.co.uk\/wp-content\/uploads\/IMG_2754-scaled-300x300.jpeg 300w, https:\/\/www.whitesmh.co.uk\/wp-content\/uploads\/IMG_2754-scaled-100x100.jpeg 100w\" sizes=\"auto, (max-width: 400px) 100vw, 400px\" \/><\/a><figcaption class=\"wp-element-caption\">Merlo 33.7 nach Manitou<\/figcaption><\/figure>\n\n\n\n<figure class=\"wp-block-image size-thumbnail\"><a href=\"https:\/\/www.whitesmh.co.uk\/wp-content\/uploads\/IMG_2752-scaled.jpeg\"><img loading=\"lazy\" decoding=\"async\" width=\"400\" height=\"400\" data-id=\"2963\" src=\"https:\/\/www.whitesmh.co.uk\/wp-content\/uploads\/IMG_2752-400x400.jpeg\" alt=\"\" class=\"wp-image-2963\" srcset=\"https:\/\/www.whitesmh.co.uk\/wp-content\/uploads\/IMG_2752-400x400.jpeg 400w, https:\/\/www.whitesmh.co.uk\/wp-content\/uploads\/IMG_2752-scaled-300x300.jpeg 300w, https:\/\/www.whitesmh.co.uk\/wp-content\/uploads\/IMG_2752-scaled-100x100.jpeg 100w\" sizes=\"auto, (max-width: 400px) 100vw, 400px\" \/><\/a><figcaption class=\"wp-element-caption\">Merlo 33.7 nach Manitou<\/figcaption><\/figure>\n\n\n\n<figure class=\"wp-block-image size-thumbnail\"><a href=\"https:\/\/www.whitesmh.co.uk\/wp-content\/uploads\/Merlo-to-Scorpion-5-1.jpeg\"><img loading=\"lazy\" decoding=\"async\" width=\"400\" height=\"400\" data-id=\"2970\" src=\"https:\/\/www.whitesmh.co.uk\/wp-content\/uploads\/Merlo-to-Scorpion-5-1-400x400.jpeg\" alt=\"\" class=\"wp-image-2970\" srcset=\"https:\/\/www.whitesmh.co.uk\/wp-content\/uploads\/Merlo-to-Scorpion-5-1-400x400.jpeg 400w, https:\/\/www.whitesmh.co.uk\/wp-content\/uploads\/Merlo-to-Scorpion-5-1-300x300.jpeg 300w, https:\/\/www.whitesmh.co.uk\/wp-content\/uploads\/Merlo-to-Scorpion-5-1-100x100.jpeg 100w\" sizes=\"auto, (max-width: 400px) 100vw, 400px\" \/><\/a><figcaption class=\"wp-element-caption\">Merlo 35.7 zu Kramer\/Scorpion<\/figcaption><\/figure>\n\n\n\n<figure class=\"wp-block-image size-thumbnail\"><a href=\"https:\/\/www.whitesmh.co.uk\/wp-content\/uploads\/Merlo-to-Scorpion-2.jpeg\"><img loading=\"lazy\" decoding=\"async\" width=\"400\" height=\"400\" data-id=\"2968\" src=\"https:\/\/www.whitesmh.co.uk\/wp-content\/uploads\/Merlo-to-Scorpion-2-400x400.jpeg\" alt=\"\" class=\"wp-image-2968\" srcset=\"https:\/\/www.whitesmh.co.uk\/wp-content\/uploads\/Merlo-to-Scorpion-2-400x400.jpeg 400w, https:\/\/www.whitesmh.co.uk\/wp-content\/uploads\/Merlo-to-Scorpion-2-300x300.jpeg 300w, https:\/\/www.whitesmh.co.uk\/wp-content\/uploads\/Merlo-to-Scorpion-2-100x100.jpeg 100w\" sizes=\"auto, (max-width: 400px) 100vw, 400px\" \/><\/a><figcaption class=\"wp-element-caption\">Merlo 35.7 zu Kramer\/Scorpion<\/figcaption><\/figure>\n\n\n\n<figure class=\"wp-block-image size-thumbnail\"><a href=\"https:\/\/www.whitesmh.co.uk\/wp-content\/uploads\/757f1738-5c0d-4802-89d5-2ff72bd8c5fb.jpeg\"><img loading=\"lazy\" decoding=\"async\" width=\"400\" height=\"400\" data-id=\"2982\" src=\"https:\/\/www.whitesmh.co.uk\/wp-content\/uploads\/757f1738-5c0d-4802-89d5-2ff72bd8c5fb-400x400.jpeg\" alt=\"\" class=\"wp-image-2982\" srcset=\"https:\/\/www.whitesmh.co.uk\/wp-content\/uploads\/757f1738-5c0d-4802-89d5-2ff72bd8c5fb-400x400.jpeg 400w, https:\/\/www.whitesmh.co.uk\/wp-content\/uploads\/757f1738-5c0d-4802-89d5-2ff72bd8c5fb-300x300.jpeg 300w, https:\/\/www.whitesmh.co.uk\/wp-content\/uploads\/757f1738-5c0d-4802-89d5-2ff72bd8c5fb-100x100.jpeg 100w\" sizes=\"auto, (max-width: 400px) 100vw, 400px\" \/><\/a><figcaption class=\"wp-element-caption\">Merlo 42.7 bis JCB Q Fit<\/figcaption><\/figure>\n\n\n\n<figure class=\"wp-block-image size-thumbnail\"><a href=\"https:\/\/www.whitesmh.co.uk\/wp-content\/uploads\/431080194_1156985599048621_2491306452279153945_n.jpg\"><img loading=\"lazy\" decoding=\"async\" width=\"400\" height=\"400\" data-id=\"3022\" src=\"https:\/\/www.whitesmh.co.uk\/wp-content\/uploads\/431080194_1156985599048621_2491306452279153945_n-400x400.jpg\" alt=\"\" class=\"wp-image-3022\" srcset=\"https:\/\/www.whitesmh.co.uk\/wp-content\/uploads\/431080194_1156985599048621_2491306452279153945_n-400x400.jpg 400w, https:\/\/www.whitesmh.co.uk\/wp-content\/uploads\/431080194_1156985599048621_2491306452279153945_n-300x300.jpg 300w, https:\/\/www.whitesmh.co.uk\/wp-content\/uploads\/431080194_1156985599048621_2491306452279153945_n-100x100.jpg 100w\" sizes=\"auto, (max-width: 400px) 100vw, 400px\" \/><\/a><figcaption class=\"wp-element-caption\">Merlo 35.7 bis JCB Q Fit<\/figcaption><\/figure>\n<\/figure>\n\n\n\n<div class=\"wp-block-group has-primary-background-color has-background is-layout-flow wp-block-group-is-layout-flow\" style=\"margin-top:30px;margin-bottom:30px;padding-top:var(--wp--preset--spacing--40);padding-right:var(--wp--preset--spacing--40);padding-bottom:var(--wp--preset--spacing--40);padding-left:var(--wp--preset--spacing--40)\">\n<h3 class=\"wp-block-heading\">MANITOU-MASCHINEN<\/h3>\n<\/div>\n\n\n\n<figure class=\"wp-block-gallery has-nested-images columns-5 is-cropped wp-block-gallery-2 is-layout-flex wp-block-gallery-is-layout-flex\">\n<figure class=\"wp-block-image size-thumbnail\"><a href=\"https:\/\/www.whitesmh.co.uk\/wp-content\/uploads\/415180203_878862194247347_3514613162394964105_n.jpg\"><img loading=\"lazy\" decoding=\"async\" width=\"400\" height=\"400\" data-id=\"2972\" src=\"https:\/\/www.whitesmh.co.uk\/wp-content\/uploads\/415180203_878862194247347_3514613162394964105_n-400x400.jpg\" alt=\"\" class=\"wp-image-2972\" srcset=\"https:\/\/www.whitesmh.co.uk\/wp-content\/uploads\/415180203_878862194247347_3514613162394964105_n-400x400.jpg 400w, https:\/\/www.whitesmh.co.uk\/wp-content\/uploads\/415180203_878862194247347_3514613162394964105_n-300x300.jpg 300w, https:\/\/www.whitesmh.co.uk\/wp-content\/uploads\/415180203_878862194247347_3514613162394964105_n-100x100.jpg 100w\" sizes=\"auto, (max-width: 400px) 100vw, 400px\" \/><\/a><figcaption class=\"wp-element-caption\">Manitou 625 &amp; 741 bis JCB Q Fit<\/figcaption><\/figure>\n\n\n\n<figure class=\"wp-block-image size-thumbnail\"><a href=\"https:\/\/www.whitesmh.co.uk\/wp-content\/uploads\/Manitou-to-Merlo-1.jpg\"><img loading=\"lazy\" decoding=\"async\" width=\"400\" height=\"400\" data-id=\"2974\" src=\"https:\/\/www.whitesmh.co.uk\/wp-content\/uploads\/Manitou-to-Merlo-1-400x400.jpg\" alt=\"\" class=\"wp-image-2974\" srcset=\"https:\/\/www.whitesmh.co.uk\/wp-content\/uploads\/Manitou-to-Merlo-1-400x400.jpg 400w, https:\/\/www.whitesmh.co.uk\/wp-content\/uploads\/Manitou-to-Merlo-1-300x300.jpg 300w, https:\/\/www.whitesmh.co.uk\/wp-content\/uploads\/Manitou-to-Merlo-1-100x100.jpg 100w\" sizes=\"auto, (max-width: 400px) 100vw, 400px\" \/><\/a><figcaption class=\"wp-element-caption\">Manitou MLT737 nach Merlo<\/figcaption><\/figure>\n\n\n\n<figure class=\"wp-block-image size-thumbnail\"><a href=\"https:\/\/www.whitesmh.co.uk\/wp-content\/uploads\/397-1.jpg\"><img loading=\"lazy\" decoding=\"async\" width=\"400\" height=\"400\" data-id=\"2971\" src=\"https:\/\/www.whitesmh.co.uk\/wp-content\/uploads\/397-1-400x400.jpg\" alt=\"\" class=\"wp-image-2971\" srcset=\"https:\/\/www.whitesmh.co.uk\/wp-content\/uploads\/397-1-400x400.jpg 400w, https:\/\/www.whitesmh.co.uk\/wp-content\/uploads\/397-1-300x300.jpg 300w, https:\/\/www.whitesmh.co.uk\/wp-content\/uploads\/397-1-100x100.jpg 100w\" sizes=\"auto, (max-width: 400px) 100vw, 400px\" \/><\/a><figcaption class=\"wp-element-caption\">Manitou MLA-T 516 nach Manitou<\/figcaption><\/figure>\n\n\n\n<figure class=\"wp-block-image size-thumbnail\"><a href=\"https:\/\/www.whitesmh.co.uk\/wp-content\/uploads\/Manitou-to-Bobcat-1.jpg\"><img loading=\"lazy\" decoding=\"async\" width=\"400\" height=\"400\" data-id=\"2973\" src=\"https:\/\/www.whitesmh.co.uk\/wp-content\/uploads\/Manitou-to-Bobcat-1-400x400.jpg\" alt=\"\" class=\"wp-image-2973\" srcset=\"https:\/\/www.whitesmh.co.uk\/wp-content\/uploads\/Manitou-to-Bobcat-1-400x400.jpg 400w, https:\/\/www.whitesmh.co.uk\/wp-content\/uploads\/Manitou-to-Bobcat-1-300x300.jpg 300w, https:\/\/www.whitesmh.co.uk\/wp-content\/uploads\/Manitou-to-Bobcat-1-100x100.jpg 100w\" sizes=\"auto, (max-width: 400px) 100vw, 400px\" \/><\/a><figcaption class=\"wp-element-caption\">Manitou MLT 741 zu Bobcat Teleskoplader<\/figcaption><\/figure>\n\n\n\n<figure class=\"wp-block-image size-full\"><a href=\"https:\/\/www.whitesmh.co.uk\/wp-content\/uploads\/MLT630-PIN-CONE.jpg\"><img loading=\"lazy\" decoding=\"async\" width=\"1280\" height=\"960\" data-id=\"3036\" src=\"https:\/\/www.whitesmh.co.uk\/wp-content\/uploads\/MLT630-PIN-CONE.jpg\" alt=\"\" class=\"wp-image-3036\" srcset=\"https:\/\/www.whitesmh.co.uk\/wp-content\/uploads\/MLT630-PIN-CONE.jpg 1280w, https:\/\/www.whitesmh.co.uk\/wp-content\/uploads\/MLT630-PIN-CONE-600x450.jpg 600w, https:\/\/www.whitesmh.co.uk\/wp-content\/uploads\/MLT630-PIN-CONE-800x600.jpg 800w, https:\/\/www.whitesmh.co.uk\/wp-content\/uploads\/MLT630-PIN-CONE-768x576.jpg 768w\" sizes=\"auto, (max-width: 800px) 100vw, 800px\" \/><\/a><figcaption class=\"wp-element-caption\">MLT 630 &#8211; Stift &amp; Konus<\/figcaption><\/figure>\n<\/figure>\n\n\n\n<div class=\"wp-block-group has-primary-background-color has-background is-layout-flow wp-block-group-is-layout-flow\" style=\"margin-top:30px;margin-bottom:30px;padding-top:var(--wp--preset--spacing--40);padding-right:var(--wp--preset--spacing--40);padding-bottom:var(--wp--preset--spacing--40);padding-left:var(--wp--preset--spacing--40)\">\n<h3 class=\"wp-block-heading\">JCB-MASCHINEN<\/h3>\n<\/div>\n\n\n\n<figure class=\"wp-block-gallery has-nested-images columns-4 is-cropped wp-block-gallery-3 is-layout-flex wp-block-gallery-is-layout-flex\">\n<figure class=\"wp-block-image size-thumbnail\"><a href=\"https:\/\/www.whitesmh.co.uk\/wp-content\/uploads\/11309cfd-f5b7-41be-81bc-a74abae816c5.jpeg\"><img loading=\"lazy\" decoding=\"async\" width=\"400\" height=\"400\" data-id=\"2976\" src=\"https:\/\/www.whitesmh.co.uk\/wp-content\/uploads\/11309cfd-f5b7-41be-81bc-a74abae816c5-400x400.jpeg\" alt=\"\" class=\"wp-image-2976\" srcset=\"https:\/\/www.whitesmh.co.uk\/wp-content\/uploads\/11309cfd-f5b7-41be-81bc-a74abae816c5-400x400.jpeg 400w, https:\/\/www.whitesmh.co.uk\/wp-content\/uploads\/11309cfd-f5b7-41be-81bc-a74abae816c5-300x300.jpeg 300w, https:\/\/www.whitesmh.co.uk\/wp-content\/uploads\/11309cfd-f5b7-41be-81bc-a74abae816c5-100x100.jpeg 100w\" sizes=\"auto, (max-width: 400px) 100vw, 400px\" \/><\/a><figcaption class=\"wp-element-caption\">JCB TM320s nach Manitou<\/figcaption><\/figure>\n\n\n\n<figure class=\"wp-block-image size-thumbnail\"><a href=\"https:\/\/www.whitesmh.co.uk\/wp-content\/uploads\/5bb7df3e-0839-40f9-89a9-c46bb2c9673a.jpeg\"><img loading=\"lazy\" decoding=\"async\" width=\"400\" height=\"400\" data-id=\"2975\" src=\"https:\/\/www.whitesmh.co.uk\/wp-content\/uploads\/5bb7df3e-0839-40f9-89a9-c46bb2c9673a-400x400.jpeg\" alt=\"\" class=\"wp-image-2975\" srcset=\"https:\/\/www.whitesmh.co.uk\/wp-content\/uploads\/5bb7df3e-0839-40f9-89a9-c46bb2c9673a-400x400.jpeg 400w, https:\/\/www.whitesmh.co.uk\/wp-content\/uploads\/5bb7df3e-0839-40f9-89a9-c46bb2c9673a-300x300.jpeg 300w, https:\/\/www.whitesmh.co.uk\/wp-content\/uploads\/5bb7df3e-0839-40f9-89a9-c46bb2c9673a-100x100.jpeg 100w\" sizes=\"auto, (max-width: 400px) 100vw, 400px\" \/><\/a><figcaption class=\"wp-element-caption\">JCB TM320s nach Manitou<\/figcaption><\/figure>\n\n\n\n<figure class=\"wp-block-image size-thumbnail\"><a href=\"https:\/\/www.whitesmh.co.uk\/wp-content\/uploads\/IMG_1409-1-scaled.jpeg\"><img loading=\"lazy\" decoding=\"async\" width=\"400\" height=\"400\" data-id=\"2977\" src=\"https:\/\/www.whitesmh.co.uk\/wp-content\/uploads\/IMG_1409-1-400x400.jpeg\" alt=\"\" class=\"wp-image-2977\" srcset=\"https:\/\/www.whitesmh.co.uk\/wp-content\/uploads\/IMG_1409-1-400x400.jpeg 400w, https:\/\/www.whitesmh.co.uk\/wp-content\/uploads\/IMG_1409-1-scaled-300x300.jpeg 300w, https:\/\/www.whitesmh.co.uk\/wp-content\/uploads\/IMG_1409-1-scaled-100x100.jpeg 100w\" sizes=\"auto, (max-width: 400px) 100vw, 400px\" \/><\/a><figcaption class=\"wp-element-caption\">JCB 560-80 nach Kramer\/Scorpion<\/figcaption><\/figure>\n\n\n\n<figure class=\"wp-block-image size-thumbnail\"><a href=\"https:\/\/www.whitesmh.co.uk\/wp-content\/uploads\/IMG_3116-scaled.jpg\"><img loading=\"lazy\" decoding=\"async\" width=\"400\" height=\"400\" data-id=\"2978\" src=\"https:\/\/www.whitesmh.co.uk\/wp-content\/uploads\/IMG_3116-400x400.jpg\" alt=\"\" class=\"wp-image-2978\" srcset=\"https:\/\/www.whitesmh.co.uk\/wp-content\/uploads\/IMG_3116-400x400.jpg 400w, https:\/\/www.whitesmh.co.uk\/wp-content\/uploads\/IMG_3116-scaled-300x300.jpg 300w, https:\/\/www.whitesmh.co.uk\/wp-content\/uploads\/IMG_3116-scaled-100x100.jpg 100w\" sizes=\"auto, (max-width: 400px) 100vw, 400px\" \/><\/a><figcaption class=\"wp-element-caption\">JCB TM320s zu Kramer\/Scorpion<\/figcaption><\/figure>\n<\/figure>\n<\/div>\n\n<div class=\"wp-block-group has-primary-background-color has-background is-layout-flow wp-block-group-is-layout-flow\" style=\"margin-top:30px;margin-bottom:30px;padding-top:var(--wp--preset--spacing--40);padding-right:var(--wp--preset--spacing--40);padding-bottom:var(--wp--preset--spacing--40);padding-left:var(--wp--preset--spacing--40)\">\n<h3 class=\"wp-block-heading\">VIDEOS<\/h3>\n<\/div>\n\n<figure class=\"wp-block-embed is-type-video is-provider-youtube wp-block-embed-youtube wp-embed-aspect-4-3 wp-has-aspect-ratio\"><div class=\"wp-block-embed__wrapper\">\n<iframe loading=\"lazy\" title=\"Whites Material Handling - Competitive Headstocks\" width=\"800\" height=\"600\" src=\"https:\/\/www.youtube.com\/embed\/25IBTx89Mx8?feature=oembed\" frameborder=\"0\" allow=\"accelerometer; autoplay; clipboard-write; encrypted-media; gyroscope; picture-in-picture; web-share\" referrerpolicy=\"strict-origin-when-cross-origin\" allowfullscreen><\/iframe>\n<\/div><\/figure>\n\n<div class=\"wp-block-group is-layout-constrained wp-block-group-is-layout-constrained\">\n<div class=\"wp-block-group alignfull has-primary-background-color has-background is-layout-flow wp-block-group-is-layout-flow\" style=\"margin-top:30px;margin-bottom:30px;padding-top:var(--wp--preset--spacing--40);padding-right:var(--wp--preset--spacing--40);padding-bottom:var(--wp--preset--spacing--40);padding-left:var(--wp--preset--spacing--40)\">\n<h3 class=\"wp-block-heading\">VERWANDTE PRODUKTE<\/h3>\n<\/div>\n\n\n\n<div class=\"product-grid flex\">\n\t\t<div class=\"col-25 padBottom\">\n\t\t<a href=\"https:\/\/www.whitesmh.co.uk\/de\/produkt\/adapterplatten\/\" title=\"Adapterplatten\" class=\"block radius\">\n\t\t\t\t\t\t<div class=\"thumb\">\n\t\t\t\t<img loading=\"lazy\" decoding=\"async\" width=\"400\" height=\"400\" src=\"https:\/\/www.whitesmh.co.uk\/wp-content\/uploads\/Manitou-JCB-Q-Fit-Adaptor-1-400x400.jpg\" class=\"attachment-thumbnail size-thumbnail wp-post-image\" alt=\"\" srcset=\"https:\/\/www.whitesmh.co.uk\/wp-content\/uploads\/Manitou-JCB-Q-Fit-Adaptor-1-400x400.jpg 400w, https:\/\/www.whitesmh.co.uk\/wp-content\/uploads\/Manitou-JCB-Q-Fit-Adaptor-1-300x300.jpg 300w, https:\/\/www.whitesmh.co.uk\/wp-content\/uploads\/Manitou-JCB-Q-Fit-Adaptor-1-100x100.jpg 100w\" sizes=\"auto, (max-width: 400px) 100vw, 400px\" \/>\t\t\t\t\t\t\t\t\t\n\t\t\t<\/div>\n\t\t\t\t\t\t<div class=\"meta smlPadAll\">\n\t\t\t\t<h4 class=\"no-margin\">Adapterplatten<\/h4>\n\t\t\t\t<span class=\"blue button marTop\">Find out more <i class=\"fa-solid fa-chevron-right\"><\/i><\/span>\n\t\t\t<\/div>\n\t\t<\/a>\n\t<\/div>\n\t<\/div>\n<\/div>\n","protected":false},"excerpt":{"rendered":"<p>WETTBEWERBSF\u00c4HIGE SPINDELST\u00d6CKE Die WHITES AG-X-Reihe von Competitive Headstocks ist so konzipiert, dass sie mit den Schaltpl\u00e4nen der Host-Maschine harmoniert und die Verwendung von Anbauger\u00e4ten jeder Marke erm\u00f6glicht. MERLO-MASCHINEN MANITOU-MASCHINEN JCB-MASCHINEN VIDEOS VERWANDTE PRODUKTE<\/p>\n","protected":false},"featured_media":10235,"template":"","meta":{"_acf_changed":false},"product_brand":[],"product_cat":[311],"product_tag":[],"class_list":{"2":"type-product","7":"product","8":"first","9":"instock","10":"taxable","11":"shipping-taxable","12":"product-type-simple"},"acf":[],"_links":{"self":[{"href":"https:\/\/www.whitesmh.co.uk\/de\/wp-json\/wp\/v2\/product\/5149","targetHints":{"allow":["GET"]}}],"collection":[{"href":"https:\/\/www.whitesmh.co.uk\/de\/wp-json\/wp\/v2\/product"}],"about":[{"href":"https:\/\/www.whitesmh.co.uk\/de\/wp-json\/wp\/v2\/types\/product"}],"wp:featuredmedia":[{"embeddable":true,"href":"https:\/\/www.whitesmh.co.uk\/de\/wp-json\/wp\/v2\/media\/10235"}],"wp:attachment":[{"href":"https:\/\/www.whitesmh.co.uk\/de\/wp-json\/wp\/v2\/media?parent=5149"}],"wp:term":[{"taxonomy":"product_brand","embeddable":true,"href":"https:\/\/www.whitesmh.co.uk\/de\/wp-json\/wp\/v2\/product_brand?post=5149"},{"taxonomy":"product_cat","embeddable":true,"href":"https:\/\/www.whitesmh.co.uk\/de\/wp-json\/wp\/v2\/product_cat?post=5149"},{"taxonomy":"product_tag","embeddable":true,"href":"https:\/\/www.whitesmh.co.uk\/de\/wp-json\/wp\/v2\/product_tag?post=5149"}],"curies":[{"name":"wp","href":"https:\/\/api.w.org\/{rel}","templated":true}]}}