{"id":5049,"date":"2023-11-21T07:58:01","date_gmt":"2023-11-21T07:58:01","guid":{"rendered":"https:\/\/www.whitesmh.co.uk\/products\/ag-x-scherengreifer\/"},"modified":"2024-11-19T11:04:54","modified_gmt":"2024-11-19T11:04:54","slug":"ag-x-scherengreifer","status":"publish","type":"product","link":"https:\/\/www.whitesmh.co.uk\/de\/produkt\/ag-x-scherengreifer\/","title":{"rendered":"AG-X Scherengreifer"},"content":{"rendered":"\n<div class=\"wp-block-columns is-layout-flex wp-container-core-columns-is-layout-28f84493 wp-block-columns-is-layout-flex\">\n<div class=\"wp-block-column is-vertically-aligned-center is-layout-flow wp-block-column-is-layout-flow\">\n<figure class=\"wp-block-image size-full\"><img loading=\"lazy\" decoding=\"async\" width=\"2000\" height=\"1500\" src=\"https:\/\/www.whitesmh.co.uk\/wp-content\/uploads\/IMG_6156-scaled.jpeg\" alt=\"\" class=\"wp-image-2270\" srcset=\"https:\/\/www.whitesmh.co.uk\/wp-content\/uploads\/IMG_6156-scaled.jpeg 2000w, https:\/\/www.whitesmh.co.uk\/wp-content\/uploads\/IMG_6156-scaled-600x450.jpeg 600w, https:\/\/www.whitesmh.co.uk\/wp-content\/uploads\/IMG_6156-800x600.jpeg 800w, https:\/\/www.whitesmh.co.uk\/wp-content\/uploads\/IMG_6156-768x576.jpeg 768w\" sizes=\"auto, (max-width: 800px) 100vw, 800px\" \/><\/figure>\n<\/div>\n\n\n\n<div class=\"wp-block-column is-layout-flow wp-block-column-is-layout-flow\">\n<h2 class=\"wp-block-heading has-foreground-color has-text-color has-link-color wp-elements-c3fb104dd12d7e1118f07b27b6ccd160\" style=\"text-transform:uppercase\">AG-X SCHERENGREIFER  <\/h2>\n\n\n\n<p>Die WHITES AG-X-Reihe von Scherengreifern ist in Bezug auf ihre Spezifikation und Verarbeitungsqualit\u00e4t wirklich konkurrenzlos. Mit Hardox-Zinken, -Z\u00e4hnen und -Klingen ist das Sortiment auf die harten Bed\u00fcrfnisse von Viehz\u00fcchtern zugeschnitten.  <\/p>\n\n\n\n<ul class=\"wp-block-list\">\n<li>Hervorragendes Schnitt- und Klemmfinish<\/li>\n\n\n\n<li>40 mm dicke Hardox-Zinken<\/li>\n\n\n\n<li>Hardox-Z\u00e4hne und Seitenmesser<\/li>\n\n\n\n<li>2- und 3-RAM-Optionen<\/li>\n\n\n\n<li>Gesch\u00fctzte Schlauchf\u00fchrung<\/li>\n\n\n\n<li>1900 mm \/ 2200 mm kommen mit mittlerem Schneidmesser<\/li>\n\n\n\n<li>Hochwertige Lackierung<\/li>\n\n\n\n<li>Drehzapfen mit 50 mm Durchmesser<\/li>\n\n\n\n<li>Hochwertige Stifte<\/li>\n\n\n\n<li>\u00dcberdimensionierte Buchsenzylinder<\/li>\n\n\n\n<li>817mm \u00d6ffnung<\/li>\n\n\n\n<li>Inklusive angeschraubter Halterungen<\/li>\n<\/ul>\n\n\n\n<div class=\"wp-block-columns is-layout-flex wp-container-core-columns-is-layout-28f84493 wp-block-columns-is-layout-flex\">\n<div class=\"wp-block-column is-layout-flow wp-block-column-is-layout-flow\" style=\"flex-basis:100%\">\n<figure class=\"wp-block-image size-medium is-resized\"><img loading=\"lazy\" decoding=\"async\" width=\"800\" height=\"135\" src=\"https:\/\/www.whitesmh.co.uk\/wp-content\/uploads\/MIB-AGX-800x135.jpg\" alt=\"\" class=\"wp-image-1173\" style=\"width:268px;height:auto\" srcset=\"https:\/\/www.whitesmh.co.uk\/wp-content\/uploads\/MIB-AGX-800x135.jpg 800w, https:\/\/www.whitesmh.co.uk\/wp-content\/uploads\/MIB-AGX-600x101.jpg 600w, https:\/\/www.whitesmh.co.uk\/wp-content\/uploads\/MIB-AGX-768x129.jpg 768w, https:\/\/www.whitesmh.co.uk\/wp-content\/uploads\/MIB-AGX.jpg 1046w\" sizes=\"auto, (max-width: 800px) 100vw, 800px\" \/><\/figure>\n<\/div>\n<\/div>\n\n\n\n<div class=\"wp-block-buttons is-layout-flex wp-block-buttons-is-layout-flex\">\n<div class=\"wp-block-button\"><a class=\"wp-block-button__link wp-element-button\" href=\"https:\/\/www.whitesmh.co.uk\/contact\/\">KONTAKTIEREN SIE UNS<\/a><\/div>\n\n\n\n<div class=\"wp-block-button\"><a class=\"wp-block-button__link wp-element-button\" href=\"https:\/\/www.whitesmh.co.uk\/docs\/shear-grab\">PRODUKT-SUPPORT<\/a><\/div>\n\n\n\n<div class=\"wp-block-button\"><a class=\"wp-block-button__link wp-element-button\" href=\"https:\/\/www.whitesmh.co.uk\/wp-content\/uploads\/WMH-Data-Sheet-Shear-Grabs.pptx\" target=\"_blank\" rel=\"noreferrer noopener\">DATENBLATT<\/a><\/div>\n<\/div>\n<\/div>\n<\/div>\n\n<div class=\"wp-block-group has-primary-background-color has-background is-layout-flow wp-block-group-is-layout-flow\" style=\"margin-top:30px;margin-bottom:30px;padding-top:var(--wp--preset--spacing--40);padding-right:var(--wp--preset--spacing--40);padding-bottom:var(--wp--preset--spacing--40);padding-left:var(--wp--preset--spacing--40)\">\n<h3 class=\"wp-block-heading\">MODELLE<\/h3>\n<\/div>\n\n<figure class=\"wp-block-table\"><table><tbody><tr><td class=\"has-text-align-center\" data-align=\"center\"><strong>Modell<\/strong><\/td><td class=\"has-text-align-center\" data-align=\"center\"><strong>Breite (mm)<\/strong><\/td><td class=\"has-text-align-center\" data-align=\"center\"><strong>Rams<\/strong><\/td><td class=\"has-text-align-center\" data-align=\"center\"><strong>Fassungsverm\u00f6gen<\/strong><\/td><\/tr><tr><td class=\"has-text-align-center\" data-align=\"center\">SHGX1300<\/td><td class=\"has-text-align-center\" data-align=\"center\">1300mm<\/td><td class=\"has-text-align-center\" data-align=\"center\">2<\/td><td class=\"has-text-align-center\" data-align=\"center\">0,70 m3<\/td><\/tr><tr><td class=\"has-text-align-center\" data-align=\"center\">SHGX1600<\/td><td class=\"has-text-align-center\" data-align=\"center\">1600mm<\/td><td class=\"has-text-align-center\" data-align=\"center\">2<\/td><td class=\"has-text-align-center\" data-align=\"center\">0,85 m3<\/td><\/tr><tr><td class=\"has-text-align-center\" data-align=\"center\">SHGX1900<\/td><td class=\"has-text-align-center\" data-align=\"center\">1900mm<\/td><td class=\"has-text-align-center\" data-align=\"center\">3<\/td><td class=\"has-text-align-center\" data-align=\"center\">1,00 m3<\/td><\/tr><tr><td class=\"has-text-align-center\" data-align=\"center\">SHGX2200<\/td><td class=\"has-text-align-center\" data-align=\"center\">2200mm<\/td><td class=\"has-text-align-center\" data-align=\"center\">3<\/td><td class=\"has-text-align-center\" data-align=\"center\">1,15 m3<\/td><\/tr><\/tbody><\/table><\/figure>\n\n<div class=\"wp-block-group is-layout-flow wp-block-group-is-layout-flow\">\n<div class=\"wp-block-group has-primary-background-color has-background is-layout-flow wp-block-group-is-layout-flow\" style=\"margin-top:30px;margin-bottom:30px;padding-top:var(--wp--preset--spacing--40);padding-right:var(--wp--preset--spacing--40);padding-bottom:var(--wp--preset--spacing--40);padding-left:var(--wp--preset--spacing--40)\">\n<h3 class=\"wp-block-heading\">GALERIE<\/h3>\n<\/div>\n\n\n\n<figure class=\"wp-block-gallery has-nested-images columns-4 is-cropped wp-block-gallery-1 is-layout-flex wp-block-gallery-is-layout-flex\">\n<figure class=\"wp-block-image size-thumbnail\"><a href=\"https:\/\/www.whitesmh.co.uk\/wp-content\/uploads\/IMG_0032-1-scaled.jpeg\"><img loading=\"lazy\" decoding=\"async\" width=\"400\" height=\"400\" data-id=\"1281\" src=\"https:\/\/www.whitesmh.co.uk\/wp-content\/uploads\/IMG_0032-1-400x400.jpeg\" alt=\"\" class=\"wp-image-1281\" srcset=\"https:\/\/www.whitesmh.co.uk\/wp-content\/uploads\/IMG_0032-1-400x400.jpeg 400w, https:\/\/www.whitesmh.co.uk\/wp-content\/uploads\/IMG_0032-1-scaled-300x300.jpeg 300w, https:\/\/www.whitesmh.co.uk\/wp-content\/uploads\/IMG_0032-1-scaled-100x100.jpeg 100w\" sizes=\"auto, (max-width: 400px) 100vw, 400px\" \/><\/a><\/figure>\n\n\n\n<figure class=\"wp-block-image size-thumbnail\"><a href=\"https:\/\/www.whitesmh.co.uk\/wp-content\/uploads\/fb8dc8d8-b0fc-44be-9713-15e9b77019d4.jpg\"><img loading=\"lazy\" decoding=\"async\" width=\"400\" height=\"400\" data-id=\"1744\" src=\"https:\/\/www.whitesmh.co.uk\/wp-content\/uploads\/fb8dc8d8-b0fc-44be-9713-15e9b77019d4-400x400.jpg\" alt=\"\" class=\"wp-image-1744\" srcset=\"https:\/\/www.whitesmh.co.uk\/wp-content\/uploads\/fb8dc8d8-b0fc-44be-9713-15e9b77019d4-400x400.jpg 400w, https:\/\/www.whitesmh.co.uk\/wp-content\/uploads\/fb8dc8d8-b0fc-44be-9713-15e9b77019d4-300x300.jpg 300w, https:\/\/www.whitesmh.co.uk\/wp-content\/uploads\/fb8dc8d8-b0fc-44be-9713-15e9b77019d4-100x100.jpg 100w\" sizes=\"auto, (max-width: 400px) 100vw, 400px\" \/><\/a><\/figure>\n\n\n\n<figure class=\"wp-block-image size-thumbnail\"><a href=\"https:\/\/www.whitesmh.co.uk\/wp-content\/uploads\/IMG_0022-scaled.jpeg\"><img loading=\"lazy\" decoding=\"async\" width=\"400\" height=\"400\" data-id=\"1279\" src=\"https:\/\/www.whitesmh.co.uk\/wp-content\/uploads\/IMG_0022-400x400.jpeg\" alt=\"\" class=\"wp-image-1279\" srcset=\"https:\/\/www.whitesmh.co.uk\/wp-content\/uploads\/IMG_0022-400x400.jpeg 400w, https:\/\/www.whitesmh.co.uk\/wp-content\/uploads\/IMG_0022-scaled-300x300.jpeg 300w, https:\/\/www.whitesmh.co.uk\/wp-content\/uploads\/IMG_0022-scaled-100x100.jpeg 100w\" sizes=\"auto, (max-width: 400px) 100vw, 400px\" \/><\/a><\/figure>\n\n\n\n<figure class=\"wp-block-image size-thumbnail\"><a href=\"https:\/\/www.whitesmh.co.uk\/wp-content\/uploads\/0b0437c3-9a8f-4456-95cd-6c367bf23f54-scaled.jpeg\"><img loading=\"lazy\" decoding=\"async\" width=\"400\" height=\"400\" data-id=\"1278\" src=\"https:\/\/www.whitesmh.co.uk\/wp-content\/uploads\/0b0437c3-9a8f-4456-95cd-6c367bf23f54-400x400.jpeg\" alt=\"\" class=\"wp-image-1278\" srcset=\"https:\/\/www.whitesmh.co.uk\/wp-content\/uploads\/0b0437c3-9a8f-4456-95cd-6c367bf23f54-400x400.jpeg 400w, https:\/\/www.whitesmh.co.uk\/wp-content\/uploads\/0b0437c3-9a8f-4456-95cd-6c367bf23f54-scaled-300x300.jpeg 300w, https:\/\/www.whitesmh.co.uk\/wp-content\/uploads\/0b0437c3-9a8f-4456-95cd-6c367bf23f54-scaled-100x100.jpeg 100w\" sizes=\"auto, (max-width: 400px) 100vw, 400px\" \/><\/a><\/figure>\n\n\n\n<figure class=\"wp-block-image size-thumbnail\"><a href=\"https:\/\/www.whitesmh.co.uk\/wp-content\/uploads\/IMG_4505-scaled.jpeg\"><img loading=\"lazy\" decoding=\"async\" width=\"400\" height=\"400\" data-id=\"1285\" src=\"https:\/\/www.whitesmh.co.uk\/wp-content\/uploads\/IMG_4505-400x400.jpeg\" alt=\"\" class=\"wp-image-1285\" srcset=\"https:\/\/www.whitesmh.co.uk\/wp-content\/uploads\/IMG_4505-400x400.jpeg 400w, https:\/\/www.whitesmh.co.uk\/wp-content\/uploads\/IMG_4505-scaled-300x300.jpeg 300w, https:\/\/www.whitesmh.co.uk\/wp-content\/uploads\/IMG_4505-scaled-100x100.jpeg 100w\" sizes=\"auto, (max-width: 400px) 100vw, 400px\" \/><\/a><\/figure>\n\n\n\n<figure class=\"wp-block-image size-thumbnail\"><a href=\"https:\/\/www.whitesmh.co.uk\/wp-content\/uploads\/IMG_6126-scaled.jpeg\"><img loading=\"lazy\" decoding=\"async\" width=\"400\" height=\"400\" data-id=\"2246\" src=\"https:\/\/www.whitesmh.co.uk\/wp-content\/uploads\/IMG_6126-400x400.jpeg\" alt=\"\" class=\"wp-image-2246\" srcset=\"https:\/\/www.whitesmh.co.uk\/wp-content\/uploads\/IMG_6126-400x400.jpeg 400w, https:\/\/www.whitesmh.co.uk\/wp-content\/uploads\/IMG_6126-scaled-300x300.jpeg 300w, https:\/\/www.whitesmh.co.uk\/wp-content\/uploads\/IMG_6126-scaled-100x100.jpeg 100w\" sizes=\"auto, (max-width: 400px) 100vw, 400px\" \/><\/a><\/figure>\n\n\n\n<figure class=\"wp-block-image size-thumbnail\"><a href=\"https:\/\/www.whitesmh.co.uk\/wp-content\/uploads\/IMG_4501-scaled.jpeg\"><img loading=\"lazy\" decoding=\"async\" width=\"400\" height=\"400\" data-id=\"1283\" src=\"https:\/\/www.whitesmh.co.uk\/wp-content\/uploads\/IMG_4501-400x400.jpeg\" alt=\"\" class=\"wp-image-1283\" srcset=\"https:\/\/www.whitesmh.co.uk\/wp-content\/uploads\/IMG_4501-400x400.jpeg 400w, https:\/\/www.whitesmh.co.uk\/wp-content\/uploads\/IMG_4501-scaled-300x300.jpeg 300w, https:\/\/www.whitesmh.co.uk\/wp-content\/uploads\/IMG_4501-scaled-100x100.jpeg 100w\" sizes=\"auto, (max-width: 400px) 100vw, 400px\" \/><\/a><\/figure>\n\n\n\n<figure class=\"wp-block-image size-thumbnail\"><a href=\"https:\/\/www.whitesmh.co.uk\/wp-content\/uploads\/IMG_4500-scaled.jpeg\"><img loading=\"lazy\" decoding=\"async\" width=\"400\" height=\"400\" data-id=\"1282\" src=\"https:\/\/www.whitesmh.co.uk\/wp-content\/uploads\/IMG_4500-400x400.jpeg\" alt=\"\" class=\"wp-image-1282\" srcset=\"https:\/\/www.whitesmh.co.uk\/wp-content\/uploads\/IMG_4500-400x400.jpeg 400w, https:\/\/www.whitesmh.co.uk\/wp-content\/uploads\/IMG_4500-scaled-300x300.jpeg 300w, https:\/\/www.whitesmh.co.uk\/wp-content\/uploads\/IMG_4500-scaled-100x100.jpeg 100w\" sizes=\"auto, (max-width: 400px) 100vw, 400px\" \/><\/a><\/figure>\n\n\n\n<figure class=\"wp-block-image size-thumbnail\"><a href=\"https:\/\/www.whitesmh.co.uk\/wp-content\/uploads\/IMG_6160-scaled.jpeg\"><img loading=\"lazy\" decoding=\"async\" width=\"400\" height=\"400\" data-id=\"2272\" src=\"https:\/\/www.whitesmh.co.uk\/wp-content\/uploads\/IMG_6160-400x400.jpeg\" alt=\"\" class=\"wp-image-2272\" srcset=\"https:\/\/www.whitesmh.co.uk\/wp-content\/uploads\/IMG_6160-400x400.jpeg 400w, https:\/\/www.whitesmh.co.uk\/wp-content\/uploads\/IMG_6160-scaled-300x300.jpeg 300w, https:\/\/www.whitesmh.co.uk\/wp-content\/uploads\/IMG_6160-scaled-100x100.jpeg 100w\" sizes=\"auto, (max-width: 400px) 100vw, 400px\" \/><\/a><\/figure>\n\n\n\n<figure class=\"wp-block-image size-thumbnail\"><a href=\"https:\/\/www.whitesmh.co.uk\/wp-content\/uploads\/IMG_6174-scaled.jpeg\"><img loading=\"lazy\" decoding=\"async\" width=\"400\" height=\"400\" data-id=\"2273\" src=\"https:\/\/www.whitesmh.co.uk\/wp-content\/uploads\/IMG_6174-400x400.jpeg\" alt=\"\" class=\"wp-image-2273\" srcset=\"https:\/\/www.whitesmh.co.uk\/wp-content\/uploads\/IMG_6174-400x400.jpeg 400w, https:\/\/www.whitesmh.co.uk\/wp-content\/uploads\/IMG_6174-scaled-300x300.jpeg 300w, https:\/\/www.whitesmh.co.uk\/wp-content\/uploads\/IMG_6174-scaled-100x100.jpeg 100w\" sizes=\"auto, (max-width: 400px) 100vw, 400px\" \/><\/a><\/figure>\n\n\n\n<figure class=\"wp-block-image size-thumbnail\"><a href=\"https:\/\/www.whitesmh.co.uk\/wp-content\/uploads\/IMG_6176-scaled.jpeg\"><img loading=\"lazy\" decoding=\"async\" width=\"400\" height=\"400\" data-id=\"2274\" src=\"https:\/\/www.whitesmh.co.uk\/wp-content\/uploads\/IMG_6176-400x400.jpeg\" alt=\"\" class=\"wp-image-2274\" srcset=\"https:\/\/www.whitesmh.co.uk\/wp-content\/uploads\/IMG_6176-400x400.jpeg 400w, https:\/\/www.whitesmh.co.uk\/wp-content\/uploads\/IMG_6176-scaled-300x300.jpeg 300w, https:\/\/www.whitesmh.co.uk\/wp-content\/uploads\/IMG_6176-scaled-100x100.jpeg 100w\" sizes=\"auto, (max-width: 400px) 100vw, 400px\" \/><\/a><\/figure>\n\n\n\n<figure class=\"wp-block-image size-thumbnail\"><a href=\"https:\/\/www.whitesmh.co.uk\/wp-content\/uploads\/IMG_6177-scaled.jpeg\"><img loading=\"lazy\" decoding=\"async\" width=\"400\" height=\"400\" data-id=\"2275\" src=\"https:\/\/www.whitesmh.co.uk\/wp-content\/uploads\/IMG_6177-400x400.jpeg\" alt=\"\" class=\"wp-image-2275\" srcset=\"https:\/\/www.whitesmh.co.uk\/wp-content\/uploads\/IMG_6177-400x400.jpeg 400w, https:\/\/www.whitesmh.co.uk\/wp-content\/uploads\/IMG_6177-scaled-300x300.jpeg 300w, https:\/\/www.whitesmh.co.uk\/wp-content\/uploads\/IMG_6177-scaled-100x100.jpeg 100w\" sizes=\"auto, (max-width: 400px) 100vw, 400px\" \/><\/a><\/figure>\n<\/figure>\n<\/div>\n\n<div class=\"wp-block-group has-primary-background-color has-background is-layout-flow wp-block-group-is-layout-flow\" style=\"margin-top:30px;margin-bottom:30px;padding-top:var(--wp--preset--spacing--40);padding-right:var(--wp--preset--spacing--40);padding-bottom:var(--wp--preset--spacing--40);padding-left:var(--wp--preset--spacing--40)\">\n<h3 class=\"wp-block-heading\">VIDEOS<\/h3>\n<\/div>\n\n<figure class=\"wp-block-embed is-type-video is-provider-youtube wp-block-embed-youtube wp-embed-aspect-16-9 wp-has-aspect-ratio\"><div class=\"wp-block-embed__wrapper\">\n<iframe loading=\"lazy\" title=\"Whites Material Handling - Shear Grabs\" width=\"800\" height=\"450\" src=\"https:\/\/www.youtube.com\/embed\/Tjuz2p7S7HI?start=4&#038;feature=oembed\" frameborder=\"0\" allow=\"accelerometer; autoplay; clipboard-write; encrypted-media; gyroscope; picture-in-picture; web-share\" referrerpolicy=\"strict-origin-when-cross-origin\" allowfullscreen><\/iframe>\n<\/div><\/figure>\n","protected":false},"excerpt":{"rendered":"<p>AG-X SCHERENGREIFER Die WHITES AG-X-Reihe von Scherengreifern ist in Bezug auf ihre Spezifikation und Verarbeitungsqualit\u00e4t wirklich konkurrenzlos. Mit Hardox-Zinken, -Z\u00e4hnen und -Klingen ist das Sortiment auf die harten Bed\u00fcrfnisse von Viehz\u00fcchtern zugeschnitten. MODELLE Modell Breite (mm) Rams Fassungsverm\u00f6gen SHGX1300 1300mm 2 0,70 m3 SHGX1600 1600mm 2 0,85 m3 SHGX1900 1900mm 3 1,00 m3 SHGX2200 2200mm&hellip;<\/p>\n","protected":false},"featured_media":5105,"template":"","meta":{"_acf_changed":false},"product_brand":[],"product_cat":[311,313],"product_tag":[],"class_list":{"2":"type-product","8":"product","9":"first","10":"instock","11":"taxable","12":"shipping-taxable","13":"product-type-simple"},"acf":[],"_links":{"self":[{"href":"https:\/\/www.whitesmh.co.uk\/de\/wp-json\/wp\/v2\/product\/5049","targetHints":{"allow":["GET"]}}],"collection":[{"href":"https:\/\/www.whitesmh.co.uk\/de\/wp-json\/wp\/v2\/product"}],"about":[{"href":"https:\/\/www.whitesmh.co.uk\/de\/wp-json\/wp\/v2\/types\/product"}],"wp:featuredmedia":[{"embeddable":true,"href":"https:\/\/www.whitesmh.co.uk\/de\/wp-json\/wp\/v2\/media\/5105"}],"wp:attachment":[{"href":"https:\/\/www.whitesmh.co.uk\/de\/wp-json\/wp\/v2\/media?parent=5049"}],"wp:term":[{"taxonomy":"product_brand","embeddable":true,"href":"https:\/\/www.whitesmh.co.uk\/de\/wp-json\/wp\/v2\/product_brand?post=5049"},{"taxonomy":"product_cat","embeddable":true,"href":"https:\/\/www.whitesmh.co.uk\/de\/wp-json\/wp\/v2\/product_cat?post=5049"},{"taxonomy":"product_tag","embeddable":true,"href":"https:\/\/www.whitesmh.co.uk\/de\/wp-json\/wp\/v2\/product_tag?post=5049"}],"curies":[{"name":"wp","href":"https:\/\/api.w.org\/{rel}","templated":true}]}}