{"id":5047,"date":"2023-11-20T19:02:53","date_gmt":"2023-11-20T19:02:53","guid":{"rendered":"https:\/\/www.whitesmh.co.uk\/products\/hdx-abfall-greiferschaufeln\/"},"modified":"2024-11-19T11:27:35","modified_gmt":"2024-11-19T11:27:35","slug":"hdx-abfall-greiferschaufeln","status":"publish","type":"product","link":"https:\/\/www.whitesmh.co.uk\/de\/produkt\/hdx-abfall-greiferschaufeln\/","title":{"rendered":"Hdx Abfall+ Greiferschaufeln"},"content":{"rendered":"\n<div class=\"wp-block-columns is-layout-flex wp-container-core-columns-is-layout-28f84493 wp-block-columns-is-layout-flex\">\n<div class=\"wp-block-column is-vertically-aligned-center is-layout-flow wp-block-column-is-layout-flow\">\n<figure class=\"wp-block-image size-full\"><img loading=\"lazy\" decoding=\"async\" width=\"2000\" height=\"1500\" src=\"https:\/\/www.whitesmh.co.uk\/wp-content\/uploads\/361680683_1314808642449112_4094801443334869295_n.jpg\" alt=\"\" class=\"wp-image-1161\" srcset=\"https:\/\/www.whitesmh.co.uk\/wp-content\/uploads\/361680683_1314808642449112_4094801443334869295_n.jpg 2000w, https:\/\/www.whitesmh.co.uk\/wp-content\/uploads\/361680683_1314808642449112_4094801443334869295_n-600x450.jpg 600w, https:\/\/www.whitesmh.co.uk\/wp-content\/uploads\/361680683_1314808642449112_4094801443334869295_n-800x600.jpg 800w, https:\/\/www.whitesmh.co.uk\/wp-content\/uploads\/361680683_1314808642449112_4094801443334869295_n-768x576.jpg 768w\" sizes=\"auto, (max-width: 800px) 100vw, 800px\" \/><\/figure>\n<\/div>\n\n\n\n<div class=\"wp-block-column is-layout-flow wp-block-column-is-layout-flow\">\n<h2 class=\"wp-block-heading\" style=\"text-transform:uppercase\">HDX WASTE+ GREIFERSCHAUFELN<\/h2>\n\n\n\n<ul class=\"wp-block-list\">\n<li>Ultra-Heavy-Duty-Spezifikation<\/li>\n\n\n\n<li>Raex Schwerlast-Split-Greifer<\/li>\n\n\n\n<li>8mm Schale und Seiten<\/li>\n\n\n\n<li>Rammschutz-Abdeckungen<\/li>\n\n\n\n<li>Ram-D\u00e4mpfung<\/li>\n\n\n\n<li>Abdeckung zum Schutz von Schl\u00e4uchen und Ventil<\/li>\n\n\n\n<li>Gezackte Kanten f\u00fcr die Handhabung von Stangen \/ St\u00e4mmen<\/li>\n\n\n\n<li>\u00d6ffnen und Schlie\u00dfen von Haltegriffen f\u00fcr Ramm- und Stiftschutz<\/li>\n\n\n\n<li>HB500 geschwei\u00dfte Schneide<\/li>\n\n\n\n<li>HB500 3-teilige Schraube an umkehrbarer Zehenplatte<\/li>\n\n\n\n<li>HB500 Unterseitenverschlei\u00dfpolster und Seitenschneider<\/li>\n\n\n\n<li>Hydraulikzylinder mit hoher Kapazit\u00e4t<\/li>\n\n\n\n<li>Vollst\u00e4ndig umwickelte Brackets und Bracket-Pads<\/li>\n\n\n\n<li>Gerollter Eimermantel, um ein Anhaften von Materialien zu verhindern<\/li>\n\n\n\n<li>Hochwertige Stifte und Buchsen<\/li>\n<\/ul>\n\n\n\n<div class=\"wp-block-columns is-layout-flex wp-container-core-columns-is-layout-28f84493 wp-block-columns-is-layout-flex\">\n<div class=\"wp-block-column is-layout-flow wp-block-column-is-layout-flow\" style=\"flex-basis:100%\">\n<figure class=\"wp-block-image size-medium is-resized\"><img loading=\"lazy\" decoding=\"async\" width=\"800\" height=\"103\" src=\"https:\/\/www.whitesmh.co.uk\/wp-content\/uploads\/MIB-HDX-800x103.jpg\" alt=\"\" class=\"wp-image-1190\" style=\"width:268px;height:auto\" srcset=\"https:\/\/www.whitesmh.co.uk\/wp-content\/uploads\/MIB-HDX-800x103.jpg 800w, https:\/\/www.whitesmh.co.uk\/wp-content\/uploads\/MIB-HDX-600x77.jpg 600w, https:\/\/www.whitesmh.co.uk\/wp-content\/uploads\/MIB-HDX-768x98.jpg 768w\" sizes=\"auto, (max-width: 800px) 100vw, 800px\" \/><\/figure>\n<\/div>\n<\/div>\n\n\n\n<div class=\"wp-block-buttons is-layout-flex wp-block-buttons-is-layout-flex\">\n<div class=\"wp-block-button\"><a class=\"wp-block-button__link wp-element-button\" href=\"https:\/\/www.whitesmh.co.uk\/contact\/\">KONTAKTIEREN SIE UNS<\/a><\/div>\n\n\n\n<div class=\"wp-block-button\"><a class=\"wp-block-button__link wp-element-button\" href=\"https:\/\/www.whitesmh.co.uk\/support\/buckets-product-support\/\">PRODUKT-SUPPORT<\/a><\/div>\n\n\n\n<div class=\"wp-block-button\"><a class=\"wp-block-button__link wp-element-button\" href=\"https:\/\/www.whitesmh.co.uk\/wp-content\/uploads\/WMH-Data-Sheet-HDX-Waste-Grapple-Bucket.pptx\" target=\"_blank\" rel=\"noreferrer noopener\">DATENBLATT<\/a><\/div>\n<\/div>\n<\/div>\n<\/div>\n\n<div class=\"wp-block-group has-primary-background-color has-background is-layout-flow wp-block-group-is-layout-flow\" style=\"margin-top:30px;margin-bottom:30px;padding-top:var(--wp--preset--spacing--40);padding-right:var(--wp--preset--spacing--40);padding-bottom:var(--wp--preset--spacing--40);padding-left:var(--wp--preset--spacing--40)\">\n<h3 class=\"wp-block-heading\">MASCHINEN MIT EINER TRAGF\u00c4HIGKEIT VON BIS ZU 2,7 TONNEN<\/h3>\n<\/div>\n\n<figure class=\"wp-block-table\"><table><tbody><tr><td class=\"has-text-align-center\" data-align=\"center\"><strong>Modell<\/strong><\/td><td class=\"has-text-align-center\" data-align=\"center\"><strong>Breite (mm)<\/strong><\/td><td class=\"has-text-align-center\" data-align=\"center\"><strong>Breite (ft)<\/strong><\/td><td class=\"has-text-align-center\" data-align=\"center\"><strong>Fassungsverm\u00f6gen<\/strong><\/td><\/tr><tr><td class=\"has-text-align-center\" data-align=\"center\">GB3X1650<\/td><td class=\"has-text-align-center\" data-align=\"center\">1650mm<\/td><td class=\"has-text-align-center\" data-align=\"center\">5&#8217;4&#8220;<\/td><td class=\"has-text-align-center\" data-align=\"center\">0,65 m3<\/td><\/tr><tr><td class=\"has-text-align-center\" data-align=\"center\">GB3X1850<\/td><td class=\"has-text-align-center\" data-align=\"center\">1850mm<\/td><td class=\"has-text-align-center\" data-align=\"center\">6&#8242;<\/td><td class=\"has-text-align-center\" data-align=\"center\">0,95 m3<\/td><\/tr><\/tbody><\/table><\/figure>\n\n<div class=\"wp-block-group has-primary-background-color has-background is-layout-flow wp-block-group-is-layout-flow\" style=\"margin-top:30px;margin-bottom:30px;padding-top:var(--wp--preset--spacing--40);padding-right:var(--wp--preset--spacing--40);padding-bottom:var(--wp--preset--spacing--40);padding-left:var(--wp--preset--spacing--40)\">\n<h3 class=\"wp-block-heading\">MASCHINEN MIT EINER KAPAZIT\u00c4T VON MEHR ALS 3 TONNEN<\/h3>\n<\/div>\n\n<figure class=\"wp-block-table\"><table><tbody><tr><td class=\"has-text-align-center\" data-align=\"center\"><strong>Modell<\/strong><\/td><td class=\"has-text-align-center\" data-align=\"center\"><strong>Breite (mm)<\/strong><\/td><td class=\"has-text-align-center\" data-align=\"center\"><strong>Breite (ft)<\/strong><\/td><td class=\"has-text-align-center\" data-align=\"center\"><strong>Fassungsverm\u00f6gen<\/strong><\/td><\/tr><tr><td class=\"has-text-align-center\" data-align=\"center\">GXP1776<\/td><td class=\"has-text-align-center\" data-align=\"center\">2290mm<\/td><td class=\"has-text-align-center\" data-align=\"center\">7&#8217;6&#8220;<\/td><td class=\"has-text-align-center\" data-align=\"center\">1,70 m3<\/td><\/tr><tr><td class=\"has-text-align-center\" data-align=\"center\">GXP2076<\/td><td class=\"has-text-align-center\" data-align=\"center\">2290mm<\/td><td class=\"has-text-align-center\" data-align=\"center\">7&#8217;6&#8220;<\/td><td class=\"has-text-align-center\" data-align=\"center\">2,00 m3<\/td><\/tr><tr><td class=\"has-text-align-center\" data-align=\"center\">GXP1780<\/td><td class=\"has-text-align-center\" data-align=\"center\">2450mm<\/td><td class=\"has-text-align-center\" data-align=\"center\">8&#8242;<\/td><td class=\"has-text-align-center\" data-align=\"center\">1,75 m3<\/td><\/tr><tr><td class=\"has-text-align-center\" data-align=\"center\">GXP2380<\/td><td class=\"has-text-align-center\" data-align=\"center\">2450mm<\/td><td class=\"has-text-align-center\" data-align=\"center\">8&#8242;<\/td><td class=\"has-text-align-center\" data-align=\"center\">2,30 m3<\/td><\/tr><tr><td class=\"has-text-align-center\" data-align=\"center\">GXP2588<\/td><td class=\"has-text-align-center\" data-align=\"center\">2640mm<\/td><td class=\"has-text-align-center\" data-align=\"center\">8&#8217;8&#8220;<\/td><td class=\"has-text-align-center\" data-align=\"center\">2,50 m3<\/td><\/tr><\/tbody><\/table><\/figure>\n\n<div class=\"wp-block-group is-layout-flow wp-block-group-is-layout-flow\">\n<div class=\"wp-block-group has-primary-background-color has-background is-layout-flow wp-block-group-is-layout-flow\" style=\"margin-top:30px;margin-bottom:30px;padding-top:var(--wp--preset--spacing--40);padding-right:var(--wp--preset--spacing--40);padding-bottom:var(--wp--preset--spacing--40);padding-left:var(--wp--preset--spacing--40)\">\n<h3 class=\"wp-block-heading\">MASCHINEN MIT EINER TRAGF\u00c4HIGKEIT VON BIS ZU 2,7 TONNEN<\/h3>\n<\/div>\n\n\n\n<figure class=\"wp-block-gallery has-nested-images columns-4 is-cropped wp-block-gallery-1 is-layout-flex wp-block-gallery-is-layout-flex\">\n<figure class=\"wp-block-image size-large\"><a href=\"https:\/\/www.whitesmh.co.uk\/wp-content\/uploads\/8ebaa745-054f-486d-9f71-04311b44e1c0-1.jpeg\"><img loading=\"lazy\" decoding=\"async\" width=\"1400\" height=\"1050\" data-id=\"3260\" src=\"https:\/\/www.whitesmh.co.uk\/wp-content\/uploads\/8ebaa745-054f-486d-9f71-04311b44e1c0-1-1400x1050.jpeg\" alt=\"\" class=\"wp-image-3260\" srcset=\"https:\/\/www.whitesmh.co.uk\/wp-content\/uploads\/8ebaa745-054f-486d-9f71-04311b44e1c0-1-1400x1050.jpeg 1400w, https:\/\/www.whitesmh.co.uk\/wp-content\/uploads\/8ebaa745-054f-486d-9f71-04311b44e1c0-1-600x450.jpeg 600w, https:\/\/www.whitesmh.co.uk\/wp-content\/uploads\/8ebaa745-054f-486d-9f71-04311b44e1c0-1-800x600.jpeg 800w, https:\/\/www.whitesmh.co.uk\/wp-content\/uploads\/8ebaa745-054f-486d-9f71-04311b44e1c0-1-768x576.jpeg 768w\" sizes=\"auto, (max-width: 800px) 100vw, 800px\" \/><\/a><\/figure>\n\n\n\n<figure class=\"wp-block-image size-large\"><a href=\"https:\/\/www.whitesmh.co.uk\/wp-content\/uploads\/a0d8bf64-3a49-45bc-ae39-babd9ce6bab8-1.jpeg\"><img loading=\"lazy\" decoding=\"async\" width=\"1400\" height=\"1050\" data-id=\"3258\" src=\"https:\/\/www.whitesmh.co.uk\/wp-content\/uploads\/a0d8bf64-3a49-45bc-ae39-babd9ce6bab8-1-1400x1050.jpeg\" alt=\"\" class=\"wp-image-3258\" srcset=\"https:\/\/www.whitesmh.co.uk\/wp-content\/uploads\/a0d8bf64-3a49-45bc-ae39-babd9ce6bab8-1-1400x1050.jpeg 1400w, https:\/\/www.whitesmh.co.uk\/wp-content\/uploads\/a0d8bf64-3a49-45bc-ae39-babd9ce6bab8-1-600x450.jpeg 600w, https:\/\/www.whitesmh.co.uk\/wp-content\/uploads\/a0d8bf64-3a49-45bc-ae39-babd9ce6bab8-1-800x600.jpeg 800w, https:\/\/www.whitesmh.co.uk\/wp-content\/uploads\/a0d8bf64-3a49-45bc-ae39-babd9ce6bab8-1-768x576.jpeg 768w\" sizes=\"auto, (max-width: 800px) 100vw, 800px\" \/><\/a><\/figure>\n\n\n\n<figure class=\"wp-block-image size-large\"><a href=\"https:\/\/www.whitesmh.co.uk\/wp-content\/uploads\/78059fc0-3ed7-4575-b6a6-76ad085d37f0-1.jpeg\"><img loading=\"lazy\" decoding=\"async\" width=\"1400\" height=\"1050\" data-id=\"3256\" src=\"https:\/\/www.whitesmh.co.uk\/wp-content\/uploads\/78059fc0-3ed7-4575-b6a6-76ad085d37f0-1-1400x1050.jpeg\" alt=\"\" class=\"wp-image-3256\" srcset=\"https:\/\/www.whitesmh.co.uk\/wp-content\/uploads\/78059fc0-3ed7-4575-b6a6-76ad085d37f0-1-1400x1050.jpeg 1400w, https:\/\/www.whitesmh.co.uk\/wp-content\/uploads\/78059fc0-3ed7-4575-b6a6-76ad085d37f0-1-600x450.jpeg 600w, https:\/\/www.whitesmh.co.uk\/wp-content\/uploads\/78059fc0-3ed7-4575-b6a6-76ad085d37f0-1-800x600.jpeg 800w, https:\/\/www.whitesmh.co.uk\/wp-content\/uploads\/78059fc0-3ed7-4575-b6a6-76ad085d37f0-1-768x576.jpeg 768w\" sizes=\"auto, (max-width: 800px) 100vw, 800px\" \/><\/a><\/figure>\n\n\n\n<figure class=\"wp-block-image size-large\"><a href=\"https:\/\/www.whitesmh.co.uk\/wp-content\/uploads\/bf6eafb7-3307-495a-8f83-672a9a9e3ca4-1.jpeg\"><img loading=\"lazy\" decoding=\"async\" width=\"1400\" height=\"1050\" data-id=\"3259\" src=\"https:\/\/www.whitesmh.co.uk\/wp-content\/uploads\/bf6eafb7-3307-495a-8f83-672a9a9e3ca4-1-1400x1050.jpeg\" alt=\"\" class=\"wp-image-3259\" srcset=\"https:\/\/www.whitesmh.co.uk\/wp-content\/uploads\/bf6eafb7-3307-495a-8f83-672a9a9e3ca4-1-1400x1050.jpeg 1400w, https:\/\/www.whitesmh.co.uk\/wp-content\/uploads\/bf6eafb7-3307-495a-8f83-672a9a9e3ca4-1-600x450.jpeg 600w, https:\/\/www.whitesmh.co.uk\/wp-content\/uploads\/bf6eafb7-3307-495a-8f83-672a9a9e3ca4-1-800x600.jpeg 800w, https:\/\/www.whitesmh.co.uk\/wp-content\/uploads\/bf6eafb7-3307-495a-8f83-672a9a9e3ca4-1-768x576.jpeg 768w\" sizes=\"auto, (max-width: 800px) 100vw, 800px\" \/><\/a><\/figure>\n<\/figure>\n\n\n\n<div class=\"wp-block-group has-primary-background-color has-background is-layout-flow wp-block-group-is-layout-flow\" style=\"margin-top:30px;margin-bottom:30px;padding-top:var(--wp--preset--spacing--40);padding-right:var(--wp--preset--spacing--40);padding-bottom:var(--wp--preset--spacing--40);padding-left:var(--wp--preset--spacing--40)\">\n<h3 class=\"wp-block-heading\">MASCHINEN MIT EINER KAPAZIT\u00c4T VON MEHR ALS 3 TONNEN<\/h3>\n<\/div>\n\n\n\n<figure class=\"wp-block-gallery has-nested-images columns-4 is-cropped wp-block-gallery-2 is-layout-flex wp-block-gallery-is-layout-flex\">\n<figure class=\"wp-block-image size-thumbnail\"><a href=\"https:\/\/www.whitesmh.co.uk\/wp-content\/uploads\/IMG_0635-scaled.jpeg\"><img loading=\"lazy\" decoding=\"async\" width=\"400\" height=\"400\" data-id=\"1196\" src=\"https:\/\/www.whitesmh.co.uk\/wp-content\/uploads\/IMG_0635-400x400.jpeg\" alt=\"\" class=\"wp-image-1196\" srcset=\"https:\/\/www.whitesmh.co.uk\/wp-content\/uploads\/IMG_0635-400x400.jpeg 400w, https:\/\/www.whitesmh.co.uk\/wp-content\/uploads\/IMG_0635-scaled-300x300.jpeg 300w, https:\/\/www.whitesmh.co.uk\/wp-content\/uploads\/IMG_0635-scaled-100x100.jpeg 100w\" sizes=\"auto, (max-width: 400px) 100vw, 400px\" \/><\/a><\/figure>\n\n\n\n<figure class=\"wp-block-image size-thumbnail\"><a href=\"https:\/\/www.whitesmh.co.uk\/wp-content\/uploads\/IMG_0633-scaled.jpeg\"><img loading=\"lazy\" decoding=\"async\" width=\"400\" height=\"400\" data-id=\"1195\" src=\"https:\/\/www.whitesmh.co.uk\/wp-content\/uploads\/IMG_0633-400x400.jpeg\" alt=\"\" class=\"wp-image-1195\" srcset=\"https:\/\/www.whitesmh.co.uk\/wp-content\/uploads\/IMG_0633-400x400.jpeg 400w, https:\/\/www.whitesmh.co.uk\/wp-content\/uploads\/IMG_0633-scaled-300x300.jpeg 300w, https:\/\/www.whitesmh.co.uk\/wp-content\/uploads\/IMG_0633-scaled-100x100.jpeg 100w\" sizes=\"auto, (max-width: 400px) 100vw, 400px\" \/><\/a><\/figure>\n\n\n\n<figure class=\"wp-block-image size-thumbnail\"><a href=\"https:\/\/www.whitesmh.co.uk\/wp-content\/uploads\/IMG_0632-scaled.jpeg\"><img loading=\"lazy\" decoding=\"async\" width=\"400\" height=\"400\" data-id=\"1194\" src=\"https:\/\/www.whitesmh.co.uk\/wp-content\/uploads\/IMG_0632-400x400.jpeg\" alt=\"\" class=\"wp-image-1194\" srcset=\"https:\/\/www.whitesmh.co.uk\/wp-content\/uploads\/IMG_0632-400x400.jpeg 400w, https:\/\/www.whitesmh.co.uk\/wp-content\/uploads\/IMG_0632-scaled-300x300.jpeg 300w, https:\/\/www.whitesmh.co.uk\/wp-content\/uploads\/IMG_0632-scaled-100x100.jpeg 100w\" sizes=\"auto, (max-width: 400px) 100vw, 400px\" \/><\/a><\/figure>\n\n\n\n<figure class=\"wp-block-image size-thumbnail\"><a href=\"https:\/\/www.whitesmh.co.uk\/wp-content\/uploads\/HDX1776-1.jpg\"><img loading=\"lazy\" decoding=\"async\" width=\"400\" height=\"400\" data-id=\"1193\" src=\"https:\/\/www.whitesmh.co.uk\/wp-content\/uploads\/HDX1776-1-400x400.jpg\" alt=\"\" class=\"wp-image-1193\" srcset=\"https:\/\/www.whitesmh.co.uk\/wp-content\/uploads\/HDX1776-1-400x400.jpg 400w, https:\/\/www.whitesmh.co.uk\/wp-content\/uploads\/HDX1776-1-300x300.jpg 300w, https:\/\/www.whitesmh.co.uk\/wp-content\/uploads\/HDX1776-1-100x100.jpg 100w\" sizes=\"auto, (max-width: 400px) 100vw, 400px\" \/><\/a><\/figure>\n\n\n\n<figure class=\"wp-block-image size-thumbnail\"><a href=\"https:\/\/www.whitesmh.co.uk\/wp-content\/uploads\/361829643_3445300359025860_6990567537800739337_n-1.jpg\"><img loading=\"lazy\" decoding=\"async\" width=\"400\" height=\"400\" data-id=\"1192\" src=\"https:\/\/www.whitesmh.co.uk\/wp-content\/uploads\/361829643_3445300359025860_6990567537800739337_n-1-400x400.jpg\" alt=\"\" class=\"wp-image-1192\" srcset=\"https:\/\/www.whitesmh.co.uk\/wp-content\/uploads\/361829643_3445300359025860_6990567537800739337_n-1-400x400.jpg 400w, https:\/\/www.whitesmh.co.uk\/wp-content\/uploads\/361829643_3445300359025860_6990567537800739337_n-1-300x300.jpg 300w, https:\/\/www.whitesmh.co.uk\/wp-content\/uploads\/361829643_3445300359025860_6990567537800739337_n-1-100x100.jpg 100w\" sizes=\"auto, (max-width: 400px) 100vw, 400px\" \/><\/a><\/figure>\n\n\n\n<figure class=\"wp-block-image size-thumbnail\"><a href=\"https:\/\/www.whitesmh.co.uk\/wp-content\/uploads\/361682359_234659489465405_1257722017602407132_n.jpg\"><img loading=\"lazy\" decoding=\"async\" width=\"400\" height=\"400\" data-id=\"1191\" src=\"https:\/\/www.whitesmh.co.uk\/wp-content\/uploads\/361682359_234659489465405_1257722017602407132_n-400x400.jpg\" alt=\"\" class=\"wp-image-1191\" srcset=\"https:\/\/www.whitesmh.co.uk\/wp-content\/uploads\/361682359_234659489465405_1257722017602407132_n-400x400.jpg 400w, https:\/\/www.whitesmh.co.uk\/wp-content\/uploads\/361682359_234659489465405_1257722017602407132_n-300x300.jpg 300w, https:\/\/www.whitesmh.co.uk\/wp-content\/uploads\/361682359_234659489465405_1257722017602407132_n-100x100.jpg 100w\" sizes=\"auto, (max-width: 400px) 100vw, 400px\" \/><\/a><\/figure>\n\n\n\n<figure class=\"wp-block-image size-thumbnail\"><a href=\"https:\/\/www.whitesmh.co.uk\/wp-content\/uploads\/IMG_1080-scaled.jpeg\"><img loading=\"lazy\" decoding=\"async\" width=\"400\" height=\"400\" data-id=\"1198\" src=\"https:\/\/www.whitesmh.co.uk\/wp-content\/uploads\/IMG_1080-400x400.jpeg\" alt=\"\" class=\"wp-image-1198\" srcset=\"https:\/\/www.whitesmh.co.uk\/wp-content\/uploads\/IMG_1080-400x400.jpeg 400w, https:\/\/www.whitesmh.co.uk\/wp-content\/uploads\/IMG_1080-scaled-300x300.jpeg 300w, https:\/\/www.whitesmh.co.uk\/wp-content\/uploads\/IMG_1080-scaled-100x100.jpeg 100w\" sizes=\"auto, (max-width: 400px) 100vw, 400px\" \/><\/a><\/figure>\n\n\n\n<figure class=\"wp-block-image size-thumbnail\"><a href=\"https:\/\/www.whitesmh.co.uk\/wp-content\/uploads\/IMG_1079-scaled.jpeg\"><img loading=\"lazy\" decoding=\"async\" width=\"400\" height=\"400\" data-id=\"1197\" src=\"https:\/\/www.whitesmh.co.uk\/wp-content\/uploads\/IMG_1079-400x400.jpeg\" alt=\"\" class=\"wp-image-1197\" srcset=\"https:\/\/www.whitesmh.co.uk\/wp-content\/uploads\/IMG_1079-400x400.jpeg 400w, https:\/\/www.whitesmh.co.uk\/wp-content\/uploads\/IMG_1079-scaled-300x300.jpeg 300w, https:\/\/www.whitesmh.co.uk\/wp-content\/uploads\/IMG_1079-scaled-100x100.jpeg 100w\" sizes=\"auto, (max-width: 400px) 100vw, 400px\" \/><\/a><\/figure>\n\n\n\n<figure class=\"wp-block-image size-thumbnail\"><a href=\"https:\/\/www.whitesmh.co.uk\/wp-content\/uploads\/WhatsApp-Image-2023-11-24-at-16.23.41-scaled.jpeg\"><img loading=\"lazy\" decoding=\"async\" width=\"400\" height=\"400\" data-id=\"1688\" src=\"https:\/\/www.whitesmh.co.uk\/wp-content\/uploads\/WhatsApp-Image-2023-11-24-at-16.23.41-400x400.jpeg\" alt=\"\" class=\"wp-image-1688\" srcset=\"https:\/\/www.whitesmh.co.uk\/wp-content\/uploads\/WhatsApp-Image-2023-11-24-at-16.23.41-400x400.jpeg 400w, https:\/\/www.whitesmh.co.uk\/wp-content\/uploads\/WhatsApp-Image-2023-11-24-at-16.23.41-scaled-300x300.jpeg 300w, https:\/\/www.whitesmh.co.uk\/wp-content\/uploads\/WhatsApp-Image-2023-11-24-at-16.23.41-scaled-100x100.jpeg 100w\" sizes=\"auto, (max-width: 400px) 100vw, 400px\" \/><\/a><\/figure>\n\n\n\n<figure class=\"wp-block-image size-thumbnail\"><a href=\"https:\/\/www.whitesmh.co.uk\/wp-content\/uploads\/1709491502745.jpg\"><img loading=\"lazy\" decoding=\"async\" width=\"400\" height=\"400\" data-id=\"2988\" src=\"https:\/\/www.whitesmh.co.uk\/wp-content\/uploads\/1709491502745-400x400.jpg\" alt=\"\" class=\"wp-image-2988\" srcset=\"https:\/\/www.whitesmh.co.uk\/wp-content\/uploads\/1709491502745-400x400.jpg 400w, https:\/\/www.whitesmh.co.uk\/wp-content\/uploads\/1709491502745-300x300.jpg 300w, https:\/\/www.whitesmh.co.uk\/wp-content\/uploads\/1709491502745-100x100.jpg 100w\" sizes=\"auto, (max-width: 400px) 100vw, 400px\" \/><\/a><\/figure>\n\n\n\n<figure class=\"wp-block-image size-thumbnail\"><a href=\"https:\/\/www.whitesmh.co.uk\/wp-content\/uploads\/WhatsApp-Image-2023-11-24-at-16.23.45-scaled.jpeg\"><img loading=\"lazy\" decoding=\"async\" width=\"400\" height=\"400\" data-id=\"1677\" src=\"https:\/\/www.whitesmh.co.uk\/wp-content\/uploads\/WhatsApp-Image-2023-11-24-at-16.23.45-400x400.jpeg\" alt=\"\" class=\"wp-image-1677\" srcset=\"https:\/\/www.whitesmh.co.uk\/wp-content\/uploads\/WhatsApp-Image-2023-11-24-at-16.23.45-400x400.jpeg 400w, https:\/\/www.whitesmh.co.uk\/wp-content\/uploads\/WhatsApp-Image-2023-11-24-at-16.23.45-scaled-300x300.jpeg 300w, https:\/\/www.whitesmh.co.uk\/wp-content\/uploads\/WhatsApp-Image-2023-11-24-at-16.23.45-scaled-100x100.jpeg 100w\" sizes=\"auto, (max-width: 400px) 100vw, 400px\" \/><\/a><\/figure>\n\n\n\n<figure class=\"wp-block-image size-thumbnail\"><a href=\"https:\/\/www.whitesmh.co.uk\/wp-content\/uploads\/1709491501309.jpg\"><img loading=\"lazy\" decoding=\"async\" width=\"400\" height=\"400\" data-id=\"2987\" src=\"https:\/\/www.whitesmh.co.uk\/wp-content\/uploads\/1709491501309-400x400.jpg\" alt=\"\" class=\"wp-image-2987\" srcset=\"https:\/\/www.whitesmh.co.uk\/wp-content\/uploads\/1709491501309-400x400.jpg 400w, https:\/\/www.whitesmh.co.uk\/wp-content\/uploads\/1709491501309-300x300.jpg 300w, https:\/\/www.whitesmh.co.uk\/wp-content\/uploads\/1709491501309-100x100.jpg 100w\" sizes=\"auto, (max-width: 400px) 100vw, 400px\" \/><\/a><\/figure>\n<\/figure>\n<\/div>\n\n<div class=\"wp-block-group has-primary-background-color has-background is-layout-flow wp-block-group-is-layout-flow\" style=\"margin-top:30px;margin-bottom:30px;padding-top:var(--wp--preset--spacing--40);padding-right:var(--wp--preset--spacing--40);padding-bottom:var(--wp--preset--spacing--40);padding-left:var(--wp--preset--spacing--40)\">\n<h3 class=\"wp-block-heading\">VIDEOS<\/h3>\n<\/div>\n\n<figure class=\"wp-block-embed is-type-video is-provider-youtube wp-block-embed-youtube wp-embed-aspect-16-9 wp-has-aspect-ratio\"><div class=\"wp-block-embed__wrapper\">\n<iframe loading=\"lazy\" title=\"#WhitesDifference - HDX Waste+ Grapple Bucket\" width=\"800\" height=\"450\" src=\"https:\/\/www.youtube.com\/embed\/r3iQuGy6rP0?feature=oembed\" frameborder=\"0\" allow=\"accelerometer; autoplay; clipboard-write; encrypted-media; gyroscope; picture-in-picture; web-share\" referrerpolicy=\"strict-origin-when-cross-origin\" allowfullscreen><\/iframe>\n<\/div><\/figure>\n","protected":false},"excerpt":{"rendered":"<p>HDX WASTE+ GREIFERSCHAUFELN MASCHINEN MIT EINER TRAGF\u00c4HIGKEIT VON BIS ZU 2,7 TONNEN Modell Breite (mm) Breite (ft) Fassungsverm\u00f6gen GB3X1650 1650mm 5&#8217;4&#8220; 0,65 m3 GB3X1850 1850mm 6&#8242; 0,95 m3 MASCHINEN MIT EINER KAPAZIT\u00c4T VON MEHR ALS 3 TONNEN Modell Breite (mm) Breite (ft) Fassungsverm\u00f6gen GXP1776 2290mm 7&#8217;6&#8220; 1,70 m3 GXP2076 2290mm 7&#8217;6&#8220; 2,00 m3 GXP1780 2450mm&hellip;<\/p>\n","protected":false},"featured_media":5081,"template":"","meta":{"_acf_changed":false},"product_brand":[],"product_cat":[296],"product_tag":[],"class_list":{"2":"type-product","7":"product","8":"first","9":"instock","10":"taxable","11":"shipping-taxable","12":"product-type-simple"},"acf":[],"_links":{"self":[{"href":"https:\/\/www.whitesmh.co.uk\/de\/wp-json\/wp\/v2\/product\/5047","targetHints":{"allow":["GET"]}}],"collection":[{"href":"https:\/\/www.whitesmh.co.uk\/de\/wp-json\/wp\/v2\/product"}],"about":[{"href":"https:\/\/www.whitesmh.co.uk\/de\/wp-json\/wp\/v2\/types\/product"}],"wp:featuredmedia":[{"embeddable":true,"href":"https:\/\/www.whitesmh.co.uk\/de\/wp-json\/wp\/v2\/media\/5081"}],"wp:attachment":[{"href":"https:\/\/www.whitesmh.co.uk\/de\/wp-json\/wp\/v2\/media?parent=5047"}],"wp:term":[{"taxonomy":"product_brand","embeddable":true,"href":"https:\/\/www.whitesmh.co.uk\/de\/wp-json\/wp\/v2\/product_brand?post=5047"},{"taxonomy":"product_cat","embeddable":true,"href":"https:\/\/www.whitesmh.co.uk\/de\/wp-json\/wp\/v2\/product_cat?post=5047"},{"taxonomy":"product_tag","embeddable":true,"href":"https:\/\/www.whitesmh.co.uk\/de\/wp-json\/wp\/v2\/product_tag?post=5047"}],"curies":[{"name":"wp","href":"https:\/\/api.w.org\/{rel}","templated":true}]}}