{"id":5008,"date":"2023-11-21T08:36:56","date_gmt":"2023-11-21T08:36:56","guid":{"rendered":"https:\/\/www.whitesmh.co.uk\/products\/adapterplatten\/"},"modified":"2024-11-19T11:20:21","modified_gmt":"2024-11-19T11:20:21","slug":"adapterplatten","status":"publish","type":"product","link":"https:\/\/www.whitesmh.co.uk\/de\/produkt\/adapterplatten\/","title":{"rendered":"Adapterplatten"},"content":{"rendered":"\n<div class=\"wp-block-columns is-layout-flex wp-container-core-columns-is-layout-28f84493 wp-block-columns-is-layout-flex\">\n<div class=\"wp-block-column is-vertically-aligned-center is-layout-flow wp-block-column-is-layout-flow\">\n<figure class=\"wp-block-image size-full\"><img loading=\"lazy\" decoding=\"async\" width=\"2000\" height=\"1500\" src=\"https:\/\/www.whitesmh.co.uk\/wp-content\/uploads\/WhatsApp-Image-2023-11-21-at-08.30.15.jpeg\" alt=\"\" class=\"wp-image-1355\" srcset=\"https:\/\/www.whitesmh.co.uk\/wp-content\/uploads\/WhatsApp-Image-2023-11-21-at-08.30.15.jpeg 2000w, https:\/\/www.whitesmh.co.uk\/wp-content\/uploads\/WhatsApp-Image-2023-11-21-at-08.30.15-600x450.jpeg 600w, https:\/\/www.whitesmh.co.uk\/wp-content\/uploads\/WhatsApp-Image-2023-11-21-at-08.30.15-800x600.jpeg 800w, https:\/\/www.whitesmh.co.uk\/wp-content\/uploads\/WhatsApp-Image-2023-11-21-at-08.30.15-768x576.jpeg 768w\" sizes=\"auto, (max-width: 800px) 100vw, 800px\" \/><\/figure>\n<\/div>\n\n\n\n<div class=\"wp-block-column is-layout-flow wp-block-column-is-layout-flow\">\n<h2 class=\"wp-block-heading\" style=\"text-transform:uppercase\">ADAPTERPLATTEN  <\/h2>\n\n\n\n<p>Die Adapterplatten der WHITES AG-X-Reihe sind so konzipiert, dass sie mit den Schaltpl\u00e4nen der Host-Maschine harmonieren und die Verwendung von Anbauger\u00e4ten jeder Marke erm\u00f6glichen. Die Passung zwischen dem aktuellen Spindelstock der Maschine und dem Anbauger\u00e4t bietet eine kompakte L\u00f6sung.  <\/p>\n\n\n\n<ul class=\"wp-block-list\">\n<li>Erm\u00f6glicht den Anschluss von Anbauteilen \/ Halterungen von Mitbewerbern an die Host-Maschine<\/li>\n\n\n\n<li>Hydraulische \/ manuelle Verriegelungsoptionen<\/li>\n\n\n\n<li>Endverbindungsschl\u00e4uche nicht im Lieferumfang enthalten<\/li>\n\n\n\n<li>Optionale Palettengabeln &#8211; JCB-Modelle<\/li>\n<\/ul>\n\n\n\n<div class=\"wp-block-columns is-layout-flex wp-container-core-columns-is-layout-28f84493 wp-block-columns-is-layout-flex\">\n<div class=\"wp-block-column is-layout-flow wp-block-column-is-layout-flow\" style=\"flex-basis:100%\">\n<figure class=\"wp-block-image size-medium is-resized\"><img loading=\"lazy\" decoding=\"async\" width=\"800\" height=\"135\" src=\"https:\/\/www.whitesmh.co.uk\/wp-content\/uploads\/MIB-AGX-800x135.jpg\" alt=\"\" class=\"wp-image-1173\" style=\"width:268px;height:auto\" srcset=\"https:\/\/www.whitesmh.co.uk\/wp-content\/uploads\/MIB-AGX-800x135.jpg 800w, https:\/\/www.whitesmh.co.uk\/wp-content\/uploads\/MIB-AGX-600x101.jpg 600w, https:\/\/www.whitesmh.co.uk\/wp-content\/uploads\/MIB-AGX-768x129.jpg 768w, https:\/\/www.whitesmh.co.uk\/wp-content\/uploads\/MIB-AGX.jpg 1046w\" sizes=\"auto, (max-width: 800px) 100vw, 800px\" \/><\/figure>\n<\/div>\n<\/div>\n\n\n\n<div class=\"wp-block-buttons is-layout-flex wp-block-buttons-is-layout-flex\">\n<div class=\"wp-block-button\"><a class=\"wp-block-button__link wp-element-button\" href=\"https:\/\/www.whitesmh.co.uk\/contact\/\">KONTAKTIEREN SIE UNS<\/a><\/div>\n\n\n\n<div class=\"wp-block-button\"><a class=\"wp-block-button__link wp-element-button\" href=\"https:\/\/www.whitesmh.co.uk\/wp-content\/uploads\/WMH-Data-Sheet-Headstocks-Adaptor-Plates.pptx\" target=\"_blank\" rel=\"noreferrer noopener\">DATENBLATT<\/a><\/div>\n<\/div>\n<\/div>\n<\/div>\n\n<div class=\"wp-block-group is-layout-flow wp-block-group-is-layout-flow\">\n<div class=\"wp-block-group has-primary-background-color has-background is-layout-flow wp-block-group-is-layout-flow\" style=\"margin-top:30px;margin-bottom:30px;padding-top:var(--wp--preset--spacing--40);padding-right:var(--wp--preset--spacing--40);padding-bottom:var(--wp--preset--spacing--40);padding-left:var(--wp--preset--spacing--40)\">\n<h3 class=\"wp-block-heading\">GALERIE<\/h3>\n<\/div>\n\n\n\n<figure class=\"wp-block-gallery has-nested-images columns-4 is-cropped wp-block-gallery-1 is-layout-flex wp-block-gallery-is-layout-flex\">\n<figure class=\"wp-block-image size-thumbnail\"><a href=\"https:\/\/www.whitesmh.co.uk\/wp-content\/uploads\/Manitou-JCB-Q-Fit-Adaptor-3.jpg\"><img loading=\"lazy\" decoding=\"async\" width=\"400\" height=\"400\" data-id=\"1360\" src=\"https:\/\/www.whitesmh.co.uk\/wp-content\/uploads\/Manitou-JCB-Q-Fit-Adaptor-3-400x400.jpg\" alt=\"\" class=\"wp-image-1360\" srcset=\"https:\/\/www.whitesmh.co.uk\/wp-content\/uploads\/Manitou-JCB-Q-Fit-Adaptor-3-400x400.jpg 400w, https:\/\/www.whitesmh.co.uk\/wp-content\/uploads\/Manitou-JCB-Q-Fit-Adaptor-3-300x300.jpg 300w, https:\/\/www.whitesmh.co.uk\/wp-content\/uploads\/Manitou-JCB-Q-Fit-Adaptor-3-100x100.jpg 100w\" sizes=\"auto, (max-width: 400px) 100vw, 400px\" \/><\/a><figcaption class=\"wp-element-caption\">Manitou zu JCB Q Fit<\/figcaption><\/figure>\n\n\n\n<figure class=\"wp-block-image size-thumbnail\"><a href=\"https:\/\/www.whitesmh.co.uk\/wp-content\/uploads\/Manitou-JCB-Q-Fit-Adaptor-2.jpg\"><img loading=\"lazy\" decoding=\"async\" width=\"400\" height=\"400\" data-id=\"1359\" src=\"https:\/\/www.whitesmh.co.uk\/wp-content\/uploads\/Manitou-JCB-Q-Fit-Adaptor-2-400x400.jpg\" alt=\"\" class=\"wp-image-1359\" srcset=\"https:\/\/www.whitesmh.co.uk\/wp-content\/uploads\/Manitou-JCB-Q-Fit-Adaptor-2-400x400.jpg 400w, https:\/\/www.whitesmh.co.uk\/wp-content\/uploads\/Manitou-JCB-Q-Fit-Adaptor-2-300x300.jpg 300w, https:\/\/www.whitesmh.co.uk\/wp-content\/uploads\/Manitou-JCB-Q-Fit-Adaptor-2-100x100.jpg 100w\" sizes=\"auto, (max-width: 400px) 100vw, 400px\" \/><\/a><figcaption class=\"wp-element-caption\">Manitou zu JCB Q Fit<\/figcaption><\/figure>\n\n\n\n<figure class=\"wp-block-image size-thumbnail\"><a href=\"https:\/\/www.whitesmh.co.uk\/wp-content\/uploads\/Adaptor-Plate-4.jpg\"><img loading=\"lazy\" decoding=\"async\" width=\"400\" height=\"400\" data-id=\"1358\" src=\"https:\/\/www.whitesmh.co.uk\/wp-content\/uploads\/Adaptor-Plate-4-400x400.jpg\" alt=\"\" class=\"wp-image-1358\" srcset=\"https:\/\/www.whitesmh.co.uk\/wp-content\/uploads\/Adaptor-Plate-4-400x400.jpg 400w, https:\/\/www.whitesmh.co.uk\/wp-content\/uploads\/Adaptor-Plate-4-300x300.jpg 300w, https:\/\/www.whitesmh.co.uk\/wp-content\/uploads\/Adaptor-Plate-4-100x100.jpg 100w\" sizes=\"auto, (max-width: 400px) 100vw, 400px\" \/><\/a><figcaption class=\"wp-element-caption\">Faresin nach Merlo<\/figcaption><\/figure>\n\n\n\n<figure class=\"wp-block-image size-thumbnail\"><a href=\"https:\/\/www.whitesmh.co.uk\/wp-content\/uploads\/Adaptor-Plate-1.jpg\"><img loading=\"lazy\" decoding=\"async\" width=\"400\" height=\"400\" data-id=\"1357\" src=\"https:\/\/www.whitesmh.co.uk\/wp-content\/uploads\/Adaptor-Plate-1-400x400.jpg\" alt=\"\" class=\"wp-image-1357\" srcset=\"https:\/\/www.whitesmh.co.uk\/wp-content\/uploads\/Adaptor-Plate-1-400x400.jpg 400w, https:\/\/www.whitesmh.co.uk\/wp-content\/uploads\/Adaptor-Plate-1-300x300.jpg 300w, https:\/\/www.whitesmh.co.uk\/wp-content\/uploads\/Adaptor-Plate-1-100x100.jpg 100w\" sizes=\"auto, (max-width: 400px) 100vw, 400px\" \/><\/a><figcaption class=\"wp-element-caption\">Euro zu Skidsteer<\/figcaption><\/figure>\n\n\n\n<figure class=\"wp-block-image size-thumbnail\"><a href=\"https:\/\/www.whitesmh.co.uk\/wp-content\/uploads\/IP33W1EC08-IMAGE-2.jpg\"><img loading=\"lazy\" decoding=\"async\" width=\"400\" height=\"400\" data-id=\"2249\" src=\"https:\/\/www.whitesmh.co.uk\/wp-content\/uploads\/IP33W1EC08-IMAGE-2-400x400.jpg\" alt=\"\" class=\"wp-image-2249\" srcset=\"https:\/\/www.whitesmh.co.uk\/wp-content\/uploads\/IP33W1EC08-IMAGE-2-400x400.jpg 400w, https:\/\/www.whitesmh.co.uk\/wp-content\/uploads\/IP33W1EC08-IMAGE-2-300x300.jpg 300w, https:\/\/www.whitesmh.co.uk\/wp-content\/uploads\/IP33W1EC08-IMAGE-2-100x100.jpg 100w\" sizes=\"auto, (max-width: 400px) 100vw, 400px\" \/><\/a><figcaption class=\"wp-element-caption\">Weidemann zu Euro<\/figcaption><\/figure>\n\n\n\n<figure class=\"wp-block-image size-thumbnail\"><a href=\"https:\/\/www.whitesmh.co.uk\/wp-content\/uploads\/IP33W1EC08-IMAGE-1.jpg\"><img loading=\"lazy\" decoding=\"async\" width=\"400\" height=\"400\" data-id=\"2248\" src=\"https:\/\/www.whitesmh.co.uk\/wp-content\/uploads\/IP33W1EC08-IMAGE-1-400x400.jpg\" alt=\"\" class=\"wp-image-2248\" srcset=\"https:\/\/www.whitesmh.co.uk\/wp-content\/uploads\/IP33W1EC08-IMAGE-1-400x400.jpg 400w, https:\/\/www.whitesmh.co.uk\/wp-content\/uploads\/IP33W1EC08-IMAGE-1-300x300.jpg 300w, https:\/\/www.whitesmh.co.uk\/wp-content\/uploads\/IP33W1EC08-IMAGE-1-100x100.jpg 100w\" sizes=\"auto, (max-width: 400px) 100vw, 400px\" \/><\/a><figcaption class=\"wp-element-caption\">Weidemann zu Euro<\/figcaption><\/figure>\n\n\n\n<figure class=\"wp-block-image size-thumbnail\"><a href=\"https:\/\/www.whitesmh.co.uk\/wp-content\/uploads\/Adaptor-Plate-3.jpg\"><img loading=\"lazy\" decoding=\"async\" width=\"400\" height=\"400\" data-id=\"2251\" src=\"https:\/\/www.whitesmh.co.uk\/wp-content\/uploads\/Adaptor-Plate-3-400x400.jpg\" alt=\"\" class=\"wp-image-2251\" srcset=\"https:\/\/www.whitesmh.co.uk\/wp-content\/uploads\/Adaptor-Plate-3-400x400.jpg 400w, https:\/\/www.whitesmh.co.uk\/wp-content\/uploads\/Adaptor-Plate-3-300x300.jpg 300w, https:\/\/www.whitesmh.co.uk\/wp-content\/uploads\/Adaptor-Plate-3-100x100.jpg 100w\" sizes=\"auto, (max-width: 400px) 100vw, 400px\" \/><\/a><figcaption class=\"wp-element-caption\">Faresin nach Merlo<\/figcaption><\/figure>\n\n\n\n<figure class=\"wp-block-image size-thumbnail\"><a href=\"https:\/\/www.whitesmh.co.uk\/wp-content\/uploads\/Manitou-JCB-Q-Fit-Adaptor-w-forks-1.jpg\"><img loading=\"lazy\" decoding=\"async\" width=\"400\" height=\"400\" data-id=\"2253\" src=\"https:\/\/www.whitesmh.co.uk\/wp-content\/uploads\/Manitou-JCB-Q-Fit-Adaptor-w-forks-1-400x400.jpg\" alt=\"\" class=\"wp-image-2253\" srcset=\"https:\/\/www.whitesmh.co.uk\/wp-content\/uploads\/Manitou-JCB-Q-Fit-Adaptor-w-forks-1-400x400.jpg 400w, https:\/\/www.whitesmh.co.uk\/wp-content\/uploads\/Manitou-JCB-Q-Fit-Adaptor-w-forks-1-300x300.jpg 300w, https:\/\/www.whitesmh.co.uk\/wp-content\/uploads\/Manitou-JCB-Q-Fit-Adaptor-w-forks-1-100x100.jpg 100w\" sizes=\"auto, (max-width: 400px) 100vw, 400px\" \/><\/a><figcaption class=\"wp-element-caption\">Manitou zu JCB Q Fit mit Gabeln<\/figcaption><\/figure>\n<\/figure>\n<\/div>\n\n<div class=\"wp-block-group is-layout-constrained wp-block-group-is-layout-constrained\">\n<div class=\"wp-block-group alignfull has-primary-background-color has-background is-layout-flow wp-block-group-is-layout-flow\" style=\"margin-top:30px;margin-bottom:30px;padding-top:var(--wp--preset--spacing--40);padding-right:var(--wp--preset--spacing--40);padding-bottom:var(--wp--preset--spacing--40);padding-left:var(--wp--preset--spacing--40)\">\n<h3 class=\"wp-block-heading alignfull\">VERWANDTE PRODUKTE<\/h3>\n<\/div>\n\n\n\n<div class=\"product-grid flex\">\n\t\t<div class=\"col-25 padBottom\">\n\t\t<a href=\"https:\/\/www.whitesmh.co.uk\/de\/produkt\/wettbewerbsfaehige-kopfplatten\/\" title=\"Wettbewerbsf\u00e4hige Kopfplatten\" class=\"block radius\">\n\t\t\t\t\t\t<div class=\"thumb\">\n\t\t\t\t<img loading=\"lazy\" decoding=\"async\" width=\"400\" height=\"400\" src=\"https:\/\/www.whitesmh.co.uk\/wp-content\/uploads\/Headstock-5-400x400.jpg\" class=\"attachment-thumbnail size-thumbnail wp-post-image\" alt=\"\" srcset=\"https:\/\/www.whitesmh.co.uk\/wp-content\/uploads\/Headstock-5-400x400.jpg 400w, https:\/\/www.whitesmh.co.uk\/wp-content\/uploads\/Headstock-5-300x300.jpg 300w, https:\/\/www.whitesmh.co.uk\/wp-content\/uploads\/Headstock-5-100x100.jpg 100w\" sizes=\"auto, (max-width: 400px) 100vw, 400px\" \/>\t\t\t\t\t\t\t\t\t\n\t\t\t<\/div>\n\t\t\t\t\t\t<div class=\"meta smlPadAll\">\n\t\t\t\t<h4 class=\"no-margin\">Wettbewerbsf\u00e4hige Kopfplatten<\/h4>\n\t\t\t\t<span class=\"blue button marTop\">Find out more <i class=\"fa-solid fa-chevron-right\"><\/i><\/span>\n\t\t\t<\/div>\n\t\t<\/a>\n\t<\/div>\n\t<\/div>\n<\/div>\n","protected":false},"excerpt":{"rendered":"<p>ADAPTERPLATTEN Die Adapterplatten der WHITES AG-X-Reihe sind so konzipiert, dass sie mit den Schaltpl\u00e4nen der Host-Maschine harmonieren und die Verwendung von Anbauger\u00e4ten jeder Marke erm\u00f6glichen. Die Passung zwischen dem aktuellen Spindelstock der Maschine und dem Anbauger\u00e4t bietet eine kompakte L\u00f6sung. GALERIE VERWANDTE PRODUKTE<\/p>\n","protected":false},"featured_media":5037,"template":"","meta":{"_acf_changed":false},"product_brand":[],"product_cat":[311],"product_tag":[],"class_list":{"2":"type-product","7":"product","8":"first","9":"instock","10":"taxable","11":"shipping-taxable","12":"product-type-simple"},"acf":[],"_links":{"self":[{"href":"https:\/\/www.whitesmh.co.uk\/de\/wp-json\/wp\/v2\/product\/5008","targetHints":{"allow":["GET"]}}],"collection":[{"href":"https:\/\/www.whitesmh.co.uk\/de\/wp-json\/wp\/v2\/product"}],"about":[{"href":"https:\/\/www.whitesmh.co.uk\/de\/wp-json\/wp\/v2\/types\/product"}],"wp:featuredmedia":[{"embeddable":true,"href":"https:\/\/www.whitesmh.co.uk\/de\/wp-json\/wp\/v2\/media\/5037"}],"wp:attachment":[{"href":"https:\/\/www.whitesmh.co.uk\/de\/wp-json\/wp\/v2\/media?parent=5008"}],"wp:term":[{"taxonomy":"product_brand","embeddable":true,"href":"https:\/\/www.whitesmh.co.uk\/de\/wp-json\/wp\/v2\/product_brand?post=5008"},{"taxonomy":"product_cat","embeddable":true,"href":"https:\/\/www.whitesmh.co.uk\/de\/wp-json\/wp\/v2\/product_cat?post=5008"},{"taxonomy":"product_tag","embeddable":true,"href":"https:\/\/www.whitesmh.co.uk\/de\/wp-json\/wp\/v2\/product_tag?post=5008"}],"curies":[{"name":"wp","href":"https:\/\/api.w.org\/{rel}","templated":true}]}}