{"id":4978,"date":"2023-11-22T09:50:35","date_gmt":"2023-11-22T09:50:35","guid":{"rendered":"https:\/\/www.whitesmh.co.uk\/products\/eimer-mit-seitlicher-spitze\/"},"modified":"2024-11-19T11:28:17","modified_gmt":"2024-11-19T11:28:17","slug":"eimer-mit-seitlicher-spitze","status":"publish","type":"product","link":"https:\/\/www.whitesmh.co.uk\/de\/produkt\/eimer-mit-seitlicher-spitze\/","title":{"rendered":"Eimer mit seitlicher Spitze"},"content":{"rendered":"\n<div class=\"wp-block-columns is-layout-flex wp-container-core-columns-is-layout-28f84493 wp-block-columns-is-layout-flex\">\n<div class=\"wp-block-column is-vertically-aligned-center is-layout-flow wp-block-column-is-layout-flow\">\n<figure class=\"wp-block-image size-full\"><img loading=\"lazy\" decoding=\"async\" width=\"2000\" height=\"1500\" src=\"https:\/\/www.whitesmh.co.uk\/wp-content\/uploads\/IMG_1668-scaled.jpeg\" alt=\"\" class=\"wp-image-1514\" srcset=\"https:\/\/www.whitesmh.co.uk\/wp-content\/uploads\/IMG_1668-scaled.jpeg 2000w, https:\/\/www.whitesmh.co.uk\/wp-content\/uploads\/IMG_1668-scaled-600x450.jpeg 600w, https:\/\/www.whitesmh.co.uk\/wp-content\/uploads\/IMG_1668-800x600.jpeg 800w, https:\/\/www.whitesmh.co.uk\/wp-content\/uploads\/IMG_1668-768x576.jpeg 768w\" sizes=\"auto, (max-width: 800px) 100vw, 800px\" \/><\/figure>\n<\/div>\n\n\n\n<div class=\"wp-block-column is-layout-flow wp-block-column-is-layout-flow\">\n<h2 class=\"wp-block-heading\" style=\"text-transform:uppercase\">SEITLICHE KIPPSCHAUFELN<\/h2>\n\n\n\n<p>Die WHITES Side Tip Bucket erm\u00f6glicht das pr\u00e4zise Laden von Materialien links oder rechts von der Maschine &#8211; je nach gew\u00e4hltem Modell.  <\/p>\n\n\n\n<ul class=\"wp-block-list\">\n<li>Erh\u00e4ltlich als Links- oder Rechtskipper<\/li>\n\n\n\n<li>Niedrige Kippposition<\/li>\n\n\n\n<li>Robustes Einzylinder-Design<\/li>\n\n\n\n<li>Geeignet zum Bef\u00fcllen von Gr\u00e4ben oder Futtertr\u00f6gen<\/li>\n\n\n\n<li>6R &#8211; Rechts oder 6L &#8211; Linkskipper<\/li>\n\n\n\n<li>Andere Gr\u00f6\u00dfen auf Anfrage erh\u00e4ltlich<\/li>\n<\/ul>\n\n\n\n<div class=\"wp-block-columns is-layout-flex wp-container-core-columns-is-layout-28f84493 wp-block-columns-is-layout-flex\">\n<div class=\"wp-block-column is-layout-flow wp-block-column-is-layout-flow\" style=\"flex-basis:100%\">\n<figure class=\"wp-block-image size-full is-resized\"><img loading=\"lazy\" decoding=\"async\" width=\"626\" height=\"152\" src=\"https:\/\/www.whitesmh.co.uk\/wp-content\/uploads\/Made-in-Britain2.png\" alt=\"\" class=\"wp-image-924\" style=\"width:268px;height:auto\" srcset=\"https:\/\/www.whitesmh.co.uk\/wp-content\/uploads\/Made-in-Britain2.png 626w, https:\/\/www.whitesmh.co.uk\/wp-content\/uploads\/Made-in-Britain2-600x146.png 600w\" sizes=\"auto, (max-width: 626px) 100vw, 626px\" \/><\/figure>\n<\/div>\n<\/div>\n\n\n\n<div class=\"wp-block-buttons is-layout-flex wp-block-buttons-is-layout-flex\">\n<div class=\"wp-block-button\"><a class=\"wp-block-button__link wp-element-button\" href=\"https:\/\/www.whitesmh.co.uk\/contact\/\">KONTAKTIEREN SIE UNS<\/a><\/div>\n\n\n\n<div class=\"wp-block-button\"><a class=\"wp-block-button__link wp-element-button\" href=\"https:\/\/www.whitesmh.co.uk\/docs\/side-tip-bucket-product-support\/\">PRODUKT-SUPPORT<\/a><\/div>\n\n\n\n<div class=\"wp-block-button\"><a class=\"wp-block-button__link wp-element-button\" href=\"https:\/\/www.whitesmh.co.uk\/wp-content\/uploads\/WMH-Data-Sheet-Side-Tip-Buckets.pptx\" target=\"_blank\" rel=\"noreferrer noopener\">DATENBLATT<\/a><\/div>\n<\/div>\n<\/div>\n<\/div>\n\n<div class=\"wp-block-group has-primary-background-color has-background is-layout-flow wp-block-group-is-layout-flow\" style=\"margin-top:30px;margin-bottom:30px;padding-top:var(--wp--preset--spacing--40);padding-right:var(--wp--preset--spacing--40);padding-bottom:var(--wp--preset--spacing--40);padding-left:var(--wp--preset--spacing--40)\">\n<h3 class=\"wp-block-heading\">MODELLE<\/h3>\n<\/div>\n\n<figure class=\"wp-block-table\"><table><tbody><tr><td class=\"has-text-align-center\" data-align=\"center\"><strong>Modell<\/strong><\/td><td class=\"has-text-align-center\" data-align=\"center\"><strong>Breite (mm)<\/strong><\/td><td class=\"has-text-align-center\" data-align=\"center\"><strong>Fassungsverm\u00f6gen<\/strong><\/td><td class=\"has-text-align-center\" data-align=\"center\"><strong>M\u00fcllkippe<\/strong><\/td><\/tr><tr><td class=\"has-text-align-center\" data-align=\"center\">ST-6L-2000<\/td><td class=\"has-text-align-center\" data-align=\"center\">2000mm<\/td><td class=\"has-text-align-center\" data-align=\"center\">1,03 m3<\/td><td class=\"has-text-align-center\" data-align=\"center\">Links<\/td><\/tr><tr><td class=\"has-text-align-center\" data-align=\"center\">ST-6R-2000<\/td><td class=\"has-text-align-center\" data-align=\"center\">2000mm<\/td><td class=\"has-text-align-center\" data-align=\"center\">1,03 m3<\/td><td class=\"has-text-align-center\" data-align=\"center\">Rechts<\/td><\/tr><tr><td class=\"has-text-align-center\" data-align=\"center\">ST-6L-2300<\/td><td class=\"has-text-align-center\" data-align=\"center\">2300mm<\/td><td class=\"has-text-align-center\" data-align=\"center\">1,40 m3<\/td><td class=\"has-text-align-center\" data-align=\"center\">Links<\/td><\/tr><tr><td class=\"has-text-align-center\" data-align=\"center\">ST-6L-2300<\/td><td class=\"has-text-align-center\" data-align=\"center\">2300mm<\/td><td class=\"has-text-align-center\" data-align=\"center\">1,40 m3<\/td><td class=\"has-text-align-center\" data-align=\"center\">Rechts<\/td><\/tr><\/tbody><\/table><\/figure>\n\n<div class=\"wp-block-group is-layout-flow wp-block-group-is-layout-flow\">\n<div class=\"wp-block-group has-primary-background-color has-background is-layout-flow wp-block-group-is-layout-flow\" style=\"margin-top:30px;margin-bottom:30px;padding-top:var(--wp--preset--spacing--40);padding-right:var(--wp--preset--spacing--40);padding-bottom:var(--wp--preset--spacing--40);padding-left:var(--wp--preset--spacing--40)\">\n<h3 class=\"wp-block-heading\">GALERIE<\/h3>\n<\/div>\n\n\n\n<figure class=\"wp-block-gallery has-nested-images columns-4 is-cropped wp-block-gallery-1 is-layout-flex wp-block-gallery-is-layout-flex\">\n<figure class=\"wp-block-image size-thumbnail\"><a href=\"https:\/\/www.whitesmh.co.uk\/wp-content\/uploads\/IMG_1669-scaled.jpeg\"><img loading=\"lazy\" decoding=\"async\" width=\"400\" height=\"400\" data-id=\"1515\" src=\"https:\/\/www.whitesmh.co.uk\/wp-content\/uploads\/IMG_1669-400x400.jpeg\" alt=\"\" class=\"wp-image-1515\" srcset=\"https:\/\/www.whitesmh.co.uk\/wp-content\/uploads\/IMG_1669-400x400.jpeg 400w, https:\/\/www.whitesmh.co.uk\/wp-content\/uploads\/IMG_1669-scaled-300x300.jpeg 300w, https:\/\/www.whitesmh.co.uk\/wp-content\/uploads\/IMG_1669-scaled-100x100.jpeg 100w\" sizes=\"auto, (max-width: 400px) 100vw, 400px\" \/><\/a><\/figure>\n\n\n\n<figure class=\"wp-block-image size-thumbnail\"><a href=\"https:\/\/www.whitesmh.co.uk\/wp-content\/uploads\/IMG_1670-scaled.jpeg\"><img loading=\"lazy\" decoding=\"async\" width=\"400\" height=\"400\" data-id=\"1516\" src=\"https:\/\/www.whitesmh.co.uk\/wp-content\/uploads\/IMG_1670-400x400.jpeg\" alt=\"\" class=\"wp-image-1516\" srcset=\"https:\/\/www.whitesmh.co.uk\/wp-content\/uploads\/IMG_1670-400x400.jpeg 400w, https:\/\/www.whitesmh.co.uk\/wp-content\/uploads\/IMG_1670-scaled-300x300.jpeg 300w, https:\/\/www.whitesmh.co.uk\/wp-content\/uploads\/IMG_1670-scaled-100x100.jpeg 100w\" sizes=\"auto, (max-width: 400px) 100vw, 400px\" \/><\/a><\/figure>\n\n\n\n<figure class=\"wp-block-image size-thumbnail\"><a href=\"https:\/\/www.whitesmh.co.uk\/wp-content\/uploads\/IMG_1671-scaled.jpeg\"><img loading=\"lazy\" decoding=\"async\" width=\"400\" height=\"400\" data-id=\"1518\" src=\"https:\/\/www.whitesmh.co.uk\/wp-content\/uploads\/IMG_1671-400x400.jpeg\" alt=\"\" class=\"wp-image-1518\" srcset=\"https:\/\/www.whitesmh.co.uk\/wp-content\/uploads\/IMG_1671-400x400.jpeg 400w, https:\/\/www.whitesmh.co.uk\/wp-content\/uploads\/IMG_1671-scaled-300x300.jpeg 300w, https:\/\/www.whitesmh.co.uk\/wp-content\/uploads\/IMG_1671-scaled-100x100.jpeg 100w\" sizes=\"auto, (max-width: 400px) 100vw, 400px\" \/><\/a><\/figure>\n\n\n\n<figure class=\"wp-block-image size-thumbnail\"><a href=\"https:\/\/www.whitesmh.co.uk\/wp-content\/uploads\/IMG_1673-scaled.jpeg\"><img loading=\"lazy\" decoding=\"async\" width=\"400\" height=\"400\" data-id=\"1519\" src=\"https:\/\/www.whitesmh.co.uk\/wp-content\/uploads\/IMG_1673-400x400.jpeg\" alt=\"\" class=\"wp-image-1519\" srcset=\"https:\/\/www.whitesmh.co.uk\/wp-content\/uploads\/IMG_1673-400x400.jpeg 400w, https:\/\/www.whitesmh.co.uk\/wp-content\/uploads\/IMG_1673-scaled-300x300.jpeg 300w, https:\/\/www.whitesmh.co.uk\/wp-content\/uploads\/IMG_1673-scaled-100x100.jpeg 100w\" sizes=\"auto, (max-width: 400px) 100vw, 400px\" \/><\/a><\/figure>\n<\/figure>\n<\/div>\n","protected":false},"excerpt":{"rendered":"<p>SEITLICHE KIPPSCHAUFELN Die WHITES Side Tip Bucket erm\u00f6glicht das pr\u00e4zise Laden von Materialien links oder rechts von der Maschine &#8211; je nach gew\u00e4hltem Modell. MODELLE Modell Breite (mm) Fassungsverm\u00f6gen M\u00fcllkippe ST-6L-2000 2000mm 1,03 m3 Links ST-6R-2000 2000mm 1,03 m3 Rechts ST-6L-2300 2300mm 1,40 m3 Links ST-6L-2300 2300mm 1,40 m3 Rechts GALERIE<\/p>\n","protected":false},"featured_media":4980,"template":"","meta":{"_acf_changed":false},"product_brand":[],"product_cat":[294],"product_tag":[],"class_list":{"2":"type-product","7":"product","8":"first","9":"instock","10":"taxable","11":"shipping-taxable","12":"product-type-simple"},"acf":[],"_links":{"self":[{"href":"https:\/\/www.whitesmh.co.uk\/de\/wp-json\/wp\/v2\/product\/4978","targetHints":{"allow":["GET"]}}],"collection":[{"href":"https:\/\/www.whitesmh.co.uk\/de\/wp-json\/wp\/v2\/product"}],"about":[{"href":"https:\/\/www.whitesmh.co.uk\/de\/wp-json\/wp\/v2\/types\/product"}],"wp:featuredmedia":[{"embeddable":true,"href":"https:\/\/www.whitesmh.co.uk\/de\/wp-json\/wp\/v2\/media\/4980"}],"wp:attachment":[{"href":"https:\/\/www.whitesmh.co.uk\/de\/wp-json\/wp\/v2\/media?parent=4978"}],"wp:term":[{"taxonomy":"product_brand","embeddable":true,"href":"https:\/\/www.whitesmh.co.uk\/de\/wp-json\/wp\/v2\/product_brand?post=4978"},{"taxonomy":"product_cat","embeddable":true,"href":"https:\/\/www.whitesmh.co.uk\/de\/wp-json\/wp\/v2\/product_cat?post=4978"},{"taxonomy":"product_tag","embeddable":true,"href":"https:\/\/www.whitesmh.co.uk\/de\/wp-json\/wp\/v2\/product_tag?post=4978"}],"curies":[{"name":"wp","href":"https:\/\/api.w.org\/{rel}","templated":true}]}}