{"id":4975,"date":"2023-11-21T09:05:09","date_gmt":"2023-11-21T09:05:09","guid":{"rendered":"https:\/\/www.whitesmh.co.uk\/products\/ag-x-buckrakes\/"},"modified":"2024-11-19T11:27:14","modified_gmt":"2024-11-19T11:27:14","slug":"ag-x-buckrakes","status":"publish","type":"product","link":"https:\/\/www.whitesmh.co.uk\/de\/produkt\/ag-x-buckrakes\/","title":{"rendered":"AG-X Buckrakes"},"content":{"rendered":"\n<div class=\"wp-block-columns is-layout-flex wp-container-core-columns-is-layout-28f84493 wp-block-columns-is-layout-flex\">\n<div class=\"wp-block-column is-vertically-aligned-center is-layout-flow wp-block-column-is-layout-flow\">\n<figure class=\"wp-block-image size-full\"><img loading=\"lazy\" decoding=\"async\" width=\"2000\" height=\"1500\" src=\"https:\/\/www.whitesmh.co.uk\/wp-content\/uploads\/IMG_3498-1-scaled.jpeg\" alt=\"\" class=\"wp-image-1048\" srcset=\"https:\/\/www.whitesmh.co.uk\/wp-content\/uploads\/IMG_3498-1-scaled.jpeg 2000w, https:\/\/www.whitesmh.co.uk\/wp-content\/uploads\/IMG_3498-1-scaled-600x450.jpeg 600w, https:\/\/www.whitesmh.co.uk\/wp-content\/uploads\/IMG_3498-1-800x600.jpeg 800w, https:\/\/www.whitesmh.co.uk\/wp-content\/uploads\/IMG_3498-1-768x576.jpeg 768w\" sizes=\"auto, (max-width: 800px) 100vw, 800px\" \/><\/figure>\n<\/div>\n\n\n\n<div class=\"wp-block-column is-layout-flow wp-block-column-is-layout-flow\">\n<h2 class=\"wp-block-heading\" style=\"text-transform:uppercase\">AG-X BUCKRAKES<\/h2>\n\n\n\n<p>Die WHITES AG-X-Serie von Buckrakes wurde entwickelt, um die Anforderungen von Lohnunternehmern und schweren landwirtschaftlichen Eins\u00e4tzen zu erf\u00fcllen. Ein \u00fcbertechnisches Design sorgt f\u00fcr Zuverl\u00e4ssigkeit w\u00e4hrend dieser intensiven Silagesaisons.<\/p>\n\n\n\n<ul class=\"wp-block-list\">\n<li>1650 mm lange Hardox-Zinken<\/li>\n\n\n\n<li>Hunder\u00fcckhaltung f\u00fcr die Gate-Bewegung<\/li>\n\n\n\n<li>Doppelseitige Zinken<\/li>\n\n\n\n<li>Geh\u00e4rtete Boden- und Seitenverschlei\u00dfplatten<\/li>\n\n\n\n<li>Lasergeschnittenes Tor \u2013 hohe Festigkeit und Sichtbarkeit (Netzoption verf\u00fcgbar)<\/li>\n\n\n\n<li>Hydraulikzylinder mit hoher Kapazit\u00e4t<\/li>\n\n\n\n<li>Dreipunkt-Gest\u00e4nge<\/li>\n\n\n\n<li>Reflektierende Streifen<\/li>\n\n\n\n<li>Optionales personalisiertes Typenschild<\/li>\n\n\n\n<li>Optionale Radladerschraube an den Halterungen<\/li>\n<\/ul>\n\n\n\n<div class=\"wp-block-columns is-layout-flex wp-container-core-columns-is-layout-28f84493 wp-block-columns-is-layout-flex\">\n<div class=\"wp-block-column is-layout-flow wp-block-column-is-layout-flow\" style=\"flex-basis:100%\">\n<figure class=\"wp-block-image size-medium is-resized\"><img loading=\"lazy\" decoding=\"async\" width=\"800\" height=\"135\" src=\"https:\/\/www.whitesmh.co.uk\/wp-content\/uploads\/MIB-AGX-800x135.jpg\" alt=\"\" class=\"wp-image-1173\" style=\"width:268px;height:auto\" srcset=\"https:\/\/www.whitesmh.co.uk\/wp-content\/uploads\/MIB-AGX-800x135.jpg 800w, https:\/\/www.whitesmh.co.uk\/wp-content\/uploads\/MIB-AGX-600x101.jpg 600w, https:\/\/www.whitesmh.co.uk\/wp-content\/uploads\/MIB-AGX-768x129.jpg 768w, https:\/\/www.whitesmh.co.uk\/wp-content\/uploads\/MIB-AGX.jpg 1046w\" sizes=\"auto, (max-width: 800px) 100vw, 800px\" \/><\/figure>\n<\/div>\n<\/div>\n\n\n\n<div class=\"wp-block-buttons is-layout-flex wp-block-buttons-is-layout-flex\">\n<div class=\"wp-block-button\"><a class=\"wp-block-button__link wp-element-button\" href=\"https:\/\/www.whitesmh.co.uk\/contact\/\">KONTAKTIEREN SIE UNS<\/a><\/div>\n\n\n\n<div class=\"wp-block-button\"><a class=\"wp-block-button__link wp-element-button\" href=\"https:\/\/www.whitesmh.co.uk\/support\/grapples-product-support\/\">PRODUKT-SUPPORT<\/a><\/div>\n\n\n\n<div class=\"wp-block-button\"><a class=\"wp-block-button__link wp-element-button\" href=\"https:\/\/www.whitesmh.co.uk\/wp-content\/uploads\/WMH-Data-Sheet-Buckrakes.pptx\" target=\"_blank\" rel=\"noreferrer noopener\">DATENBLATT<\/a><\/div>\n<\/div>\n<\/div>\n<\/div>\n\n<div class=\"wp-block-group has-primary-background-color has-background is-layout-flow wp-block-group-is-layout-flow\" style=\"margin-top:30px;margin-bottom:30px;padding-top:var(--wp--preset--spacing--40);padding-right:var(--wp--preset--spacing--40);padding-bottom:var(--wp--preset--spacing--40);padding-left:var(--wp--preset--spacing--40)\">\n<h3 class=\"wp-block-heading\">MODELLE<\/h3>\n<\/div>\n\n<figure class=\"wp-block-table\"><table><tbody><tr><td class=\"has-text-align-center\" data-align=\"center\"><strong>Modell<\/strong><\/td><td class=\"has-text-align-center\" data-align=\"center\"><strong>Breite (ft)<\/strong><\/td><td class=\"has-text-align-center\" data-align=\"center\"><strong>Fassungsverm\u00f6gen<\/strong><\/td><td class=\"has-text-align-center\" data-align=\"center\"><strong>Gewicht<\/strong><\/td><\/tr><tr><td class=\"has-text-align-center\" data-align=\"center\">BU5P2740<\/td><td class=\"has-text-align-center\" data-align=\"center\">9ft<\/td><td class=\"has-text-align-center\" data-align=\"center\">5,50 m3<\/td><td class=\"has-text-align-center\" data-align=\"center\">1300kg<\/td><\/tr><tr><td class=\"has-text-align-center\" data-align=\"center\">BU5P3000<\/td><td class=\"has-text-align-center\" data-align=\"center\">10 Fu\u00df<\/td><td class=\"has-text-align-center\" data-align=\"center\">6,10 m3<\/td><td class=\"has-text-align-center\" data-align=\"center\">1390kg<\/td><\/tr><\/tbody><\/table><\/figure>\n\n<div class=\"wp-block-group is-layout-flow wp-block-group-is-layout-flow\">\n<div class=\"wp-block-group has-primary-background-color has-background is-layout-flow wp-block-group-is-layout-flow\" style=\"margin-top:30px;margin-bottom:30px;padding-top:var(--wp--preset--spacing--40);padding-right:var(--wp--preset--spacing--40);padding-bottom:var(--wp--preset--spacing--40);padding-left:var(--wp--preset--spacing--40)\">\n<h3 class=\"wp-block-heading\">GALERIE<\/h3>\n<\/div>\n\n\n\n<figure class=\"wp-block-gallery has-nested-images columns-4 is-cropped wp-block-gallery-1 is-layout-flex wp-block-gallery-is-layout-flex\">\n<figure class=\"wp-block-image size-thumbnail\"><a href=\"https:\/\/www.whitesmh.co.uk\/wp-content\/uploads\/IMG_3605-scaled.jpeg\"><img loading=\"lazy\" decoding=\"async\" width=\"400\" height=\"400\" data-id=\"1369\" src=\"https:\/\/www.whitesmh.co.uk\/wp-content\/uploads\/IMG_3605-400x400.jpeg\" alt=\"\" class=\"wp-image-1369\" srcset=\"https:\/\/www.whitesmh.co.uk\/wp-content\/uploads\/IMG_3605-400x400.jpeg 400w, https:\/\/www.whitesmh.co.uk\/wp-content\/uploads\/IMG_3605-scaled-300x300.jpeg 300w, https:\/\/www.whitesmh.co.uk\/wp-content\/uploads\/IMG_3605-scaled-100x100.jpeg 100w\" sizes=\"auto, (max-width: 400px) 100vw, 400px\" \/><\/a><\/figure>\n\n\n\n<figure class=\"wp-block-image size-thumbnail\"><a href=\"https:\/\/www.whitesmh.co.uk\/wp-content\/uploads\/IMG_3603-scaled.jpeg\"><img loading=\"lazy\" decoding=\"async\" width=\"400\" height=\"400\" data-id=\"1368\" src=\"https:\/\/www.whitesmh.co.uk\/wp-content\/uploads\/IMG_3603-400x400.jpeg\" alt=\"\" class=\"wp-image-1368\" srcset=\"https:\/\/www.whitesmh.co.uk\/wp-content\/uploads\/IMG_3603-400x400.jpeg 400w, https:\/\/www.whitesmh.co.uk\/wp-content\/uploads\/IMG_3603-scaled-300x300.jpeg 300w, https:\/\/www.whitesmh.co.uk\/wp-content\/uploads\/IMG_3603-scaled-100x100.jpeg 100w\" sizes=\"auto, (max-width: 400px) 100vw, 400px\" \/><\/a><\/figure>\n\n\n\n<figure class=\"wp-block-image size-thumbnail\"><a href=\"https:\/\/www.whitesmh.co.uk\/wp-content\/uploads\/IMG_3591-scaled.jpeg\"><img loading=\"lazy\" decoding=\"async\" width=\"400\" height=\"400\" data-id=\"1367\" src=\"https:\/\/www.whitesmh.co.uk\/wp-content\/uploads\/IMG_3591-400x400.jpeg\" alt=\"\" class=\"wp-image-1367\" srcset=\"https:\/\/www.whitesmh.co.uk\/wp-content\/uploads\/IMG_3591-400x400.jpeg 400w, https:\/\/www.whitesmh.co.uk\/wp-content\/uploads\/IMG_3591-scaled-300x300.jpeg 300w, https:\/\/www.whitesmh.co.uk\/wp-content\/uploads\/IMG_3591-scaled-100x100.jpeg 100w\" sizes=\"auto, (max-width: 400px) 100vw, 400px\" \/><\/a><\/figure>\n\n\n\n<figure class=\"wp-block-image size-thumbnail\"><a href=\"https:\/\/www.whitesmh.co.uk\/wp-content\/uploads\/IMG_3555-scaled.jpeg\"><img loading=\"lazy\" decoding=\"async\" width=\"400\" height=\"400\" data-id=\"1366\" src=\"https:\/\/www.whitesmh.co.uk\/wp-content\/uploads\/IMG_3555-400x400.jpeg\" alt=\"\" class=\"wp-image-1366\" srcset=\"https:\/\/www.whitesmh.co.uk\/wp-content\/uploads\/IMG_3555-400x400.jpeg 400w, https:\/\/www.whitesmh.co.uk\/wp-content\/uploads\/IMG_3555-scaled-300x300.jpeg 300w, https:\/\/www.whitesmh.co.uk\/wp-content\/uploads\/IMG_3555-scaled-100x100.jpeg 100w\" sizes=\"auto, (max-width: 400px) 100vw, 400px\" \/><\/a><\/figure>\n\n\n\n<figure class=\"wp-block-image size-thumbnail\"><a href=\"https:\/\/www.whitesmh.co.uk\/wp-content\/uploads\/IMG_3535-scaled.jpeg\"><img loading=\"lazy\" decoding=\"async\" width=\"400\" height=\"400\" data-id=\"1365\" src=\"https:\/\/www.whitesmh.co.uk\/wp-content\/uploads\/IMG_3535-400x400.jpeg\" alt=\"\" class=\"wp-image-1365\" srcset=\"https:\/\/www.whitesmh.co.uk\/wp-content\/uploads\/IMG_3535-400x400.jpeg 400w, https:\/\/www.whitesmh.co.uk\/wp-content\/uploads\/IMG_3535-scaled-300x300.jpeg 300w, https:\/\/www.whitesmh.co.uk\/wp-content\/uploads\/IMG_3535-scaled-100x100.jpeg 100w\" sizes=\"auto, (max-width: 400px) 100vw, 400px\" \/><\/a><\/figure>\n\n\n\n<figure class=\"wp-block-image size-thumbnail\"><a href=\"https:\/\/www.whitesmh.co.uk\/wp-content\/uploads\/IMG_3509-scaled.jpeg\"><img loading=\"lazy\" decoding=\"async\" width=\"400\" height=\"400\" data-id=\"1363\" src=\"https:\/\/www.whitesmh.co.uk\/wp-content\/uploads\/IMG_3509-400x400.jpeg\" alt=\"\" class=\"wp-image-1363\" srcset=\"https:\/\/www.whitesmh.co.uk\/wp-content\/uploads\/IMG_3509-400x400.jpeg 400w, https:\/\/www.whitesmh.co.uk\/wp-content\/uploads\/IMG_3509-scaled-300x300.jpeg 300w, https:\/\/www.whitesmh.co.uk\/wp-content\/uploads\/IMG_3509-scaled-100x100.jpeg 100w\" sizes=\"auto, (max-width: 400px) 100vw, 400px\" \/><\/a><\/figure>\n\n\n\n<figure class=\"wp-block-image size-thumbnail\"><a href=\"https:\/\/www.whitesmh.co.uk\/wp-content\/uploads\/IMG_3514-scaled.jpeg\"><img loading=\"lazy\" decoding=\"async\" width=\"400\" height=\"400\" data-id=\"1364\" src=\"https:\/\/www.whitesmh.co.uk\/wp-content\/uploads\/IMG_3514-400x400.jpeg\" alt=\"\" class=\"wp-image-1364\" srcset=\"https:\/\/www.whitesmh.co.uk\/wp-content\/uploads\/IMG_3514-400x400.jpeg 400w, https:\/\/www.whitesmh.co.uk\/wp-content\/uploads\/IMG_3514-scaled-300x300.jpeg 300w, https:\/\/www.whitesmh.co.uk\/wp-content\/uploads\/IMG_3514-scaled-100x100.jpeg 100w\" sizes=\"auto, (max-width: 400px) 100vw, 400px\" \/><\/a><\/figure>\n\n\n\n<figure class=\"wp-block-image size-thumbnail\"><a href=\"https:\/\/www.whitesmh.co.uk\/wp-content\/uploads\/IMG_3496-scaled.jpeg\"><img loading=\"lazy\" decoding=\"async\" width=\"400\" height=\"400\" data-id=\"1362\" src=\"https:\/\/www.whitesmh.co.uk\/wp-content\/uploads\/IMG_3496-400x400.jpeg\" alt=\"\" class=\"wp-image-1362\" srcset=\"https:\/\/www.whitesmh.co.uk\/wp-content\/uploads\/IMG_3496-400x400.jpeg 400w, https:\/\/www.whitesmh.co.uk\/wp-content\/uploads\/IMG_3496-scaled-300x300.jpeg 300w, https:\/\/www.whitesmh.co.uk\/wp-content\/uploads\/IMG_3496-scaled-100x100.jpeg 100w\" sizes=\"auto, (max-width: 400px) 100vw, 400px\" \/><\/a><\/figure>\n<\/figure>\n<\/div>\n\n<div class=\"wp-block-group has-primary-background-color has-background is-layout-flow wp-block-group-is-layout-flow\" style=\"margin-top:30px;margin-bottom:30px;padding-top:var(--wp--preset--spacing--40);padding-right:var(--wp--preset--spacing--40);padding-bottom:var(--wp--preset--spacing--40);padding-left:var(--wp--preset--spacing--40)\">\n<h3 class=\"wp-block-heading\">VIDEOS<\/h3>\n<\/div>\n\n<figure class=\"wp-block-embed is-type-video is-provider-youtube wp-block-embed-youtube wp-embed-aspect-16-9 wp-has-aspect-ratio\"><div class=\"wp-block-embed__wrapper\">\n<iframe loading=\"lazy\" title=\"Whites Material Handling - Buckrakes\" width=\"800\" height=\"450\" src=\"https:\/\/www.youtube.com\/embed\/GoK5qGgqO_Y?feature=oembed\" frameborder=\"0\" allow=\"accelerometer; autoplay; clipboard-write; encrypted-media; gyroscope; picture-in-picture; web-share\" referrerpolicy=\"strict-origin-when-cross-origin\" allowfullscreen><\/iframe>\n<\/div><\/figure>\n\n<div class=\"wp-block-group has-primary-background-color has-background is-layout-flow wp-block-group-is-layout-flow\" style=\"margin-top:30px;margin-bottom:30px;padding-top:var(--wp--preset--spacing--40);padding-right:var(--wp--preset--spacing--40);padding-bottom:var(--wp--preset--spacing--40);padding-left:var(--wp--preset--spacing--40)\">\n<h3 class=\"wp-block-heading\">WAS DIE BENUTZER SAGEN&#8230;.<\/h3>\n<\/div>\n\n<blockquote class=\"wp-block-quote is-layout-flow wp-block-quote-is-layout-flow\">\n<p>Der Whites Buckrake bewegte in jedem Durchgang etwa ein Drittel mehr Gras als das Modell eines anderen Herstellers. So hatten wir mehr Zeit, die Grube zu rollen, anstatt dass Anh\u00e4nger Schlange standen, die auf uns warteten.  <\/p>\n<cite>MD- Bauunternehmer, S\u00fcdwestengland<\/cite><\/blockquote>\n\n<div class=\"wp-block-group is-layout-constrained wp-block-group-is-layout-constrained\">\n<div class=\"wp-block-group alignfull has-primary-background-color has-background is-layout-flow wp-block-group-is-layout-flow\" style=\"margin-top:30px;margin-bottom:30px;padding-top:var(--wp--preset--spacing--40);padding-right:var(--wp--preset--spacing--40);padding-bottom:var(--wp--preset--spacing--40);padding-left:var(--wp--preset--spacing--40)\">\n<h3 class=\"wp-block-heading\">VERWANDTE PRODUKTE<\/h3>\n<\/div>\n\n\n\n<div class=\"product-grid flex\">\n\t\t<div class=\"col-25 padBottom\">\n\t\t<a href=\"https:\/\/www.whitesmh.co.uk\/de\/produkt\/ag-x-grasgabeln\/\" title=\"AG-X Grasgabeln\" class=\"block radius\">\n\t\t\t\t\t\t<div class=\"thumb\">\n\t\t\t\t<img loading=\"lazy\" decoding=\"async\" width=\"400\" height=\"400\" src=\"https:\/\/www.whitesmh.co.uk\/wp-content\/uploads\/Grass-Fork-1-400x400.jpg\" class=\"attachment-thumbnail size-thumbnail wp-post-image\" alt=\"\" srcset=\"https:\/\/www.whitesmh.co.uk\/wp-content\/uploads\/Grass-Fork-1-400x400.jpg 400w, https:\/\/www.whitesmh.co.uk\/wp-content\/uploads\/Grass-Fork-1-300x300.jpg 300w, https:\/\/www.whitesmh.co.uk\/wp-content\/uploads\/Grass-Fork-1-100x100.jpg 100w\" sizes=\"auto, (max-width: 400px) 100vw, 400px\" \/>\t\t\t\t\t\t\t\t\t\n\t\t\t<\/div>\n\t\t\t\t\t\t<div class=\"meta smlPadAll\">\n\t\t\t\t<h4 class=\"no-margin\">AG-X Grasgabeln<\/h4>\n\t\t\t\t<span class=\"blue button marTop\">Find out more <i class=\"fa-solid fa-chevron-right\"><\/i><\/span>\n\t\t\t<\/div>\n\t\t<\/a>\n\t<\/div>\n\t<\/div>\n<\/div>\n","protected":false},"excerpt":{"rendered":"<p>AG-X BUCKRAKES Die WHITES AG-X-Serie von Buckrakes wurde entwickelt, um die Anforderungen von Lohnunternehmern und schweren landwirtschaftlichen Eins\u00e4tzen zu erf\u00fcllen. Ein \u00fcbertechnisches Design sorgt f\u00fcr Zuverl\u00e4ssigkeit w\u00e4hrend dieser intensiven Silagesaisons. MODELLE Modell Breite (ft) Fassungsverm\u00f6gen Gewicht BU5P2740 9ft 5,50 m3 1300kg BU5P3000 10 Fu\u00df 6,10 m3 1390kg GALERIE VIDEOS WAS DIE BENUTZER SAGEN&#8230;. Der Whites&hellip;<\/p>\n","protected":false},"featured_media":4989,"template":"","meta":{"_acf_changed":false},"product_brand":[],"product_cat":[311,297,313],"product_tag":[],"class_list":{"2":"type-product","9":"product","10":"first","11":"instock","12":"taxable","13":"shipping-taxable","14":"product-type-simple"},"acf":[],"_links":{"self":[{"href":"https:\/\/www.whitesmh.co.uk\/de\/wp-json\/wp\/v2\/product\/4975","targetHints":{"allow":["GET"]}}],"collection":[{"href":"https:\/\/www.whitesmh.co.uk\/de\/wp-json\/wp\/v2\/product"}],"about":[{"href":"https:\/\/www.whitesmh.co.uk\/de\/wp-json\/wp\/v2\/types\/product"}],"wp:featuredmedia":[{"embeddable":true,"href":"https:\/\/www.whitesmh.co.uk\/de\/wp-json\/wp\/v2\/media\/4989"}],"wp:attachment":[{"href":"https:\/\/www.whitesmh.co.uk\/de\/wp-json\/wp\/v2\/media?parent=4975"}],"wp:term":[{"taxonomy":"product_brand","embeddable":true,"href":"https:\/\/www.whitesmh.co.uk\/de\/wp-json\/wp\/v2\/product_brand?post=4975"},{"taxonomy":"product_cat","embeddable":true,"href":"https:\/\/www.whitesmh.co.uk\/de\/wp-json\/wp\/v2\/product_cat?post=4975"},{"taxonomy":"product_tag","embeddable":true,"href":"https:\/\/www.whitesmh.co.uk\/de\/wp-json\/wp\/v2\/product_tag?post=4975"}],"curies":[{"name":"wp","href":"https:\/\/api.w.org\/{rel}","templated":true}]}}