{"id":4950,"date":"2023-11-28T10:38:17","date_gmt":"2023-11-28T10:38:17","guid":{"rendered":"https:\/\/www.whitesmh.co.uk\/products\/manuelle-springlock-kupplungen\/"},"modified":"2024-11-19T11:04:27","modified_gmt":"2024-11-19T11:04:27","slug":"manuelle-springlock-kupplungen","status":"publish","type":"product","link":"https:\/\/www.whitesmh.co.uk\/de\/produkt\/manuelle-springlock-kupplungen\/","title":{"rendered":"Manuelle Springlock-Kupplungen"},"content":{"rendered":"\n<div class=\"wp-block-columns is-layout-flex wp-container-core-columns-is-layout-28f84493 wp-block-columns-is-layout-flex\">\n<div class=\"wp-block-column is-vertically-aligned-center is-layout-flow wp-block-column-is-layout-flow\">\n<figure class=\"wp-block-image size-full\"><img loading=\"lazy\" decoding=\"async\" width=\"2000\" height=\"1500\" src=\"https:\/\/www.whitesmh.co.uk\/wp-content\/uploads\/IMG_2168-2-scaled.jpeg\" alt=\"\" class=\"wp-image-1690\" srcset=\"https:\/\/www.whitesmh.co.uk\/wp-content\/uploads\/IMG_2168-2-scaled.jpeg 2000w, https:\/\/www.whitesmh.co.uk\/wp-content\/uploads\/IMG_2168-2-scaled-600x450.jpeg 600w, https:\/\/www.whitesmh.co.uk\/wp-content\/uploads\/IMG_2168-2-800x600.jpeg 800w, https:\/\/www.whitesmh.co.uk\/wp-content\/uploads\/IMG_2168-2-768x576.jpeg 768w\" sizes=\"auto, (max-width: 800px) 100vw, 800px\" \/><\/figure>\n<\/div>\n\n\n\n<div class=\"wp-block-column is-layout-flow wp-block-column-is-layout-flow\">\n<h2 class=\"wp-block-heading\" style=\"text-transform:uppercase\">SPRINGLOCK MANUELLE KUPPLUNGEN<\/h2>\n\n\n\n<p>Die WHITES Springlock-Handkupplung ist ein echter Marktf\u00fchrer in Bezug auf Spezifikation, Verarbeitungsqualit\u00e4t und Anzahl der verkauften Einheiten.  <\/p>\n\n\n\n<ul class=\"wp-block-list\">\n<li>Marktf\u00fchrer in Gro\u00dfbritannien<\/li>\n\n\n\n<li>Modelle f\u00fcr 0,75t &#8211; 9,0t Maschinen<\/li>\n\n\n\n<li>RAEX Grundplatten aus hochfestem Stahl  <\/li>\n\n\n\n<li>Einfacher gefederter Entriegelungs- und Verriegelungsmechanismus<\/li>\n\n\n\n<li>Integrierte Hebe\u00f6se<\/li>\n\n\n\n<li>Vollst\u00e4ndig gehaltener Sicherheitsstift<\/li>\n\n\n\n<li>Leistungsstarke, \u00fcberdimensionierte Verriegelungsfeder<\/li>\n\n\n\n<li>Mix-Match-Kupplungen verf\u00fcgbar<\/li>\n\n\n\n<li>Kompaktes Design zur Maximierung der Schaltpl\u00e4ne der Maschine  <\/li>\n\n\n\n<li>Kompatibel im Gesichts-\/Wendemodus<\/li>\n<\/ul>\n\n\n\n<div class=\"wp-block-columns is-layout-flex wp-container-core-columns-is-layout-28f84493 wp-block-columns-is-layout-flex\">\n<div class=\"wp-block-column is-layout-flow wp-block-column-is-layout-flow\" style=\"flex-basis:100%\">\n<figure class=\"wp-block-image size-full is-resized\"><img loading=\"lazy\" decoding=\"async\" width=\"626\" height=\"152\" src=\"https:\/\/www.whitesmh.co.uk\/wp-content\/uploads\/Made-in-Britain2.png\" alt=\"\" class=\"wp-image-924\" style=\"width:268px;height:auto\" srcset=\"https:\/\/www.whitesmh.co.uk\/wp-content\/uploads\/Made-in-Britain2.png 626w, https:\/\/www.whitesmh.co.uk\/wp-content\/uploads\/Made-in-Britain2-600x146.png 600w\" sizes=\"auto, (max-width: 626px) 100vw, 626px\" \/><\/figure>\n<\/div>\n<\/div>\n\n\n\n<div class=\"wp-block-buttons is-layout-flex wp-block-buttons-is-layout-flex\">\n<div class=\"wp-block-button\"><a class=\"wp-block-button__link wp-element-button\" href=\"https:\/\/www.whitesmh.co.uk\/contact\/\">KONTAKTIEREN SIE UNS<\/a><\/div>\n\n\n\n<div class=\"wp-block-button\"><a class=\"wp-block-button__link wp-element-button\" href=\"https:\/\/www.whitesmh.co.uk\/support\/couplers-product-support\/\">PRODUKT-SUPPORT<\/a><\/div>\n\n\n\n<div class=\"wp-block-button\"><a class=\"wp-block-button__link wp-element-button\" href=\"https:\/\/www.whitesmh.co.uk\/wp-content\/uploads\/WMH-Data-Sheet-Manual-Springlock-Coupler.pptx\" target=\"_blank\" rel=\"noreferrer noopener\">DATENBLATT<\/a><\/div>\n<\/div>\n<\/div>\n<\/div>\n\n<div class=\"wp-block-group is-layout-constrained wp-block-group-is-layout-constrained\">\n<div class=\"wp-block-group alignfull has-primary-background-color has-background is-layout-flow wp-block-group-is-layout-flow\" style=\"margin-top:30px;margin-bottom:30px;padding-top:var(--wp--preset--spacing--40);padding-right:var(--wp--preset--spacing--40);padding-bottom:var(--wp--preset--spacing--40);padding-left:var(--wp--preset--spacing--40)\">\n<h3 class=\"wp-block-heading alignfull\">MODELLE<\/h3>\n<\/div>\n<\/div>\n\n<figure class=\"wp-block-table\"><table><tbody><tr><td class=\"has-text-align-center\" data-align=\"center\"><strong>Teilenummer<\/strong><\/td><td class=\"has-text-align-center\" data-align=\"center\"><strong>Maschinengr\u00f6\u00dfe<\/strong><\/td><\/tr><tr><td class=\"has-text-align-center\" data-align=\"center\">PX2M<\/td><td class=\"has-text-align-center\" data-align=\"center\">0,75 T<\/td><\/tr><tr><td class=\"has-text-align-center\" data-align=\"center\">PX2M<\/td><td class=\"has-text-align-center\" data-align=\"center\">1,50 t<\/td><\/tr><tr><td class=\"has-text-align-center\" data-align=\"center\">PX3M<\/td><td class=\"has-text-align-center\" data-align=\"center\">3,0 T<\/td><\/tr><tr><td class=\"has-text-align-center\" data-align=\"center\">PX4M<\/td><td class=\"has-text-align-center\" data-align=\"center\">4.0T<\/td><\/tr><tr><td class=\"has-text-align-center\" data-align=\"center\">PX4M<\/td><td class=\"has-text-align-center\" data-align=\"center\">5,5 T<\/td><\/tr><tr><td class=\"has-text-align-center\" data-align=\"center\">PX6M<\/td><td class=\"has-text-align-center\" data-align=\"center\">7.0T &#8211; 9.0T<\/td><\/tr><\/tbody><\/table><\/figure>\n\n<div class=\"wp-block-group is-layout-flow wp-block-group-is-layout-flow\">\n<div class=\"wp-block-group has-primary-background-color has-background is-layout-flow wp-block-group-is-layout-flow\" style=\"margin-top:30px;margin-bottom:30px;padding-top:var(--wp--preset--spacing--40);padding-right:var(--wp--preset--spacing--40);padding-bottom:var(--wp--preset--spacing--40);padding-left:var(--wp--preset--spacing--40)\">\n<h3 class=\"wp-block-heading\">GALERIE<\/h3>\n<\/div>\n\n\n\n<figure class=\"wp-block-gallery has-nested-images columns-4 is-cropped wp-block-gallery-1 is-layout-flex wp-block-gallery-is-layout-flex\">\n<figure class=\"wp-block-image size-thumbnail\"><a href=\"https:\/\/www.whitesmh.co.uk\/wp-content\/uploads\/564.jpg\"><img loading=\"lazy\" decoding=\"async\" width=\"400\" height=\"400\" data-id=\"967\" src=\"https:\/\/www.whitesmh.co.uk\/wp-content\/uploads\/564-400x400.jpg\" alt=\"\" class=\"wp-image-967\" srcset=\"https:\/\/www.whitesmh.co.uk\/wp-content\/uploads\/564-400x400.jpg 400w, https:\/\/www.whitesmh.co.uk\/wp-content\/uploads\/564-300x300.jpg 300w, https:\/\/www.whitesmh.co.uk\/wp-content\/uploads\/564-100x100.jpg 100w\" sizes=\"auto, (max-width: 400px) 100vw, 400px\" \/><\/a><\/figure>\n\n\n\n<figure class=\"wp-block-image size-thumbnail\"><a href=\"https:\/\/www.whitesmh.co.uk\/wp-content\/uploads\/IMG_2182-scaled.jpeg\"><img decoding=\"async\" data-id=\"964\" src=\"https:\/\/www.whitesmh.co.uk\/wp-content\/uploads\/IMG_2182-400x400.jpeg\" alt=\"\" class=\"wp-image-964\"\/><\/a><\/figure>\n\n\n\n<figure class=\"wp-block-image size-thumbnail\"><a href=\"https:\/\/www.whitesmh.co.uk\/wp-content\/uploads\/Springlock-1.jpg\"><img loading=\"lazy\" decoding=\"async\" width=\"400\" height=\"400\" data-id=\"955\" src=\"https:\/\/www.whitesmh.co.uk\/wp-content\/uploads\/Springlock-1-400x400.jpg\" alt=\"\" class=\"wp-image-955\" srcset=\"https:\/\/www.whitesmh.co.uk\/wp-content\/uploads\/Springlock-1-400x400.jpg 400w, https:\/\/www.whitesmh.co.uk\/wp-content\/uploads\/Springlock-1-300x300.jpg 300w, https:\/\/www.whitesmh.co.uk\/wp-content\/uploads\/Springlock-1-100x100.jpg 100w\" sizes=\"auto, (max-width: 400px) 100vw, 400px\" \/><\/a><\/figure>\n\n\n\n<figure class=\"wp-block-image size-thumbnail\"><a href=\"https:\/\/www.whitesmh.co.uk\/wp-content\/uploads\/Springlock-2.jpg\"><img loading=\"lazy\" decoding=\"async\" width=\"400\" height=\"400\" data-id=\"958\" src=\"https:\/\/www.whitesmh.co.uk\/wp-content\/uploads\/Springlock-2-400x400.jpg\" alt=\"\" class=\"wp-image-958\" srcset=\"https:\/\/www.whitesmh.co.uk\/wp-content\/uploads\/Springlock-2-400x400.jpg 400w, https:\/\/www.whitesmh.co.uk\/wp-content\/uploads\/Springlock-2-300x300.jpg 300w, https:\/\/www.whitesmh.co.uk\/wp-content\/uploads\/Springlock-2-100x100.jpg 100w\" sizes=\"auto, (max-width: 400px) 100vw, 400px\" \/><\/a><\/figure>\n\n\n\n<figure class=\"wp-block-image size-thumbnail\"><a href=\"https:\/\/www.whitesmh.co.uk\/wp-content\/uploads\/91725d8e-3952-447d-9b53-6286b919a60f-scaled.jpg\"><img decoding=\"async\" data-id=\"959\" src=\"https:\/\/www.whitesmh.co.uk\/wp-content\/uploads\/91725d8e-3952-447d-9b53-6286b919a60f-400x400.jpg\" alt=\"\" class=\"wp-image-959\"\/><\/a><\/figure>\n\n\n\n<figure class=\"wp-block-image size-thumbnail\"><a href=\"https:\/\/www.whitesmh.co.uk\/wp-content\/uploads\/Springlock-3.jpg\"><img loading=\"lazy\" decoding=\"async\" width=\"400\" height=\"400\" data-id=\"957\" src=\"https:\/\/www.whitesmh.co.uk\/wp-content\/uploads\/Springlock-3-400x400.jpg\" alt=\"\" class=\"wp-image-957\" srcset=\"https:\/\/www.whitesmh.co.uk\/wp-content\/uploads\/Springlock-3-400x400.jpg 400w, https:\/\/www.whitesmh.co.uk\/wp-content\/uploads\/Springlock-3-300x300.jpg 300w, https:\/\/www.whitesmh.co.uk\/wp-content\/uploads\/Springlock-3-100x100.jpg 100w\" sizes=\"auto, (max-width: 400px) 100vw, 400px\" \/><\/a><\/figure>\n\n\n\n<figure class=\"wp-block-image size-thumbnail\"><a href=\"https:\/\/www.whitesmh.co.uk\/wp-content\/uploads\/IMG_2168-1-scaled.jpeg\"><img decoding=\"async\" data-id=\"963\" src=\"https:\/\/www.whitesmh.co.uk\/wp-content\/uploads\/IMG_2168-1-400x400.jpeg\" alt=\"\" class=\"wp-image-963\"\/><\/a><\/figure>\n\n\n\n<figure class=\"wp-block-image size-thumbnail\"><a href=\"https:\/\/www.whitesmh.co.uk\/wp-content\/uploads\/IMG_3050-scaled.jpeg\"><img loading=\"lazy\" decoding=\"async\" width=\"400\" height=\"400\" data-id=\"2749\" src=\"https:\/\/www.whitesmh.co.uk\/wp-content\/uploads\/IMG_3050-400x400.jpeg\" alt=\"\" class=\"wp-image-2749\" srcset=\"https:\/\/www.whitesmh.co.uk\/wp-content\/uploads\/IMG_3050-400x400.jpeg 400w, https:\/\/www.whitesmh.co.uk\/wp-content\/uploads\/IMG_3050-scaled-300x300.jpeg 300w, https:\/\/www.whitesmh.co.uk\/wp-content\/uploads\/IMG_3050-scaled-100x100.jpeg 100w\" sizes=\"auto, (max-width: 400px) 100vw, 400px\" \/><\/a><\/figure>\n<\/figure>\n<\/div>\n\n<div class=\"wp-block-group has-primary-background-color has-background is-layout-flow wp-block-group-is-layout-flow\" style=\"margin-top:30px;margin-bottom:30px;padding-top:var(--wp--preset--spacing--40);padding-right:var(--wp--preset--spacing--40);padding-bottom:var(--wp--preset--spacing--40);padding-left:var(--wp--preset--spacing--40)\">\n<h3 class=\"wp-block-heading\">VIDEOS<\/h3>\n<\/div>\n\n<figure class=\"wp-block-embed is-type-video is-provider-youtube wp-block-embed-youtube wp-embed-aspect-16-9 wp-has-aspect-ratio\"><div class=\"wp-block-embed__wrapper\">\n<iframe loading=\"lazy\" title=\"Whites Material Handling - Springlock Manual Coupler\" width=\"800\" height=\"450\" src=\"https:\/\/www.youtube.com\/embed\/_avqnDWrayM?feature=oembed\" frameborder=\"0\" allow=\"accelerometer; autoplay; clipboard-write; encrypted-media; gyroscope; picture-in-picture; web-share\" referrerpolicy=\"strict-origin-when-cross-origin\" allowfullscreen><\/iframe>\n<\/div><\/figure>\n\n<div class=\"wp-block-group is-layout-constrained wp-block-group-is-layout-constrained\">\n<div class=\"wp-block-group alignfull has-primary-background-color has-background is-layout-flow wp-block-group-is-layout-flow\" style=\"margin-top:30px;margin-bottom:30px;padding-top:var(--wp--preset--spacing--40);padding-right:var(--wp--preset--spacing--40);padding-bottom:var(--wp--preset--spacing--40);padding-left:var(--wp--preset--spacing--40)\">\n<h3 class=\"wp-block-heading\">VERWANDTE PRODUKTE<\/h3>\n<\/div>\n<\/div>\n\n<div class=\"product-grid flex\">\n\t\t<div class=\"col-25 padBottom\">\n\t\t<a href=\"https:\/\/www.whitesmh.co.uk\/de\/produkt\/totalock-2-hydraulikkupplungen\/\" title=\"Totalock 2 Hydraulikkupplungen\" class=\"block radius\">\n\t\t\t\t\t\t<div class=\"thumb\">\n\t\t\t\t<img loading=\"lazy\" decoding=\"async\" width=\"400\" height=\"400\" src=\"https:\/\/www.whitesmh.co.uk\/wp-content\/uploads\/PY0427-02-400x400.jpg\" class=\"attachment-thumbnail size-thumbnail wp-post-image\" alt=\"\" srcset=\"https:\/\/www.whitesmh.co.uk\/wp-content\/uploads\/PY0427-02-400x400.jpg 400w, https:\/\/www.whitesmh.co.uk\/wp-content\/uploads\/PY0427-02-300x300.jpg 300w, https:\/\/www.whitesmh.co.uk\/wp-content\/uploads\/PY0427-02-100x100.jpg 100w\" sizes=\"auto, (max-width: 400px) 100vw, 400px\" \/>\t\t\t\t\t\t\t\t\t\n\t\t\t<\/div>\n\t\t\t\t\t\t<div class=\"meta smlPadAll\">\n\t\t\t\t<h4 class=\"no-margin\">Totalock 2 Hydraulikkupplungen<\/h4>\n\t\t\t\t<span class=\"blue button marTop\">Find out more <i class=\"fa-solid fa-chevron-right\"><\/i><\/span>\n\t\t\t<\/div>\n\t\t<\/a>\n\t<\/div>\n\t\t<div class=\"col-25 padBottom\">\n\t\t<a href=\"https:\/\/www.whitesmh.co.uk\/de\/produkt\/totaltilt-kippkupplungen\/\" title=\"Totaltilt-Kippkupplungen\" class=\"block radius\">\n\t\t\t\t\t\t<div class=\"thumb\">\n\t\t\t\t<img loading=\"lazy\" decoding=\"async\" width=\"400\" height=\"400\" src=\"https:\/\/www.whitesmh.co.uk\/wp-content\/uploads\/Totatilt-PT0480-01-400x400.jpg\" class=\"attachment-thumbnail size-thumbnail wp-post-image\" alt=\"\" srcset=\"https:\/\/www.whitesmh.co.uk\/wp-content\/uploads\/Totatilt-PT0480-01-400x400.jpg 400w, https:\/\/www.whitesmh.co.uk\/wp-content\/uploads\/Totatilt-PT0480-01-300x300.jpg 300w, https:\/\/www.whitesmh.co.uk\/wp-content\/uploads\/Totatilt-PT0480-01-100x100.jpg 100w\" sizes=\"auto, (max-width: 400px) 100vw, 400px\" \/>\t\t\t\t\t\t\t\t\t\n\t\t\t<\/div>\n\t\t\t\t\t\t<div class=\"meta smlPadAll\">\n\t\t\t\t<h4 class=\"no-margin\">Totaltilt-Kippkupplungen<\/h4>\n\t\t\t\t<span class=\"blue button marTop\">Find out more <i class=\"fa-solid fa-chevron-right\"><\/i><\/span>\n\t\t\t<\/div>\n\t\t<\/a>\n\t<\/div>\n\t\t<div class=\"col-25 padBottom\">\n\t\t<a href=\"https:\/\/www.whitesmh.co.uk\/de\/produkt\/klac-kupplungen\/\" title=\"Klac-Kupplungen\" class=\"block radius\">\n\t\t\t\t\t\t<div class=\"thumb\">\n\t\t\t\t<img loading=\"lazy\" decoding=\"async\" width=\"400\" height=\"400\" src=\"https:\/\/www.whitesmh.co.uk\/wp-content\/uploads\/R0A4886-Cropped-2-2-400x400.jpg\" class=\"attachment-thumbnail size-thumbnail wp-post-image\" alt=\"\" srcset=\"https:\/\/www.whitesmh.co.uk\/wp-content\/uploads\/R0A4886-Cropped-2-2-400x400.jpg 400w, https:\/\/www.whitesmh.co.uk\/wp-content\/uploads\/R0A4886-Cropped-2-2-300x300.jpg 300w, https:\/\/www.whitesmh.co.uk\/wp-content\/uploads\/R0A4886-Cropped-2-2-100x100.jpg 100w\" sizes=\"auto, (max-width: 400px) 100vw, 400px\" \/>\t\t\t\t\t\t\t\t\t\n\t\t\t<\/div>\n\t\t\t\t\t\t<div class=\"meta smlPadAll\">\n\t\t\t\t<h4 class=\"no-margin\">Klac-Kupplungen<\/h4>\n\t\t\t\t<span class=\"blue button marTop\">Find out more <i class=\"fa-solid fa-chevron-right\"><\/i><\/span>\n\t\t\t<\/div>\n\t\t<\/a>\n\t<\/div>\n\t\t<div class=\"col-25 padBottom\">\n\t\t<a href=\"https:\/\/www.whitesmh.co.uk\/de\/produkt\/hammer-halterungen\/\" title=\"Hammer-Halterungen\" class=\"block radius\">\n\t\t\t\t\t\t<div class=\"thumb\">\n\t\t\t\t<img loading=\"lazy\" decoding=\"async\" width=\"400\" height=\"400\" src=\"https:\/\/www.whitesmh.co.uk\/wp-content\/uploads\/EZ5025R40-Menu-Image-400x400.jpg\" class=\"attachment-thumbnail size-thumbnail wp-post-image\" alt=\"\" srcset=\"https:\/\/www.whitesmh.co.uk\/wp-content\/uploads\/EZ5025R40-Menu-Image-400x400.jpg 400w, https:\/\/www.whitesmh.co.uk\/wp-content\/uploads\/EZ5025R40-Menu-Image-300x300.jpg 300w, https:\/\/www.whitesmh.co.uk\/wp-content\/uploads\/EZ5025R40-Menu-Image-100x100.jpg 100w\" sizes=\"auto, (max-width: 400px) 100vw, 400px\" \/>\t\t\t\t\t\t\t\t\t\n\t\t\t<\/div>\n\t\t\t\t\t\t<div class=\"meta smlPadAll\">\n\t\t\t\t<h4 class=\"no-margin\">Hammer-Halterungen<\/h4>\n\t\t\t\t<span class=\"blue button marTop\">Find out more <i class=\"fa-solid fa-chevron-right\"><\/i><\/span>\n\t\t\t<\/div>\n\t\t<\/a>\n\t<\/div>\n\t<\/div>\n","protected":false},"excerpt":{"rendered":"<p>SPRINGLOCK MANUELLE KUPPLUNGEN Die WHITES Springlock-Handkupplung ist ein echter Marktf\u00fchrer in Bezug auf Spezifikation, Verarbeitungsqualit\u00e4t und Anzahl der verkauften Einheiten. MODELLE Teilenummer Maschinengr\u00f6\u00dfe PX2M 0,75 T PX2M 1,50 t PX3M 3,0 T PX4M 4.0T PX4M 5,5 T PX6M 7.0T &#8211; 9.0T GALERIE VIDEOS VERWANDTE PRODUKTE<\/p>\n","protected":false},"featured_media":10193,"template":"","meta":{"_acf_changed":false},"product_brand":[],"product_cat":[310],"product_tag":[],"class_list":{"2":"type-product","7":"product","8":"first","9":"instock","10":"taxable","11":"shipping-taxable","12":"product-type-simple"},"acf":[],"_links":{"self":[{"href":"https:\/\/www.whitesmh.co.uk\/de\/wp-json\/wp\/v2\/product\/4950","targetHints":{"allow":["GET"]}}],"collection":[{"href":"https:\/\/www.whitesmh.co.uk\/de\/wp-json\/wp\/v2\/product"}],"about":[{"href":"https:\/\/www.whitesmh.co.uk\/de\/wp-json\/wp\/v2\/types\/product"}],"wp:featuredmedia":[{"embeddable":true,"href":"https:\/\/www.whitesmh.co.uk\/de\/wp-json\/wp\/v2\/media\/10193"}],"wp:attachment":[{"href":"https:\/\/www.whitesmh.co.uk\/de\/wp-json\/wp\/v2\/media?parent=4950"}],"wp:term":[{"taxonomy":"product_brand","embeddable":true,"href":"https:\/\/www.whitesmh.co.uk\/de\/wp-json\/wp\/v2\/product_brand?post=4950"},{"taxonomy":"product_cat","embeddable":true,"href":"https:\/\/www.whitesmh.co.uk\/de\/wp-json\/wp\/v2\/product_cat?post=4950"},{"taxonomy":"product_tag","embeddable":true,"href":"https:\/\/www.whitesmh.co.uk\/de\/wp-json\/wp\/v2\/product_tag?post=4950"}],"curies":[{"name":"wp","href":"https:\/\/api.w.org\/{rel}","templated":true}]}}