{"id":4912,"date":"2023-11-22T09:58:49","date_gmt":"2023-11-22T09:58:49","guid":{"rendered":"https:\/\/www.whitesmh.co.uk\/products\/4-in-1-eimer\/"},"modified":"2024-11-19T11:28:31","modified_gmt":"2024-11-19T11:28:31","slug":"4-in-1-eimer","status":"publish","type":"product","link":"https:\/\/www.whitesmh.co.uk\/de\/produkt\/4-in-1-eimer\/","title":{"rendered":"4 in 1 Eimer"},"content":{"rendered":"\n<div class=\"wp-block-columns is-layout-flex wp-container-core-columns-is-layout-28f84493 wp-block-columns-is-layout-flex\">\n<div class=\"wp-block-column is-layout-flow wp-block-column-is-layout-flow\">\n<h2 class=\"wp-block-heading\" style=\"text-transform:uppercase\">4 IN 1 EIMER<\/h2>\n\n\n\n<p>Der WHITES HD-X 4-in-1-Eimer erm\u00f6glicht es dem Benutzer, eine Vielzahl von Materialien mit nur einem Anbauger\u00e4t zu planieren, zu graben, zu greifen und umzuschlagen.  <\/p>\n\n\n\n<ul class=\"wp-block-list\">\n<li>Zwei Hydraulikzylinder<\/li>\n\n\n\n<li>Geeignet f\u00fcr eine Vielzahl von Anwendungen<\/li>\n\n\n\n<li>Material sortieren, graben, greifen und umhandhaben<\/li>\n\n\n\n<li>Wellenschliff f\u00fcr sicheren Halt<\/li>\n\n\n\n<li>HB500 geschwei\u00dfte Schneiden<\/li>\n\n\n\n<li>Optionale Schraube an umkehrbarer Schneide<\/li>\n\n\n\n<li>Optionales Zahn- und Adaptersystem<\/li>\n<\/ul>\n\n\n\n<div class=\"wp-block-columns is-layout-flex wp-container-core-columns-is-layout-28f84493 wp-block-columns-is-layout-flex\">\n<div class=\"wp-block-column is-layout-flow wp-block-column-is-layout-flow\" style=\"flex-basis:100%\">\n<figure class=\"wp-block-image size-medium is-resized\"><img loading=\"lazy\" decoding=\"async\" width=\"800\" height=\"128\" src=\"https:\/\/www.whitesmh.co.uk\/wp-content\/uploads\/MIB-HDX-2-800x128.jpg\" alt=\"\" class=\"wp-image-1262\" style=\"width:268px;height:auto\" srcset=\"https:\/\/www.whitesmh.co.uk\/wp-content\/uploads\/MIB-HDX-2-800x128.jpg 800w, https:\/\/www.whitesmh.co.uk\/wp-content\/uploads\/MIB-HDX-2-600x96.jpg 600w, https:\/\/www.whitesmh.co.uk\/wp-content\/uploads\/MIB-HDX-2-768x123.jpg 768w\" sizes=\"auto, (max-width: 800px) 100vw, 800px\" \/><\/figure>\n<\/div>\n<\/div>\n\n\n\n<div class=\"wp-block-buttons is-layout-flex wp-block-buttons-is-layout-flex\">\n<div class=\"wp-block-button\"><a class=\"wp-block-button__link wp-element-button\" href=\"https:\/\/www.whitesmh.co.uk\/contact\/\">KONTAKTIEREN SIE UNS<\/a><\/div>\n\n\n\n<div class=\"wp-block-button\"><a class=\"wp-block-button__link wp-element-button\" href=\"https:\/\/www.whitesmh.co.uk\/docs\/4-in-1-bucket-product-support\/\">PRODUKT-SUPPORT<\/a><\/div>\n<\/div>\n<\/div>\n\n\n\n<div class=\"wp-block-column is-vertically-aligned-center is-layout-flow wp-block-column-is-layout-flow\">\n<figure class=\"wp-block-image size-full\"><img loading=\"lazy\" decoding=\"async\" width=\"2000\" height=\"1500\" src=\"https:\/\/www.whitesmh.co.uk\/wp-content\/uploads\/IMG_1866-scaled.jpeg\" alt=\"\" class=\"wp-image-1528\" srcset=\"https:\/\/www.whitesmh.co.uk\/wp-content\/uploads\/IMG_1866-scaled.jpeg 2000w, https:\/\/www.whitesmh.co.uk\/wp-content\/uploads\/IMG_1866-scaled-600x450.jpeg 600w, https:\/\/www.whitesmh.co.uk\/wp-content\/uploads\/IMG_1866-800x600.jpeg 800w, https:\/\/www.whitesmh.co.uk\/wp-content\/uploads\/IMG_1866-768x576.jpeg 768w\" sizes=\"auto, (max-width: 800px) 100vw, 800px\" \/><\/figure>\n<\/div>\n<\/div>\n\n<div class=\"wp-block-group has-primary-background-color has-background is-layout-flow wp-block-group-is-layout-flow\" style=\"margin-top:30px;margin-bottom:30px;padding-top:var(--wp--preset--spacing--40);padding-right:var(--wp--preset--spacing--40);padding-bottom:var(--wp--preset--spacing--40);padding-left:var(--wp--preset--spacing--40)\">\n<h3 class=\"wp-block-heading\">MODELLE<\/h3>\n<\/div>\n\n<figure class=\"wp-block-table\"><table><tbody><tr><td class=\"has-text-align-center\" data-align=\"center\"><strong>Modell<\/strong><\/td><td class=\"has-text-align-center\" data-align=\"center\"><strong>Breite (mm)<\/strong><\/td><td class=\"has-text-align-center\" data-align=\"center\"><strong>Breite (ft)<\/strong><\/td><td class=\"has-text-align-center\" data-align=\"center\"><strong>Fassungsverm\u00f6gen<\/strong><\/td><\/tr><tr><td class=\"has-text-align-center\" data-align=\"center\">MB5A2080<\/td><td class=\"has-text-align-center\" data-align=\"center\">2080mm<\/td><td class=\"has-text-align-center\" data-align=\"center\">6&#8217;7&#8220;<\/td><td class=\"has-text-align-center\" data-align=\"center\">0,67 m3<\/td><\/tr><tr><td class=\"has-text-align-center\" data-align=\"center\">MB5A2290<\/td><td class=\"has-text-align-center\" data-align=\"center\">2290mm<\/td><td class=\"has-text-align-center\" data-align=\"center\">7&#8217;6&#8220;<\/td><td class=\"has-text-align-center\" data-align=\"center\">0,77 m3<\/td><\/tr><tr><td class=\"has-text-align-center\" data-align=\"center\">MB5A2440<\/td><td class=\"has-text-align-center\" data-align=\"center\">2440mm<\/td><td class=\"has-text-align-center\" data-align=\"center\">8&#8242;<\/td><td class=\"has-text-align-center\" data-align=\"center\">0,82 m3<\/td><\/tr><\/tbody><\/table><\/figure>\n\n<div class=\"wp-block-group is-layout-flow wp-block-group-is-layout-flow\">\n<div class=\"wp-block-group has-primary-background-color has-background is-layout-flow wp-block-group-is-layout-flow\" style=\"margin-top:30px;margin-bottom:30px;padding-top:var(--wp--preset--spacing--40);padding-right:var(--wp--preset--spacing--40);padding-bottom:var(--wp--preset--spacing--40);padding-left:var(--wp--preset--spacing--40)\">\n<h3 class=\"wp-block-heading\">GALERIE<\/h3>\n<\/div>\n\n\n\n<figure class=\"wp-block-gallery has-nested-images columns-4 is-cropped wp-block-gallery-1 is-layout-flex wp-block-gallery-is-layout-flex\">\n<figure class=\"wp-block-image size-thumbnail\"><a href=\"https:\/\/www.whitesmh.co.uk\/wp-content\/uploads\/IMG_1860-scaled.jpeg\"><img loading=\"lazy\" decoding=\"async\" width=\"400\" height=\"400\" data-id=\"1523\" src=\"https:\/\/www.whitesmh.co.uk\/wp-content\/uploads\/IMG_1860-400x400.jpeg\" alt=\"\" class=\"wp-image-1523\" srcset=\"https:\/\/www.whitesmh.co.uk\/wp-content\/uploads\/IMG_1860-400x400.jpeg 400w, https:\/\/www.whitesmh.co.uk\/wp-content\/uploads\/IMG_1860-scaled-300x300.jpeg 300w, https:\/\/www.whitesmh.co.uk\/wp-content\/uploads\/IMG_1860-scaled-100x100.jpeg 100w\" sizes=\"auto, (max-width: 400px) 100vw, 400px\" \/><\/a><\/figure>\n\n\n\n<figure class=\"wp-block-image size-thumbnail\"><a href=\"https:\/\/www.whitesmh.co.uk\/wp-content\/uploads\/IMG_3029-scaled.jpeg\"><img loading=\"lazy\" decoding=\"async\" width=\"400\" height=\"400\" data-id=\"2702\" src=\"https:\/\/www.whitesmh.co.uk\/wp-content\/uploads\/IMG_3029-400x400.jpeg\" alt=\"\" class=\"wp-image-2702\" srcset=\"https:\/\/www.whitesmh.co.uk\/wp-content\/uploads\/IMG_3029-400x400.jpeg 400w, https:\/\/www.whitesmh.co.uk\/wp-content\/uploads\/IMG_3029-scaled-300x300.jpeg 300w, https:\/\/www.whitesmh.co.uk\/wp-content\/uploads\/IMG_3029-scaled-100x100.jpeg 100w\" sizes=\"auto, (max-width: 400px) 100vw, 400px\" \/><\/a><\/figure>\n\n\n\n<figure class=\"wp-block-image size-thumbnail\"><a href=\"https:\/\/www.whitesmh.co.uk\/wp-content\/uploads\/IMG_1867-scaled.jpeg\"><img loading=\"lazy\" decoding=\"async\" width=\"400\" height=\"400\" data-id=\"1529\" src=\"https:\/\/www.whitesmh.co.uk\/wp-content\/uploads\/IMG_1867-400x400.jpeg\" alt=\"\" class=\"wp-image-1529\" srcset=\"https:\/\/www.whitesmh.co.uk\/wp-content\/uploads\/IMG_1867-400x400.jpeg 400w, https:\/\/www.whitesmh.co.uk\/wp-content\/uploads\/IMG_1867-scaled-300x300.jpeg 300w, https:\/\/www.whitesmh.co.uk\/wp-content\/uploads\/IMG_1867-scaled-100x100.jpeg 100w\" sizes=\"auto, (max-width: 400px) 100vw, 400px\" \/><\/a><\/figure>\n\n\n\n<figure class=\"wp-block-image size-thumbnail\"><a href=\"https:\/\/www.whitesmh.co.uk\/wp-content\/uploads\/IMG_1868-scaled.jpeg\"><img loading=\"lazy\" decoding=\"async\" width=\"400\" height=\"400\" data-id=\"1530\" src=\"https:\/\/www.whitesmh.co.uk\/wp-content\/uploads\/IMG_1868-400x400.jpeg\" alt=\"\" class=\"wp-image-1530\" srcset=\"https:\/\/www.whitesmh.co.uk\/wp-content\/uploads\/IMG_1868-400x400.jpeg 400w, https:\/\/www.whitesmh.co.uk\/wp-content\/uploads\/IMG_1868-scaled-300x300.jpeg 300w, https:\/\/www.whitesmh.co.uk\/wp-content\/uploads\/IMG_1868-scaled-100x100.jpeg 100w\" sizes=\"auto, (max-width: 400px) 100vw, 400px\" \/><\/a><\/figure>\n\n\n\n<figure class=\"wp-block-image size-thumbnail\"><a href=\"https:\/\/www.whitesmh.co.uk\/wp-content\/uploads\/IMG_1869-scaled.jpeg\"><img loading=\"lazy\" decoding=\"async\" width=\"400\" height=\"400\" data-id=\"1531\" src=\"https:\/\/www.whitesmh.co.uk\/wp-content\/uploads\/IMG_1869-400x400.jpeg\" alt=\"\" class=\"wp-image-1531\" srcset=\"https:\/\/www.whitesmh.co.uk\/wp-content\/uploads\/IMG_1869-400x400.jpeg 400w, https:\/\/www.whitesmh.co.uk\/wp-content\/uploads\/IMG_1869-scaled-300x300.jpeg 300w, https:\/\/www.whitesmh.co.uk\/wp-content\/uploads\/IMG_1869-scaled-100x100.jpeg 100w\" sizes=\"auto, (max-width: 400px) 100vw, 400px\" \/><\/a><\/figure>\n\n\n\n<figure class=\"wp-block-image size-thumbnail\"><a href=\"https:\/\/www.whitesmh.co.uk\/wp-content\/uploads\/IMG_3027-scaled.jpeg\"><img loading=\"lazy\" decoding=\"async\" width=\"400\" height=\"400\" data-id=\"2703\" src=\"https:\/\/www.whitesmh.co.uk\/wp-content\/uploads\/IMG_3027-400x400.jpeg\" alt=\"\" class=\"wp-image-2703\" srcset=\"https:\/\/www.whitesmh.co.uk\/wp-content\/uploads\/IMG_3027-400x400.jpeg 400w, https:\/\/www.whitesmh.co.uk\/wp-content\/uploads\/IMG_3027-scaled-300x300.jpeg 300w, https:\/\/www.whitesmh.co.uk\/wp-content\/uploads\/IMG_3027-scaled-100x100.jpeg 100w\" sizes=\"auto, (max-width: 400px) 100vw, 400px\" \/><\/a><\/figure>\n\n\n\n<figure class=\"wp-block-image size-thumbnail\"><a href=\"https:\/\/www.whitesmh.co.uk\/wp-content\/uploads\/IMG_1861-scaled.jpeg\"><img loading=\"lazy\" decoding=\"async\" width=\"400\" height=\"400\" data-id=\"1524\" src=\"https:\/\/www.whitesmh.co.uk\/wp-content\/uploads\/IMG_1861-400x400.jpeg\" alt=\"\" class=\"wp-image-1524\" srcset=\"https:\/\/www.whitesmh.co.uk\/wp-content\/uploads\/IMG_1861-400x400.jpeg 400w, https:\/\/www.whitesmh.co.uk\/wp-content\/uploads\/IMG_1861-scaled-300x300.jpeg 300w, https:\/\/www.whitesmh.co.uk\/wp-content\/uploads\/IMG_1861-scaled-100x100.jpeg 100w\" sizes=\"auto, (max-width: 400px) 100vw, 400px\" \/><\/a><\/figure>\n\n\n\n<figure class=\"wp-block-image size-thumbnail\"><a href=\"https:\/\/www.whitesmh.co.uk\/wp-content\/uploads\/IMG_3031-scaled.jpeg\"><img loading=\"lazy\" decoding=\"async\" width=\"400\" height=\"400\" data-id=\"2706\" src=\"https:\/\/www.whitesmh.co.uk\/wp-content\/uploads\/IMG_3031-400x400.jpeg\" alt=\"\" class=\"wp-image-2706\" srcset=\"https:\/\/www.whitesmh.co.uk\/wp-content\/uploads\/IMG_3031-400x400.jpeg 400w, https:\/\/www.whitesmh.co.uk\/wp-content\/uploads\/IMG_3031-scaled-300x300.jpeg 300w, https:\/\/www.whitesmh.co.uk\/wp-content\/uploads\/IMG_3031-scaled-100x100.jpeg 100w\" sizes=\"auto, (max-width: 400px) 100vw, 400px\" \/><\/a><\/figure>\n<\/figure>\n<\/div>\n","protected":false},"excerpt":{"rendered":"<p>4 IN 1 EIMER Der WHITES HD-X 4-in-1-Eimer erm\u00f6glicht es dem Benutzer, eine Vielzahl von Materialien mit nur einem Anbauger\u00e4t zu planieren, zu graben, zu greifen und umzuschlagen. MODELLE Modell Breite (mm) Breite (ft) Fassungsverm\u00f6gen MB5A2080 2080mm 6&#8217;7&#8220; 0,67 m3 MB5A2290 2290mm 7&#8217;6&#8220; 0,77 m3 MB5A2440 2440mm 8&#8242; 0,82 m3 GALERIE<\/p>\n","protected":false},"featured_media":4944,"template":"","meta":{"_acf_changed":false},"product_brand":[],"product_cat":[296],"product_tag":[],"class_list":{"2":"type-product","7":"product","8":"first","9":"instock","10":"taxable","11":"shipping-taxable","12":"product-type-simple"},"acf":[],"_links":{"self":[{"href":"https:\/\/www.whitesmh.co.uk\/de\/wp-json\/wp\/v2\/product\/4912","targetHints":{"allow":["GET"]}}],"collection":[{"href":"https:\/\/www.whitesmh.co.uk\/de\/wp-json\/wp\/v2\/product"}],"about":[{"href":"https:\/\/www.whitesmh.co.uk\/de\/wp-json\/wp\/v2\/types\/product"}],"wp:featuredmedia":[{"embeddable":true,"href":"https:\/\/www.whitesmh.co.uk\/de\/wp-json\/wp\/v2\/media\/4944"}],"wp:attachment":[{"href":"https:\/\/www.whitesmh.co.uk\/de\/wp-json\/wp\/v2\/media?parent=4912"}],"wp:term":[{"taxonomy":"product_brand","embeddable":true,"href":"https:\/\/www.whitesmh.co.uk\/de\/wp-json\/wp\/v2\/product_brand?post=4912"},{"taxonomy":"product_cat","embeddable":true,"href":"https:\/\/www.whitesmh.co.uk\/de\/wp-json\/wp\/v2\/product_cat?post=4912"},{"taxonomy":"product_tag","embeddable":true,"href":"https:\/\/www.whitesmh.co.uk\/de\/wp-json\/wp\/v2\/product_tag?post=4912"}],"curies":[{"name":"wp","href":"https:\/\/api.w.org\/{rel}","templated":true}]}}