{"id":4911,"date":"2023-11-21T10:33:15","date_gmt":"2023-11-21T10:33:15","guid":{"rendered":"https:\/\/www.whitesmh.co.uk\/products\/doppelte-zinkenverstellgeraete\/"},"modified":"2024-11-19T11:28:53","modified_gmt":"2024-11-19T11:28:53","slug":"doppelte-zinkenverstellgeraete","status":"publish","type":"product","link":"https:\/\/www.whitesmh.co.uk\/de\/produkt\/doppelte-zinkenverstellgeraete\/","title":{"rendered":"Doppelte Zinkenverstellger\u00e4te"},"content":{"rendered":"\n<div class=\"wp-block-columns is-layout-flex wp-container-core-columns-is-layout-28f84493 wp-block-columns-is-layout-flex\">\n<div class=\"wp-block-column is-vertically-aligned-center is-layout-flow wp-block-column-is-layout-flow\">\n<figure class=\"wp-block-image size-full\"><img loading=\"lazy\" decoding=\"async\" width=\"2000\" height=\"1500\" src=\"https:\/\/www.whitesmh.co.uk\/wp-content\/uploads\/IMG_2483-scaled.jpeg\" alt=\"\" class=\"wp-image-1159\" srcset=\"https:\/\/www.whitesmh.co.uk\/wp-content\/uploads\/IMG_2483-scaled.jpeg 2000w, https:\/\/www.whitesmh.co.uk\/wp-content\/uploads\/IMG_2483-scaled-600x450.jpeg 600w, https:\/\/www.whitesmh.co.uk\/wp-content\/uploads\/IMG_2483-800x600.jpeg 800w, https:\/\/www.whitesmh.co.uk\/wp-content\/uploads\/IMG_2483-768x576.jpeg 768w\" sizes=\"auto, (max-width: 800px) 100vw, 800px\" \/><\/figure>\n<\/div>\n\n\n\n<div class=\"wp-block-column is-layout-flow wp-block-column-is-layout-flow\">\n<h2 class=\"wp-block-heading\" style=\"text-transform:uppercase\">DOPPELTE GABELVERSTELLGER\u00c4TE<\/h2>\n\n\n\n<p>Das WHITES Doppel-Zinkenverstellger\u00e4t ist eine OEM-zugelassene L\u00f6sung zur Verbesserung der Sicherheit und Effizienz auf der Baustelle. Um eine Vielzahl von Palettengr\u00f6\u00dfen zu handhaben, stellen Sie einfach den Abstand zwischen den Palettengabeln bequem von der Kabine aus ein.  <\/p>\n\n\n\n<ul class=\"wp-block-list\">\n<li>Sichere und genaue hydraulische Einstellung der Gabeln von der Sicherheit der Kabine aus<\/li>\n\n\n\n<li>OEM-zugelassenes Design<\/li>\n\n\n\n<li>Zykluszeiten reduzieren<\/li>\n\n\n\n<li>Hilft, Paletten- \/ Materialsch\u00e4den w\u00e4hrend der Handhabung zu reduzieren<\/li>\n\n\n\n<li>Schwimmende Gabelkonstruktion f\u00fcr den Einsatz in unwegsamem Gel\u00e4nde<\/li>\n\n\n\n<li>Lagerpl\u00e4tze f\u00fcr Gabelverankerungen<\/li>\n\n\n\n<li>Lastschutz in voller H\u00f6he<\/li>\n\n\n\n<li>Chrom-Gabelstangen<\/li>\n<\/ul>\n\n\n\n<div class=\"wp-block-columns is-layout-flex wp-container-core-columns-is-layout-28f84493 wp-block-columns-is-layout-flex\">\n<div class=\"wp-block-column is-layout-flow wp-block-column-is-layout-flow\" style=\"flex-basis:100%\">\n<figure class=\"wp-block-image size-medium is-resized\"><img loading=\"lazy\" decoding=\"async\" width=\"300\" height=\"71\" src=\"https:\/\/www.whitesmh.co.uk\/wp-content\/uploads\/2023\/09\/Made-in-Britain2-300x71.png\" alt=\"\" class=\"wp-image-237\" style=\"width:268px;height:auto\" srcset=\"https:\/\/www.whitesmh.co.uk\/wp-content\/uploads\/2023\/09\/Made-in-Britain2-300x71.png 300w, https:\/\/www.whitesmh.co.uk\/wp-content\/uploads\/2023\/09\/Made-in-Britain2-600x143.png 600w, https:\/\/www.whitesmh.co.uk\/wp-content\/uploads\/2023\/09\/Made-in-Britain2.png 626w\" sizes=\"auto, (max-width: 300px) 100vw, 300px\" \/><\/figure>\n<\/div>\n<\/div>\n\n\n\n<div class=\"wp-block-buttons is-layout-flex wp-block-buttons-is-layout-flex\">\n<div class=\"wp-block-button\"><a class=\"wp-block-button__link wp-element-button\" href=\"https:\/\/www.whitesmh.co.uk\/contact\/\">KONTAKTIEREN SIE UNS<\/a><\/div>\n\n\n\n<div class=\"wp-block-button\"><a class=\"wp-block-button__link wp-element-button\" href=\"https:\/\/www.whitesmh.co.uk\/docs\/fork-positioner-product-support\/\">PRODUKT-SUPPORT<\/a><\/div>\n\n\n\n<div class=\"wp-block-button\"><a class=\"wp-block-button__link wp-element-button\" href=\"https:\/\/www.whitesmh.co.uk\/wp-content\/uploads\/WMH-Data-Sheet-Fork-Positioner.pptx\" target=\"_blank\" rel=\"noreferrer noopener\">DATENBLATT<\/a><\/div>\n<\/div>\n<\/div>\n<\/div>\n\n<div class=\"wp-block-group is-layout-flow wp-block-group-is-layout-flow\">\n<div class=\"wp-block-group has-primary-background-color has-background is-layout-flow wp-block-group-is-layout-flow\" style=\"margin-top:30px;margin-bottom:30px;padding-top:var(--wp--preset--spacing--40);padding-right:var(--wp--preset--spacing--40);padding-bottom:var(--wp--preset--spacing--40);padding-left:var(--wp--preset--spacing--40)\">\n<h3 class=\"wp-block-heading\">GALERIE<\/h3>\n<\/div>\n\n\n\n<figure class=\"wp-block-gallery has-nested-images columns-4 is-cropped wp-block-gallery-1 is-layout-flex wp-block-gallery-is-layout-flex\">\n<figure class=\"wp-block-image size-thumbnail\"><a href=\"https:\/\/www.whitesmh.co.uk\/wp-content\/uploads\/Double-Fork-Positioner-Manitu-scaled.jpeg\"><img loading=\"lazy\" decoding=\"async\" width=\"400\" height=\"400\" data-id=\"1416\" src=\"https:\/\/www.whitesmh.co.uk\/wp-content\/uploads\/Double-Fork-Positioner-Manitu-400x400.jpeg\" alt=\"\" class=\"wp-image-1416\" srcset=\"https:\/\/www.whitesmh.co.uk\/wp-content\/uploads\/Double-Fork-Positioner-Manitu-400x400.jpeg 400w, https:\/\/www.whitesmh.co.uk\/wp-content\/uploads\/Double-Fork-Positioner-Manitu-scaled-300x300.jpeg 300w, https:\/\/www.whitesmh.co.uk\/wp-content\/uploads\/Double-Fork-Positioner-Manitu-scaled-100x100.jpeg 100w\" sizes=\"auto, (max-width: 400px) 100vw, 400px\" \/><\/a><\/figure>\n\n\n\n<figure class=\"wp-block-image size-thumbnail\"><a href=\"https:\/\/www.whitesmh.co.uk\/wp-content\/uploads\/IMG_9892-scaled.jpeg\"><img loading=\"lazy\" decoding=\"async\" width=\"400\" height=\"400\" data-id=\"1423\" src=\"https:\/\/www.whitesmh.co.uk\/wp-content\/uploads\/IMG_9892-400x400.jpeg\" alt=\"\" class=\"wp-image-1423\" srcset=\"https:\/\/www.whitesmh.co.uk\/wp-content\/uploads\/IMG_9892-400x400.jpeg 400w, https:\/\/www.whitesmh.co.uk\/wp-content\/uploads\/IMG_9892-scaled-300x300.jpeg 300w, https:\/\/www.whitesmh.co.uk\/wp-content\/uploads\/IMG_9892-scaled-100x100.jpeg 100w\" sizes=\"auto, (max-width: 400px) 100vw, 400px\" \/><\/a><\/figure>\n\n\n\n<figure class=\"wp-block-image size-thumbnail\"><a href=\"https:\/\/www.whitesmh.co.uk\/wp-content\/uploads\/IMG_9890-scaled.jpeg\"><img loading=\"lazy\" decoding=\"async\" width=\"400\" height=\"400\" data-id=\"1422\" src=\"https:\/\/www.whitesmh.co.uk\/wp-content\/uploads\/IMG_9890-400x400.jpeg\" alt=\"\" class=\"wp-image-1422\" srcset=\"https:\/\/www.whitesmh.co.uk\/wp-content\/uploads\/IMG_9890-400x400.jpeg 400w, https:\/\/www.whitesmh.co.uk\/wp-content\/uploads\/IMG_9890-scaled-300x300.jpeg 300w, https:\/\/www.whitesmh.co.uk\/wp-content\/uploads\/IMG_9890-scaled-100x100.jpeg 100w\" sizes=\"auto, (max-width: 400px) 100vw, 400px\" \/><\/a><\/figure>\n\n\n\n<figure class=\"wp-block-image size-thumbnail\"><a href=\"https:\/\/www.whitesmh.co.uk\/wp-content\/uploads\/392-scaled.jpeg\"><img loading=\"lazy\" decoding=\"async\" width=\"400\" height=\"400\" data-id=\"1495\" src=\"https:\/\/www.whitesmh.co.uk\/wp-content\/uploads\/392-400x400.jpeg\" alt=\"\" class=\"wp-image-1495\" srcset=\"https:\/\/www.whitesmh.co.uk\/wp-content\/uploads\/392-400x400.jpeg 400w, https:\/\/www.whitesmh.co.uk\/wp-content\/uploads\/392-scaled-300x300.jpeg 300w, https:\/\/www.whitesmh.co.uk\/wp-content\/uploads\/392-scaled-100x100.jpeg 100w\" sizes=\"auto, (max-width: 400px) 100vw, 400px\" \/><\/a><\/figure>\n\n\n\n<figure class=\"wp-block-image size-thumbnail\"><a href=\"https:\/\/www.whitesmh.co.uk\/wp-content\/uploads\/IMG_2475-scaled.jpeg\"><img loading=\"lazy\" decoding=\"async\" width=\"400\" height=\"400\" data-id=\"1417\" src=\"https:\/\/www.whitesmh.co.uk\/wp-content\/uploads\/IMG_2475-400x400.jpeg\" alt=\"\" class=\"wp-image-1417\" srcset=\"https:\/\/www.whitesmh.co.uk\/wp-content\/uploads\/IMG_2475-400x400.jpeg 400w, https:\/\/www.whitesmh.co.uk\/wp-content\/uploads\/IMG_2475-scaled-300x300.jpeg 300w, https:\/\/www.whitesmh.co.uk\/wp-content\/uploads\/IMG_2475-scaled-100x100.jpeg 100w\" sizes=\"auto, (max-width: 400px) 100vw, 400px\" \/><\/a><\/figure>\n\n\n\n<figure class=\"wp-block-image size-thumbnail\"><a href=\"https:\/\/www.whitesmh.co.uk\/wp-content\/uploads\/IMG_2476-scaled.jpeg\"><img loading=\"lazy\" decoding=\"async\" width=\"400\" height=\"400\" data-id=\"1418\" src=\"https:\/\/www.whitesmh.co.uk\/wp-content\/uploads\/IMG_2476-400x400.jpeg\" alt=\"\" class=\"wp-image-1418\" srcset=\"https:\/\/www.whitesmh.co.uk\/wp-content\/uploads\/IMG_2476-400x400.jpeg 400w, https:\/\/www.whitesmh.co.uk\/wp-content\/uploads\/IMG_2476-scaled-300x300.jpeg 300w, https:\/\/www.whitesmh.co.uk\/wp-content\/uploads\/IMG_2476-scaled-100x100.jpeg 100w\" sizes=\"auto, (max-width: 400px) 100vw, 400px\" \/><\/a><\/figure>\n\n\n\n<figure class=\"wp-block-image size-thumbnail\"><a href=\"https:\/\/www.whitesmh.co.uk\/wp-content\/uploads\/IMG_2481-scaled.jpeg\"><img loading=\"lazy\" decoding=\"async\" width=\"400\" height=\"400\" data-id=\"1419\" src=\"https:\/\/www.whitesmh.co.uk\/wp-content\/uploads\/IMG_2481-400x400.jpeg\" alt=\"\" class=\"wp-image-1419\" srcset=\"https:\/\/www.whitesmh.co.uk\/wp-content\/uploads\/IMG_2481-400x400.jpeg 400w, https:\/\/www.whitesmh.co.uk\/wp-content\/uploads\/IMG_2481-scaled-300x300.jpeg 300w, https:\/\/www.whitesmh.co.uk\/wp-content\/uploads\/IMG_2481-scaled-100x100.jpeg 100w\" sizes=\"auto, (max-width: 400px) 100vw, 400px\" \/><\/a><\/figure>\n\n\n\n<figure class=\"wp-block-image size-thumbnail\"><a href=\"https:\/\/www.whitesmh.co.uk\/wp-content\/uploads\/391.jpg\"><img loading=\"lazy\" decoding=\"async\" width=\"400\" height=\"400\" data-id=\"1424\" src=\"https:\/\/www.whitesmh.co.uk\/wp-content\/uploads\/391-400x400.jpg\" alt=\"\" class=\"wp-image-1424\" srcset=\"https:\/\/www.whitesmh.co.uk\/wp-content\/uploads\/391-400x400.jpg 400w, https:\/\/www.whitesmh.co.uk\/wp-content\/uploads\/391-300x300.jpg 300w, https:\/\/www.whitesmh.co.uk\/wp-content\/uploads\/391-100x100.jpg 100w\" sizes=\"auto, (max-width: 400px) 100vw, 400px\" \/><\/a><\/figure>\n<\/figure>\n<\/div>\n\n<div class=\"wp-block-group has-primary-background-color has-background is-layout-flow wp-block-group-is-layout-flow\" style=\"margin-top:30px;margin-bottom:30px;padding-top:var(--wp--preset--spacing--40);padding-right:var(--wp--preset--spacing--40);padding-bottom:var(--wp--preset--spacing--40);padding-left:var(--wp--preset--spacing--40)\">\n<h3 class=\"wp-block-heading\">VIDEOS<\/h3>\n<\/div>\n\n<figure class=\"wp-block-embed is-type-video is-provider-youtube wp-block-embed-youtube wp-embed-aspect-16-9 wp-has-aspect-ratio\"><div class=\"wp-block-embed__wrapper\">\n<iframe loading=\"lazy\" title=\"Whites Material Handling - Hydraulic Fork Positioner\" width=\"800\" height=\"450\" src=\"https:\/\/www.youtube.com\/embed\/IZ2O96l3sdQ?feature=oembed\" frameborder=\"0\" allow=\"accelerometer; autoplay; clipboard-write; encrypted-media; gyroscope; picture-in-picture; web-share\" referrerpolicy=\"strict-origin-when-cross-origin\" allowfullscreen><\/iframe>\n<\/div><\/figure>\n","protected":false},"excerpt":{"rendered":"<p>DOPPELTE GABELVERSTELLGER\u00c4TE Das WHITES Doppel-Zinkenverstellger\u00e4t ist eine OEM-zugelassene L\u00f6sung zur Verbesserung der Sicherheit und Effizienz auf der Baustelle. Um eine Vielzahl von Palettengr\u00f6\u00dfen zu handhaben, stellen Sie einfach den Abstand zwischen den Palettengabeln bequem von der Kabine aus ein. GALERIE VIDEOS<\/p>\n","protected":false},"featured_media":4943,"template":"","meta":{"_acf_changed":false},"product_brand":[],"product_cat":[312,311],"product_tag":[],"class_list":{"2":"type-product","8":"product","9":"first","10":"instock","11":"taxable","12":"shipping-taxable","13":"product-type-simple"},"acf":[],"_links":{"self":[{"href":"https:\/\/www.whitesmh.co.uk\/de\/wp-json\/wp\/v2\/product\/4911","targetHints":{"allow":["GET"]}}],"collection":[{"href":"https:\/\/www.whitesmh.co.uk\/de\/wp-json\/wp\/v2\/product"}],"about":[{"href":"https:\/\/www.whitesmh.co.uk\/de\/wp-json\/wp\/v2\/types\/product"}],"wp:featuredmedia":[{"embeddable":true,"href":"https:\/\/www.whitesmh.co.uk\/de\/wp-json\/wp\/v2\/media\/4943"}],"wp:attachment":[{"href":"https:\/\/www.whitesmh.co.uk\/de\/wp-json\/wp\/v2\/media?parent=4911"}],"wp:term":[{"taxonomy":"product_brand","embeddable":true,"href":"https:\/\/www.whitesmh.co.uk\/de\/wp-json\/wp\/v2\/product_brand?post=4911"},{"taxonomy":"product_cat","embeddable":true,"href":"https:\/\/www.whitesmh.co.uk\/de\/wp-json\/wp\/v2\/product_cat?post=4911"},{"taxonomy":"product_tag","embeddable":true,"href":"https:\/\/www.whitesmh.co.uk\/de\/wp-json\/wp\/v2\/product_tag?post=4911"}],"curies":[{"name":"wp","href":"https:\/\/api.w.org\/{rel}","templated":true}]}}