{"id":4881,"date":"2023-11-21T10:44:23","date_gmt":"2023-11-21T10:44:23","guid":{"rendered":"https:\/\/www.whitesmh.co.uk\/products\/ag-x-sackheber\/"},"modified":"2024-11-19T11:25:59","modified_gmt":"2024-11-19T11:25:59","slug":"ag-x-sackheber","status":"publish","type":"product","link":"https:\/\/www.whitesmh.co.uk\/de\/produkt\/ag-x-sackheber\/","title":{"rendered":"AG-X Sackheber"},"content":{"rendered":"\n<div class=\"wp-block-columns is-layout-flex wp-container-core-columns-is-layout-28f84493 wp-block-columns-is-layout-flex\">\n<div class=\"wp-block-column is-vertically-aligned-center is-layout-flow wp-block-column-is-layout-flow\">\n<figure class=\"wp-block-image size-full\"><img loading=\"lazy\" decoding=\"async\" width=\"2560\" height=\"1920\" src=\"https:\/\/www.whitesmh.co.uk\/wp-content\/uploads\/IMG_2045-scaled.jpeg\" alt=\"\" class=\"wp-image-1428\" srcset=\"https:\/\/www.whitesmh.co.uk\/wp-content\/uploads\/IMG_2045-scaled.jpeg 2560w, https:\/\/www.whitesmh.co.uk\/wp-content\/uploads\/IMG_2045-scaled-600x450.jpeg 600w, https:\/\/www.whitesmh.co.uk\/wp-content\/uploads\/IMG_2045-800x600.jpeg 800w, https:\/\/www.whitesmh.co.uk\/wp-content\/uploads\/IMG_2045-768x576.jpeg 768w\" sizes=\"auto, (max-width: 800px) 100vw, 800px\" \/><\/figure>\n<\/div>\n\n\n\n<div class=\"wp-block-column is-layout-flow wp-block-column-is-layout-flow\">\n<h2 class=\"wp-block-heading\" style=\"text-transform:uppercase\">AG-X SACKHEBER<\/h2>\n\n\n\n<p>Der WHITES AG-X Sackheber wurde entwickelt, um das Bewegen und Laden von D\u00fcngers\u00e4cken zu erleichtern. Die Armabst\u00e4nde erm\u00f6glichen ein enges Stapeln, w\u00e4hrend die Anti-Swing-Stange f\u00fcr einen gleichm\u00e4\u00dfigen Transport sorgt.  <\/p>\n\n\n\n<ul class=\"wp-block-list\">\n<li>Geeignet f\u00fcr 4 x 600kg D\u00fcngers\u00e4cke  <\/li>\n\n\n\n<li>Armabstand f\u00fcr schnelles und sicheres Be- und Entladen \/ Stapeln<\/li>\n\n\n\n<li>Rundrohrarme<\/li>\n\n\n\n<li>1400 mm langer Arm<\/li>\n\n\n\n<li>950 mm Armabst\u00e4nde<\/li>\n\n\n\n<li>Armanschl\u00e4ge, um ein Abrutschen der Taschen zu verhindern  <\/li>\n\n\n\n<li>Anti-Swing-Stange<\/li>\n\n\n\n<li>Inklusive Halterungen<\/li>\n<\/ul>\n\n\n\n<div class=\"wp-block-columns is-layout-flex wp-container-core-columns-is-layout-28f84493 wp-block-columns-is-layout-flex\">\n<div class=\"wp-block-column is-layout-flow wp-block-column-is-layout-flow\" style=\"flex-basis:100%\">\n<figure class=\"wp-block-image size-medium is-resized\"><img loading=\"lazy\" decoding=\"async\" width=\"800\" height=\"135\" src=\"https:\/\/www.whitesmh.co.uk\/wp-content\/uploads\/MIB-AGX-800x135.jpg\" alt=\"\" class=\"wp-image-1173\" style=\"width:268px;height:auto\" srcset=\"https:\/\/www.whitesmh.co.uk\/wp-content\/uploads\/MIB-AGX-800x135.jpg 800w, https:\/\/www.whitesmh.co.uk\/wp-content\/uploads\/MIB-AGX-600x101.jpg 600w, https:\/\/www.whitesmh.co.uk\/wp-content\/uploads\/MIB-AGX-768x129.jpg 768w, https:\/\/www.whitesmh.co.uk\/wp-content\/uploads\/MIB-AGX.jpg 1046w\" sizes=\"auto, (max-width: 800px) 100vw, 800px\" \/><\/figure>\n<\/div>\n<\/div>\n\n\n\n<div class=\"wp-block-buttons is-layout-flex wp-block-buttons-is-layout-flex\">\n<div class=\"wp-block-button\"><a class=\"wp-block-button__link wp-element-button\" href=\"https:\/\/www.whitesmh.co.uk\/contact\/\">KONTAKTIEREN SIE UNS<\/a><\/div>\n\n\n\n<div class=\"wp-block-button\"><a class=\"wp-block-button__link wp-element-button\" href=\"https:\/\/www.whitesmh.co.uk\/wp-content\/uploads\/WMH-Data-Sheet-Bag-Lifters.pptx\" target=\"_blank\" rel=\"noreferrer noopener\">DATENBLATT<\/a><\/div>\n<\/div>\n<\/div>\n<\/div>\n\n<div class=\"wp-block-group has-primary-background-color has-background is-layout-flow wp-block-group-is-layout-flow\" style=\"margin-top:30px;margin-bottom:30px;padding-top:var(--wp--preset--spacing--40);padding-right:var(--wp--preset--spacing--40);padding-bottom:var(--wp--preset--spacing--40);padding-left:var(--wp--preset--spacing--40)\">\n<h3 class=\"wp-block-heading\">MODELLE<\/h3>\n<\/div>\n\n<figure class=\"wp-block-table is-style-regular\"><table><tbody><tr><td class=\"has-text-align-center\" data-align=\"center\"><strong>Modell<\/strong><\/td><td class=\"has-text-align-center\" data-align=\"center\"><strong>S\u00e4cke<\/strong><\/td><td class=\"has-text-align-center\" data-align=\"center\"><strong>Arm-Zentren<\/strong><\/td><\/tr><tr><td class=\"has-text-align-center\" data-align=\"center\">BLF4600<\/td><td class=\"has-text-align-center\" data-align=\"center\">4 x 600kg<\/td><td class=\"has-text-align-center\" data-align=\"center\">950mm<\/td><\/tr><\/tbody><\/table><\/figure>\n\n<div class=\"wp-block-group is-layout-flow wp-block-group-is-layout-flow\">\n<div class=\"wp-block-group has-primary-background-color has-background is-layout-flow wp-block-group-is-layout-flow\" style=\"margin-top:30px;margin-bottom:30px;padding-top:var(--wp--preset--spacing--40);padding-right:var(--wp--preset--spacing--40);padding-bottom:var(--wp--preset--spacing--40);padding-left:var(--wp--preset--spacing--40)\">\n<h3 class=\"wp-block-heading\">GALERIE<\/h3>\n<\/div>\n\n\n\n<figure class=\"wp-block-gallery has-nested-images columns-4 is-cropped wp-block-gallery-1 is-layout-flex wp-block-gallery-is-layout-flex\">\n<figure class=\"wp-block-image size-thumbnail\"><a href=\"https:\/\/www.whitesmh.co.uk\/wp-content\/uploads\/IMG_2049-scaled.jpeg\"><img loading=\"lazy\" decoding=\"async\" width=\"400\" height=\"400\" data-id=\"1431\" src=\"https:\/\/www.whitesmh.co.uk\/wp-content\/uploads\/IMG_2049-400x400.jpeg\" alt=\"\" class=\"wp-image-1431\" srcset=\"https:\/\/www.whitesmh.co.uk\/wp-content\/uploads\/IMG_2049-400x400.jpeg 400w, https:\/\/www.whitesmh.co.uk\/wp-content\/uploads\/IMG_2049-scaled-300x300.jpeg 300w, https:\/\/www.whitesmh.co.uk\/wp-content\/uploads\/IMG_2049-scaled-100x100.jpeg 100w\" sizes=\"auto, (max-width: 400px) 100vw, 400px\" \/><\/a><\/figure>\n\n\n\n<figure class=\"wp-block-image size-thumbnail\"><a href=\"https:\/\/www.whitesmh.co.uk\/wp-content\/uploads\/IMG_2053-scaled.jpeg\"><img loading=\"lazy\" decoding=\"async\" width=\"400\" height=\"400\" data-id=\"1435\" src=\"https:\/\/www.whitesmh.co.uk\/wp-content\/uploads\/IMG_2053-400x400.jpeg\" alt=\"\" class=\"wp-image-1435\" srcset=\"https:\/\/www.whitesmh.co.uk\/wp-content\/uploads\/IMG_2053-400x400.jpeg 400w, https:\/\/www.whitesmh.co.uk\/wp-content\/uploads\/IMG_2053-scaled-300x300.jpeg 300w, https:\/\/www.whitesmh.co.uk\/wp-content\/uploads\/IMG_2053-scaled-100x100.jpeg 100w\" sizes=\"auto, (max-width: 400px) 100vw, 400px\" \/><\/a><\/figure>\n\n\n\n<figure class=\"wp-block-image size-thumbnail\"><a href=\"https:\/\/www.whitesmh.co.uk\/wp-content\/uploads\/IMG_2050-scaled.jpeg\"><img loading=\"lazy\" decoding=\"async\" width=\"400\" height=\"400\" data-id=\"1432\" src=\"https:\/\/www.whitesmh.co.uk\/wp-content\/uploads\/IMG_2050-400x400.jpeg\" alt=\"\" class=\"wp-image-1432\" srcset=\"https:\/\/www.whitesmh.co.uk\/wp-content\/uploads\/IMG_2050-400x400.jpeg 400w, https:\/\/www.whitesmh.co.uk\/wp-content\/uploads\/IMG_2050-scaled-300x300.jpeg 300w, https:\/\/www.whitesmh.co.uk\/wp-content\/uploads\/IMG_2050-scaled-100x100.jpeg 100w\" sizes=\"auto, (max-width: 400px) 100vw, 400px\" \/><\/a><\/figure>\n\n\n\n<figure class=\"wp-block-image size-thumbnail\"><a href=\"https:\/\/www.whitesmh.co.uk\/wp-content\/uploads\/IMG_2047-scaled.jpeg\"><img loading=\"lazy\" decoding=\"async\" width=\"400\" height=\"400\" data-id=\"1430\" src=\"https:\/\/www.whitesmh.co.uk\/wp-content\/uploads\/IMG_2047-400x400.jpeg\" alt=\"\" class=\"wp-image-1430\" srcset=\"https:\/\/www.whitesmh.co.uk\/wp-content\/uploads\/IMG_2047-400x400.jpeg 400w, https:\/\/www.whitesmh.co.uk\/wp-content\/uploads\/IMG_2047-scaled-300x300.jpeg 300w, https:\/\/www.whitesmh.co.uk\/wp-content\/uploads\/IMG_2047-scaled-100x100.jpeg 100w\" sizes=\"auto, (max-width: 400px) 100vw, 400px\" \/><\/a><\/figure>\n\n\n\n<figure class=\"wp-block-image size-thumbnail\"><a href=\"https:\/\/www.whitesmh.co.uk\/wp-content\/uploads\/IMG_2046-scaled.jpeg\"><img loading=\"lazy\" decoding=\"async\" width=\"400\" height=\"400\" data-id=\"1429\" src=\"https:\/\/www.whitesmh.co.uk\/wp-content\/uploads\/IMG_2046-400x400.jpeg\" alt=\"\" class=\"wp-image-1429\" srcset=\"https:\/\/www.whitesmh.co.uk\/wp-content\/uploads\/IMG_2046-400x400.jpeg 400w, https:\/\/www.whitesmh.co.uk\/wp-content\/uploads\/IMG_2046-scaled-300x300.jpeg 300w, https:\/\/www.whitesmh.co.uk\/wp-content\/uploads\/IMG_2046-scaled-100x100.jpeg 100w\" sizes=\"auto, (max-width: 400px) 100vw, 400px\" \/><\/a><\/figure>\n\n\n\n<figure class=\"wp-block-image size-thumbnail\"><a href=\"https:\/\/www.whitesmh.co.uk\/wp-content\/uploads\/IMG_2054-scaled.jpeg\"><img loading=\"lazy\" decoding=\"async\" width=\"400\" height=\"400\" data-id=\"1436\" src=\"https:\/\/www.whitesmh.co.uk\/wp-content\/uploads\/IMG_2054-400x400.jpeg\" alt=\"\" class=\"wp-image-1436\" srcset=\"https:\/\/www.whitesmh.co.uk\/wp-content\/uploads\/IMG_2054-400x400.jpeg 400w, https:\/\/www.whitesmh.co.uk\/wp-content\/uploads\/IMG_2054-scaled-300x300.jpeg 300w, https:\/\/www.whitesmh.co.uk\/wp-content\/uploads\/IMG_2054-scaled-100x100.jpeg 100w\" sizes=\"auto, (max-width: 400px) 100vw, 400px\" \/><\/a><\/figure>\n\n\n\n<figure class=\"wp-block-image size-thumbnail\"><a href=\"https:\/\/www.whitesmh.co.uk\/wp-content\/uploads\/IMG_2052-scaled.jpeg\"><img loading=\"lazy\" decoding=\"async\" width=\"400\" height=\"400\" data-id=\"1434\" src=\"https:\/\/www.whitesmh.co.uk\/wp-content\/uploads\/IMG_2052-400x400.jpeg\" alt=\"\" class=\"wp-image-1434\" srcset=\"https:\/\/www.whitesmh.co.uk\/wp-content\/uploads\/IMG_2052-400x400.jpeg 400w, https:\/\/www.whitesmh.co.uk\/wp-content\/uploads\/IMG_2052-scaled-300x300.jpeg 300w, https:\/\/www.whitesmh.co.uk\/wp-content\/uploads\/IMG_2052-scaled-100x100.jpeg 100w\" sizes=\"auto, (max-width: 400px) 100vw, 400px\" \/><\/a><\/figure>\n\n\n\n<figure class=\"wp-block-image size-thumbnail\"><a href=\"https:\/\/www.whitesmh.co.uk\/wp-content\/uploads\/IMG_2051-scaled.jpeg\"><img loading=\"lazy\" decoding=\"async\" width=\"400\" height=\"400\" data-id=\"1433\" src=\"https:\/\/www.whitesmh.co.uk\/wp-content\/uploads\/IMG_2051-400x400.jpeg\" alt=\"\" class=\"wp-image-1433\" srcset=\"https:\/\/www.whitesmh.co.uk\/wp-content\/uploads\/IMG_2051-400x400.jpeg 400w, https:\/\/www.whitesmh.co.uk\/wp-content\/uploads\/IMG_2051-scaled-300x300.jpeg 300w, https:\/\/www.whitesmh.co.uk\/wp-content\/uploads\/IMG_2051-scaled-100x100.jpeg 100w\" sizes=\"auto, (max-width: 400px) 100vw, 400px\" \/><\/a><\/figure>\n<\/figure>\n<\/div>\n","protected":false},"excerpt":{"rendered":"<p>AG-X SACKHEBER Der WHITES AG-X Sackheber wurde entwickelt, um das Bewegen und Laden von D\u00fcngers\u00e4cken zu erleichtern. Die Armabst\u00e4nde erm\u00f6glichen ein enges Stapeln, w\u00e4hrend die Anti-Swing-Stange f\u00fcr einen gleichm\u00e4\u00dfigen Transport sorgt. MODELLE Modell S\u00e4cke Arm-Zentren BLF4600 4 x 600kg 950mm GALERIE<\/p>\n","protected":false},"featured_media":4906,"template":"","meta":{"_acf_changed":false},"product_brand":[],"product_cat":[309,311],"product_tag":[],"class_list":{"2":"type-product","8":"product","9":"first","10":"instock","11":"taxable","12":"shipping-taxable","13":"product-type-simple"},"acf":[],"_links":{"self":[{"href":"https:\/\/www.whitesmh.co.uk\/de\/wp-json\/wp\/v2\/product\/4881","targetHints":{"allow":["GET"]}}],"collection":[{"href":"https:\/\/www.whitesmh.co.uk\/de\/wp-json\/wp\/v2\/product"}],"about":[{"href":"https:\/\/www.whitesmh.co.uk\/de\/wp-json\/wp\/v2\/types\/product"}],"wp:featuredmedia":[{"embeddable":true,"href":"https:\/\/www.whitesmh.co.uk\/de\/wp-json\/wp\/v2\/media\/4906"}],"wp:attachment":[{"href":"https:\/\/www.whitesmh.co.uk\/de\/wp-json\/wp\/v2\/media?parent=4881"}],"wp:term":[{"taxonomy":"product_brand","embeddable":true,"href":"https:\/\/www.whitesmh.co.uk\/de\/wp-json\/wp\/v2\/product_brand?post=4881"},{"taxonomy":"product_cat","embeddable":true,"href":"https:\/\/www.whitesmh.co.uk\/de\/wp-json\/wp\/v2\/product_cat?post=4881"},{"taxonomy":"product_tag","embeddable":true,"href":"https:\/\/www.whitesmh.co.uk\/de\/wp-json\/wp\/v2\/product_tag?post=4881"}],"curies":[{"name":"wp","href":"https:\/\/api.w.org\/{rel}","templated":true}]}}