{"id":4870,"date":"2023-11-28T11:06:50","date_gmt":"2023-11-28T11:06:50","guid":{"rendered":"https:\/\/www.whitesmh.co.uk\/products\/totaltilt-kippkupplungen\/"},"modified":"2024-11-19T11:11:04","modified_gmt":"2024-11-19T11:11:04","slug":"totaltilt-kippkupplungen","status":"publish","type":"product","link":"https:\/\/www.whitesmh.co.uk\/de\/produkt\/totaltilt-kippkupplungen\/","title":{"rendered":"Totaltilt-Kippkupplungen"},"content":{"rendered":"\n<div class=\"wp-block-columns is-layout-flex wp-container-core-columns-is-layout-28f84493 wp-block-columns-is-layout-flex\">\n<div class=\"wp-block-column is-vertically-aligned-center is-layout-flow wp-block-column-is-layout-flow\">\n<figure class=\"wp-block-image size-full\"><img loading=\"lazy\" decoding=\"async\" width=\"2000\" height=\"1500\" src=\"https:\/\/www.whitesmh.co.uk\/wp-content\/uploads\/Totaltilt2-1-scaled.jpg\" alt=\"\" class=\"wp-image-905\" srcset=\"https:\/\/www.whitesmh.co.uk\/wp-content\/uploads\/Totaltilt2-1-scaled.jpg 2000w, https:\/\/www.whitesmh.co.uk\/wp-content\/uploads\/Totaltilt2-1-scaled-600x450.jpg 600w, https:\/\/www.whitesmh.co.uk\/wp-content\/uploads\/Totaltilt2-1-scaled-800x600.jpg 800w, https:\/\/www.whitesmh.co.uk\/wp-content\/uploads\/Totaltilt2-1-scaled-768x576.jpg 768w\" sizes=\"auto, (max-width: 800px) 100vw, 800px\" \/><\/figure>\n<\/div>\n\n\n\n<div class=\"wp-block-column is-layout-flow wp-block-column-is-layout-flow\">\n<h2 class=\"wp-block-heading\" style=\"text-transform:uppercase\">TOTALTILT-KIPPKUPPLUNGEN<\/h2>\n\n\n\n<p>Die Whites TOTALTILT Hydraulische Doppelverriegelungskupplung ist eine einfache, schnelle, formschl\u00fcssige Doppelverriegelungskupplung, die einen sicheren und kontrollierten Wechsel der Anbauger\u00e4te von der Sicherheit und dem Komfort der Kabine mit der zus\u00e4tzlichen Vielseitigkeit der 180-Fu\u00df-Neigung erm\u00f6glicht.<\/p>\n\n\n\n<ul class=\"wp-block-list\">\n<li>Variable Stiftmitte f\u00fcr eine Vielzahl von OEM-Anbauger\u00e4ten<\/li>\n\n\n\n<li>ISO13031 konform<\/li>\n\n\n\n<li>Keine Wartung erforderlich  <\/li>\n\n\n\n<li>HKS-Antrieb \u2013 weltweit anerkannte Qualit\u00e4t<\/li>\n\n\n\n<li>RAEX Grundplatten aus hochfestem Stahl  <\/li>\n\n\n\n<li>Einzigartiger abnehmbarer Zylinder und Sicherheitsfederschutz  <\/li>\n\n\n\n<li>Ma\u00dfgeschneiderte Hydraulik-Montages\u00e4tze<\/li>\n\n\n\n<li>Kompakte Bauweise \u2013 keine externen Zylinder<\/li>\n\n\n\n<li>Neigung um 180\u00b0 \u2013 maximale Vielseitigkeit<\/li>\n\n\n\n<li>Geeignet f\u00fcr eine Vielzahl von Maschinen und Anbauger\u00e4ten<\/li>\n<\/ul>\n\n\n\n<div class=\"wp-block-columns is-layout-flex wp-container-core-columns-is-layout-28f84493 wp-block-columns-is-layout-flex\">\n<div class=\"wp-block-column is-layout-flow wp-block-column-is-layout-flow\" style=\"flex-basis:100%\">\n<figure class=\"wp-block-image size-full is-resized\"><img loading=\"lazy\" decoding=\"async\" width=\"626\" height=\"152\" src=\"https:\/\/www.whitesmh.co.uk\/wp-content\/uploads\/Made-in-Britain2.png\" alt=\"\" class=\"wp-image-924\" style=\"width:268px;height:auto\" srcset=\"https:\/\/www.whitesmh.co.uk\/wp-content\/uploads\/Made-in-Britain2.png 626w, https:\/\/www.whitesmh.co.uk\/wp-content\/uploads\/Made-in-Britain2-600x146.png 600w\" sizes=\"auto, (max-width: 626px) 100vw, 626px\" \/><\/figure>\n<\/div>\n<\/div>\n\n\n\n<div class=\"wp-block-buttons is-layout-flex wp-block-buttons-is-layout-flex\">\n<div class=\"wp-block-button\"><a class=\"wp-block-button__link wp-element-button\" href=\"https:\/\/www.whitesmh.co.uk\/contact\/\">KONTAKTIEREN SIE UNS<\/a><\/div>\n\n\n\n<div class=\"wp-block-button\"><a class=\"wp-block-button__link wp-element-button\" href=\"https:\/\/www.whitesmh.co.uk\/support\/couplers-product-support\/\">PRODUKT-SUPPORT<\/a><\/div>\n\n\n\n<div class=\"wp-block-button\"><a class=\"wp-block-button__link wp-element-button\" href=\"https:\/\/www.whitesmh.co.uk\/wp-content\/uploads\/WMH-Data-Sheet-Totaltilt.pdf\" target=\"_blank\" rel=\"noreferrer noopener\">DATENBLATT<\/a><\/div>\n<\/div>\n<\/div>\n<\/div>\n\n<div class=\"wp-block-group is-layout-constrained wp-block-group-is-layout-constrained\">\n<div class=\"wp-block-group alignfull has-primary-background-color has-background is-layout-flow wp-block-group-is-layout-flow\" style=\"margin-top:30px;margin-bottom:30px;padding-top:var(--wp--preset--spacing--40);padding-right:var(--wp--preset--spacing--40);padding-bottom:var(--wp--preset--spacing--40);padding-left:var(--wp--preset--spacing--40)\">\n<h3 class=\"wp-block-heading alignfull\">MODELLE<\/h3>\n<\/div>\n<\/div>\n\n<figure class=\"wp-block-table\"><table><tbody><tr><td class=\"has-text-align-center\" data-align=\"center\"><strong>Teilenummer<\/strong><\/td><td class=\"has-text-align-center\" data-align=\"center\"><strong>Maschinengr\u00f6\u00dfe<\/strong><\/td><\/tr><tr><td class=\"has-text-align-center\" data-align=\"center\">PT01<\/td><td class=\"has-text-align-center\" data-align=\"center\">1,50 t<\/td><\/tr><tr><td class=\"has-text-align-center\" data-align=\"center\">PT03<\/td><td class=\"has-text-align-center\" data-align=\"center\">3,0 T<\/td><\/tr><tr><td class=\"has-text-align-center\" data-align=\"center\">PT05<\/td><td class=\"has-text-align-center\" data-align=\"center\">4.0T<\/td><\/tr><tr><td class=\"has-text-align-center\" data-align=\"center\">PT05<\/td><td class=\"has-text-align-center\" data-align=\"center\">5,50 t<\/td><\/tr><tr><td class=\"has-text-align-center\" data-align=\"center\">PT07<\/td><td class=\"has-text-align-center\" data-align=\"center\">7.0T &#8211; 9.0T<\/td><\/tr><tr><td class=\"has-text-align-center\" data-align=\"center\">PT13<\/td><td class=\"has-text-align-center\" data-align=\"center\">13,0 T<\/td><\/tr><tr><td class=\"has-text-align-center\" data-align=\"center\">PT20<\/td><td class=\"has-text-align-center\" data-align=\"center\">21,0 T<\/td><\/tr><\/tbody><\/table><\/figure>\n\n<div class=\"wp-block-group is-layout-flow wp-block-group-is-layout-flow\">\n<div class=\"wp-block-group has-primary-background-color has-background is-layout-flow wp-block-group-is-layout-flow\" style=\"margin-top:30px;margin-bottom:30px;padding-top:var(--wp--preset--spacing--40);padding-right:var(--wp--preset--spacing--40);padding-bottom:var(--wp--preset--spacing--40);padding-left:var(--wp--preset--spacing--40)\">\n<h3 class=\"wp-block-heading\">GALERIE<\/h3>\n<\/div>\n\n\n\n<figure class=\"wp-block-gallery has-nested-images columns-4 is-cropped wp-block-gallery-1 is-layout-flex wp-block-gallery-is-layout-flex\">\n<figure class=\"wp-block-image size-thumbnail\"><a href=\"https:\/\/www.whitesmh.co.uk\/wp-content\/uploads\/IMG_2172-scaled.jpeg\"><img decoding=\"async\" data-id=\"762\" src=\"https:\/\/www.whitesmh.co.uk\/wp-content\/uploads\/IMG_2172-400x400.jpeg\" alt=\"\" class=\"wp-image-762\"\/><\/a><\/figure>\n\n\n\n<figure class=\"wp-block-image size-thumbnail\"><a href=\"https:\/\/www.whitesmh.co.uk\/wp-content\/uploads\/548-scaled.jpg\"><img decoding=\"async\" data-id=\"910\" src=\"https:\/\/www.whitesmh.co.uk\/wp-content\/uploads\/548-400x400.jpg\" alt=\"\" class=\"wp-image-910\"\/><\/a><\/figure>\n\n\n\n<figure class=\"wp-block-image size-thumbnail\"><a href=\"https:\/\/www.whitesmh.co.uk\/wp-content\/uploads\/WhatsApp-Image-2023-10-30-at-21.06.02.jpeg\"><img loading=\"lazy\" decoding=\"async\" width=\"400\" height=\"400\" data-id=\"904\" src=\"https:\/\/www.whitesmh.co.uk\/wp-content\/uploads\/WhatsApp-Image-2023-10-30-at-21.06.02-400x400.jpeg\" alt=\"\" class=\"wp-image-904\" srcset=\"https:\/\/www.whitesmh.co.uk\/wp-content\/uploads\/WhatsApp-Image-2023-10-30-at-21.06.02-400x400.jpeg 400w, https:\/\/www.whitesmh.co.uk\/wp-content\/uploads\/WhatsApp-Image-2023-10-30-at-21.06.02-300x300.jpeg 300w, https:\/\/www.whitesmh.co.uk\/wp-content\/uploads\/WhatsApp-Image-2023-10-30-at-21.06.02-100x100.jpeg 100w\" sizes=\"auto, (max-width: 400px) 100vw, 400px\" \/><\/a><\/figure>\n\n\n\n<figure class=\"wp-block-image size-thumbnail\"><a href=\"https:\/\/www.whitesmh.co.uk\/wp-content\/uploads\/TotalTilt3.jpg\"><img loading=\"lazy\" decoding=\"async\" width=\"400\" height=\"400\" data-id=\"907\" src=\"https:\/\/www.whitesmh.co.uk\/wp-content\/uploads\/TotalTilt3-400x400.jpg\" alt=\"\" class=\"wp-image-907\" srcset=\"https:\/\/www.whitesmh.co.uk\/wp-content\/uploads\/TotalTilt3-400x400.jpg 400w, https:\/\/www.whitesmh.co.uk\/wp-content\/uploads\/TotalTilt3-300x300.jpg 300w, https:\/\/www.whitesmh.co.uk\/wp-content\/uploads\/TotalTilt3-100x100.jpg 100w\" sizes=\"auto, (max-width: 400px) 100vw, 400px\" \/><\/a><\/figure>\n\n\n\n<figure class=\"wp-block-image size-thumbnail\"><a href=\"https:\/\/www.whitesmh.co.uk\/wp-content\/uploads\/IMG_2171-scaled.jpeg\"><img decoding=\"async\" data-id=\"913\" src=\"https:\/\/www.whitesmh.co.uk\/wp-content\/uploads\/IMG_2171-400x400.jpeg\" alt=\"\" class=\"wp-image-913\"\/><\/a><\/figure>\n\n\n\n<figure class=\"wp-block-image size-thumbnail\"><a href=\"https:\/\/www.whitesmh.co.uk\/wp-content\/uploads\/350.jpg\"><img loading=\"lazy\" decoding=\"async\" width=\"400\" height=\"400\" data-id=\"911\" src=\"https:\/\/www.whitesmh.co.uk\/wp-content\/uploads\/350-400x400.jpg\" alt=\"\" class=\"wp-image-911\" srcset=\"https:\/\/www.whitesmh.co.uk\/wp-content\/uploads\/350-400x400.jpg 400w, https:\/\/www.whitesmh.co.uk\/wp-content\/uploads\/350-300x300.jpg 300w, https:\/\/www.whitesmh.co.uk\/wp-content\/uploads\/350-100x100.jpg 100w\" sizes=\"auto, (max-width: 400px) 100vw, 400px\" \/><\/a><\/figure>\n\n\n\n<figure class=\"wp-block-image size-thumbnail\"><a href=\"https:\/\/www.whitesmh.co.uk\/wp-content\/uploads\/WhatsApp-Image-2023-10-30-at-21.06.01.jpeg\"><img loading=\"lazy\" decoding=\"async\" width=\"400\" height=\"400\" data-id=\"906\" src=\"https:\/\/www.whitesmh.co.uk\/wp-content\/uploads\/WhatsApp-Image-2023-10-30-at-21.06.01-400x400.jpeg\" alt=\"\" class=\"wp-image-906\" srcset=\"https:\/\/www.whitesmh.co.uk\/wp-content\/uploads\/WhatsApp-Image-2023-10-30-at-21.06.01-400x400.jpeg 400w, https:\/\/www.whitesmh.co.uk\/wp-content\/uploads\/WhatsApp-Image-2023-10-30-at-21.06.01-300x300.jpeg 300w, https:\/\/www.whitesmh.co.uk\/wp-content\/uploads\/WhatsApp-Image-2023-10-30-at-21.06.01-100x100.jpeg 100w\" sizes=\"auto, (max-width: 400px) 100vw, 400px\" \/><\/a><\/figure>\n\n\n\n<figure class=\"wp-block-image size-thumbnail\"><a href=\"https:\/\/www.whitesmh.co.uk\/wp-content\/uploads\/IMG_1175-scaled.jpeg\"><img decoding=\"async\" data-id=\"912\" src=\"https:\/\/www.whitesmh.co.uk\/wp-content\/uploads\/IMG_1175-400x400.jpeg\" alt=\"\" class=\"wp-image-912\"\/><\/a><\/figure>\n<\/figure>\n<\/div>\n\n<div class=\"wp-block-group has-primary-background-color has-background is-layout-flow wp-block-group-is-layout-flow\" style=\"margin-top:30px;margin-bottom:30px;padding-top:var(--wp--preset--spacing--40);padding-right:var(--wp--preset--spacing--40);padding-bottom:var(--wp--preset--spacing--40);padding-left:var(--wp--preset--spacing--40)\">\n<h3 class=\"wp-block-heading\">VIDEOS<\/h3>\n<\/div>\n\n<figure class=\"wp-block-embed is-type-video is-provider-youtube wp-block-embed-youtube wp-embed-aspect-16-9 wp-has-aspect-ratio\"><div class=\"wp-block-embed__wrapper\">\n<iframe loading=\"lazy\" title=\"Whites Material Handling - TOTALTILT\" width=\"800\" height=\"450\" src=\"https:\/\/www.youtube.com\/embed\/DYaR5KjNLmg?feature=oembed\" frameborder=\"0\" allow=\"accelerometer; autoplay; clipboard-write; encrypted-media; gyroscope; picture-in-picture; web-share\" referrerpolicy=\"strict-origin-when-cross-origin\" allowfullscreen><\/iframe>\n<\/div><\/figure>\n\n<div class=\"wp-block-group is-layout-constrained wp-block-group-is-layout-constrained\">\n<div class=\"wp-block-group alignfull has-primary-background-color has-background is-layout-flow wp-block-group-is-layout-flow\" style=\"margin-top:30px;margin-bottom:30px;padding-top:var(--wp--preset--spacing--40);padding-right:var(--wp--preset--spacing--40);padding-bottom:var(--wp--preset--spacing--40);padding-left:var(--wp--preset--spacing--40)\">\n<h3 class=\"wp-block-heading alignfull\">VERWANDTE PRODUKTE<\/h3>\n<\/div>\n<\/div>\n\n<div class=\"product-grid flex\">\n\t\t<div class=\"col-25 padBottom\">\n\t\t<a href=\"https:\/\/www.whitesmh.co.uk\/de\/produkt\/manuelle-springlock-kupplungen\/\" title=\"Manuelle Springlock-Kupplungen\" class=\"block radius\">\n\t\t\t\t\t\t<div class=\"thumb\">\n\t\t\t\t<img loading=\"lazy\" decoding=\"async\" width=\"400\" height=\"400\" src=\"https:\/\/www.whitesmh.co.uk\/wp-content\/uploads\/PX2M0443-05-Menu-Image-400x400.jpg\" class=\"attachment-thumbnail size-thumbnail wp-post-image\" alt=\"\" srcset=\"https:\/\/www.whitesmh.co.uk\/wp-content\/uploads\/PX2M0443-05-Menu-Image-400x400.jpg 400w, https:\/\/www.whitesmh.co.uk\/wp-content\/uploads\/PX2M0443-05-Menu-Image-300x300.jpg 300w, https:\/\/www.whitesmh.co.uk\/wp-content\/uploads\/PX2M0443-05-Menu-Image-100x100.jpg 100w\" sizes=\"auto, (max-width: 400px) 100vw, 400px\" \/>\t\t\t\t\t\t\t\t\t\n\t\t\t<\/div>\n\t\t\t\t\t\t<div class=\"meta smlPadAll\">\n\t\t\t\t<h4 class=\"no-margin\">Manuelle Springlock-Kupplungen<\/h4>\n\t\t\t\t<span class=\"blue button marTop\">Find out more <i class=\"fa-solid fa-chevron-right\"><\/i><\/span>\n\t\t\t<\/div>\n\t\t<\/a>\n\t<\/div>\n\t\t<div class=\"col-25 padBottom\">\n\t\t<a href=\"https:\/\/www.whitesmh.co.uk\/de\/produkt\/totalock-2-hydraulikkupplungen\/\" title=\"Totalock 2 Hydraulikkupplungen\" class=\"block radius\">\n\t\t\t\t\t\t<div class=\"thumb\">\n\t\t\t\t<img loading=\"lazy\" decoding=\"async\" width=\"400\" height=\"400\" src=\"https:\/\/www.whitesmh.co.uk\/wp-content\/uploads\/PY0427-02-400x400.jpg\" class=\"attachment-thumbnail size-thumbnail wp-post-image\" alt=\"\" srcset=\"https:\/\/www.whitesmh.co.uk\/wp-content\/uploads\/PY0427-02-400x400.jpg 400w, https:\/\/www.whitesmh.co.uk\/wp-content\/uploads\/PY0427-02-300x300.jpg 300w, https:\/\/www.whitesmh.co.uk\/wp-content\/uploads\/PY0427-02-100x100.jpg 100w\" sizes=\"auto, (max-width: 400px) 100vw, 400px\" \/>\t\t\t\t\t\t\t\t\t\n\t\t\t<\/div>\n\t\t\t\t\t\t<div class=\"meta smlPadAll\">\n\t\t\t\t<h4 class=\"no-margin\">Totalock 2 Hydraulikkupplungen<\/h4>\n\t\t\t\t<span class=\"blue button marTop\">Find out more <i class=\"fa-solid fa-chevron-right\"><\/i><\/span>\n\t\t\t<\/div>\n\t\t<\/a>\n\t<\/div>\n\t\t<div class=\"col-25 padBottom\">\n\t\t<a href=\"https:\/\/www.whitesmh.co.uk\/de\/produkt\/klac-kupplungen\/\" title=\"Klac-Kupplungen\" class=\"block radius\">\n\t\t\t\t\t\t<div class=\"thumb\">\n\t\t\t\t<img loading=\"lazy\" decoding=\"async\" width=\"400\" height=\"400\" src=\"https:\/\/www.whitesmh.co.uk\/wp-content\/uploads\/R0A4886-Cropped-2-2-400x400.jpg\" class=\"attachment-thumbnail size-thumbnail wp-post-image\" alt=\"\" srcset=\"https:\/\/www.whitesmh.co.uk\/wp-content\/uploads\/R0A4886-Cropped-2-2-400x400.jpg 400w, https:\/\/www.whitesmh.co.uk\/wp-content\/uploads\/R0A4886-Cropped-2-2-300x300.jpg 300w, https:\/\/www.whitesmh.co.uk\/wp-content\/uploads\/R0A4886-Cropped-2-2-100x100.jpg 100w\" sizes=\"auto, (max-width: 400px) 100vw, 400px\" \/>\t\t\t\t\t\t\t\t\t\n\t\t\t<\/div>\n\t\t\t\t\t\t<div class=\"meta smlPadAll\">\n\t\t\t\t<h4 class=\"no-margin\">Klac-Kupplungen<\/h4>\n\t\t\t\t<span class=\"blue button marTop\">Find out more <i class=\"fa-solid fa-chevron-right\"><\/i><\/span>\n\t\t\t<\/div>\n\t\t<\/a>\n\t<\/div>\n\t\t<div class=\"col-25 padBottom\">\n\t\t<a href=\"https:\/\/www.whitesmh.co.uk\/de\/produkt\/hammer-halterungen\/\" title=\"Hammer-Halterungen\" class=\"block radius\">\n\t\t\t\t\t\t<div class=\"thumb\">\n\t\t\t\t<img loading=\"lazy\" decoding=\"async\" width=\"400\" height=\"400\" src=\"https:\/\/www.whitesmh.co.uk\/wp-content\/uploads\/EZ5025R40-Menu-Image-400x400.jpg\" class=\"attachment-thumbnail size-thumbnail wp-post-image\" alt=\"\" srcset=\"https:\/\/www.whitesmh.co.uk\/wp-content\/uploads\/EZ5025R40-Menu-Image-400x400.jpg 400w, https:\/\/www.whitesmh.co.uk\/wp-content\/uploads\/EZ5025R40-Menu-Image-300x300.jpg 300w, https:\/\/www.whitesmh.co.uk\/wp-content\/uploads\/EZ5025R40-Menu-Image-100x100.jpg 100w\" sizes=\"auto, (max-width: 400px) 100vw, 400px\" \/>\t\t\t\t\t\t\t\t\t\n\t\t\t<\/div>\n\t\t\t\t\t\t<div class=\"meta smlPadAll\">\n\t\t\t\t<h4 class=\"no-margin\">Hammer-Halterungen<\/h4>\n\t\t\t\t<span class=\"blue button marTop\">Find out more <i class=\"fa-solid fa-chevron-right\"><\/i><\/span>\n\t\t\t<\/div>\n\t\t<\/a>\n\t<\/div>\n\t<\/div>\n","protected":false},"excerpt":{"rendered":"<p>TOTALTILT-KIPPKUPPLUNGEN Die Whites TOTALTILT Hydraulische Doppelverriegelungskupplung ist eine einfache, schnelle, formschl\u00fcssige Doppelverriegelungskupplung, die einen sicheren und kontrollierten Wechsel der Anbauger\u00e4te von der Sicherheit und dem Komfort der Kabine mit der zus\u00e4tzlichen Vielseitigkeit der 180-Fu\u00df-Neigung erm\u00f6glicht. MODELLE Teilenummer Maschinengr\u00f6\u00dfe PT01 1,50 t PT03 3,0 T PT05 4.0T PT05 5,50 t PT07 7.0T &#8211; 9.0T PT13 13,0&hellip;<\/p>\n","protected":false},"featured_media":4871,"template":"","meta":{"_acf_changed":false},"product_brand":[],"product_cat":[310],"product_tag":[],"class_list":{"2":"type-product","7":"product","8":"first","9":"instock","10":"taxable","11":"shipping-taxable","12":"product-type-simple"},"acf":[],"_links":{"self":[{"href":"https:\/\/www.whitesmh.co.uk\/de\/wp-json\/wp\/v2\/product\/4870","targetHints":{"allow":["GET"]}}],"collection":[{"href":"https:\/\/www.whitesmh.co.uk\/de\/wp-json\/wp\/v2\/product"}],"about":[{"href":"https:\/\/www.whitesmh.co.uk\/de\/wp-json\/wp\/v2\/types\/product"}],"wp:featuredmedia":[{"embeddable":true,"href":"https:\/\/www.whitesmh.co.uk\/de\/wp-json\/wp\/v2\/media\/4871"}],"wp:attachment":[{"href":"https:\/\/www.whitesmh.co.uk\/de\/wp-json\/wp\/v2\/media?parent=4870"}],"wp:term":[{"taxonomy":"product_brand","embeddable":true,"href":"https:\/\/www.whitesmh.co.uk\/de\/wp-json\/wp\/v2\/product_brand?post=4870"},{"taxonomy":"product_cat","embeddable":true,"href":"https:\/\/www.whitesmh.co.uk\/de\/wp-json\/wp\/v2\/product_cat?post=4870"},{"taxonomy":"product_tag","embeddable":true,"href":"https:\/\/www.whitesmh.co.uk\/de\/wp-json\/wp\/v2\/product_tag?post=4870"}],"curies":[{"name":"wp","href":"https:\/\/api.w.org\/{rel}","templated":true}]}}