{"id":4823,"date":"2023-11-21T10:55:24","date_gmt":"2023-11-21T10:55:24","guid":{"rendered":"https:\/\/www.whitesmh.co.uk\/products\/ag-x-kehrmaschinen-kollektor\/"},"modified":"2024-11-19T11:20:45","modified_gmt":"2024-11-19T11:20:45","slug":"ag-x-kehrmaschinen-kollektor","status":"publish","type":"product","link":"https:\/\/www.whitesmh.co.uk\/de\/produkt\/ag-x-kehrmaschinen-kollektor\/","title":{"rendered":"AG-X Kehrmaschinen-Kollektor"},"content":{"rendered":"\n<div class=\"wp-block-columns is-layout-flex wp-container-core-columns-is-layout-28f84493 wp-block-columns-is-layout-flex\">\n<div class=\"wp-block-column is-layout-flow wp-block-column-is-layout-flow\">\n<h2 class=\"wp-block-heading\" style=\"text-transform:uppercase\">AG-X KEHRMASCHINEN-SAMMLER<\/h2>\n\n\n\n<p>Der WHITES AG-X Sweeper Collector ist eine OEM-zugelassene L\u00f6sung f\u00fcr die R\u00e4umung und Reinigung von Baustellen. Schwimmende Gabeltaschen erm\u00f6glichen es dem Kollektor, frei im Gel\u00e4nde zu arbeiten, wobei das Schwerkraftwassersystem ein sauberes Finish hinterl\u00e4sst.  <\/p>\n\n\n\n<ul class=\"wp-block-list\">\n<li>Modelle mit 2000 mm \/ 2200 mm Kehrbreite<\/li>\n\n\n\n<li>Funktioniert \u00fcber einen einzigen Hydraulikservice<\/li>\n\n\n\n<li>Schwimmende Gabeltaschen<\/li>\n\n\n\n<li>3 x hochbelastbare Offroad-R\u00e4der mit Geschwindigkeitsbewertung<\/li>\n\n\n\n<li>Direktantriebsmotor inkl. Druckbegrenzungsventil 40-100 l\/min @ 250 bar<\/li>\n\n\n\n<li>Schwerkraft-Wassersystem<\/li>\n\n\n\n<li>Einfache, schnelle Einstellung der B\u00fcrstenh\u00f6he<\/li>\n\n\n\n<li>Polyb\u00fcrstensegmente mit 508 mm Durchmesser<\/li>\n\n\n\n<li>Optionale Seitenb\u00fcrste<\/li>\n\n\n\n<li>Optionale Schlitten-\/Kupplungsmontage<\/li>\n<\/ul>\n\n\n\n<div class=\"wp-block-columns is-layout-flex wp-container-core-columns-is-layout-28f84493 wp-block-columns-is-layout-flex\">\n<div class=\"wp-block-column is-layout-flow wp-block-column-is-layout-flow\" style=\"flex-basis:100%\">\n<figure class=\"wp-block-image size-medium is-resized\"><img loading=\"lazy\" decoding=\"async\" width=\"800\" height=\"135\" src=\"https:\/\/www.whitesmh.co.uk\/wp-content\/uploads\/MIB-AGX-800x135.jpg\" alt=\"\" class=\"wp-image-1173\" style=\"width:268px;height:auto\" srcset=\"https:\/\/www.whitesmh.co.uk\/wp-content\/uploads\/MIB-AGX-800x135.jpg 800w, https:\/\/www.whitesmh.co.uk\/wp-content\/uploads\/MIB-AGX-600x101.jpg 600w, https:\/\/www.whitesmh.co.uk\/wp-content\/uploads\/MIB-AGX-768x129.jpg 768w, https:\/\/www.whitesmh.co.uk\/wp-content\/uploads\/MIB-AGX.jpg 1046w\" sizes=\"auto, (max-width: 800px) 100vw, 800px\" \/><\/figure>\n<\/div>\n<\/div>\n\n\n\n<div class=\"wp-block-buttons is-layout-flex wp-block-buttons-is-layout-flex\">\n<div class=\"wp-block-button\"><a class=\"wp-block-button__link wp-element-button\" href=\"https:\/\/www.whitesmh.co.uk\/contact\/\">KONTAKTIEREN SIE UNS<\/a><\/div>\n\n\n\n<div class=\"wp-block-button\"><a class=\"wp-block-button__link wp-element-button\" href=\"https:\/\/www.whitesmh.co.uk\/docs\/sweeper-collector-product-support\/\">PRODUKT-SUPPORT<\/a><\/div>\n\n\n\n<div class=\"wp-block-button\"><a class=\"wp-block-button__link wp-element-button\" href=\"https:\/\/www.whitesmh.co.uk\/wp-content\/uploads\/WMH-Data-Sheet-Sweeper-Collector1.pptx\" target=\"_blank\" rel=\"noreferrer noopener\">DATENBLATT<\/a><\/div>\n<\/div>\n<\/div>\n\n\n\n<div class=\"wp-block-column is-vertically-aligned-center is-layout-flow wp-block-column-is-layout-flow\">\n<figure class=\"wp-block-image size-full\"><img loading=\"lazy\" decoding=\"async\" width=\"2000\" height=\"1334\" src=\"https:\/\/www.whitesmh.co.uk\/wp-content\/uploads\/IMG_2385-scaled.jpeg\" alt=\"\" class=\"wp-image-1504\" srcset=\"https:\/\/www.whitesmh.co.uk\/wp-content\/uploads\/IMG_2385-scaled.jpeg 2000w, https:\/\/www.whitesmh.co.uk\/wp-content\/uploads\/IMG_2385-scaled-600x400.jpeg 600w, https:\/\/www.whitesmh.co.uk\/wp-content\/uploads\/IMG_2385-800x533.jpeg 800w, https:\/\/www.whitesmh.co.uk\/wp-content\/uploads\/IMG_2385-768x512.jpeg 768w\" sizes=\"auto, (max-width: 800px) 100vw, 800px\" \/><\/figure>\n<\/div>\n<\/div>\n\n<div class=\"wp-block-group has-primary-background-color has-background is-layout-flow wp-block-group-is-layout-flow\" style=\"margin-top:30px;margin-bottom:30px;padding-top:var(--wp--preset--spacing--40);padding-right:var(--wp--preset--spacing--40);padding-bottom:var(--wp--preset--spacing--40);padding-left:var(--wp--preset--spacing--40)\">\n<h3 class=\"wp-block-heading\">MODELLE<\/h3>\n<\/div>\n\n<figure class=\"wp-block-table\"><table><tbody><tr><td class=\"has-text-align-center\" data-align=\"center\"><strong>Modell<\/strong><\/td><td class=\"has-text-align-center\" data-align=\"center\"><strong>Breite (mm)<\/strong><\/td><td class=\"has-text-align-center\" data-align=\"center\"><strong>Wassertank<\/strong><\/td><td class=\"has-text-align-center\" data-align=\"center\"><strong>Borsten<\/strong><\/td><\/tr><tr><td class=\"has-text-align-center\" data-align=\"center\">SC2000<\/td><td class=\"has-text-align-center\" data-align=\"center\">2000mm<\/td><td class=\"has-text-align-center\" data-align=\"center\">Ja<\/td><td class=\"has-text-align-center\" data-align=\"center\">Poly<\/td><\/tr><tr><td class=\"has-text-align-center\" data-align=\"center\">SC2200<\/td><td class=\"has-text-align-center\" data-align=\"center\">2200mm<\/td><td class=\"has-text-align-center\" data-align=\"center\">Ja<\/td><td class=\"has-text-align-center\" data-align=\"center\">Poly<\/td><\/tr><\/tbody><\/table><\/figure>\n\n<div class=\"wp-block-group is-layout-flow wp-block-group-is-layout-flow\">\n<div class=\"wp-block-group has-primary-background-color has-background is-layout-flow wp-block-group-is-layout-flow\" style=\"margin-top:30px;margin-bottom:30px;padding-top:var(--wp--preset--spacing--40);padding-right:var(--wp--preset--spacing--40);padding-bottom:var(--wp--preset--spacing--40);padding-left:var(--wp--preset--spacing--40)\">\n<h3 class=\"wp-block-heading\">GALERIE<\/h3>\n<\/div>\n\n\n\n<figure class=\"wp-block-gallery has-nested-images columns-4 is-cropped wp-block-gallery-1 is-layout-flex wp-block-gallery-is-layout-flex\">\n<figure class=\"wp-block-image size-thumbnail\"><a href=\"https:\/\/www.whitesmh.co.uk\/wp-content\/uploads\/IMG_2892-scaled.jpeg\"><img loading=\"lazy\" decoding=\"async\" width=\"400\" height=\"400\" data-id=\"1447\" src=\"https:\/\/www.whitesmh.co.uk\/wp-content\/uploads\/IMG_2892-400x400.jpeg\" alt=\"Whites Sweeper Sammler\" class=\"wp-image-1447\" srcset=\"https:\/\/www.whitesmh.co.uk\/wp-content\/uploads\/IMG_2892-400x400.jpeg 400w, https:\/\/www.whitesmh.co.uk\/wp-content\/uploads\/IMG_2892-scaled-300x300.jpeg 300w, https:\/\/www.whitesmh.co.uk\/wp-content\/uploads\/IMG_2892-scaled-100x100.jpeg 100w\" sizes=\"auto, (max-width: 400px) 100vw, 400px\" \/><\/a><\/figure>\n\n\n\n<figure class=\"wp-block-image size-thumbnail\"><a href=\"https:\/\/www.whitesmh.co.uk\/wp-content\/uploads\/IMG_2890-scaled.jpeg\"><img loading=\"lazy\" decoding=\"async\" width=\"400\" height=\"400\" data-id=\"1446\" src=\"https:\/\/www.whitesmh.co.uk\/wp-content\/uploads\/IMG_2890-400x400.jpeg\" alt=\"F&#xFC;llstandsanzeige\" class=\"wp-image-1446\" srcset=\"https:\/\/www.whitesmh.co.uk\/wp-content\/uploads\/IMG_2890-400x400.jpeg 400w, https:\/\/www.whitesmh.co.uk\/wp-content\/uploads\/IMG_2890-scaled-300x300.jpeg 300w, https:\/\/www.whitesmh.co.uk\/wp-content\/uploads\/IMG_2890-scaled-100x100.jpeg 100w\" sizes=\"auto, (max-width: 400px) 100vw, 400px\" \/><\/a><\/figure>\n\n\n\n<figure class=\"wp-block-image size-thumbnail\"><a href=\"https:\/\/www.whitesmh.co.uk\/wp-content\/uploads\/IMG_2889-scaled.jpeg\"><img loading=\"lazy\" decoding=\"async\" width=\"400\" height=\"400\" data-id=\"1445\" src=\"https:\/\/www.whitesmh.co.uk\/wp-content\/uploads\/IMG_2889-400x400.jpeg\" alt=\"Schwerlast-R&#xE4;der\" class=\"wp-image-1445\" srcset=\"https:\/\/www.whitesmh.co.uk\/wp-content\/uploads\/IMG_2889-400x400.jpeg 400w, https:\/\/www.whitesmh.co.uk\/wp-content\/uploads\/IMG_2889-scaled-300x300.jpeg 300w, https:\/\/www.whitesmh.co.uk\/wp-content\/uploads\/IMG_2889-scaled-100x100.jpeg 100w\" sizes=\"auto, (max-width: 400px) 100vw, 400px\" \/><\/a><\/figure>\n\n\n\n<figure class=\"wp-block-image size-thumbnail\"><a href=\"https:\/\/www.whitesmh.co.uk\/wp-content\/uploads\/cd3955aa-0860-48dd-aa2d-2d689b648c68-scaled.jpeg\"><img loading=\"lazy\" decoding=\"async\" width=\"400\" height=\"400\" data-id=\"2854\" src=\"https:\/\/www.whitesmh.co.uk\/wp-content\/uploads\/cd3955aa-0860-48dd-aa2d-2d689b648c68-400x400.jpeg\" alt=\"\" class=\"wp-image-2854\" srcset=\"https:\/\/www.whitesmh.co.uk\/wp-content\/uploads\/cd3955aa-0860-48dd-aa2d-2d689b648c68-400x400.jpeg 400w, https:\/\/www.whitesmh.co.uk\/wp-content\/uploads\/cd3955aa-0860-48dd-aa2d-2d689b648c68-scaled-300x300.jpeg 300w, https:\/\/www.whitesmh.co.uk\/wp-content\/uploads\/cd3955aa-0860-48dd-aa2d-2d689b648c68-scaled-100x100.jpeg 100w\" sizes=\"auto, (max-width: 400px) 100vw, 400px\" \/><\/a><\/figure>\n\n\n\n<figure class=\"wp-block-image size-thumbnail\"><a href=\"https:\/\/www.whitesmh.co.uk\/wp-content\/uploads\/IMG_2887-scaled.jpeg\"><img loading=\"lazy\" decoding=\"async\" width=\"400\" height=\"400\" data-id=\"1443\" src=\"https:\/\/www.whitesmh.co.uk\/wp-content\/uploads\/IMG_2887-400x400.jpeg\" alt=\"Wassertank\" class=\"wp-image-1443\" srcset=\"https:\/\/www.whitesmh.co.uk\/wp-content\/uploads\/IMG_2887-400x400.jpeg 400w, https:\/\/www.whitesmh.co.uk\/wp-content\/uploads\/IMG_2887-scaled-300x300.jpeg 300w, https:\/\/www.whitesmh.co.uk\/wp-content\/uploads\/IMG_2887-scaled-100x100.jpeg 100w\" sizes=\"auto, (max-width: 400px) 100vw, 400px\" \/><\/a><\/figure>\n\n\n\n<figure class=\"wp-block-image size-thumbnail\"><a href=\"https:\/\/www.whitesmh.co.uk\/wp-content\/uploads\/IMG_2386-scaled.jpeg\"><img loading=\"lazy\" decoding=\"async\" width=\"400\" height=\"400\" data-id=\"1506\" src=\"https:\/\/www.whitesmh.co.uk\/wp-content\/uploads\/IMG_2386-400x400.jpeg\" alt=\"Rote Option\" class=\"wp-image-1506\" srcset=\"https:\/\/www.whitesmh.co.uk\/wp-content\/uploads\/IMG_2386-400x400.jpeg 400w, https:\/\/www.whitesmh.co.uk\/wp-content\/uploads\/IMG_2386-scaled-300x300.jpeg 300w, https:\/\/www.whitesmh.co.uk\/wp-content\/uploads\/IMG_2386-scaled-100x100.jpeg 100w\" sizes=\"auto, (max-width: 400px) 100vw, 400px\" \/><\/a><\/figure>\n\n\n\n<figure class=\"wp-block-image size-thumbnail\"><a href=\"https:\/\/www.whitesmh.co.uk\/wp-content\/uploads\/IMG_2883-scaled.jpeg\"><img loading=\"lazy\" decoding=\"async\" width=\"400\" height=\"400\" data-id=\"1442\" src=\"https:\/\/www.whitesmh.co.uk\/wp-content\/uploads\/IMG_2883-400x400.jpeg\" alt=\"Whites Sweeper Sammler\" class=\"wp-image-1442\" srcset=\"https:\/\/www.whitesmh.co.uk\/wp-content\/uploads\/IMG_2883-400x400.jpeg 400w, https:\/\/www.whitesmh.co.uk\/wp-content\/uploads\/IMG_2883-scaled-300x300.jpeg 300w, https:\/\/www.whitesmh.co.uk\/wp-content\/uploads\/IMG_2883-scaled-100x100.jpeg 100w\" sizes=\"auto, (max-width: 400px) 100vw, 400px\" \/><\/a><\/figure>\n\n\n\n<figure class=\"wp-block-image size-thumbnail\"><a href=\"https:\/\/www.whitesmh.co.uk\/wp-content\/uploads\/IMG_2383-scaled.jpeg\"><img loading=\"lazy\" decoding=\"async\" width=\"400\" height=\"400\" data-id=\"1505\" src=\"https:\/\/www.whitesmh.co.uk\/wp-content\/uploads\/IMG_2383-400x400.jpeg\" alt=\"Rote Option\" class=\"wp-image-1505\" srcset=\"https:\/\/www.whitesmh.co.uk\/wp-content\/uploads\/IMG_2383-400x400.jpeg 400w, https:\/\/www.whitesmh.co.uk\/wp-content\/uploads\/IMG_2383-scaled-300x300.jpeg 300w, https:\/\/www.whitesmh.co.uk\/wp-content\/uploads\/IMG_2383-scaled-100x100.jpeg 100w\" sizes=\"auto, (max-width: 400px) 100vw, 400px\" \/><\/a><\/figure>\n<\/figure>\n<\/div>\n\n<div class=\"wp-block-group has-primary-background-color has-background is-layout-flow wp-block-group-is-layout-flow\" style=\"margin-top:30px;margin-bottom:30px;padding-top:var(--wp--preset--spacing--40);padding-right:var(--wp--preset--spacing--40);padding-bottom:var(--wp--preset--spacing--40);padding-left:var(--wp--preset--spacing--40)\">\n<h3 class=\"wp-block-heading\">VIDEOS<\/h3>\n<\/div>\n\n<figure class=\"wp-block-embed is-type-video is-provider-youtube wp-block-embed-youtube wp-embed-aspect-16-9 wp-has-aspect-ratio\"><div class=\"wp-block-embed__wrapper\">\n<iframe loading=\"lazy\" title=\"SC2200 FM - Sweeper Collector - Manitou Telehandler\" width=\"800\" height=\"450\" src=\"https:\/\/www.youtube.com\/embed\/hZJ2ISEqnyY?feature=oembed\" frameborder=\"0\" allow=\"accelerometer; autoplay; clipboard-write; encrypted-media; gyroscope; picture-in-picture; web-share\" referrerpolicy=\"strict-origin-when-cross-origin\" allowfullscreen><\/iframe>\n<\/div><\/figure>\n\n<div class=\"wp-block-group is-layout-constrained wp-block-group-is-layout-constrained\">\n<div class=\"wp-block-group alignfull has-primary-background-color has-background is-layout-flow wp-block-group-is-layout-flow\" style=\"margin-top:30px;margin-bottom:30px;padding-top:var(--wp--preset--spacing--40);padding-right:var(--wp--preset--spacing--40);padding-bottom:var(--wp--preset--spacing--40);padding-left:var(--wp--preset--spacing--40)\">\n<h3 class=\"wp-block-heading\">VERWANDTE PRODUKTE<\/h3>\n<\/div>\n\n\n\n<div class=\"product-grid flex\">\n\t\t<div class=\"col-25 padBottom\">\n\t\t<a href=\"https:\/\/www.whitesmh.co.uk\/de\/produkt\/ag-x-winkelbesen\/\" title=\"AG-X Winkelbesen\" class=\"block radius\">\n\t\t\t\t\t\t<div class=\"thumb\">\n\t\t\t\t<img loading=\"lazy\" decoding=\"async\" width=\"400\" height=\"400\" src=\"https:\/\/www.whitesmh.co.uk\/wp-content\/uploads\/Anlged-Broom-2-1-400x400.jpg\" class=\"attachment-thumbnail size-thumbnail wp-post-image\" alt=\"\" srcset=\"https:\/\/www.whitesmh.co.uk\/wp-content\/uploads\/Anlged-Broom-2-1-400x400.jpg 400w, https:\/\/www.whitesmh.co.uk\/wp-content\/uploads\/Anlged-Broom-2-1-300x300.jpg 300w, https:\/\/www.whitesmh.co.uk\/wp-content\/uploads\/Anlged-Broom-2-1-100x100.jpg 100w\" sizes=\"auto, (max-width: 400px) 100vw, 400px\" \/>\t\t\t\t\t\t\t\t\t\n\t\t\t<\/div>\n\t\t\t\t\t\t<div class=\"meta smlPadAll\">\n\t\t\t\t<h4 class=\"no-margin\">AG-X Winkelbesen<\/h4>\n\t\t\t\t<span class=\"blue button marTop\">Find out more <i class=\"fa-solid fa-chevron-right\"><\/i><\/span>\n\t\t\t<\/div>\n\t\t<\/a>\n\t<\/div>\n\t\t<div class=\"col-25 padBottom\">\n\t\t<a href=\"https:\/\/www.whitesmh.co.uk\/de\/produkt\/ag-x-eimerbuersten\/\" title=\"AG-X Eimerb\u00fcrsten\" class=\"block radius\">\n\t\t\t\t\t\t<div class=\"thumb\">\n\t\t\t\t<img loading=\"lazy\" decoding=\"async\" width=\"400\" height=\"400\" src=\"https:\/\/www.whitesmh.co.uk\/wp-content\/uploads\/Bucket-Brush-2-2-400x400.jpg\" class=\"attachment-thumbnail size-thumbnail wp-post-image\" alt=\"\" srcset=\"https:\/\/www.whitesmh.co.uk\/wp-content\/uploads\/Bucket-Brush-2-2-400x400.jpg 400w, https:\/\/www.whitesmh.co.uk\/wp-content\/uploads\/Bucket-Brush-2-2-300x300.jpg 300w, https:\/\/www.whitesmh.co.uk\/wp-content\/uploads\/Bucket-Brush-2-2-100x100.jpg 100w\" sizes=\"auto, (max-width: 400px) 100vw, 400px\" \/>\t\t\t\t\t\t\t\t\t\n\t\t\t<\/div>\n\t\t\t\t\t\t<div class=\"meta smlPadAll\">\n\t\t\t\t<h4 class=\"no-margin\">AG-X Eimerb\u00fcrsten<\/h4>\n\t\t\t\t<span class=\"blue button marTop\">Find out more <i class=\"fa-solid fa-chevron-right\"><\/i><\/span>\n\t\t\t<\/div>\n\t\t<\/a>\n\t<\/div>\n\t<\/div>\n<\/div>\n","protected":false},"excerpt":{"rendered":"<p>AG-X KEHRMASCHINEN-SAMMLER Der WHITES AG-X Sweeper Collector ist eine OEM-zugelassene L\u00f6sung f\u00fcr die R\u00e4umung und Reinigung von Baustellen. Schwimmende Gabeltaschen erm\u00f6glichen es dem Kollektor, frei im Gel\u00e4nde zu arbeiten, wobei das Schwerkraftwassersystem ein sauberes Finish hinterl\u00e4sst. MODELLE Modell Breite (mm) Wassertank Borsten SC2000 2000mm Ja Poly SC2200 2200mm Ja Poly GALERIE VIDEOS VERWANDTE PRODUKTE<\/p>\n","protected":false},"featured_media":4869,"template":"","meta":{"_acf_changed":false},"product_brand":[],"product_cat":[312,311],"product_tag":[],"class_list":{"2":"type-product","8":"product","9":"first","10":"instock","11":"taxable","12":"shipping-taxable","13":"product-type-simple"},"acf":[],"_links":{"self":[{"href":"https:\/\/www.whitesmh.co.uk\/de\/wp-json\/wp\/v2\/product\/4823","targetHints":{"allow":["GET"]}}],"collection":[{"href":"https:\/\/www.whitesmh.co.uk\/de\/wp-json\/wp\/v2\/product"}],"about":[{"href":"https:\/\/www.whitesmh.co.uk\/de\/wp-json\/wp\/v2\/types\/product"}],"wp:featuredmedia":[{"embeddable":true,"href":"https:\/\/www.whitesmh.co.uk\/de\/wp-json\/wp\/v2\/media\/4869"}],"wp:attachment":[{"href":"https:\/\/www.whitesmh.co.uk\/de\/wp-json\/wp\/v2\/media?parent=4823"}],"wp:term":[{"taxonomy":"product_brand","embeddable":true,"href":"https:\/\/www.whitesmh.co.uk\/de\/wp-json\/wp\/v2\/product_brand?post=4823"},{"taxonomy":"product_cat","embeddable":true,"href":"https:\/\/www.whitesmh.co.uk\/de\/wp-json\/wp\/v2\/product_cat?post=4823"},{"taxonomy":"product_tag","embeddable":true,"href":"https:\/\/www.whitesmh.co.uk\/de\/wp-json\/wp\/v2\/product_tag?post=4823"}],"curies":[{"name":"wp","href":"https:\/\/api.w.org\/{rel}","templated":true}]}}