{"id":6415,"date":"2023-08-17T11:23:33","date_gmt":"2023-08-17T11:23:33","guid":{"rendered":"https:\/\/www.whitesmh.co.uk\/heim\/"},"modified":"2024-05-13T08:35:25","modified_gmt":"2024-05-13T08:35:25","slug":"heim","status":"publish","type":"page","link":"https:\/\/www.whitesmh.co.uk\/de\/","title":{"rendered":"Heim"},"content":{"rendered":"<div id=\"slideshow-558795415\" class=\"swiper slideshow\">\n\t<div class=\"swiper-wrapper\">   \n\t\t\t\t<div class=\"swiper-slide\">\n\n\t\t\t\t\t\t<a href=\"https:\/\/www.whitesmh.co.uk\/products\/digging-buckets\/\" title=\"Baggerschaufeln\">\n\t\t\t\t\t\t\t\t<div class=\"background\" style=\"background-image:url(https:\/\/www.whitesmh.co.uk\/wp-content\/uploads\/Untitled-2.jpg);\">\n\t\t\t\t\t<div class=\"slideshow-container\">\n\t\t\t\t\t\t<div class=\"slideshow-caption\">\n\t\t\t\t\t\t\t<h2>BAGGERSCHAUFELN<\/h2>\t\t\t\t\t\t\t<p>MARKTF\u00dcHRER IN GROSSBRITANNIEN | UN\u00dcBERTROFFENE SPEZIFIKATION<\/p>\n\n\t\t\t\t\t\t<\/div>\n\t\t\t\t\t<\/div>\n\t\t\t\t<\/div>\n\t\t\t\t<\/a>\t\t<\/div>\n\t\t\t\t<div class=\"swiper-slide\">\n\n\t\t\t\t\t\t<a href=\"https:\/\/www.whitesmh.co.uk\/products\/totalock-2-hydraulic-couplers\/\" title=\"Totalock 2\">\n\t\t\t\t\t\t\t\t<div class=\"background\" style=\"background-image:url(https:\/\/www.whitesmh.co.uk\/wp-content\/uploads\/Untitled1.jpg);\">\n\t\t\t\t\t<div class=\"slideshow-container\">\n\t\t\t\t\t\t<div class=\"slideshow-caption\">\n\t\t\t\t\t\t\t<h2>TOTALOCK 2<\/h2>\t\t\t\t\t\t\t<p>MARKTF\u00dcHRER IN GROSSBRITANNIEN | UN\u00dcBERTROFFENE FUNKTIONEN<\/p>\n\n\t\t\t\t\t\t<\/div>\n\t\t\t\t\t<\/div>\n\t\t\t\t<\/div>\n\t\t\t\t<\/a>\t\t<\/div>\n\t\t\t\t<div class=\"swiper-slide\">\n\n\t\t\t\t\t\t<a href=\"https:\/\/www.whitesmh.co.uk\/products\/ag-x-gp-buckets\/\" title=\"Umschlagschaufeln\">\n\t\t\t\t\t\t\t\t<div class=\"background\" style=\"background-image:url(https:\/\/www.whitesmh.co.uk\/wp-content\/uploads\/IMG_3033-1400x1050.jpeg);\">\n\t\t\t\t\t<div class=\"slideshow-container\">\n\t\t\t\t\t\t<div class=\"slideshow-caption\">\n\t\t\t\t\t\t\t<h2>AG-X-SCHAUFELN<\/h2>\t\t\t\t\t\t\t<p>DIE BESTEN DESIGNS | INNOVATIVE FUNKTIONEN<\/p>\n\n\t\t\t\t\t\t<\/div>\n\t\t\t\t\t<\/div>\n\t\t\t\t<\/div>\n\t\t\t\t<\/a>\t\t<\/div>\n\t\t\t\t<div class=\"swiper-slide\">\n\n\t\t\t\t\t\t<a href=\"https:\/\/www.whitesmh.co.uk\/products\/ag-x-bucket-brushes\/\" title=\"Eimer-B\u00fcrsten\">\n\t\t\t\t\t\t\t\t<div class=\"background\" style=\"background-image:url(https:\/\/www.whitesmh.co.uk\/wp-content\/uploads\/IMG_1302-1400x1050.jpeg);\">\n\t\t\t\t\t<div class=\"slideshow-container\">\n\t\t\t\t\t\t<div class=\"slideshow-caption\">\n\t\t\t\t\t\t\t<h2>SCHAUFEL-B\u00dcRSTEN<\/h2>\t\t\t\t\t\t\t<p>MARKTF\u00dcHRENDE SPEZIFIKATION | VON OEM ZUGELASSENE DESIGNS<\/p>\n\n\t\t\t\t\t\t<\/div>\n\t\t\t\t\t<\/div>\n\t\t\t\t<\/div>\n\t\t\t\t<\/a>\t\t<\/div>\n\t\t\t\t<div class=\"swiper-slide\">\n\n\t\t\t\t\t\t<a href=\"https:\/\/www.whitesmh.co.uk\/products\/totaltilt-tilting-couplers\/\" title=\"Totaltilt\">\n\t\t\t\t\t\t\t\t<div class=\"background\" style=\"background-image:url(https:\/\/www.whitesmh.co.uk\/wp-content\/uploads\/Totaltilt2-1400x1050.jpg);\">\n\t\t\t\t\t<div class=\"slideshow-container\">\n\t\t\t\t\t\t<div class=\"slideshow-caption\">\n\t\t\t\t\t\t\t<h2>TOTALTILT<\/h2>\t\t\t\t\t\t\t<p>TOTALE KONTROLLE | TOTALE PRODUKTIVIT\u00c4T | TOTALE INNOVATION<\/p>\n\n\t\t\t\t\t\t<\/div>\n\t\t\t\t\t<\/div>\n\t\t\t\t<\/div>\n\t\t\t\t<\/a>\t\t<\/div>\n\t\t\t\t<div class=\"swiper-slide\">\n\n\t\t\t\t\t\t<a href=\"https:\/\/www.whitesmh.co.uk\/products\/double-fork-positioners\/\" title=\"Zinkenverstellger\u00e4te\">\n\t\t\t\t\t\t\t\t<div class=\"background\" style=\"background-image:url(https:\/\/www.whitesmh.co.uk\/wp-content\/uploads\/Double-Fork-Positioner-Manitu-1400x933.jpeg);\">\n\t\t\t\t\t<div class=\"slideshow-container\">\n\t\t\t\t\t\t<div class=\"slideshow-caption\">\n\t\t\t\t\t\t\t<h2>GABELVERSTELLGER\u00c4TE<\/h2>\t\t\t\t\t\t\t<p>OEM-ZUGELASSENES DESIGN | VERBESSERN SIE DIE EFFIZIENZ DER WEBSITE | VERKEHRSSICHER  <\/p>\n\n\t\t\t\t\t\t<\/div>\n\t\t\t\t\t<\/div>\n\t\t\t\t<\/div>\n\t\t\t\t<\/a>\t\t<\/div>\n\t\t\t\t<div class=\"swiper-slide\">\n\n\t\t\t\t\t\t<a href=\"https:\/\/www.whitesmh.co.uk\/products\/ag-x-shear-grabs\/\" title=\"Scherengreifer\">\n\t\t\t\t\t\t\t\t<div class=\"background\" style=\"background-image:url(https:\/\/www.whitesmh.co.uk\/wp-content\/uploads\/IMG_0022-1-1400x1050.jpeg);\">\n\t\t\t\t\t<div class=\"slideshow-container\">\n\t\t\t\t\t\t<div class=\"slideshow-caption\">\n\t\t\t\t\t\t\t<h2>SCHERENGREIFER<\/h2>\t\t\t\t\t\t\t<p>HARDOX-ZINKEN | MARKTF\u00dcHRENDE SPEZIFIKATION<\/p>\n\n\t\t\t\t\t\t<\/div>\n\t\t\t\t\t<\/div>\n\t\t\t\t<\/div>\n\t\t\t\t<\/a>\t\t<\/div>\n\t\t\t\t<div class=\"swiper-slide\">\n\n\t\t\t\t\t\t<a href=\"https:\/\/www.whitesmh.co.uk\/products\/grain-pushers\/\" title=\"Getreide-Pusher\">\n\t\t\t\t\t\t\t\t<div class=\"background\" style=\"background-image:url(https:\/\/www.whitesmh.co.uk\/wp-content\/uploads\/IMG_3491-1-1400x1050.jpeg);\">\n\t\t\t\t\t<div class=\"slideshow-container\">\n\t\t\t\t\t\t<div class=\"slideshow-caption\">\n\t\t\t\t\t\t\t<h2>GETREIDE-SCHIEBER<\/h2>\t\t\t\t\t\t\t<p>MODULARER AUFBAU | RUNDROHR | OPTIONALE ERWEITERUNGEN<\/p>\n\n\t\t\t\t\t\t<\/div>\n\t\t\t\t\t<\/div>\n\t\t\t\t<\/div>\n\t\t\t\t<\/a>\t\t<\/div>\n\t\t\t<\/div>\n\t<div class=\"swiper-button-next\"><\/div>\n\t<div class=\"swiper-button-prev\"><\/div>\n\t<div class=\"swiper-pagination\"><\/div>\n\n<\/div>\n<script>\n\tvar swiper = new Swiper(\"#slideshow-558795415\", {\n\t\tspaceBetween: 30,\n\t\tcenteredSlides: true,\n\t\tautoplay: {\n\t\t\tdelay: 7000,\n\t\t},\n\t\tloop: true,\n\t\tslidesPerView: 1,\n\t\tallowTouchMove: true,\n\t\tdisableOnInteraction: false,\n\t\tnavigation: {\n\t\t\tnextEl: \".swiper-button-next\",\n\t\t\tprevEl: \".swiper-button-prev\",\n\t\t},\n\t\tpagination: false\n\t});\n<\/script>\n\n\n<div class=\"wp-block-group alignfull has-background-color has-primary-background-color has-text-color has-background is-layout-constrained wp-block-group-is-layout-constrained\" style=\"padding-top:var(--wp--preset--spacing--70);padding-bottom:var(--wp--preset--spacing--70)\">\n<div class=\"wp-block-columns alignwide are-vertically-aligned-center is-layout-flex wp-container-core-columns-is-layout-28f84493 wp-block-columns-is-layout-flex\">\n<div class=\"wp-block-column is-vertically-aligned-center is-layout-flow wp-block-column-is-layout-flow\" style=\"flex-basis:66.66%\">\n<h2 class=\"wp-block-heading has-text-align-center\">WEISSES MATERIALHANDLING<\/h2>\n\n\n\n<p class=\"has-text-align-center has-x-large-font-size\">Wir sind spezialisiert auf die Entwicklung und Herstellung von Schaufeln und Anbauger\u00e4ten f\u00fcr alle Arten von Lademaschinen.<\/p>\n\n\n\n<p class=\"has-text-align-center\">Seit dem Einstieg in die Herstellung von Anbauger\u00e4ten im Jahr 1980 haben wir uns zu einem der gr\u00f6\u00dften Hersteller von Schaufeln und Anbauger\u00e4ten in Europa und zum bevorzugten Lieferanten vieler der weltweit f\u00fchrenden Erstausr\u00fcster (OEMs) entwickelt.<\/p>\n\n\n\n<p class=\"has-text-align-center\">Wir verwenden die neueste Fertigungstechnologie, um in unseren 5 Fabriken in Bristol, Gro\u00dfbritannien, \u00fcber 3500 Anbauger\u00e4te pro Monat herzustellen. Einschlie\u00dflich Roboterschwei\u00df- und Laserschneidanlagen.  <\/p>\n\n\n\n<p class=\"has-text-align-center\">Wir sind stolz auf unser Fertigungserbe und r\u00fchmen uns des Herstellungsstatus &#8222;MADE IN BRITAIN&#8220;.  <\/p>\n\n\n\n<p class=\"has-text-align-center has-large-font-size\"><strong>#WHITESDIFFERENCE<\/strong><\/p>\n<\/div>\n<\/div>\n<\/div>\n\n<div class=\"wp-block-group alignfull is-layout-constrained wp-block-group-is-layout-constrained\" style=\"padding-top:var(--wp--preset--spacing--60);padding-bottom:var(--wp--preset--spacing--60)\">\n<div class=\"category-grid wp-elements-edab0c8ed0f8d04d92cc0f3ebd53911d flex \">\n\t\n\t<div id=\"block-excavator-products\" class=\"col-25 padBottom\">\n\t\t<a href=\"https:\/\/www.whitesmh.co.uk\/de\/?taxonomy=catalogue&#038;term=excavator-products\" class=\"block radius type-excavator-products\">\n\t\t\t<img decoding=\"async\" class=\"thumb\" src=\"https:\/\/www.whitesmh.co.uk\/wp-content\/uploads\/Kubota2-1-400x400.png\" title=\"Excavator Products\" alt=\"Excavator Products\">\t\t\t<div class=\"meta smlPadAll\">\n\t\t\t\t<h2>\n\t\t\t\t\tExcavator Products\t\t\t\t\n\t\t\t\t\t\n\t\t\t\t<\/h2>\n\t\t\t<\/div>\n\t\t<\/a>\n\t<\/div>\n\t\n\t<div id=\"block-telehandler-products\" class=\"col-25 padBottom\">\n\t\t<a href=\"https:\/\/www.whitesmh.co.uk\/de\/?taxonomy=catalogue&#038;term=telehandler-products\" class=\"block radius type-telehandler-products\">\n\t\t\t<img decoding=\"async\" class=\"thumb\" src=\"https:\/\/www.whitesmh.co.uk\/wp-content\/uploads\/Manitou-MLT-630-1-400x400.jpg\" title=\"Telehandler Products\" alt=\"Telehandler Products\">\t\t\t<div class=\"meta smlPadAll\">\n\t\t\t\t<h2>\n\t\t\t\t\tTelehandler Products\t\t\t\t\n\t\t\t\t\t\n\t\t\t\t<\/h2>\n\t\t\t<\/div>\n\t\t<\/a>\n\t<\/div>\n\t\n\t<div id=\"block-skid-steer-products\" class=\"col-25 padBottom\">\n\t\t<a href=\"https:\/\/www.whitesmh.co.uk\/de\/?taxonomy=catalogue&#038;term=skid-steer-products\" class=\"block radius type-skid-steer-products\">\n\t\t\t<img decoding=\"async\" class=\"thumb\" src=\"https:\/\/www.whitesmh.co.uk\/wp-content\/uploads\/Bobcat1-1-400x400.jpg\" title=\"Skid Steer Products\" alt=\"Skid Steer Products\">\t\t\t<div class=\"meta smlPadAll\">\n\t\t\t\t<h2>\n\t\t\t\t\tSkid Steer Products\t\t\t\t\n\t\t\t\t\t\n\t\t\t\t<\/h2>\n\t\t\t<\/div>\n\t\t<\/a>\n\t<\/div>\n\t\n\t<div id=\"block-compact-wheled-loader-products\" class=\"col-25 padBottom\">\n\t\t<a href=\"https:\/\/www.whitesmh.co.uk\/de\/?taxonomy=catalogue&#038;term=compact-wheled-loader-products\" class=\"block radius type-compact-wheled-loader-products\">\n\t\t\t<img decoding=\"async\" class=\"thumb\" src=\"https:\/\/www.whitesmh.co.uk\/wp-content\/uploads\/Kubota1-3-400x400.jpg\" title=\"Wheeled Loader Products\" alt=\"Wheeled Loader Products\">\t\t\t<div class=\"meta smlPadAll\">\n\t\t\t\t<h2>\n\t\t\t\t\tWheeled Loader Products\t\t\t\t\n\t\t\t\t\t\n\t\t\t\t<\/h2>\n\t\t\t<\/div>\n\t\t<\/a>\n\t<\/div>\n\t<\/div>\n\n\n\n<div style=\"height:25px\" aria-hidden=\"true\" class=\"wp-block-spacer\"><\/div>\n\n\n\n<figure class=\"wp-block-image aligncenter size-large is-resized\"><img decoding=\"async\" src=\"https:\/\/www.whitesmh.co.uk\/wp-content\/uploads\/Made-in-Britain2-1.png\" alt=\"\" style=\"width:276px;height:auto\"\/><\/figure>\n<\/div>\n\n<div class=\"wp-block-cover alignwide has-background-color has-text-color has-link-color wp-elements-7631c6bc4d1cb4083da02cb8963104d3 wp-duotone-grayscale\"><span aria-hidden=\"true\" class=\"wp-block-cover__background has-background-dim\"><\/span><img loading=\"lazy\" decoding=\"async\" width=\"2000\" height=\"591\" class=\"wp-block-cover__image-background wp-image-1108\" alt=\"\" src=\"https:\/\/www.whitesmh.co.uk\/wp-content\/uploads\/IMG_0891-scaled.jpg\" data-object-fit=\"cover\" srcset=\"https:\/\/www.whitesmh.co.uk\/wp-content\/uploads\/IMG_0891-scaled.jpg 2000w, https:\/\/www.whitesmh.co.uk\/wp-content\/uploads\/IMG_0891-scaled-600x177.jpg 600w, https:\/\/www.whitesmh.co.uk\/wp-content\/uploads\/IMG_0891-800x236.jpg 800w, https:\/\/www.whitesmh.co.uk\/wp-content\/uploads\/IMG_0891-768x227.jpg 768w\" sizes=\"auto, (max-width: 800px) 100vw, 800px\" \/><div class=\"wp-block-cover__inner-container is-layout-flow wp-block-cover-is-layout-flow\">\n<h2 class=\"wp-block-heading has-text-align-right has-background-color has-primary-background-color has-text-color has-background has-link-color wp-elements-358bb4b89db84bffb9a99382af92bd77\">WETTBEWERBSF\u00c4HIGE SPINDELST\u00d6CKE<\/h2>\n\n\n\n<p class=\"has-text-align-right has-foreground-color has-text-color has-background has-link-color wp-elements-824a1ad801fd8081bfb97aede506f119\" style=\"background-color:#ffffffcc\">MAXIMIEREN SIE DAS POTENZIAL IHRER LADEMASCHINE<\/p>\n<\/div><\/div>\n","protected":false},"excerpt":{"rendered":"<p>WEISSES MATERIALHANDLING Wir sind spezialisiert auf die Entwicklung und Herstellung von Schaufeln und Anbauger\u00e4ten f\u00fcr alle Arten von Lademaschinen. Seit dem Einstieg in die Herstellung von Anbauger\u00e4ten im Jahr 1980 haben wir uns zu einem der gr\u00f6\u00dften Hersteller von Schaufeln und Anbauger\u00e4ten in Europa und zum bevorzugten Lieferanten vieler der weltweit f\u00fchrenden Erstausr\u00fcster (OEMs) entwickelt.&hellip;<\/p>\n","protected":false},"author":1,"featured_media":0,"parent":0,"menu_order":0,"comment_status":"closed","ping_status":"closed","template":"","meta":{"_acf_changed":false,"footnotes":""},"class_list":{"2":"type-page"},"acf":[],"_links":{"self":[{"href":"https:\/\/www.whitesmh.co.uk\/de\/wp-json\/wp\/v2\/pages\/6415","targetHints":{"allow":["GET"]}}],"collection":[{"href":"https:\/\/www.whitesmh.co.uk\/de\/wp-json\/wp\/v2\/pages"}],"about":[{"href":"https:\/\/www.whitesmh.co.uk\/de\/wp-json\/wp\/v2\/types\/page"}],"author":[{"embeddable":true,"href":"https:\/\/www.whitesmh.co.uk\/de\/wp-json\/wp\/v2\/users\/1"}],"replies":[{"embeddable":true,"href":"https:\/\/www.whitesmh.co.uk\/de\/wp-json\/wp\/v2\/comments?post=6415"}],"version-history":[{"count":0,"href":"https:\/\/www.whitesmh.co.uk\/de\/wp-json\/wp\/v2\/pages\/6415\/revisions"}],"wp:attachment":[{"href":"https:\/\/www.whitesmh.co.uk\/de\/wp-json\/wp\/v2\/media?parent=6415"}],"curies":[{"name":"wp","href":"https:\/\/api.w.org\/{rel}","templated":true}]}}