{"id":6151,"date":"2023-08-17T11:23:33","date_gmt":"2023-08-17T11:23:33","guid":{"rendered":"https:\/\/www.whitesmh.co.uk\/datenschutzrichtlinie\/"},"modified":"2024-05-13T07:58:01","modified_gmt":"2024-05-13T07:58:01","slug":"datenschutzrichtlinie","status":"publish","type":"page","link":"https:\/\/www.whitesmh.co.uk\/de\/datenschutzrichtlinie\/","title":{"rendered":"Datenschutzrichtlinie"},"content":{"rendered":"\n<div class=\"wp-block-group is-layout-constrained wp-container-core-group-is-layout-82f22f87 wp-block-group-is-layout-constrained\" style=\"margin-top:var(--wp--preset--spacing--70);margin-bottom:var(--wp--preset--spacing--70)\">\n<h1 class=\"wp-block-heading\">DATENSCHUTZRICHTLINIE<\/h1>\n\n\n\n<h2 class=\"wp-block-heading\">EINLEITUNG<\/h2>\n\n\n\n<p>Diese Datenschutzrichtlinie beschreibt die Praktiken von Whites Material Handling Limited (&#8222;<strong>wir<\/strong>&#8222;, &#8222;<strong>unser<\/strong>&#8220; oder <strong>&#8222;das Unternehmen<\/strong>&#8222;) in Bezug auf Informationen, die von Benutzern gesammelt werden, die auf unsere Website unter <a href=\"http:\/\/www.precisionprofiles.co.uk\/\" target=\"_blank\" rel=\"noopener\">www.whitesmh.co.uk<\/a> (&#8222;<strong>Website<\/strong>&#8222;) zugreifen oder anderweitig personenbezogene Daten mit uns teilen (zusammenfassend: &#8222;<strong>Benutzer<\/strong>&#8222;).  <\/p>\n\n\n\n<h2 class=\"wp-block-heading\">GR\u00dcNDE F\u00dcR DIE DATENERHEBUNG  <\/h2>\n\n\n\n<p>Verarbeitung Ihrer personenbezogenen Daten (d. h. alle Informationen, die m\u00f6glicherweise Ihre Identifizierung mit angemessenen Mitteln erm\u00f6glichen; im Folgenden &#8222;<strong>Pers\u00f6nliche Informationen<\/strong>&#8222;) ist f\u00fcr die Erf\u00fcllung unserer vertraglichen Verpflichtungen Ihnen gegen\u00fcber und die Bereitstellung unserer Dienstleistungen, zum Schutz unserer berechtigten Interessen und zur Einhaltung gesetzlicher und finanzieller regulatorischer Verpflichtungen, denen wir unterliegen, erforderlich.<\/p>\n\n\n\n<p>Wenn Sie die Website nutzen, stimmen Sie der Erfassung, Speicherung, Verwendung, Offenlegung und anderen Verwendungen Ihrer personenbezogenen Daten zu, wie in dieser Datenschutzrichtlinie beschrieben.<\/p>\n\n\n\n<p>Wir empfehlen unseren Benutzern, die Datenschutzrichtlinie sorgf\u00e4ltig zu lesen und sie zu verwenden, um fundierte Entscheidungen zu treffen.<\/p>\n\n\n\n<h2 class=\"wp-block-heading\">WELCHE INFORMATIONEN SAMMELN WIR?<\/h2>\n\n\n\n<p>Wir sammeln zwei Arten von Daten und Informationen von Benutzern.  <\/p>\n\n\n\n<p>Die erste Art von Informationen sind nicht identifizierte und nicht identifizierbare Informationen \u00fcber einen oder mehrere Benutzer, die \u00fcber Ihre Nutzung der Website zur Verf\u00fcgung gestellt oder gesammelt werden k\u00f6nnen (&#8222;<strong>nicht personenbezogene Daten<\/strong>&#8222;). Uns ist die Identit\u00e4t eines Benutzers, von dem die nicht personenbezogenen Daten erfasst wurden, nicht bekannt. Nicht personenbezogene Daten, die gesammelt werden, k\u00f6nnen Ihre aggregierten Nutzungsinformationen und technischen Informationen enthalten, die von Ihrem Ger\u00e4t \u00fcbertragen werden, einschlie\u00dflich bestimmter Software- und Hardwareinformationen (z. B. die Art des Browsers und des Betriebssystems, das Ihr Ger\u00e4t verwendet, Sprachpr\u00e4ferenz, Zugriffszeit usw.), um die Funktionalit\u00e4t unserer Website zu verbessern. Wir k\u00f6nnen auch Informationen \u00fcber Ihre Aktivit\u00e4ten auf der Website sammeln (angesehene e.g. pages, Online-Browsing, Klicks, Aktionen usw.).<\/p>\n\n\n\n<p>Die zweite Art von Informationen <strong>Personenbezogene Daten<\/strong> , bei denen es sich um individuell identifizierbare Informationen handelt, n\u00e4mlich Informationen, die eine Person identifizieren oder mit vertretbarem Aufwand eine Person identifizieren k\u00f6nnen. Zu diesen Informationen geh\u00f6ren:<\/p>\n\n\n\n<ul class=\"wp-block-list\">\n<li>Ger\u00e4teinformationen: Wir erfassen personenbezogene Daten von Ihrem Ger\u00e4t. Zu diesen Informationen geh\u00f6ren Geolokalisierungsdaten, IP-Adresse, eindeutige Identifikatoren (z. B. MAC-Adresse und UUID) und andere Informationen, die sich auf Ihre Aktivit\u00e4ten \u00fcber die Website beziehen:<\/li>\n\n\n\n<li>Name und Berufsbezeichnung<\/li>\n\n\n\n<li>Kontaktinformationen einschlie\u00dflich E-Mail-Adresse<\/li>\n\n\n\n<li>demografische Informationen wie Postleitzahl, Vorlieben und Interessen<\/li>\n\n\n\n<li>Weitere f\u00fcr Kundenanfragen relevante Informationen<\/li>\n\n\n\n<li>Wir speichern keine finanziellen Details<\/li>\n<\/ul>\n\n\n\n<h2 class=\"wp-block-heading\">WIE ERHALTEN WIR INFORMATIONEN \u00dcBER SIE?<\/h2>\n\n\n\n<p>Wir erhalten Ihre personenbezogenen Daten aus verschiedenen Quellen:<\/p>\n\n\n\n<ul class=\"wp-block-list\">\n<li>Wenn Sie uns freiwillig Ihre pers\u00f6nlichen Daten zur Verf\u00fcgung stellen, um sich auf unserer Website zu registrieren;<\/li>\n\n\n\n<li>Wenn Sie unsere Website im Zusammenhang mit Ihrer Nutzung unserer Dienste nutzen oder darauf zugreifen;<\/li>\n\n\n\n<li>Von Drittanbietern, Diensten und \u00f6ffentlichen Registern (z. B. Anbietern von Verkehrsanalysen).<\/li>\n<\/ul>\n\n\n\n<h2 class=\"wp-block-heading\">WELCHE INFORMATIONEN SAMMELN WIR?<\/h2>\n\n\n\n<p>Wir vermieten, verkaufen oder teilen die Informationen der Benutzer nicht mit Dritten, au\u00dfer wie in dieser Datenschutzrichtlinie beschrieben.<\/p>\n\n\n\n<p>Wir k\u00f6nnen die Informationen f\u00fcr Folgendes verwenden:<\/p>\n\n\n\n<ul class=\"wp-block-list\">\n<li>Kommunikation mit Ihnen \u2013 Zusendung von Mitteilungen zu unseren Dienstleistungen, Bereitstellung technischer Informationen und Beantwortung von Kundendienstproblemen;<\/li>\n\n\n\n<li>Um mit Ihnen zu kommunizieren und Sie \u00fcber unsere neuesten Updates und Dienstleistungen auf dem Laufenden zu halten;<\/li>\n\n\n\n<li>Um Ihnen Werbung zu zeigen, wenn Sie unsere Website nutzen (siehe mehr unter &#8222;Werbung&#8220;);  <\/li>\n\n\n\n<li>Um unsere Websites und Produkte zu vermarkten (mehr dazu unter &#8222;Marketing&#8220;);  <\/li>\n\n\n\n<li>Wir k\u00f6nnen die Informationen verwenden, um unsere Produkte und Dienstleistungen zu verbessern<\/li>\n\n\n\n<li>Zu statistischen und analytischen Zwecken, um die Website zu verbessern<\/li>\n\n\n\n<li>Interne Aufzeichnungen<\/li>\n\n\n\n<li>Um Sie als Antwort auf eine spezifische Anfrage zu kontaktieren<\/li>\n\n\n\n<li>Wir k\u00f6nnen Sie zu Marktforschungszwecken per E-Mail, Telefon, Fax oder Post kontaktieren<\/li>\n<\/ul>\n\n\n\n<p>Zus\u00e4tzlich zu den oben aufgef\u00fchrten verschiedenen Verwendungszwecken k\u00f6nnen wir personenbezogene Daten an unsere Tochtergesellschaften, verbundenen Unternehmen und Subunternehmer weitergeben oder offenlegen.<\/p>\n\n\n\n<p>Zus\u00e4tzlich zu den in dieser Datenschutzrichtlinie aufgef\u00fchrten Zwecken k\u00f6nnen wir personenbezogene Daten f\u00fcr einen der folgenden Zwecke an unsere vertrauensw\u00fcrdigen Drittanbieter weitergeben, die sich in verschiedenen Gerichtsbarkeiten auf der ganzen Welt befinden k\u00f6nnen:  <\/p>\n\n\n\n<ul class=\"wp-block-list\">\n<li>Hosting und Betrieb unserer Website;<\/li>\n\n\n\n<li>Bereitstellung unserer Dienstleistungen, einschlie\u00dflich der Bereitstellung einer personalisierten Anzeige unserer Website;<\/li>\n\n\n\n<li>Speicherung und Verarbeitung solcher Informationen in unserem Auftrag;  <\/li>\n\n\n\n<li>Bereitstellung von Werbung f\u00fcr Sie und Unterst\u00fctzung bei der Bewertung des Erfolgs unserer Werbekampagnen und Unterst\u00fctzung bei der erneuten Ansprache unserer Benutzer;<\/li>\n\n\n\n<li>Bereitstellung von Marketingangeboten und Werbematerialien in Bezug auf unsere Website und Dienstleistungen;  <\/li>\n\n\n\n<li>Durchf\u00fchrung von Forschung, technischer Diagnose oder Analyse;<\/li>\n<\/ul>\n\n\n\n<p>Wir k\u00f6nnen Informationen auch offenlegen, wenn wir guten Grund zu der Annahme haben, dass die Offenlegung dieser Informationen hilfreich oder vern\u00fcnftigerweise notwendig ist, um: (i) geltende Gesetze, Vorschriften, Gerichtsverfahren oder beh\u00f6rdliche Anfragen einzuhalten; (ii) unsere Richtlinien (einschlie\u00dflich unserer Vereinbarung) durchzusetzen, einschlie\u00dflich der Untersuchung potenzieller Verst\u00f6\u00dfe gegen diese; (iii) illegale Aktivit\u00e4ten oder anderes Fehlverhalten, mutma\u00dflichen Betrug oder Sicherheitsprobleme zu untersuchen, aufzudecken, zu verhindern oder Ma\u00dfnahmen zu ergreifen; (iv) um unsere Rechte zur Verteidigung gegen Rechtsanspr\u00fcche zu begr\u00fcnden oder auszu\u00fcben; (v) Sch\u00e4den an den Rechten, dem Eigentum oder der Sicherheit von uns, unseren Benutzern, Ihnen selbst oder Dritten zu verhindern; oder (vi) zum Zwecke der Zusammenarbeit mit Strafverfolgungsbeh\u00f6rden und\/oder falls wir es f\u00fcr notwendig halten, um geistiges Eigentum oder andere gesetzliche Rechte durchzusetzen.<\/p>\n\n\n\n<h2 class=\"wp-block-heading\">BENUTZERRECHTE<\/h2>\n\n\n\n<p>Sie k\u00f6nnen Folgendes beantragen:  <\/p>\n\n\n\n<ol class=\"wp-block-list\">\n<li>Erhalten Sie eine Best\u00e4tigung, ob personenbezogene Daten \u00fcber Sie verarbeitet werden oder nicht, und greifen Sie auf Ihre gespeicherten personenbezogenen Daten zusammen mit erg\u00e4nzenden Informationen zu.  <\/li>\n\n\n\n<li>Erhalten Sie eine Kopie der personenbezogenen Daten, die Sie uns direkt freiwillig zur Verf\u00fcgung stellen, in einem strukturierten, allgemein gebr\u00e4uchlichen und maschinenlesbaren Format.  <\/li>\n\n\n\n<li>Fordern Sie die Berichtigung Ihrer personenbezogenen Daten an, die sich in unserer Kontrolle befinden.<\/li>\n\n\n\n<li>Fordern Sie die L\u00f6schung Ihrer personenbezogenen Daten an.  <\/li>\n\n\n\n<li>Widerspruch gegen die Verarbeitung personenbezogener Daten durch uns.  <\/li>\n\n\n\n<li>Antrag auf Einschr\u00e4nkung der Verarbeitung Ihrer personenbezogenen Daten durch uns.<\/li>\n\n\n\n<li>Reichen Sie eine Beschwerde bei einer Aufsichtsbeh\u00f6rde ein.<\/li>\n<\/ol>\n\n\n\n<p>Bitte beachten Sie jedoch, dass diese Rechte nicht absolut sind und unseren eigenen berechtigten Interessen und beh\u00f6rdlichen Anforderungen unterliegen k\u00f6nnen.  <\/p>\n\n\n\n<p>Wenn Sie eines der oben genannten Rechte aus\u00fcben oder weitere Informationen erhalten m\u00f6chten, wenden Sie sich bitte an unseren Datenschutzbeauftragten (&#8222;DSB&#8220;) unter Verwendung der unten angegebenen Kontaktdaten:<\/p>\n\n\n\n<p>Lisa Sinclair: lsinclair@precisionprofiles.co.uk<\/p>\n\n\n\n<h2 class=\"wp-block-heading\">SPEICHERUNG<\/h2>\n\n\n\n<p>Wir werden Ihre personenbezogenen Daten so lange aufbewahren, wie es f\u00fcr die Erbringung unserer Dienstleistungen erforderlich ist und wie es zur Erf\u00fcllung unserer gesetzlichen Verpflichtungen, zur Beilegung von Streitigkeiten und zur Durchsetzung unserer Richtlinien erforderlich ist. Die Aufbewahrungsfristen werden unter Ber\u00fccksichtigung der Art der gesammelten Informationen und des Zwecks, f\u00fcr den sie erhoben werden, unter Ber\u00fccksichtigung der f\u00fcr die Situation geltenden Anforderungen und der Notwendigkeit, veraltete, ungenutzte Informationen so schnell wie m\u00f6glich zu vernichten, festgelegt. Gem\u00e4\u00df den geltenden Vorschriften f\u00fchren wir Aufzeichnungen mit personenbezogenen Kundendaten, Kontoer\u00f6ffnungsdokumenten, Mitteilungen und allem anderen, was nach den geltenden Gesetzen und Vorschriften erforderlich ist.  <\/p>\n\n\n\n<p>Wir k\u00f6nnen unvollst\u00e4ndige oder ungenaue Informationen jederzeit und nach eigenem Ermessen berichtigen, erg\u00e4nzen oder entfernen.<\/p>\n\n\n\n<h2 class=\"wp-block-heading\">COOKIES<\/h2>\n\n\n\n<p>Wir und unsere vertrauensw\u00fcrdigen Partner verwenden Cookies und andere Technologien in unseren zugeh\u00f6rigen Diensten, auch wenn Sie unsere Website besuchen oder auf unsere Dienste zugreifen.  <\/p>\n\n\n\n<p>Ein &#8222;Cookie&#8220; ist eine kleine Information, die eine Website Ihrem Ger\u00e4t zuweist, w\u00e4hrend Sie eine Website anzeigen. Cookies sind sehr hilfreich und k\u00f6nnen f\u00fcr verschiedene Zwecke verwendet werden. Zu diesen Zwecken geh\u00f6rt es, Ihnen eine effiziente Navigation zwischen den Seiten zu erm\u00f6glichen, die automatische Aktivierung bestimmter Funktionen zu erm\u00f6glichen, sich an Ihre Pr\u00e4ferenzen zu erinnern und die Interaktion zwischen Ihnen und unseren Diensten schneller und einfacher zu gestalten. Cookies werden auch verwendet, um sicherzustellen, dass die Werbung, die Sie sehen, f\u00fcr Sie und Ihre Interessen relevant ist, und um statistische Daten \u00fcber Ihre Nutzung unserer Dienste zu erstellen.  <\/p>\n\n\n\n<p>Die Website verwendet die folgenden Arten von Cookies:<\/p>\n\n\n\n<p><strong>ein. &#8222;Session-Cookies&#8220;<\/strong>  die w\u00e4hrend einer Browsersitzung nur vor\u00fcbergehend gespeichert werden, um eine normale Nutzung des Systems zu erm\u00f6glichen, und die beim Schlie\u00dfen des Browsers von Ihrem Ger\u00e4t gel\u00f6scht werden;  <\/p>\n\n\n\n<p><strong>b. &#8222;Dauerhafte Cookies&#8220;<\/strong>&#8222;, die nur von der Website gelesen, f\u00fcr einen bestimmten Zeitraum auf Ihrem Computer gespeichert und beim Schlie\u00dfen des Browsers nicht gel\u00f6scht werden. Solche Cookies werden verwendet, wenn wir wissen m\u00fcssen, wer Sie f\u00fcr wiederholte Besuche sind, z. B. um Ihre Pr\u00e4ferenzen f\u00fcr die n\u00e4chste Anmeldung zu speichern.  <\/p>\n\n\n\n<p><strong>c. &#8222;Cookies von Drittanbietern&#8220;<\/strong>  die von anderen Online-Diensten gesetzt werden, die Inhalte auf der von Ihnen angezeigten Seite ausf\u00fchren, z. B. von externen Analyseunternehmen, die unseren Webzugriff \u00fcberwachen und analysieren.<\/p>\n\n\n\n<p>Cookies enthalten keine Informationen, die Sie pers\u00f6nlich identifizieren, aber personenbezogene Daten, die wir \u00fcber Sie speichern, k\u00f6nnen von uns mit den in Cookies gespeicherten und von Cookies erhaltenen Informationen verkn\u00fcpft werden. Sie k\u00f6nnen die Cookies entfernen, indem Sie den Anweisungen in Ihren Ger\u00e4teeinstellungen folgen. Wenn Sie sich jedoch daf\u00fcr entscheiden, Cookies zu deaktivieren, funktionieren einige Funktionen unserer Website m\u00f6glicherweise nicht ordnungsgem\u00e4\u00df und Ihr Online-Erlebnis kann eingeschr\u00e4nkt sein.<\/p>\n\n\n\n<p>Wir verwenden auch ein Tool namens &#8222;Google Analytics&#8220;, um Informationen \u00fcber Ihre Nutzung der Website zu sammeln. Google Analytics sammelt Informationen dar\u00fcber, wie oft Benutzer auf die Website zugreifen, welche Seiten sie besuchen, wann sie dies tun usw. Wir verwenden die Informationen, die wir von Google Analytics erhalten, nur, um unsere Website und Dienstleistungen zu verbessern. Google Analytics erfasst die IP-Adresse, die Ihnen zum Zeitpunkt Ihres Besuchs von Websites zugewiesen wurde, und nicht Ihren Namen oder andere identifizierende Informationen. Wir kombinieren die durch die Verwendung von Google Analytics gesammelten Informationen nicht mit personenbezogenen Daten. Die F\u00e4higkeit von Google, von Google Analytics gesammelte Informationen \u00fcber Ihre Besuche auf dieser Website zu verwenden und weiterzugeben, wird durch die Nutzungsbedingungen von Google Analytics und die Datenschutzrichtlinie von Google eingeschr\u00e4nkt.<\/p>\n\n\n\n<h2 class=\"wp-block-heading\">ERFASSUNG VON INFORMATIONEN DURCH DRITTE<\/h2>\n\n\n\n<p>Unsere Richtlinie bezieht sich nur auf die Verwendung und Offenlegung von Informationen, die wir von Ihnen sammeln. In dem Umfang, in dem Sie Ihre Daten an andere Parteien oder Websites im Internet weitergeben, k\u00f6nnen andere Regeln f\u00fcr deren Verwendung oder Offenlegung der Informationen gelten, die Sie ihnen offenlegen. Dementsprechend empfehlen wir Ihnen, die Allgemeinen Gesch\u00e4ftsbedingungen und Datenschutzrichtlinien jedes Dritten zu lesen, an den Sie Informationen weitergeben m\u00f6chten.  <\/p>\n\n\n\n<p>Diese Datenschutzrichtlinie gilt nicht f\u00fcr die Praktiken von Unternehmen, die wir nicht besitzen oder kontrollieren, noch f\u00fcr Personen, die wir nicht besch\u00e4ftigen oder verwalten, einschlie\u00dflich der Dritten, an die wir Informationen weitergeben k\u00f6nnen, wie in dieser Datenschutzrichtlinie dargelegt.  <\/p>\n\n\n\n<h2 class=\"wp-block-heading\" id=\"1604837267\">WIE SCH\u00dcTZEN WIR IHRE DATEN?<\/h2>\n\n\n\n<p>Wir legen gro\u00dfen Wert auf die Implementierung und Aufrechterhaltung der Sicherheit der Website und Ihrer Informationen. Wir wenden branchen\u00fcbliche Verfahren und Richtlinien an, um die Sicherheit der von uns gesammelten und gespeicherten Informationen zu gew\u00e4hrleisten und die unbefugte Nutzung solcher Informationen zu verhindern, und wir verlangen von Dritten, dass sie \u00e4hnliche Sicherheitsanforderungen in \u00dcbereinstimmung mit dieser Datenschutzrichtlinie erf\u00fcllen. Obwohl wir angemessene Schritte unternehmen, um Informationen zu sch\u00fctzen, k\u00f6nnen wir nicht f\u00fcr die Handlungen derjenigen verantwortlich gemacht werden, die sich unbefugten Zugriff verschaffen oder unsere Website missbrauchen, und wir geben keine ausdr\u00fcckliche, stillschweigende oder anderweitige Garantie, dass wir einen solchen Zugriff verhindern werden.<\/p>\n\n\n\n<h2 class=\"wp-block-heading\">\u00dcBERMITTLUNG VON DATEN AUSSERHALB DES EWR  <\/h2>\n\n\n\n<p>Bitte beachten Sie, dass sich einige Datenempf\u00e4nger au\u00dferhalb des EWR befinden k\u00f6nnen. In solchen F\u00e4llen werden wir Ihre Daten nur in solche L\u00e4nder \u00fcbermitteln, die von der Europ\u00e4ischen Kommission als L\u00e4nder anerkannt wurden, die ein angemessenes Datenschutzniveau bieten, oder rechtliche Vereinbarungen treffen, die ein angemessenes Datenschutzniveau gew\u00e4hrleisten.<\/p>\n\n\n\n<h2 class=\"wp-block-heading\">ANK\u00dcNDIGUNGEN<\/h2>\n\n\n\n<p>  Wir k\u00f6nnen eine Werbetechnologie eines Drittanbieters verwenden, um Werbung zu schalten, wenn Sie auf die Website zugreifen. Diese Technologie verwendet Ihre Informationen in Bezug auf Ihre Nutzung der Dienste, um Ihnen Werbung zu schalten (z. B. durch Platzieren von Cookies von Drittanbietern in Ihrem Webbrowser).  <\/p>\n\n\n\n<p>Sie k\u00f6nnen sich von vielen Werbenetzwerken Dritter abmelden, einschlie\u00dflich derer, die von Mitgliedern der Network Advertising Initiative (&#8222;NAI&#8220;) und der Digital Advertising Alliance (&#8222;DAA&#8220;) betrieben werden. Weitere Informationen \u00fcber diese Praxis von NAI- und DAA-Mitgliedern und Ihre Wahlm\u00f6glichkeiten bez\u00fcglich der Verwendung dieser Informationen durch diese Unternehmen, einschlie\u00dflich der Abmeldung von Werbenetzwerken von Drittanbietern, die von NAI- und DAA-Mitgliedern betrieben werden, finden Sie auf den jeweiligen Websites: <a href=\"http:\/\/optout.networkadvertising.org\/\" target=\"_blank\" rel=\"noreferrer noopener\">http:\/\/optout.networkadvertising.org<\/a> und <a href=\"http:\/\/optout.aboutads.info\/\" target=\"_blank\" rel=\"noreferrer noopener\">http:\/\/optout.aboutads.info<\/a><\/p>\n\n\n\n<h2 class=\"wp-block-heading\">MARKETING<\/h2>\n\n\n\n<p>Wir k\u00f6nnen Ihre personenbezogenen Daten wie Ihren Namen, Ihre E-Mail-Adresse, Telefonnummer usw. selbst oder durch die Verwendung unserer externen Subunternehmer verwenden, um Ihnen Werbematerialien zu unseren Dienstleistungen zukommen zu lassen, von denen wir glauben, dass sie Sie interessieren k\u00f6nnten.  <\/p>\n\n\n\n<p>Um Ihr Recht auf Privatsph\u00e4re zu respektieren, stellen wir Ihnen in solchen Marketingmaterialien die M\u00f6glichkeit zur Verf\u00fcgung, den Erhalt weiterer Marketingangebote von uns abzulehnen. Wenn Sie sich abmelden, werden wir Ihre E-Mail-Adresse oder Telefonnummer aus unseren Marketing-Verteilerlisten entfernen.  <\/p>\n\n\n\n<p>Bitte beachten Sie, dass wir Ihnen auch dann, wenn Sie sich vom Erhalt von Marketing-E-Mails von uns abgemeldet haben, andere Arten wichtiger E-Mail-Mitteilungen senden k\u00f6nnen, ohne Ihnen die M\u00f6glichkeit zu bieten, sich gegen den Erhalt dieser E-Mails zu entscheiden. Dazu k\u00f6nnen Ank\u00fcndigungen des Kundendienstes oder administrative Mitteilungen geh\u00f6ren.<\/p>\n\n\n\n<h2 class=\"wp-block-heading\">UNTERNEHMENSTRANSAKTION<\/h2>\n\n\n\n<p>Wir k\u00f6nnen Informationen im Falle einer Unternehmenstransaktion (z. B. Verkauf eines wesentlichen Teils unseres Gesch\u00e4fts, Fusion, Konsolidierung oder Verkauf von Verm\u00f6genswerten) weitergeben. In diesem Fall \u00fcbernimmt der Erwerber oder das erwerbende Unternehmen die in dieser Datenschutzrichtlinie beschriebenen Rechte und Pflichten.<\/p>\n\n\n\n<h2 class=\"wp-block-heading\">MINDERJ\u00c4HRIGE<\/h2>\n\n\n\n<p>Wir wissen, wie wichtig es ist, die Privatsph\u00e4re von Kindern zu sch\u00fctzen, insbesondere in einer Online-Umgebung. Die Website ist nicht f\u00fcr Kinder konzipiert oder an Kinder gerichtet. Unter keinen Umst\u00e4nden gestatten wir Minderj\u00e4hrigen die Nutzung unserer Dienste ohne vorherige Zustimmung oder Genehmigung eines Elternteils oder Erziehungsberechtigten. Wir sammeln wissentlich keine personenbezogenen Daten von Minderj\u00e4hrigen. Wenn ein Elternteil oder Erziehungsberechtigter Kenntnis davon erlangt, dass sein Kind uns ohne seine Zustimmung personenbezogene Daten zur Verf\u00fcgung gestellt hat, sollte er uns unter <a href=\"mailto:lsinclair@precisionprofiles.co.uk\">lsinclair@precisionprofiles.co.uk<\/a> kontaktieren.<\/p>\n\n\n\n<h2 class=\"wp-block-heading\">AKTUALISIERUNGEN ODER ERG\u00c4NZUNGEN DIESER DATENSCHUTZRICHTLINIE<\/h2>\n\n\n\n<p>Wir behalten uns das Recht vor, die Datenschutzrichtlinie regelm\u00e4\u00dfig zu \u00e4ndern oder zu \u00fcberarbeiten; wesentliche \u00c4nderungen werden sofort nach Anzeige der \u00fcberarbeiteten Datenschutzrichtlinie wirksam. Die letzte Revision wird im Abschnitt &#8222;Letzte \u00c4nderung&#8220; angezeigt. Ihre fortgesetzte Nutzung der Plattform nach der Benachrichtigung \u00fcber solche \u00c4nderungen auf unserer Website stellt Ihre Anerkennung und Zustimmung zu diesen \u00c4nderungen der Datenschutzrichtlinie und Ihre Zustimmung dar, an die Bedingungen dieser \u00c4nderungen gebunden zu sein.<\/p>\n\n\n\n<h2 class=\"wp-block-heading\">WIE SIE UNS KONTAKTIEREN K\u00d6NNEN<\/h2>\n\n\n\n<p>Wenn Sie allgemeine Fragen zur Website oder zu den Informationen haben, die wir \u00fcber Sie sammeln und wie wir sie verwenden, k\u00f6nnen Sie uns unter igroveswhitesmh.co.uk kontaktieren.<\/p>\n\n\n\n<p>Whites Material Handling Ltd<br\/>Southway Drive<br\/>Bristol<br\/>BS30 5LW<\/p>\n\n\n\n<p>Registrierungs-Nr. 1248229<\/p>\n\n\n\n<p>Zuletzt ge\u00e4ndert am 25. Mai 2018<\/p>\n<\/div>\n","protected":false},"excerpt":{"rendered":"<p>DATENSCHUTZRICHTLINIE EINLEITUNG Diese Datenschutzrichtlinie beschreibt die Praktiken von Whites Material Handling Limited (&#8222;wir&#8222;, &#8222;unser&#8220; oder &#8222;das Unternehmen&#8222;) in Bezug auf Informationen, die von Benutzern gesammelt werden, die auf unsere Website unter www.whitesmh.co.uk (&#8222;Website&#8222;) zugreifen oder anderweitig personenbezogene Daten mit uns teilen (zusammenfassend: &#8222;Benutzer&#8222;). GR\u00dcNDE F\u00dcR DIE DATENERHEBUNG Verarbeitung Ihrer personenbezogenen Daten (d. h. alle Informationen,&hellip;<\/p>\n","protected":false},"author":1,"featured_media":0,"parent":0,"menu_order":0,"comment_status":"closed","ping_status":"open","template":"","meta":{"_acf_changed":false,"footnotes":""},"class_list":{"2":"type-page"},"acf":[],"_links":{"self":[{"href":"https:\/\/www.whitesmh.co.uk\/de\/wp-json\/wp\/v2\/pages\/6151","targetHints":{"allow":["GET"]}}],"collection":[{"href":"https:\/\/www.whitesmh.co.uk\/de\/wp-json\/wp\/v2\/pages"}],"about":[{"href":"https:\/\/www.whitesmh.co.uk\/de\/wp-json\/wp\/v2\/types\/page"}],"author":[{"embeddable":true,"href":"https:\/\/www.whitesmh.co.uk\/de\/wp-json\/wp\/v2\/users\/1"}],"replies":[{"embeddable":true,"href":"https:\/\/www.whitesmh.co.uk\/de\/wp-json\/wp\/v2\/comments?post=6151"}],"version-history":[{"count":0,"href":"https:\/\/www.whitesmh.co.uk\/de\/wp-json\/wp\/v2\/pages\/6151\/revisions"}],"wp:attachment":[{"href":"https:\/\/www.whitesmh.co.uk\/de\/wp-json\/wp\/v2\/media?parent=6151"}],"curies":[{"name":"wp","href":"https:\/\/api.w.org\/{rel}","templated":true}]}}