{"id":6094,"date":"2023-10-24T14:58:23","date_gmt":"2023-10-24T14:58:23","guid":{"rendered":"https:\/\/www.whitesmh.co.uk\/gesetz-ueber-moderne-sklaverei\/"},"modified":"2024-05-13T07:55:14","modified_gmt":"2024-05-13T07:55:14","slug":"gesetz-ueber-moderne-sklaverei","status":"publish","type":"page","link":"https:\/\/www.whitesmh.co.uk\/de\/gesetz-ueber-moderne-sklaverei\/","title":{"rendered":"Gesetz \u00fcber moderne Sklaverei"},"content":{"rendered":"\n<div class=\"wp-block-group is-layout-constrained wp-container-core-group-is-layout-f91bc924 wp-block-group-is-layout-constrained\" style=\"padding-top:var(--wp--preset--spacing--80);padding-bottom:var(--wp--preset--spacing--80)\">\n<h1 class=\"wp-block-heading has-text-align-center\">Whites Material Handling Ltd<\/h1>\n\n\n\n<div class=\"wp-block-group is-layout-constrained wp-container-core-group-is-layout-f36bc466 wp-block-group-is-layout-constrained\">\n<p class=\"has-text-align-left\">Bei Whites Material Handling Ltd Erkl\u00e4rung zu Sklaverei und Menschenhandel Bei Whites Material Handling Ltd erkennen wir als spezialisierter Designer und Hersteller von Schaufeln und Anbauger\u00e4ten die Verantwortung an, die wir mit unseren Lieferanten teilen, Rohstoffe zu kaufen und unsere Produkte auf ethische Weise zu verkaufen. Im Rahmen dieser Verpflichtung erkennen wir unsere Verantwortung gegen\u00fcber dem Modern Slavery Act 2015 an und werden Transparenz innerhalb der Organisation und bei unseren Lieferanten von Waren und Dienstleistungen f\u00fcr Whites Material Handling Ltd. gew\u00e4hrleisten.  <\/p>\n\n\n\n<p class=\"has-text-align-left\">Wir m\u00f6chten, dass unsere Kunden darauf vertrauen k\u00f6nnen, dass unsere Gesch\u00e4ftspartner ihre Mitarbeiter fair und mit Respekt f\u00fcr die Menschenrechte behandeln und keinen unsicheren Arbeitsbedingungen ausgesetzt sind oder in irgendeiner Weise gezwungen sind, unter Sklaverei zu arbeiten. Wir glauben, dass ethische Standards das Wohlbefinden, die Produktivit\u00e4t und die Qualit\u00e4t der Mitarbeiter verbessern k\u00f6nnen, was sowohl unseren Lieferanten als auch unseren Kunden zugute kommt. Nur Lieferanten, die unsere Standards und Werte teilen, werden als geeignet f\u00fcr den Handel mit Whites Material Handling Ltd angesehen, und wir sind bestrebt, langfristige Handelsbeziehungen mit Lieferanten aufzubauen, die jederzeit auf dem Prinzip eines fairen, offenen und ehrlichen Umgangs basieren.  <\/p>\n\n\n\n<p class=\"has-text-align-left\">Wir \u00fcberpr\u00fcfen unsere wichtigsten Lieferanten regelm\u00e4\u00dfig und sind bestrebt, nur mit Organisationen zusammenzuarbeiten, die sich ebenfalls f\u00fcr die Beseitigung von Sklaverei und Menschenhandel einsetzen. Wir \u00fcberpr\u00fcfen, ob unsere wichtigsten Lieferanten j\u00e4hrlich eine Erkl\u00e4rung abgeben, in der sie ihr Engagement und ihre Ma\u00dfnahmen zur Beseitigung der modernen Sklaverei darlegen.  <\/p>\n\n\n\n<p class=\"has-text-align-left\">Importierte Produkte, die von au\u00dferhalb des Vereinigten K\u00f6nigreichs oder der EU bezogen werden, sind potenziell st\u00e4rker von Sklaverei oder Menschenhandel bedroht. Wenn Produkte in gro\u00dfen Mengen von solchen Standorten bezogen werden, sind wir bestrebt, unsere Lieferanten regelm\u00e4\u00dfig zu besuchen und eine langfristige Beziehung aufzubauen, damit wir die Standards beurteilen k\u00f6nnen, die sie in Bezug auf das Engagement f\u00fcr Menschenrechte, Arbeitsbedingungen und die Bereitstellung eines existenzsichernden Lohns einhalten.  <\/p>\n\n\n\n<p class=\"has-text-align-left\">Whites Material Handling Ltd arbeitet nicht mit Organisationen zusammen, die wissentlich in Menschenhandel oder moderne Sklaverei verwickelt sind oder festgestellt werden.  <\/p>\n\n\n\n<p class=\"has-text-align-left\">Die Direktoren und die Gesch\u00e4ftsleitung des Unternehmens sind f\u00fcr die Anwendung dieser Richtlinie verantwortlich und stellen sicher, dass alle Aktivit\u00e4ten dem Modern Slavery Act 2015 entsprechen. Whites Material Handling Ltd wird angemessene Ressourcen, Schulungen und Investitionen bereitstellen, um die erfolgreiche Anwendung im n\u00e4chsten Gesch\u00e4ftsjahr sicherzustellen.  <br\/><\/p>\n<\/div>\n\n\n\n<figure class=\"wp-block-image aligncenter size-full\"><img loading=\"lazy\" decoding=\"async\" width=\"592\" height=\"127\" src=\"https:\/\/www.whitesmh.co.uk\/wp-content\/uploads\/image-3.png\" alt=\"\" class=\"wp-image-707\"\/><\/figure>\n<\/div>\n\n<div style=\"height:30px\" aria-hidden=\"true\" class=\"wp-block-spacer\"><\/div>\n","protected":false},"excerpt":{"rendered":"<p>Whites Material Handling Ltd Bei Whites Material Handling Ltd Erkl\u00e4rung zu Sklaverei und Menschenhandel Bei Whites Material Handling Ltd erkennen wir als spezialisierter Designer und Hersteller von Schaufeln und Anbauger\u00e4ten die Verantwortung an, die wir mit unseren Lieferanten teilen, Rohstoffe zu kaufen und unsere Produkte auf ethische Weise zu verkaufen. Im Rahmen dieser Verpflichtung erkennen&hellip;<\/p>\n","protected":false},"author":1,"featured_media":0,"parent":0,"menu_order":0,"comment_status":"closed","ping_status":"closed","template":"","meta":{"_acf_changed":false,"footnotes":""},"class_list":{"2":"type-page"},"acf":[],"_links":{"self":[{"href":"https:\/\/www.whitesmh.co.uk\/de\/wp-json\/wp\/v2\/pages\/6094","targetHints":{"allow":["GET"]}}],"collection":[{"href":"https:\/\/www.whitesmh.co.uk\/de\/wp-json\/wp\/v2\/pages"}],"about":[{"href":"https:\/\/www.whitesmh.co.uk\/de\/wp-json\/wp\/v2\/types\/page"}],"author":[{"embeddable":true,"href":"https:\/\/www.whitesmh.co.uk\/de\/wp-json\/wp\/v2\/users\/1"}],"replies":[{"embeddable":true,"href":"https:\/\/www.whitesmh.co.uk\/de\/wp-json\/wp\/v2\/comments?post=6094"}],"version-history":[{"count":0,"href":"https:\/\/www.whitesmh.co.uk\/de\/wp-json\/wp\/v2\/pages\/6094\/revisions"}],"wp:attachment":[{"href":"https:\/\/www.whitesmh.co.uk\/de\/wp-json\/wp\/v2\/media?parent=6094"}],"curies":[{"name":"wp","href":"https:\/\/api.w.org\/{rel}","templated":true}]}}