{"id":5993,"date":"2023-08-17T13:13:48","date_gmt":"2023-08-17T13:13:48","guid":{"rendered":"https:\/\/www.whitesmh.co.uk\/ueber-uns\/"},"modified":"2024-05-13T07:52:45","modified_gmt":"2024-05-13T07:52:45","slug":"ueber-uns","status":"publish","type":"page","link":"https:\/\/www.whitesmh.co.uk\/de\/ueber-uns\/","title":{"rendered":"\u00dcber uns"},"content":{"rendered":"\n<div style=\"height:60px\" aria-hidden=\"true\" class=\"wp-block-spacer\"><\/div>\n\n<div class=\"wp-block-group alignfull is-layout-constrained wp-container-core-group-is-layout-ea8482c2 wp-block-group-is-layout-constrained\" style=\"padding-top:var(--wp--preset--spacing--30);padding-right:0;padding-bottom:var(--wp--preset--spacing--30);padding-left:0\">\n<div class=\"wp-block-columns is-layout-flex wp-container-core-columns-is-layout-cbe57604 wp-block-columns-is-layout-flex\">\n<div class=\"wp-block-column is-layout-flow wp-block-column-is-layout-flow\">\n<h1 class=\"wp-block-heading\">Wir sind <mark style=\"background-color:rgba(0, 0, 0, 0)\" class=\"has-inline-color has-primary-color\">WEISSE<\/mark><\/h1>\n\n\n\n<p class=\"has-foreground-color has-text-color has-large-font-size\"><strong><mark style=\"background-color:rgba(0, 0, 0, 0)\" class=\"has-inline-color has-foreground-color\">1924 <\/mark>als Schwei\u00dfreparaturbetrieb gegr\u00fcndet, stieg WHITES 1980 in die Herstellung von Anbauger\u00e4ten ein.<\/strong> <\/p>\n\n\n\n<p>Seit der \u00dcbernahme durch Precision Profiles im Jahr 1992 hat sich Whites Material Handling kontinuierlich zu einem der gr\u00f6\u00dften europ\u00e4ischen Hersteller von Anbauger\u00e4ten f\u00fcr Kompaktmaschinen entwickelt.<\/p>\n\n\n\n<p>Wir sind spezialisiert auf Anbauger\u00e4te f\u00fcr die Bau-, Landwirtschafts- und Abfallindustrie und haben uns zum bevorzugten Lieferanten f\u00fcr viele der weltweit f\u00fchrenden Erstausr\u00fcster (OEMs) entwickelt.<\/p>\n\n\n\n<p>Alle unsere Produkte sind CE-gekennzeichnet und f\u00fcr alle Anbauger\u00e4te liegt gegebenenfalls eine Konformit\u00e4tserkl\u00e4rung vor.<\/p>\n\n\n\n<p>Alle unsere Produkte werden von Anfang bis Ende im eigenen Haus hergestellt. Unsere Auftragsabwicklung, Materialeinkauf, Fertigung, Montage und Versand sind miteinander verbunden, um eine l\u00fcckenlose R\u00fcckverfolgbarkeit und eine den Anforderungen der Kunden entsprechende Lieferungen zu gew\u00e4hrleisten.<\/p>\n<\/div>\n\n\n\n<div class=\"wp-block-column is-layout-flow wp-block-column-is-layout-flow\">\n<figure class=\"wp-block-image size-large has-custom-border is-style-default\"><img loading=\"lazy\" decoding=\"async\" width=\"1400\" height=\"933\" src=\"https:\/\/www.whitesmh.co.uk\/wp-content\/uploads\/Double-Fork-Positioner-Manitu-1400x933.jpeg\" alt=\"\" class=\"wp-image-1416\" style=\"border-radius:10px\" srcset=\"https:\/\/www.whitesmh.co.uk\/wp-content\/uploads\/Double-Fork-Positioner-Manitu-1400x933.jpeg 1400w, https:\/\/www.whitesmh.co.uk\/wp-content\/uploads\/Double-Fork-Positioner-Manitu-scaled-600x400.jpeg 600w, https:\/\/www.whitesmh.co.uk\/wp-content\/uploads\/Double-Fork-Positioner-Manitu-800x533.jpeg 800w, https:\/\/www.whitesmh.co.uk\/wp-content\/uploads\/Double-Fork-Positioner-Manitu-768x512.jpeg 768w\" sizes=\"auto, (max-width: 800px) 100vw, 800px\" \/><\/figure>\n<\/div>\n<\/div>\n<\/div>\n\n<div class=\"wp-block-group alignfull is-layout-constrained wp-block-group-is-layout-constrained\" style=\"padding-top:var(--wp--preset--spacing--60);padding-bottom:var(--wp--preset--spacing--60)\">\n<div class=\"wp-block-columns is-layout-flex wp-container-core-columns-is-layout-cbe57604 wp-block-columns-is-layout-flex\">\n<div class=\"wp-block-column is-layout-flow wp-container-core-column-is-layout-0ab540ad wp-block-column-is-layout-flow\">\n<figure class=\"wp-block-image size-large has-custom-border is-style-default\"><img decoding=\"async\" src=\"https:\/\/www.whitesmh.co.uk\/wp-content\/uploads\/Totaltilt2-1-1400x1050.jpg\" alt=\"\" class=\"wp-image-905\" style=\"border-radius:10px\"\/><\/figure>\n<\/div>\n\n\n\n<div class=\"wp-block-column is-layout-flow wp-block-column-is-layout-flow\">\n<p>W\u00e4hrend des Herstellungsprozesses werden Materialien und Produktionsmethoden von h\u00f6chster Qualit\u00e4t verwendet, um maximale Festigkeit und Haltbarkeit des Produkts zu gew\u00e4hrleisten. Fertige Produkte werden vor dem Versand auf Ausrichtung, Qualit\u00e4t und gegebenenfalls Hydraulikfunktion getestet, um einen st\u00f6rungsfreien Sitz und eine lange Lebensdauer des Anbauger\u00e4ts zu gew\u00e4hrleisten.<\/p>\n\n\n\n<p>Alle unsere Produkte werden von Anfang bis Ende in unseren 5 Fabriken in Bristol, Gro\u00dfbritannien, hergestellt. Aus diesem Grund sind wir zertifiziertes &#8222;MADE IN BRITAIN&#8220;-Mitglied.  <\/p>\n\n\n\n<p>Innovation und Ideen stehen im Mittelpunkt der Whites Material Handling-Philosophie und wir arbeiten eng mit Landwirten, Lohnunternehmern, H\u00e4ndlern, Betreibern, Anlagenvermietern und OEMs zusammen, um sicherzustellen, dass unsere Produkte die Produktivit\u00e4t maximieren, die sie mit ihrer Host-Maschine erreichen k\u00f6nnen. Unsere Vorseriendesigns werden in der Praxis getestet, bevor sie auf den Markt kommen, um sicherzustellen, dass neue Designs ebenso zuverl\u00e4ssig wie innovativ sind.  <\/p>\n\n\n\n<p>Wir investieren auch in die neueste Technologie, um unsere Produkte herzustellen. Innerhalb unserer Gruppe verf\u00fcgen wir \u00fcber Roboterschwei\u00df- und Laserschneidtechnologie, die sicherstellt, dass unsere Produkte nach h\u00f6chsten Standards hergestellt werden.  <\/p>\n\n\n\n<p>Sollten Sie Fragen zu einem unserer Produkte haben, steht Ihnen unser Expertenteam jederzeit zur Verf\u00fcgung, um Ihnen zu helfen, wo immer wir k\u00f6nnen.  <\/p>\n<\/div>\n<\/div>\n<\/div>\n\n<p><\/p>\n\n<div class=\"wp-block-group alignfull is-layout-constrained wp-container-core-group-is-layout-0706528e wp-block-group-is-layout-constrained\" style=\"padding-top:var(--wp--preset--spacing--60);padding-bottom:var(--wp--preset--spacing--60)\">\n<figure class=\"wp-block-embed is-type-video is-provider-youtube wp-block-embed-youtube wp-embed-aspect-16-9 wp-has-aspect-ratio\"><div class=\"wp-block-embed__wrapper\">\n<iframe loading=\"lazy\" title=\"Whites Material Handling - Company Overview\" width=\"800\" height=\"450\" src=\"https:\/\/www.youtube.com\/embed\/h9nhodQO20E?feature=oembed\" frameborder=\"0\" allow=\"accelerometer; autoplay; clipboard-write; encrypted-media; gyroscope; picture-in-picture; web-share\" referrerpolicy=\"strict-origin-when-cross-origin\" allowfullscreen><\/iframe>\n<\/div><\/figure>\n<\/div>\n\n<div class=\"wp-block-group is-layout-constrained wp-block-group-is-layout-constrained\">\n<div class=\"wp-block-columns is-layout-flex wp-container-core-columns-is-layout-28f84493 wp-block-columns-is-layout-flex\">\n<div class=\"wp-block-column is-layout-flow wp-block-column-is-layout-flow\">\n<figure class=\"wp-block-image aligncenter size-large is-resized is-style-default\"><img loading=\"lazy\" decoding=\"async\" width=\"1400\" height=\"547\" src=\"https:\/\/www.whitesmh.co.uk\/wp-content\/uploads\/AGX-Logo-1400x547.jpg\" alt=\"\" class=\"wp-image-403\" style=\"object-fit:contain;width:200px;height:200px\" srcset=\"https:\/\/www.whitesmh.co.uk\/wp-content\/uploads\/AGX-Logo-1400x547.jpg 1400w, https:\/\/www.whitesmh.co.uk\/wp-content\/uploads\/AGX-Logo-600x234.jpg 600w, https:\/\/www.whitesmh.co.uk\/wp-content\/uploads\/AGX-Logo-800x313.jpg 800w, https:\/\/www.whitesmh.co.uk\/wp-content\/uploads\/AGX-Logo-768x300.jpg 768w\" sizes=\"auto, (max-width: 800px) 100vw, 800px\" \/><\/figure>\n<\/div>\n\n\n\n<div class=\"wp-block-column is-layout-flow wp-block-column-is-layout-flow\">\n<figure class=\"wp-block-image aligncenter size-large is-resized\"><img loading=\"lazy\" decoding=\"async\" width=\"1400\" height=\"554\" src=\"https:\/\/www.whitesmh.co.uk\/wp-content\/uploads\/HDX-Logo-1400x554.jpg\" alt=\"\" class=\"wp-image-402\" style=\"object-fit:contain;width:200px;height:200px\" srcset=\"https:\/\/www.whitesmh.co.uk\/wp-content\/uploads\/HDX-Logo-1400x554.jpg 1400w, https:\/\/www.whitesmh.co.uk\/wp-content\/uploads\/HDX-Logo-600x237.jpg 600w, https:\/\/www.whitesmh.co.uk\/wp-content\/uploads\/HDX-Logo-800x317.jpg 800w, https:\/\/www.whitesmh.co.uk\/wp-content\/uploads\/HDX-Logo-768x304.jpg 768w\" sizes=\"auto, (max-width: 800px) 100vw, 800px\" \/><\/figure>\n<\/div>\n\n\n\n<div class=\"wp-block-column is-layout-flow wp-block-column-is-layout-flow\">\n<figure class=\"wp-block-image aligncenter size-large is-resized\"><img loading=\"lazy\" decoding=\"async\" width=\"1400\" height=\"302\" src=\"https:\/\/www.whitesmh.co.uk\/wp-content\/uploads\/HDX-Waste-1400x302.jpg\" alt=\"\" class=\"wp-image-401\" style=\"object-fit:contain;width:200px;height:200px\" srcset=\"https:\/\/www.whitesmh.co.uk\/wp-content\/uploads\/HDX-Waste-1400x302.jpg 1400w, https:\/\/www.whitesmh.co.uk\/wp-content\/uploads\/HDX-Waste-600x129.jpg 600w, https:\/\/www.whitesmh.co.uk\/wp-content\/uploads\/HDX-Waste-800x172.jpg 800w, https:\/\/www.whitesmh.co.uk\/wp-content\/uploads\/HDX-Waste-768x166.jpg 768w\" sizes=\"auto, (max-width: 800px) 100vw, 800px\" \/><\/figure>\n<\/div>\n\n\n\n<div class=\"wp-block-column is-layout-flow wp-block-column-is-layout-flow\">\n<figure class=\"wp-block-image aligncenter size-large is-resized\"><img loading=\"lazy\" decoding=\"async\" width=\"1400\" height=\"466\" src=\"https:\/\/www.whitesmh.co.uk\/wp-content\/uploads\/BAG-X-Logo1-1-1400x466.jpg\" alt=\"\" class=\"wp-image-2408\" style=\"object-fit:contain;width:200px;height:200px\" srcset=\"https:\/\/www.whitesmh.co.uk\/wp-content\/uploads\/BAG-X-Logo1-1-1400x466.jpg 1400w, https:\/\/www.whitesmh.co.uk\/wp-content\/uploads\/BAG-X-Logo1-1-600x200.jpg 600w, https:\/\/www.whitesmh.co.uk\/wp-content\/uploads\/BAG-X-Logo1-1-800x266.jpg 800w, https:\/\/www.whitesmh.co.uk\/wp-content\/uploads\/BAG-X-Logo1-1-768x256.jpg 768w\" sizes=\"auto, (max-width: 800px) 100vw, 800px\" \/><\/figure>\n<\/div>\n<\/div>\n<\/div>\n\n<div style=\"height:30px\" aria-hidden=\"true\" class=\"wp-block-spacer\"><\/div>\n","protected":false},"excerpt":{"rendered":"<p>Wir sind WEISSE 1924 als Schwei\u00dfreparaturbetrieb gegr\u00fcndet, stieg WHITES 1980 in die Herstellung von Anbauger\u00e4ten ein. Seit der \u00dcbernahme durch Precision Profiles im Jahr 1992 hat sich Whites Material Handling kontinuierlich zu einem der gr\u00f6\u00dften europ\u00e4ischen Hersteller von Anbauger\u00e4ten f\u00fcr Kompaktmaschinen entwickelt. Wir sind spezialisiert auf Anbauger\u00e4te f\u00fcr die Bau-, Landwirtschafts- und Abfallindustrie und haben&hellip;<\/p>\n","protected":false},"author":1,"featured_media":0,"parent":0,"menu_order":0,"comment_status":"closed","ping_status":"closed","template":"","meta":{"_acf_changed":false,"footnotes":""},"class_list":{"2":"type-page"},"acf":[],"_links":{"self":[{"href":"https:\/\/www.whitesmh.co.uk\/de\/wp-json\/wp\/v2\/pages\/5993","targetHints":{"allow":["GET"]}}],"collection":[{"href":"https:\/\/www.whitesmh.co.uk\/de\/wp-json\/wp\/v2\/pages"}],"about":[{"href":"https:\/\/www.whitesmh.co.uk\/de\/wp-json\/wp\/v2\/types\/page"}],"author":[{"embeddable":true,"href":"https:\/\/www.whitesmh.co.uk\/de\/wp-json\/wp\/v2\/users\/1"}],"replies":[{"embeddable":true,"href":"https:\/\/www.whitesmh.co.uk\/de\/wp-json\/wp\/v2\/comments?post=5993"}],"version-history":[{"count":0,"href":"https:\/\/www.whitesmh.co.uk\/de\/wp-json\/wp\/v2\/pages\/5993\/revisions"}],"wp:attachment":[{"href":"https:\/\/www.whitesmh.co.uk\/de\/wp-json\/wp\/v2\/media?parent=5993"}],"curies":[{"name":"wp","href":"https:\/\/api.w.org\/{rel}","templated":true}]}}